{"id":21149,"date":"2021-02-05T14:10:53","date_gmt":"2021-02-05T14:10:53","guid":{"rendered":"https:\/\/www.eyecos.eu\/contacto\/"},"modified":"2025-12-23T09:57:47","modified_gmt":"2025-12-23T09:57:47","slug":"contact","status":"publish","type":"page","link":"https:\/\/www.eyecos.eu\/en\/contact\/","title":{"rendered":"Contact"},"content":{"rendered":"\t\t<div data-elementor-type=\"wp-page\" data-elementor-id=\"21149\" class=\"elementor elementor-21149 elementor-261\" data-elementor-post-type=\"page\">\n\t\t\t\t\t\t<section class=\"elementor-section elementor-top-section elementor-element elementor-element-f4dc125 elementor-section-boxed elementor-section-height-default elementor-section-height-default\" data-id=\"f4dc125\" data-element_type=\"section\" data-e-type=\"section\">\n\t\t\t\t\t\t<div class=\"elementor-container elementor-column-gap-default\">\n\t\t\t\t\t<div class=\"elementor-column elementor-col-100 elementor-top-column elementor-element elementor-element-c72df02\" data-id=\"c72df02\" data-element_type=\"column\" data-e-type=\"column\">\n\t\t\t<div class=\"elementor-widget-wrap elementor-element-populated\">\n\t\t\t\t\t\t<div class=\"elementor-element elementor-element-f5bd57a elementor-widget elementor-widget-heading\" data-id=\"f5bd57a\" data-element_type=\"widget\" data-e-type=\"widget\" data-widget_type=\"heading.default\">\n\t\t\t\t<div class=\"elementor-widget-container\">\n\t\t\t\t\t<h1 class=\"elementor-heading-title elementor-size-default\">Contact<\/h1>\t\t\t\t<\/div>\n\t\t\t\t<\/div>\n\t\t\t\t\t<\/div>\n\t\t<\/div>\n\t\t\t\t\t<\/div>\n\t\t<\/section>\n\t\t\t\t<section class=\"elementor-section elementor-top-section elementor-element elementor-element-0826ce9 elementor-section-boxed elementor-section-height-default elementor-section-height-default\" data-id=\"0826ce9\" data-element_type=\"section\" data-e-type=\"section\">\n\t\t\t\t\t\t<div class=\"elementor-container elementor-column-gap-default\">\n\t\t\t\t\t<div class=\"elementor-column elementor-col-50 elementor-top-column elementor-element elementor-element-9f42bf3\" data-id=\"9f42bf3\" data-element_type=\"column\" data-e-type=\"column\">\n\t\t\t<div class=\"elementor-widget-wrap elementor-element-populated\">\n\t\t\t\t\t\t<div class=\"elementor-element elementor-element-d9e6632 elementor-button-align-stretch elementor-widget elementor-widget-form\" data-id=\"d9e6632\" data-element_type=\"widget\" data-e-type=\"widget\" data-settings=\"{&quot;step_next_label&quot;:&quot;Next&quot;,&quot;step_previous_label&quot;:&quot;Previous&quot;,&quot;button_width&quot;:&quot;100&quot;,&quot;step_type&quot;:&quot;number_text&quot;,&quot;step_icon_shape&quot;:&quot;circle&quot;}\" data-widget_type=\"form.default\">\n\t\t\t\t<div class=\"elementor-widget-container\">\n\t\t\t\t\t\t\t<form class=\"elementor-form\" method=\"post\" id=\"en_contact2025\" name=\"contacto - en\" aria-label=\"contacto - en\">\n\t\t\t<input type=\"hidden\" name=\"post_id\" value=\"21149\"\/>\n\t\t\t<input type=\"hidden\" name=\"form_id\" value=\"d9e6632\"\/>\n\t\t\t<input type=\"hidden\" name=\"referer_title\" value=\"Contact - Eyecos Clinic - Eye color change\" \/>\n\n\t\t\t\t\t\t\t<input type=\"hidden\" name=\"queried_id\" value=\"21149\"\/>\n\t\t\t\n\t\t\t<div class=\"elementor-form-fields-wrapper elementor-labels-\">\n\t\t\t\t\t\t\t\t<div class=\"elementor-field-type-text elementor-field-group elementor-column elementor-field-group-name elementor-col-100 elementor-field-required\">\n\t\t\t\t\t\t\t\t\t\t\t\t<label for=\"form-field-name\" class=\"elementor-field-label elementor-screen-only\">\n\t\t\t\t\t\t\t\tname\t\t\t\t\t\t\t<\/label>\n\t\t\t\t\t\t\t\t\t\t\t\t\t\t<input size=\"1\" type=\"text\" name=\"form_fields[name]\" id=\"form-field-name\" class=\"elementor-field elementor-size-sm  elementor-field-textual\" placeholder=\"Name*\" required=\"required\">\n\t\t\t\t\t\t\t\t\t\t\t<\/div>\n\t\t\t\t\t\t\t\t<div class=\"elementor-field-type-text elementor-field-group elementor-column elementor-field-group-familyname elementor-col-100\">\n\t\t\t\t\t\t\t\t\t\t\t\t<label for=\"form-field-familyname\" class=\"elementor-field-label elementor-screen-only\">\n\t\t\t\t\t\t\t\tfamily-name\t\t\t\t\t\t\t<\/label>\n\t\t\t\t\t\t\t\t\t\t\t\t\t\t<input size=\"1\" type=\"text\" name=\"form_fields[familyname]\" id=\"form-field-familyname\" class=\"elementor-field elementor-size-sm  elementor-field-textual\" placeholder=\"Family name\">\n\t\t\t\t\t\t\t\t\t\t\t<\/div>\n\t\t\t\t\t\t\t\t<div class=\"elementor-field-type-text elementor-field-group elementor-column elementor-field-group-phone elementor-col-100 elementor-field-required\">\n\t\t\t\t\t\t\t\t\t\t\t\t<label for=\"form-field-phone\" class=\"elementor-field-label elementor-screen-only\">\n\t\t\t\t\t\t\t\ttelephone\t\t\t\t\t\t\t<\/label>\n\t\t\t\t\t\t\t\t\t\t\t\t\t\t<input size=\"1\" type=\"text\" name=\"form_fields[phone]\" id=\"form-field-phone\" class=\"elementor-field elementor-size-sm  elementor-field-textual\" placeholder=\"Telephone *\" required=\"required\">\n\t\t\t\t\t\t\t\t\t\t\t<\/div>\n\t\t\t\t\t\t\t\t<div class=\"elementor-field-type-text elementor-field-group elementor-column elementor-field-group-country elementor-col-100 elementor-field-required\">\n\t\t\t\t\t\t\t\t\t\t\t\t<label for=\"form-field-country\" class=\"elementor-field-label elementor-screen-only\">\n\t\t\t\t\t\t\t\tcountry\t\t\t\t\t\t\t<\/label>\n\t\t\t\t\t\t\t\t\t\t\t\t\t\t<input size=\"1\" type=\"text\" name=\"form_fields[country]\" id=\"form-field-country\" class=\"elementor-field elementor-size-sm  elementor-field-textual\" placeholder=\"Country*\" required=\"required\">\n\t\t\t\t\t\t\t\t\t\t\t<\/div>\n\t\t\t\t\t\t\t\t<div class=\"elementor-field-type-text elementor-field-group elementor-column elementor-field-group-city elementor-col-100\">\n\t\t\t\t\t\t\t\t\t\t\t\t<label for=\"form-field-city\" class=\"elementor-field-label elementor-screen-only\">\n\t\t\t\t\t\t\t\tcity\t\t\t\t\t\t\t<\/label>\n\t\t\t\t\t\t\t\t\t\t\t\t\t\t<input size=\"1\" type=\"text\" name=\"form_fields[city]\" id=\"form-field-city\" class=\"elementor-field elementor-size-sm  elementor-field-textual\" placeholder=\"City\">\n\t\t\t\t\t\t\t\t\t\t\t<\/div>\n\t\t\t\t\t\t\t\t<div class=\"elementor-field-type-email elementor-field-group elementor-column elementor-field-group-email elementor-col-100 elementor-field-required\">\n\t\t\t\t\t\t\t\t\t\t\t\t<label for=\"form-field-email\" class=\"elementor-field-label elementor-screen-only\">\n\t\t\t\t\t\t\t\temail\t\t\t\t\t\t\t<\/label>\n\t\t\t\t\t\t\t\t\t\t\t\t\t\t<input size=\"1\" type=\"email\" name=\"form_fields[email]\" id=\"form-field-email\" class=\"elementor-field elementor-size-sm  elementor-field-textual\" placeholder=\"Email*\" required=\"required\">\n\t\t\t\t\t\t\t\t\t\t\t<\/div>\n\t\t\t\t\t\t\t\t<div class=\"elementor-field-type-date elementor-field-group elementor-column elementor-field-group-fecha elementor-col-100\">\n\t\t\t\t\t\t\t\t\t\t\t\t<label for=\"form-field-fecha\" class=\"elementor-field-label elementor-screen-only\">\n\t\t\t\t\t\t\t\tfecha\t\t\t\t\t\t\t<\/label>\n\t\t\t\t\t\t\n\t\t<input type=\"date\" name=\"form_fields[fecha]\" id=\"form-field-fecha\" class=\"elementor-field elementor-size-sm  elementor-field-textual elementor-date-field\" placeholder=\"Date for Appointment \" pattern=\"[0-9]{4}-[0-9]{2}-[0-9]{2}\">\n\t\t\t\t\t\t<\/div>\n\t\t\t\t\t\t\t\t<div class=\"elementor-field-type-select elementor-field-group elementor-column elementor-field-group-field_66dc333 elementor-col-100 elementor-field-required\">\n\t\t\t\t\t\t\t\t\t\t\t\t<label for=\"form-field-field_66dc333\" class=\"elementor-field-label elementor-screen-only\">\n\t\t\t\t\t\t\t\tWhere did you hear about us?*\t\t\t\t\t\t\t<\/label>\n\t\t\t\t\t\t\t\t<div class=\"elementor-field elementor-select-wrapper remove-before \">\n\t\t\t<div class=\"select-caret-down-wrapper\">\n\t\t\t\t<i aria-hidden=\"true\" class=\"eicon-caret-down\"><\/i>\t\t\t<\/div>\n\t\t\t<select name=\"form_fields[field_66dc333]\" id=\"form-field-field_66dc333\" class=\"elementor-field-textual elementor-size-sm\" required=\"required\">\n\t\t\t\t\t\t\t\t\t<option value=\"Where did you hear about us?*\">Where did you hear about us?*<\/option>\n\t\t\t\t\t\t\t\t\t<option value=\"Social Media\">Social Media<\/option>\n\t\t\t\t\t\t\t\t\t<option value=\"Our website\">Our website<\/option>\n\t\t\t\t\t\t\t\t\t<option value=\"Online article\">Online article<\/option>\n\t\t\t\t\t\t\t\t\t<option value=\"Facebook, Instagram Ads\">Facebook, Instagram Ads<\/option>\n\t\t\t\t\t\t\t\t\t<option value=\"Radio Ads\">Radio Ads<\/option>\n\t\t\t\t\t\t\t\t\t<option value=\"From a friend\/ family member\">From a friend\/ family member<\/option>\n\t\t\t\t\t\t\t\t\t<option value=\"From an influencer\">From an influencer<\/option>\n\t\t\t\t\t\t\t\t\t<option value=\"Others\">Others<\/option>\n\t\t\t\t\t\t\t<\/select>\n\t\t<\/div>\n\t\t\t\t\t\t<\/div>\n\t\t\t\t\t\t\t\t<div class=\"elementor-field-type-textarea elementor-field-group elementor-column elementor-field-group-message elementor-col-100 elementor-field-required\">\n\t\t\t\t\t\t\t\t\t\t\t\t<label for=\"form-field-message\" class=\"elementor-field-label elementor-screen-only\">\n\t\t\t\t\t\t\t\tcomments\t\t\t\t\t\t\t<\/label>\n\t\t\t\t\t\t<textarea class=\"elementor-field-textual elementor-field  elementor-size-sm\" name=\"form_fields[message]\" id=\"form-field-message\" rows=\"4\" placeholder=\"Comments*\" required=\"required\"><\/textarea>\t\t\t\t<\/div>\n\t\t\t\t\t\t\t\t<div class=\"elementor-field-type-acceptance elementor-field-group elementor-column elementor-field-group-field_176839c elementor-col-100 elementor-field-required\">\n\t\t\t\t\t\t\t\t\t\t\t\t<label for=\"form-field-field_176839c\" class=\"elementor-field-label elementor-screen-only\">\n\t\t\t\t\t\t\t\tpolitica privacidad\t\t\t\t\t\t\t<\/label>\n\t\t\t\t\t\t\t\t<div class=\"elementor-field-subgroup\">\n\t\t\t<span class=\"elementor-field-option\">\n\t\t\t\t<input type=\"checkbox\" name=\"form_fields[field_176839c]\" id=\"form-field-field_176839c\" class=\"elementor-field elementor-size-sm  elementor-acceptance-field\" required=\"required\">\n\t\t\t\t<label for=\"form-field-field_176839c\">I\u2019ve read and consent  <a href=\"https:\/\/www.eyecos.eu\/politica-de-privacidad\/\" target=\"_blank\">privacy policy<\/a><\/label>\t\t\t<\/span>\n\t\t<\/div>\n\t\t\t\t\t\t<\/div>\n\t\t\t\t\t\t\t\t<div class=\"elementor-field-type-acceptance elementor-field-group elementor-column elementor-field-group-field_77cee23 elementor-col-100\">\n\t\t\t\t\t\t\t\t\t\t\t\t<label for=\"form-field-field_77cee23\" class=\"elementor-field-label elementor-screen-only\">\n\t\t\t\t\t\t\t\tnewsletter\t\t\t\t\t\t\t<\/label>\n\t\t\t\t\t\t\t\t<div class=\"elementor-field-subgroup\">\n\t\t\t<span class=\"elementor-field-option\">\n\t\t\t\t<input type=\"checkbox\" name=\"form_fields[field_77cee23]\" id=\"form-field-field_77cee23\" class=\"elementor-field elementor-size-sm  elementor-acceptance-field\">\n\t\t\t\t<label for=\"form-field-field_77cee23\">Consent to send newsletter, latest news and promotions\n<p>Puede desuscribirse en cualquier momento haciendo clic en el enlace que aparece en el pie de p\u00e1gina de nuestros correos electr\u00f3nicos. Para obtener informaci\u00f3n sobre nuestras pr\u00e1cticas de privacidad, visite nuestro sitio web.<\/p>\n<p>We use Mailchimp as our marketing platform. By clicking below to subscribe, you acknowledge that your information will be transferred to Mailchimp for processing. Learn more about Mailchimp's privacy practices..<\/p>\n\n<\/label>\t\t\t<\/span>\n\t\t<\/div>\n\t\t\t\t\t\t<\/div>\n\t\t\t\t\t\t\t\t<div class=\"elementor-field-type-recaptcha_v3 elementor-field-group elementor-column elementor-field-group-field_5a2343c elementor-col-100 recaptcha_v3-bottomright\">\n\t\t\t\t\t<div class=\"elementor-field\" id=\"form-field-field_5a2343c\"><div class=\"elementor-g-recaptcha\" data-sitekey=\"6Lc9QFgkAAAAAIW5URNN9N8Nm58d7I2fWquy9I2q\" data-type=\"v3\" data-action=\"Form\" data-badge=\"bottomright\" data-size=\"invisible\"><\/div><\/div>\t\t\t\t<\/div>\n\t\t\t\t\t\t\t\t<div class=\"elementor-field-group elementor-column elementor-field-type-submit elementor-col-100 e-form__buttons\">\n\t\t\t\t\t<button class=\"elementor-button elementor-size-sm\" type=\"submit\">\n\t\t\t\t\t\t<span class=\"elementor-button-content-wrapper\">\n\t\t\t\t\t\t\t\t\t\t\t\t\t\t\t\t\t\t\t\t\t\t<span class=\"elementor-button-text\">Send<\/span>\n\t\t\t\t\t\t\t\t\t\t\t\t\t<\/span>\n\t\t\t\t\t<\/button>\n\t\t\t\t<\/div>\n\t\t\t<\/div>\n\t\t<\/form>\n\t\t\t\t\t\t<\/div>\n\t\t\t\t<\/div>\n\t\t\t\t\t<\/div>\n\t\t<\/div>\n\t\t\t\t<div class=\"elementor-column elementor-col-50 elementor-top-column elementor-element elementor-element-1256cb0\" data-id=\"1256cb0\" data-element_type=\"column\" data-e-type=\"column\">\n\t\t\t<div class=\"elementor-widget-wrap elementor-element-populated\">\n\t\t\t\t\t\t<section class=\"elementor-section elementor-inner-section elementor-element elementor-element-30f3bf1 elementor-section-boxed elementor-section-height-default elementor-section-height-default\" data-id=\"30f3bf1\" data-element_type=\"section\" data-e-type=\"section\">\n\t\t\t\t\t\t<div class=\"elementor-container elementor-column-gap-default\">\n\t\t\t\t\t<div class=\"elementor-column elementor-col-100 elementor-inner-column elementor-element elementor-element-2614977\" data-id=\"2614977\" data-element_type=\"column\" data-e-type=\"column\">\n\t\t\t<div class=\"elementor-widget-wrap elementor-element-populated\">\n\t\t\t\t\t\t<div class=\"elementor-element elementor-element-640ff8c elementor-widget elementor-widget-text-editor\" data-id=\"640ff8c\" data-element_type=\"widget\" data-e-type=\"widget\" data-widget_type=\"text-editor.default\">\n\t\t\t\t<div class=\"elementor-widget-container\">\n\t\t\t\t\t\t\t\t\t<div><strong>EyeCos Clinic<\/strong><\/div><div>Telephone: +34 938 10 22 50<\/div><div>Av. Diagonal, 415, 1\u00ba 08008 Barcelona,<\/div><div>NEWEYES TECH, SL B67266148<\/div>\t\t\t\t\t\t\t\t<\/div>\n\t\t\t\t<\/div>\n\t\t\t\t\t<\/div>\n\t\t<\/div>\n\t\t\t\t\t<\/div>\n\t\t<\/section>\n\t\t\t\t<div class=\"elementor-element elementor-element-bfe0af3 elementor-widget elementor-widget-image\" data-id=\"bfe0af3\" data-element_type=\"widget\" data-e-type=\"widget\" data-widget_type=\"image.default\">\n\t\t\t\t<div class=\"elementor-widget-container\">\n\t\t\t\t\t\t\t\t\t\t\t\t\t\t\t<img fetchpriority=\"high\" decoding=\"async\" width=\"1070\" height=\"1494\" src=\"https:\/\/www.eyecos.eu\/wp-content\/uploads\/2025\/02\/recepcion.jpeg\" class=\"attachment-full size-full wp-image-295406\" alt=\"\" srcset=\"https:\/\/www.eyecos.eu\/wp-content\/uploads\/2025\/02\/recepcion.jpeg 1070w, https:\/\/www.eyecos.eu\/wp-content\/uploads\/2025\/02\/recepcion-215x300.jpeg 215w, https:\/\/www.eyecos.eu\/wp-content\/uploads\/2025\/02\/recepcion-733x1024.jpeg 733w, https:\/\/www.eyecos.eu\/wp-content\/uploads\/2025\/02\/recepcion-768x1072.jpeg 768w, https:\/\/www.eyecos.eu\/wp-content\/uploads\/2025\/02\/recepcion-600x838.jpeg 600w\" sizes=\"(max-width: 1070px) 100vw, 1070px\" \/>\t\t\t\t\t\t\t\t\t\t\t\t\t\t\t<\/div>\n\t\t\t\t<\/div>\n\t\t\t\t\t<\/div>\n\t\t<\/div>\n\t\t\t\t\t<\/div>\n\t\t<\/section>\n\t\t\t\t<\/div>\n\t\t","protected":false},"excerpt":{"rendered":"<p>Contact EyeCos ClinicTelephone: +34 938 10 22 50Av. Diagonal, 415, 1\u00ba 08008 Barcelona,NEWEYES TECH, SL B67266148<\/p>\n","protected":false},"author":1,"featured_media":0,"parent":0,"menu_order":0,"comment_status":"closed","ping_status":"closed","template":"","meta":{"_joinchat":[],"footnotes":""},"class_list":["post-21149","page","type-page","status-publish","hentry"],"yoast_head":"<!-- This site is optimized with the Yoast SEO Premium plugin v26.7 (Yoast SEO v27.2) - https:\/\/yoast.com\/product\/yoast-seo-premium-wordpress\/ -->\n<title>Contact - Eyecos Clinic - Eye color change<\/title>\n<meta name=\"description\" content=\"EyeCos Clinic. Contact. Telephone: +34 938 10 22 50, Av. Diagonal, 415, 1\u00ba 08008 Barcelona, NEWEYES TECH, SL B67266148\" \/>\n<meta name=\"robots\" content=\"index, follow, max-snippet:-1, max-image-preview:large, max-video-preview:-1\" \/>\n<link rel=\"canonical\" href=\"https:\/\/www.eyecos.eu\/en\/contact\/\" \/>\n<meta property=\"og:locale\" content=\"en_US\" \/>\n<meta property=\"og:type\" content=\"article\" \/>\n<meta property=\"og:title\" content=\"Contact\" \/>\n<meta property=\"og:description\" content=\"Contact    EyeCos ClinicTelephone: +34 938 10 22 50Av. Diagonal, 415, 1\u00ba 08008 Barcelona,NEWEYES TECH, SL B67266148\" \/>\n<meta property=\"og:url\" content=\"https:\/\/www.eyecos.eu\/en\/contact\/\" \/>\n<meta property=\"og:site_name\" content=\"Cl\u00ednica Eyecos - Cambio color de ojos\" \/>\n<meta property=\"article:publisher\" content=\"https:\/\/www.facebook.com\/neweyeslaser\" \/>\n<meta property=\"article:modified_time\" content=\"2025-12-23T09:57:47+00:00\" \/>\n<meta property=\"og:image\" content=\"https:\/\/www.eyecos.eu\/wp-content\/uploads\/2025\/02\/recepcion.jpeg\" \/>\n\t<meta property=\"og:image:width\" content=\"1070\" \/>\n\t<meta property=\"og:image:height\" content=\"1494\" \/>\n\t<meta property=\"og:image:type\" content=\"image\/jpeg\" \/>\n<meta name=\"twitter:card\" content=\"summary_large_image\" \/>\n<meta name=\"twitter:site\" content=\"@NewEyesLaser\" \/>\n<meta name=\"twitter:label1\" content=\"Est. reading time\" \/>\n\t<meta name=\"twitter:data1\" content=\"1 minute\" \/>\n<script type=\"application\/ld+json\" class=\"yoast-schema-graph\">{\"@context\":\"https:\/\/schema.org\",\"@graph\":[{\"@type\":\"WebPage\",\"@id\":\"https:\/\/www.eyecos.eu\/en\/contact\/\",\"url\":\"https:\/\/www.eyecos.eu\/en\/contact\/\",\"name\":\"Contact - Eyecos Clinic - Eye color change\",\"isPartOf\":{\"@id\":\"https:\/\/www.eyecos.eu\/en\/#website\"},\"primaryImageOfPage\":{\"@id\":\"https:\/\/www.eyecos.eu\/en\/contact\/#primaryimage\"},\"image\":{\"@id\":\"https:\/\/www.eyecos.eu\/en\/contact\/#primaryimage\"},\"thumbnailUrl\":\"https:\/\/www.eyecos.eu\/wp-content\/uploads\/2025\/02\/recepcion.jpeg\",\"datePublished\":\"2021-02-05T14:10:53+00:00\",\"dateModified\":\"2025-12-23T09:57:47+00:00\",\"description\":\"EyeCos Clinic. Contact. Telephone: +34 938 10 22 50, Av. Diagonal, 415, 1\u00ba 08008 Barcelona, NEWEYES TECH, SL B67266148\",\"breadcrumb\":{\"@id\":\"https:\/\/www.eyecos.eu\/en\/contact\/#breadcrumb\"},\"inLanguage\":\"en-US\",\"potentialAction\":[{\"@type\":\"ReadAction\",\"target\":[\"https:\/\/www.eyecos.eu\/en\/contact\/\"]}]},{\"@type\":\"ImageObject\",\"inLanguage\":\"en-US\",\"@id\":\"https:\/\/www.eyecos.eu\/en\/contact\/#primaryimage\",\"url\":\"https:\/\/www.eyecos.eu\/wp-content\/uploads\/2025\/02\/recepcion.jpeg\",\"contentUrl\":\"https:\/\/www.eyecos.eu\/wp-content\/uploads\/2025\/02\/recepcion.jpeg\"},{\"@type\":\"BreadcrumbList\",\"@id\":\"https:\/\/www.eyecos.eu\/en\/contact\/#breadcrumb\",\"itemListElement\":[{\"@type\":\"ListItem\",\"position\":1,\"name\":\"Eyecos\",\"item\":\"https:\/\/www.eyecos.eu\/en\/\"},{\"@type\":\"ListItem\",\"position\":2,\"name\":\"Contact\"}]},{\"@type\":\"WebSite\",\"@id\":\"https:\/\/www.eyecos.eu\/en\/#website\",\"url\":\"https:\/\/www.eyecos.eu\/en\/\",\"name\":\"Cl\u00ednica Eyecos - Cambio color de ojos\",\"description\":\"\u00danica clinica que realiza el cambio del color de los ojos con l\u00e1ser con m\u00e1s 1000 pacientes y casi 10 a\u00f1os de experiencia\",\"publisher\":{\"@id\":\"https:\/\/www.eyecos.eu\/en\/#organization\"},\"potentialAction\":[{\"@type\":\"SearchAction\",\"target\":{\"@type\":\"EntryPoint\",\"urlTemplate\":\"https:\/\/www.eyecos.eu\/en\/?s={search_term_string}\"},\"query-input\":{\"@type\":\"PropertyValueSpecification\",\"valueRequired\":true,\"valueName\":\"search_term_string\"}}],\"inLanguage\":\"en-US\"},{\"@type\":\"Organization\",\"@id\":\"https:\/\/www.eyecos.eu\/en\/#organization\",\"name\":\"Cl\u00ednica Eyecos - Cambio color de ojos\",\"url\":\"https:\/\/www.eyecos.eu\/en\/\",\"logo\":{\"@type\":\"ImageObject\",\"inLanguage\":\"en-US\",\"@id\":\"https:\/\/www.eyecos.eu\/en\/#\/schema\/logo\/image\/\",\"url\":\"https:\/\/www.eyecos.eu\/wp-content\/uploads\/2024\/03\/LOGO-EYECOS.png\",\"contentUrl\":\"https:\/\/www.eyecos.eu\/wp-content\/uploads\/2024\/03\/LOGO-EYECOS.png\",\"width\":480,\"height\":480,\"caption\":\"Cl\u00ednica Eyecos - Cambio color de ojos\"},\"image\":{\"@id\":\"https:\/\/www.eyecos.eu\/en\/#\/schema\/logo\/image\/\"},\"sameAs\":[\"https:\/\/www.facebook.com\/neweyeslaser\",\"https:\/\/x.com\/NewEyesLaser\",\"https:\/\/www.instagram.com\/neweyeslaser\/\"]}]}<\/script>\n<!-- \/ Yoast SEO Premium plugin. -->","yoast_head_json":{"title":"Contact - Eyecos Clinic - Eye color change","description":"EyeCos Clinic. Contact. Telephone: +34 938 10 22 50, Av. Diagonal, 415, 1\u00ba 08008 Barcelona, NEWEYES TECH, SL B67266148","robots":{"index":"index","follow":"follow","max-snippet":"max-snippet:-1","max-image-preview":"max-image-preview:large","max-video-preview":"max-video-preview:-1"},"canonical":"https:\/\/www.eyecos.eu\/en\/contact\/","og_locale":"en_US","og_type":"article","og_title":"Contact","og_description":"Contact    EyeCos ClinicTelephone: +34 938 10 22 50Av. Diagonal, 415, 1\u00ba 08008 Barcelona,NEWEYES TECH, SL B67266148","og_url":"https:\/\/www.eyecos.eu\/en\/contact\/","og_site_name":"Cl\u00ednica Eyecos - Cambio color de ojos","article_publisher":"https:\/\/www.facebook.com\/neweyeslaser","article_modified_time":"2025-12-23T09:57:47+00:00","og_image":[{"width":1070,"height":1494,"url":"https:\/\/www.eyecos.eu\/wp-content\/uploads\/2025\/02\/recepcion.jpeg","type":"image\/jpeg"}],"twitter_card":"summary_large_image","twitter_site":"@NewEyesLaser","twitter_misc":{"Est. reading time":"1 minute"},"schema":{"@context":"https:\/\/schema.org","@graph":[{"@type":"WebPage","@id":"https:\/\/www.eyecos.eu\/en\/contact\/","url":"https:\/\/www.eyecos.eu\/en\/contact\/","name":"Contact - Eyecos Clinic - Eye color change","isPartOf":{"@id":"https:\/\/www.eyecos.eu\/en\/#website"},"primaryImageOfPage":{"@id":"https:\/\/www.eyecos.eu\/en\/contact\/#primaryimage"},"image":{"@id":"https:\/\/www.eyecos.eu\/en\/contact\/#primaryimage"},"thumbnailUrl":"https:\/\/www.eyecos.eu\/wp-content\/uploads\/2025\/02\/recepcion.jpeg","datePublished":"2021-02-05T14:10:53+00:00","dateModified":"2025-12-23T09:57:47+00:00","description":"EyeCos Clinic. Contact. Telephone: +34 938 10 22 50, Av. Diagonal, 415, 1\u00ba 08008 Barcelona, NEWEYES TECH, SL B67266148","breadcrumb":{"@id":"https:\/\/www.eyecos.eu\/en\/contact\/#breadcrumb"},"inLanguage":"en-US","potentialAction":[{"@type":"ReadAction","target":["https:\/\/www.eyecos.eu\/en\/contact\/"]}]},{"@type":"ImageObject","inLanguage":"en-US","@id":"https:\/\/www.eyecos.eu\/en\/contact\/#primaryimage","url":"https:\/\/www.eyecos.eu\/wp-content\/uploads\/2025\/02\/recepcion.jpeg","contentUrl":"https:\/\/www.eyecos.eu\/wp-content\/uploads\/2025\/02\/recepcion.jpeg"},{"@type":"BreadcrumbList","@id":"https:\/\/www.eyecos.eu\/en\/contact\/#breadcrumb","itemListElement":[{"@type":"ListItem","position":1,"name":"Eyecos","item":"https:\/\/www.eyecos.eu\/en\/"},{"@type":"ListItem","position":2,"name":"Contact"}]},{"@type":"WebSite","@id":"https:\/\/www.eyecos.eu\/en\/#website","url":"https:\/\/www.eyecos.eu\/en\/","name":"Cl\u00ednica Eyecos - Cambio color de ojos","description":"\u00danica clinica que realiza el cambio del color de los ojos con l\u00e1ser con m\u00e1s 1000 pacientes y casi 10 a\u00f1os de experiencia","publisher":{"@id":"https:\/\/www.eyecos.eu\/en\/#organization"},"potentialAction":[{"@type":"SearchAction","target":{"@type":"EntryPoint","urlTemplate":"https:\/\/www.eyecos.eu\/en\/?s={search_term_string}"},"query-input":{"@type":"PropertyValueSpecification","valueRequired":true,"valueName":"search_term_string"}}],"inLanguage":"en-US"},{"@type":"Organization","@id":"https:\/\/www.eyecos.eu\/en\/#organization","name":"Cl\u00ednica Eyecos - Cambio color de ojos","url":"https:\/\/www.eyecos.eu\/en\/","logo":{"@type":"ImageObject","inLanguage":"en-US","@id":"https:\/\/www.eyecos.eu\/en\/#\/schema\/logo\/image\/","url":"https:\/\/www.eyecos.eu\/wp-content\/uploads\/2024\/03\/LOGO-EYECOS.png","contentUrl":"https:\/\/www.eyecos.eu\/wp-content\/uploads\/2024\/03\/LOGO-EYECOS.png","width":480,"height":480,"caption":"Cl\u00ednica Eyecos - Cambio color de ojos"},"image":{"@id":"https:\/\/www.eyecos.eu\/en\/#\/schema\/logo\/image\/"},"sameAs":["https:\/\/www.facebook.com\/neweyeslaser","https:\/\/x.com\/NewEyesLaser","https:\/\/www.instagram.com\/neweyeslaser\/"]}]}},"_links":{"self":[{"href":"https:\/\/www.eyecos.eu\/en\/wp-json\/wp\/v2\/pages\/21149","targetHints":{"allow":["GET"]}}],"collection":[{"href":"https:\/\/www.eyecos.eu\/en\/wp-json\/wp\/v2\/pages"}],"about":[{"href":"https:\/\/www.eyecos.eu\/en\/wp-json\/wp\/v2\/types\/page"}],"author":[{"embeddable":true,"href":"https:\/\/www.eyecos.eu\/en\/wp-json\/wp\/v2\/users\/1"}],"replies":[{"embeddable":true,"href":"https:\/\/www.eyecos.eu\/en\/wp-json\/wp\/v2\/comments?post=21149"}],"version-history":[{"count":36,"href":"https:\/\/www.eyecos.eu\/en\/wp-json\/wp\/v2\/pages\/21149\/revisions"}],"predecessor-version":[{"id":297079,"href":"https:\/\/www.eyecos.eu\/en\/wp-json\/wp\/v2\/pages\/21149\/revisions\/297079"}],"wp:attachment":[{"href":"https:\/\/www.eyecos.eu\/en\/wp-json\/wp\/v2\/media?parent=21149"}],"curies":[{"name":"wp","href":"https:\/\/api.w.org\/{rel}","templated":true}]}}