{"id":21221,"date":"2021-02-08T09:18:20","date_gmt":"2021-02-08T09:18:20","guid":{"rendered":"https:\/\/www.eyecos.eu\/tienda\/"},"modified":"2026-01-14T16:03:49","modified_gmt":"2026-01-14T16:03:49","slug":"store","status":"publish","type":"page","link":"https:\/\/www.eyecos.eu\/en\/store\/","title":{"rendered":"Store"},"content":{"rendered":"\t\t<div data-elementor-type=\"wp-page\" data-elementor-id=\"21221\" class=\"elementor elementor-21221 elementor-17329\" data-elementor-post-type=\"page\">\n\t\t\t\t\t\t<section class=\"elementor-section elementor-top-section elementor-element elementor-element-045758e elementor-section-boxed elementor-section-height-default elementor-section-height-default\" data-id=\"045758e\" data-element_type=\"section\" data-e-type=\"section\">\n\t\t\t\t\t\t<div class=\"elementor-container elementor-column-gap-default\">\n\t\t\t\t\t<div class=\"elementor-column elementor-col-100 elementor-top-column elementor-element elementor-element-eb23466\" data-id=\"eb23466\" data-element_type=\"column\" data-e-type=\"column\">\n\t\t\t<div class=\"elementor-widget-wrap elementor-element-populated\">\n\t\t\t\t\t\t<div class=\"elementor-element elementor-element-1681d0f elementor-widget elementor-widget-heading\" data-id=\"1681d0f\" data-element_type=\"widget\" data-e-type=\"widget\" data-widget_type=\"heading.default\">\n\t\t\t\t<div class=\"elementor-widget-container\">\n\t\t\t\t\t<h1 class=\"elementor-heading-title elementor-size-default\">Store<\/h1>\t\t\t\t<\/div>\n\t\t\t\t<\/div>\n\t\t\t\t\t<\/div>\n\t\t<\/div>\n\t\t\t\t\t<\/div>\n\t\t<\/section>\n\t\t\t\t<section class=\"elementor-section elementor-top-section elementor-element elementor-element-7e1008d elementor-section-boxed elementor-section-height-default elementor-section-height-default\" data-id=\"7e1008d\" data-element_type=\"section\" data-e-type=\"section\">\n\t\t\t\t\t\t<div class=\"elementor-container elementor-column-gap-default\">\n\t\t\t\t\t<div class=\"elementor-column elementor-col-100 elementor-top-column elementor-element elementor-element-b09db25\" data-id=\"b09db25\" data-element_type=\"column\" data-e-type=\"column\">\n\t\t\t<div class=\"elementor-widget-wrap elementor-element-populated\">\n\t\t\t\t\t\t<div class=\"elementor-element elementor-element-28ee366 elementor-grid-3 elementor-grid-tablet-3 elementor-grid-mobile-2 elementor-products-grid elementor-wc-products elementor-widget elementor-widget-woocommerce-products\" data-id=\"28ee366\" data-element_type=\"widget\" data-e-type=\"widget\" data-widget_type=\"woocommerce-products.default\">\n\t\t\t\t<div class=\"elementor-widget-container\">\n\t\t\t\t\t<div class=\"woocommerce columns-3 \"><ul class=\"products elementor-grid columns-3\">\n<li class=\"product type-product post-297242 status-publish first instock product_cat-kit has-post-thumbnail virtual sold-individually taxable purchasable product-type-simple\">\n\t<a href=\"https:\/\/www.eyecos.eu\/en\/producto\/ultra-fast-booster-kit\/\" class=\"woocommerce-LoopProduct-link woocommerce-loop-product__link\"><img fetchpriority=\"high\" decoding=\"async\" width=\"600\" height=\"761\" src=\"https:\/\/www.eyecos.eu\/wp-content\/uploads\/2026\/01\/ultrafastboosterkit_hyloparin-web-600x761.jpg\" class=\"attachment-woocommerce_thumbnail size-woocommerce_thumbnail\" alt=\"Ultra Fast Booster Kit\" srcset=\"https:\/\/www.eyecos.eu\/wp-content\/uploads\/2026\/01\/ultrafastboosterkit_hyloparin-web-600x761.jpg 600w, https:\/\/www.eyecos.eu\/wp-content\/uploads\/2026\/01\/ultrafastboosterkit_hyloparin-web-236x300.jpg 236w, https:\/\/www.eyecos.eu\/wp-content\/uploads\/2026\/01\/ultrafastboosterkit_hyloparin-web-768x975.jpg 768w, https:\/\/www.eyecos.eu\/wp-content\/uploads\/2026\/01\/ultrafastboosterkit_hyloparin-web.jpg 807w\" sizes=\"(max-width: 600px) 100vw, 600px\" \/><h2 class=\"woocommerce-loop-product__title\">Ultra Fast Booster Kit<\/h2>\n\t<span class=\"price\"><span class=\"woocommerce-Price-amount amount\"><bdi>350.00<span class=\"woocommerce-Price-currencySymbol\">&euro;<\/span><\/bdi><\/span><\/span>\n<\/a><a href=\"https:\/\/www.eyecos.eu\/en\/producto\/ultra-fast-booster-kit\/\" aria-describedby=\"woocommerce_loop_add_to_cart_link_describedby_297242\" data-quantity=\"1\" class=\"button product_type_simple add_to_cart_button\" data-product_id=\"297242\" data-product_sku=\"\" aria-label=\"Add to cart: &ldquo;Ultra Fast Booster Kit&rdquo;\" rel=\"nofollow\" data-success_message=\"&ldquo;Ultra Fast Booster Kit&rdquo; has been added to your cart\">Select options<\/a>\t<span id=\"woocommerce_loop_add_to_cart_link_describedby_297242\" class=\"screen-reader-text\">\n\t\t\t<\/span>\n<\/li>\n<li class=\"product type-product post-266458 status-publish instock product_cat-hotel-en has-post-thumbnail sold-individually taxable shipping-taxable purchasable product-type-variable\">\n\t<a href=\"https:\/\/www.eyecos.eu\/en\/producto\/kit-hotel-bag\/\" class=\"woocommerce-LoopProduct-link woocommerce-loop-product__link\"><img decoding=\"async\" width=\"600\" height=\"761\" src=\"https:\/\/www.eyecos.eu\/wp-content\/uploads\/2023\/07\/packhoteleyecos-bag-2-600x761.jpg\" class=\"attachment-woocommerce_thumbnail size-woocommerce_thumbnail\" alt=\"Kit Hotel bag\" srcset=\"https:\/\/www.eyecos.eu\/wp-content\/uploads\/2023\/07\/packhoteleyecos-bag-2-600x761.jpg 600w, https:\/\/www.eyecos.eu\/wp-content\/uploads\/2023\/07\/packhoteleyecos-bag-2-236x300.jpg 236w, https:\/\/www.eyecos.eu\/wp-content\/uploads\/2023\/07\/packhoteleyecos-bag-2-768x975.jpg 768w, https:\/\/www.eyecos.eu\/wp-content\/uploads\/2023\/07\/packhoteleyecos-bag-2.jpg 807w\" sizes=\"(max-width: 600px) 100vw, 600px\" \/><h2 class=\"woocommerce-loop-product__title\">Kit Hotel bag<\/h2>\n\t<span class=\"price\"><span class=\"woocommerce-Price-amount amount\" aria-hidden=\"true\"><bdi>200.00<span class=\"woocommerce-Price-currencySymbol\">&euro;<\/span><\/bdi><\/span> <span aria-hidden=\"true\">&ndash;<\/span> <span class=\"woocommerce-Price-amount amount\" aria-hidden=\"true\"><bdi>400.00<span class=\"woocommerce-Price-currencySymbol\">&euro;<\/span><\/bdi><\/span><span class=\"screen-reader-text\">Price range: 200.00&euro; through 400.00&euro;<\/span><\/span>\n<\/a><a href=\"https:\/\/www.eyecos.eu\/en\/producto\/kit-hotel-bag\/\" aria-describedby=\"woocommerce_loop_add_to_cart_link_describedby_266458\" data-quantity=\"1\" class=\"button product_type_variable add_to_cart_button\" data-product_id=\"266458\" data-product_sku=\"\" aria-label=\"Select options for &ldquo;Kit Hotel bag&rdquo;\" rel=\"nofollow\">Select options<\/a>\t<span id=\"woocommerce_loop_add_to_cart_link_describedby_266458\" class=\"screen-reader-text\">\n\t\tThis product has multiple variants. The options may be chosen on the product page\t<\/span>\n<\/li>\n<li class=\"product type-product post-242087 status-publish last instock product_cat-hotel-en has-post-thumbnail sold-individually taxable shipping-taxable purchasable product-type-variable has-default-attributes\">\n\t<a href=\"https:\/\/www.eyecos.eu\/en\/producto\/kit-hotel\/\" class=\"woocommerce-LoopProduct-link woocommerce-loop-product__link\"><img decoding=\"async\" width=\"600\" height=\"761\" src=\"https:\/\/www.eyecos.eu\/wp-content\/uploads\/2022\/09\/packhoteleyecos-2-600x761.jpg\" class=\"attachment-woocommerce_thumbnail size-woocommerce_thumbnail\" alt=\"Kit Hotel\" srcset=\"https:\/\/www.eyecos.eu\/wp-content\/uploads\/2022\/09\/packhoteleyecos-2-600x761.jpg 600w, https:\/\/www.eyecos.eu\/wp-content\/uploads\/2022\/09\/packhoteleyecos-2-236x300.jpg 236w, https:\/\/www.eyecos.eu\/wp-content\/uploads\/2022\/09\/packhoteleyecos-2-768x975.jpg 768w, https:\/\/www.eyecos.eu\/wp-content\/uploads\/2022\/09\/packhoteleyecos-2.jpg 807w\" sizes=\"(max-width: 600px) 100vw, 600px\" \/><h2 class=\"woocommerce-loop-product__title\">Kit Hotel<\/h2>\n\t<span class=\"price\"><span class=\"woocommerce-Price-amount amount\" aria-hidden=\"true\"><bdi>150.00<span class=\"woocommerce-Price-currencySymbol\">&euro;<\/span><\/bdi><\/span> <span aria-hidden=\"true\">&ndash;<\/span> <span class=\"woocommerce-Price-amount amount\" aria-hidden=\"true\"><bdi>300.00<span class=\"woocommerce-Price-currencySymbol\">&euro;<\/span><\/bdi><\/span><span class=\"screen-reader-text\">Price range: 150.00&euro; through 300.00&euro;<\/span><\/span>\n<\/a><a href=\"https:\/\/www.eyecos.eu\/en\/producto\/kit-hotel\/\" aria-describedby=\"woocommerce_loop_add_to_cart_link_describedby_242087\" data-quantity=\"1\" class=\"button product_type_variable add_to_cart_button\" data-product_id=\"242087\" data-product_sku=\"\" aria-label=\"Select options for &ldquo;Kit Hotel&rdquo;\" rel=\"nofollow\">Select options<\/a>\t<span id=\"woocommerce_loop_add_to_cart_link_describedby_242087\" class=\"screen-reader-text\">\n\t\tThis product has multiple variants. The options may be chosen on the product page\t<\/span>\n<\/li>\n<li class=\"product type-product post-240646 status-publish first instock product_cat-atlas-en has-post-thumbnail sale taxable shipping-taxable purchasable product-type-simple\">\n\t<a href=\"https:\/\/www.eyecos.eu\/en\/producto\/first-book-atlas-on-laser-iridoplasty-printed-version\/\" class=\"woocommerce-LoopProduct-link woocommerce-loop-product__link\">\n\t<span class=\"onsale\">Sale!<\/span>\n\t<img loading=\"lazy\" decoding=\"async\" width=\"600\" height=\"761\" src=\"https:\/\/www.eyecos.eu\/wp-content\/uploads\/2022\/09\/WhatsApp-Image-2022-09-19-at-11.43.52-600x761.jpeg\" class=\"attachment-woocommerce_thumbnail size-woocommerce_thumbnail\" alt=\"First book Atlas on Laser Iridoplasty (printed version)\" srcset=\"https:\/\/www.eyecos.eu\/wp-content\/uploads\/2022\/09\/WhatsApp-Image-2022-09-19-at-11.43.52-600x761.jpeg 600w, https:\/\/www.eyecos.eu\/wp-content\/uploads\/2022\/09\/WhatsApp-Image-2022-09-19-at-11.43.52-236x300.jpeg 236w, https:\/\/www.eyecos.eu\/wp-content\/uploads\/2022\/09\/WhatsApp-Image-2022-09-19-at-11.43.52-768x975.jpeg 768w, https:\/\/www.eyecos.eu\/wp-content\/uploads\/2022\/09\/WhatsApp-Image-2022-09-19-at-11.43.52.jpeg 807w\" sizes=\"(max-width: 600px) 100vw, 600px\" \/><h2 class=\"woocommerce-loop-product__title\">First book Atlas on Laser Iridoplasty (printed version)<\/h2>\n\t<span class=\"price\"><del aria-hidden=\"true\"><span class=\"woocommerce-Price-amount amount\"><bdi>350.00<span class=\"woocommerce-Price-currencySymbol\">&euro;<\/span><\/bdi><\/span><\/del> <span class=\"screen-reader-text\">Original price was: 350.00&euro;.<\/span><ins aria-hidden=\"true\"><span class=\"woocommerce-Price-amount amount\"><bdi>150.00<span class=\"woocommerce-Price-currencySymbol\">&euro;<\/span><\/bdi><\/span><\/ins><span class=\"screen-reader-text\">Current price is: 150.00&euro;.<\/span><\/span>\n<\/a><a href=\"\/en\/wp-json\/wp\/v2\/pages\/21221?add-to-cart=240646\" aria-describedby=\"woocommerce_loop_add_to_cart_link_describedby_240646\" data-quantity=\"1\" class=\"button product_type_simple add_to_cart_button ajax_add_to_cart\" data-product_id=\"240646\" data-product_sku=\"\" aria-label=\"Add to cart: &ldquo;First book Atlas on Laser Iridoplasty (printed version)&rdquo;\" rel=\"nofollow\" data-success_message=\"&ldquo;First book Atlas on Laser Iridoplasty (printed version)&rdquo; has been added to your cart\">Add to cart<\/a>\t<span id=\"woocommerce_loop_add_to_cart_link_describedby_240646\" class=\"screen-reader-text\">\n\t\t\t<\/span>\n<\/li>\n<li class=\"product type-product post-246502 status-publish instock product_cat-atlas-en has-post-thumbnail downloadable virtual taxable purchasable product-type-simple\">\n\t<a href=\"https:\/\/www.eyecos.eu\/en\/producto\/first-book-atlas-on-laser-iridoplasty-pdf-version\/\" class=\"woocommerce-LoopProduct-link woocommerce-loop-product__link\"><img loading=\"lazy\" decoding=\"async\" width=\"600\" height=\"761\" src=\"https:\/\/www.eyecos.eu\/wp-content\/uploads\/2022\/09\/WhatsApp-Image-2022-09-19-at-11.43.52-600x761.jpeg\" class=\"attachment-woocommerce_thumbnail size-woocommerce_thumbnail\" alt=\"First book Atlas on Laser Iridoplasty (pdf version)\" srcset=\"https:\/\/www.eyecos.eu\/wp-content\/uploads\/2022\/09\/WhatsApp-Image-2022-09-19-at-11.43.52-600x761.jpeg 600w, https:\/\/www.eyecos.eu\/wp-content\/uploads\/2022\/09\/WhatsApp-Image-2022-09-19-at-11.43.52-236x300.jpeg 236w, https:\/\/www.eyecos.eu\/wp-content\/uploads\/2022\/09\/WhatsApp-Image-2022-09-19-at-11.43.52-768x975.jpeg 768w, https:\/\/www.eyecos.eu\/wp-content\/uploads\/2022\/09\/WhatsApp-Image-2022-09-19-at-11.43.52.jpeg 807w\" sizes=\"(max-width: 600px) 100vw, 600px\" \/><h2 class=\"woocommerce-loop-product__title\">First book Atlas on Laser Iridoplasty (pdf version)<\/h2>\n\t<span class=\"price\"><span class=\"woocommerce-Price-amount amount\"><bdi>59.00<span class=\"woocommerce-Price-currencySymbol\">&euro;<\/span><\/bdi><\/span><\/span>\n<\/a><a href=\"\/en\/wp-json\/wp\/v2\/pages\/21221?add-to-cart=246502\" aria-describedby=\"woocommerce_loop_add_to_cart_link_describedby_246502\" data-quantity=\"1\" class=\"button product_type_simple add_to_cart_button ajax_add_to_cart\" data-product_id=\"246502\" data-product_sku=\"\" aria-label=\"Add to cart: &ldquo;First book Atlas on Laser Iridoplasty (pdf version)&rdquo;\" rel=\"nofollow\" data-success_message=\"&ldquo;First book Atlas on Laser Iridoplasty (pdf version)&rdquo; has been added to your cart\">Add to cart<\/a>\t<span id=\"woocommerce_loop_add_to_cart_link_describedby_246502\" class=\"screen-reader-text\">\n\t\t\t<\/span>\n<\/li>\n<\/ul>\n<\/div>\t\t\t\t<\/div>\n\t\t\t\t<\/div>\n\t\t\t\t\t<\/div>\n\t\t<\/div>\n\t\t\t\t\t<\/div>\n\t\t<\/section>\n\t\t\t\t<\/div>\n\t\t","protected":false},"excerpt":{"rendered":"<p>Store<\/p>\n","protected":false},"author":1,"featured_media":0,"parent":0,"menu_order":0,"comment_status":"closed","ping_status":"closed","template":"","meta":{"_joinchat":[],"footnotes":""},"class_list":["post-21221","page","type-page","status-publish","hentry"],"yoast_head":"<!-- This site is optimized with the Yoast SEO Premium plugin v26.7 (Yoast SEO v27.2) - https:\/\/yoast.com\/product\/yoast-seo-premium-wordpress\/ -->\n<title>Store - Eyecos Clinic - Eye color change<\/title>\n<meta name=\"description\" content=\"Eyecos Store. First book Atlas on Laser Iridoplasty (pdf version), Kit Hotel bag\" \/>\n<meta name=\"robots\" content=\"index, follow, max-snippet:-1, max-image-preview:large, max-video-preview:-1\" \/>\n<link rel=\"canonical\" href=\"https:\/\/www.eyecos.eu\/en\/store\/\" \/>\n<meta property=\"og:locale\" content=\"en_US\" \/>\n<meta property=\"og:type\" content=\"article\" \/>\n<meta property=\"og:title\" content=\"Store\" \/>\n<meta property=\"og:description\" content=\"Store\" \/>\n<meta property=\"og:url\" content=\"https:\/\/www.eyecos.eu\/en\/store\/\" \/>\n<meta property=\"og:site_name\" content=\"Cl\u00ednica Eyecos - Cambio color de ojos\" \/>\n<meta property=\"article:publisher\" content=\"https:\/\/www.facebook.com\/neweyeslaser\" \/>\n<meta property=\"article:modified_time\" content=\"2026-01-14T16:03:49+00:00\" \/>\n<meta name=\"twitter:card\" content=\"summary_large_image\" \/>\n<meta name=\"twitter:site\" content=\"@NewEyesLaser\" \/>\n<meta name=\"twitter:label1\" content=\"Est. reading time\" \/>\n\t<meta name=\"twitter:data1\" content=\"2 minutes\" \/>\n<script type=\"application\/ld+json\" class=\"yoast-schema-graph\">{\"@context\":\"https:\/\/schema.org\",\"@graph\":[{\"@type\":\"WebPage\",\"@id\":\"https:\/\/www.eyecos.eu\/en\/store\/\",\"url\":\"https:\/\/www.eyecos.eu\/en\/store\/\",\"name\":\"Store - Eyecos Clinic - Eye color change\",\"isPartOf\":{\"@id\":\"https:\/\/www.eyecos.eu\/en\/#website\"},\"datePublished\":\"2021-02-08T09:18:20+00:00\",\"dateModified\":\"2026-01-14T16:03:49+00:00\",\"description\":\"Eyecos Store. First book Atlas on Laser Iridoplasty (pdf version), Kit Hotel bag\",\"breadcrumb\":{\"@id\":\"https:\/\/www.eyecos.eu\/en\/store\/#breadcrumb\"},\"inLanguage\":\"en-US\",\"potentialAction\":[{\"@type\":\"ReadAction\",\"target\":[\"https:\/\/www.eyecos.eu\/en\/store\/\"]}]},{\"@type\":\"BreadcrumbList\",\"@id\":\"https:\/\/www.eyecos.eu\/en\/store\/#breadcrumb\",\"itemListElement\":[{\"@type\":\"ListItem\",\"position\":1,\"name\":\"Eyecos\",\"item\":\"https:\/\/www.eyecos.eu\/en\/\"},{\"@type\":\"ListItem\",\"position\":2,\"name\":\"Store\"}]},{\"@type\":\"WebSite\",\"@id\":\"https:\/\/www.eyecos.eu\/en\/#website\",\"url\":\"https:\/\/www.eyecos.eu\/en\/\",\"name\":\"Cl\u00ednica Eyecos - Cambio color de ojos\",\"description\":\"\u00danica clinica que realiza el cambio del color de los ojos con l\u00e1ser con m\u00e1s 1000 pacientes y casi 10 a\u00f1os de experiencia\",\"publisher\":{\"@id\":\"https:\/\/www.eyecos.eu\/en\/#organization\"},\"potentialAction\":[{\"@type\":\"SearchAction\",\"target\":{\"@type\":\"EntryPoint\",\"urlTemplate\":\"https:\/\/www.eyecos.eu\/en\/?s={search_term_string}\"},\"query-input\":{\"@type\":\"PropertyValueSpecification\",\"valueRequired\":true,\"valueName\":\"search_term_string\"}}],\"inLanguage\":\"en-US\"},{\"@type\":\"Organization\",\"@id\":\"https:\/\/www.eyecos.eu\/en\/#organization\",\"name\":\"Cl\u00ednica Eyecos - Cambio color de ojos\",\"url\":\"https:\/\/www.eyecos.eu\/en\/\",\"logo\":{\"@type\":\"ImageObject\",\"inLanguage\":\"en-US\",\"@id\":\"https:\/\/www.eyecos.eu\/en\/#\/schema\/logo\/image\/\",\"url\":\"https:\/\/www.eyecos.eu\/wp-content\/uploads\/2024\/03\/LOGO-EYECOS.png\",\"contentUrl\":\"https:\/\/www.eyecos.eu\/wp-content\/uploads\/2024\/03\/LOGO-EYECOS.png\",\"width\":480,\"height\":480,\"caption\":\"Cl\u00ednica Eyecos - Cambio color de ojos\"},\"image\":{\"@id\":\"https:\/\/www.eyecos.eu\/en\/#\/schema\/logo\/image\/\"},\"sameAs\":[\"https:\/\/www.facebook.com\/neweyeslaser\",\"https:\/\/x.com\/NewEyesLaser\",\"https:\/\/www.instagram.com\/neweyeslaser\/\"]}]}<\/script>\n<!-- \/ Yoast SEO Premium plugin. -->","yoast_head_json":{"title":"Store - Eyecos Clinic - Eye color change","description":"Eyecos Store. First book Atlas on Laser Iridoplasty (pdf version), Kit Hotel bag","robots":{"index":"index","follow":"follow","max-snippet":"max-snippet:-1","max-image-preview":"max-image-preview:large","max-video-preview":"max-video-preview:-1"},"canonical":"https:\/\/www.eyecos.eu\/en\/store\/","og_locale":"en_US","og_type":"article","og_title":"Store","og_description":"Store","og_url":"https:\/\/www.eyecos.eu\/en\/store\/","og_site_name":"Cl\u00ednica Eyecos - Cambio color de ojos","article_publisher":"https:\/\/www.facebook.com\/neweyeslaser","article_modified_time":"2026-01-14T16:03:49+00:00","twitter_card":"summary_large_image","twitter_site":"@NewEyesLaser","twitter_misc":{"Est. reading time":"2 minutes"},"schema":{"@context":"https:\/\/schema.org","@graph":[{"@type":"WebPage","@id":"https:\/\/www.eyecos.eu\/en\/store\/","url":"https:\/\/www.eyecos.eu\/en\/store\/","name":"Store - Eyecos Clinic - Eye color change","isPartOf":{"@id":"https:\/\/www.eyecos.eu\/en\/#website"},"datePublished":"2021-02-08T09:18:20+00:00","dateModified":"2026-01-14T16:03:49+00:00","description":"Eyecos Store. First book Atlas on Laser Iridoplasty (pdf version), Kit Hotel bag","breadcrumb":{"@id":"https:\/\/www.eyecos.eu\/en\/store\/#breadcrumb"},"inLanguage":"en-US","potentialAction":[{"@type":"ReadAction","target":["https:\/\/www.eyecos.eu\/en\/store\/"]}]},{"@type":"BreadcrumbList","@id":"https:\/\/www.eyecos.eu\/en\/store\/#breadcrumb","itemListElement":[{"@type":"ListItem","position":1,"name":"Eyecos","item":"https:\/\/www.eyecos.eu\/en\/"},{"@type":"ListItem","position":2,"name":"Store"}]},{"@type":"WebSite","@id":"https:\/\/www.eyecos.eu\/en\/#website","url":"https:\/\/www.eyecos.eu\/en\/","name":"Cl\u00ednica Eyecos - Cambio color de ojos","description":"\u00danica clinica que realiza el cambio del color de los ojos con l\u00e1ser con m\u00e1s 1000 pacientes y casi 10 a\u00f1os de experiencia","publisher":{"@id":"https:\/\/www.eyecos.eu\/en\/#organization"},"potentialAction":[{"@type":"SearchAction","target":{"@type":"EntryPoint","urlTemplate":"https:\/\/www.eyecos.eu\/en\/?s={search_term_string}"},"query-input":{"@type":"PropertyValueSpecification","valueRequired":true,"valueName":"search_term_string"}}],"inLanguage":"en-US"},{"@type":"Organization","@id":"https:\/\/www.eyecos.eu\/en\/#organization","name":"Cl\u00ednica Eyecos - Cambio color de ojos","url":"https:\/\/www.eyecos.eu\/en\/","logo":{"@type":"ImageObject","inLanguage":"en-US","@id":"https:\/\/www.eyecos.eu\/en\/#\/schema\/logo\/image\/","url":"https:\/\/www.eyecos.eu\/wp-content\/uploads\/2024\/03\/LOGO-EYECOS.png","contentUrl":"https:\/\/www.eyecos.eu\/wp-content\/uploads\/2024\/03\/LOGO-EYECOS.png","width":480,"height":480,"caption":"Cl\u00ednica Eyecos - Cambio color de ojos"},"image":{"@id":"https:\/\/www.eyecos.eu\/en\/#\/schema\/logo\/image\/"},"sameAs":["https:\/\/www.facebook.com\/neweyeslaser","https:\/\/x.com\/NewEyesLaser","https:\/\/www.instagram.com\/neweyeslaser\/"]}]}},"_links":{"self":[{"href":"https:\/\/www.eyecos.eu\/en\/wp-json\/wp\/v2\/pages\/21221","targetHints":{"allow":["GET"]}}],"collection":[{"href":"https:\/\/www.eyecos.eu\/en\/wp-json\/wp\/v2\/pages"}],"about":[{"href":"https:\/\/www.eyecos.eu\/en\/wp-json\/wp\/v2\/types\/page"}],"author":[{"embeddable":true,"href":"https:\/\/www.eyecos.eu\/en\/wp-json\/wp\/v2\/users\/1"}],"replies":[{"embeddable":true,"href":"https:\/\/www.eyecos.eu\/en\/wp-json\/wp\/v2\/comments?post=21221"}],"version-history":[{"count":9,"href":"https:\/\/www.eyecos.eu\/en\/wp-json\/wp\/v2\/pages\/21221\/revisions"}],"predecessor-version":[{"id":297285,"href":"https:\/\/www.eyecos.eu\/en\/wp-json\/wp\/v2\/pages\/21221\/revisions\/297285"}],"wp:attachment":[{"href":"https:\/\/www.eyecos.eu\/en\/wp-json\/wp\/v2\/media?parent=21221"}],"curies":[{"name":"wp","href":"https:\/\/api.w.org\/{rel}","templated":true}]}}