{"id":22324,"date":"2021-04-26T16:19:21","date_gmt":"2021-04-26T16:19:21","guid":{"rendered":"https:\/\/www.eyecos.eu\/barcelona\/farmacias-y-hospitales\/"},"modified":"2024-06-19T11:21:39","modified_gmt":"2024-06-19T11:21:39","slug":"pharmacies-and-hospitals","status":"publish","type":"page","link":"https:\/\/www.eyecos.eu\/en\/clinic\/pharmacies-and-hospitals\/","title":{"rendered":"Pharmacies and hospitals"},"content":{"rendered":"\t\t<div data-elementor-type=\"wp-page\" data-elementor-id=\"22324\" class=\"elementor elementor-22324 elementor-21544\" data-elementor-post-type=\"page\">\n\t\t\t\t\t\t<section class=\"elementor-section elementor-top-section elementor-element elementor-element-652e0ff elementor-section-boxed elementor-section-height-default elementor-section-height-default\" data-id=\"652e0ff\" data-element_type=\"section\" data-e-type=\"section\">\n\t\t\t\t\t\t<div class=\"elementor-container elementor-column-gap-default\">\n\t\t\t\t\t<div class=\"elementor-column elementor-col-100 elementor-top-column elementor-element elementor-element-491ca51\" data-id=\"491ca51\" data-element_type=\"column\" data-e-type=\"column\">\n\t\t\t<div class=\"elementor-widget-wrap elementor-element-populated\">\n\t\t\t\t\t\t<div class=\"elementor-element elementor-element-33ae30c elementor-widget elementor-widget-heading\" data-id=\"33ae30c\" data-element_type=\"widget\" data-e-type=\"widget\" data-widget_type=\"heading.default\">\n\t\t\t\t<div class=\"elementor-widget-container\">\n\t\t\t\t\t<h1 class=\"elementor-heading-title elementor-size-default\">Pharmacies and Hospital<\/h1>\t\t\t\t<\/div>\n\t\t\t\t<\/div>\n\t\t\t\t\t<\/div>\n\t\t<\/div>\n\t\t\t\t\t<\/div>\n\t\t<\/section>\n\t\t\t\t<section class=\"elementor-section elementor-top-section elementor-element elementor-element-c5072ba elementor-section-boxed elementor-section-height-default elementor-section-height-default\" data-id=\"c5072ba\" data-element_type=\"section\" data-e-type=\"section\">\n\t\t\t\t\t\t<div class=\"elementor-container elementor-column-gap-default\">\n\t\t\t\t\t<div class=\"elementor-column elementor-col-100 elementor-top-column elementor-element elementor-element-f6ebacc\" data-id=\"f6ebacc\" data-element_type=\"column\" data-e-type=\"column\">\n\t\t\t<div class=\"elementor-widget-wrap elementor-element-populated\">\n\t\t\t\t\t\t<div class=\"elementor-element elementor-element-02b58f4 elementor-widget elementor-widget-heading\" data-id=\"02b58f4\" data-element_type=\"widget\" data-e-type=\"widget\" data-widget_type=\"heading.default\">\n\t\t\t\t<div class=\"elementor-widget-container\">\n\t\t\t\t\t<h2 class=\"elementor-heading-title elementor-size-default\">Pharmacy near the Eyecos Clinic<\/h2>\t\t\t\t<\/div>\n\t\t\t\t<\/div>\n\t\t\t\t<div class=\"elementor-element elementor-element-a341281 elementor-widget elementor-widget-text-editor\" data-id=\"a341281\" data-element_type=\"widget\" data-e-type=\"widget\" data-widget_type=\"text-editor.default\">\n\t\t\t\t<div class=\"elementor-widget-container\">\n\t\t\t\t\t\t\t\t\t<p><iframe style=\"border: 0;\" src=\"https:\/\/www.google.com\/maps\/embed?pb=!1m28!1m12!1m3!1d833.1251824557285!2d2.154755080401964!3d41.39522868614916!2m3!1f0!2f0!3f0!3m2!1i1024!2i768!4f13.1!4m13!3e2!4m5!1s0x12a4a29f43040955%3A0xed8cfedc9e4c4210!2sEyecos%2C%20Av.%20Diagonal%2C%20415%2C%201%C2%BA%2C%20L'Eixample%2C%2008008%20Barcelona!3m2!1d41.394924599999996!2d2.1541278!4m5!1s0x12a4a290b4408243%3A0x32f161e2dcacf4eb!2sFarmacia%20Serra%20Mandri%2C%20Av.%20Diagonal%2C%20Barcelona!3m2!1d41.3958763!2d2.1559208!5e0!3m2!1ses!2ses!4v1718795902697!5m2!1ses!2ses\" width=\"600\" height=\"450\" allowfullscreen=\"allowfullscreen\"><\/iframe><\/p>\t\t\t\t\t\t\t\t<\/div>\n\t\t\t\t<\/div>\n\t\t\t\t\t<\/div>\n\t\t<\/div>\n\t\t\t\t\t<\/div>\n\t\t<\/section>\n\t\t\t\t<section class=\"elementor-section elementor-top-section elementor-element elementor-element-84fc3b4 elementor-section-boxed elementor-section-height-default elementor-section-height-default\" data-id=\"84fc3b4\" data-element_type=\"section\" data-e-type=\"section\">\n\t\t\t\t\t\t<div class=\"elementor-container elementor-column-gap-default\">\n\t\t\t\t\t<div class=\"elementor-column elementor-col-100 elementor-top-column elementor-element elementor-element-bb62e6b\" data-id=\"bb62e6b\" data-element_type=\"column\" data-e-type=\"column\">\n\t\t\t<div class=\"elementor-widget-wrap elementor-element-populated\">\n\t\t\t\t\t\t<div class=\"elementor-element elementor-element-05ea867 elementor-widget elementor-widget-heading\" data-id=\"05ea867\" data-element_type=\"widget\" data-e-type=\"widget\" data-widget_type=\"heading.default\">\n\t\t\t\t<div class=\"elementor-widget-container\">\n\t\t\t\t\t<h2 class=\"elementor-heading-title elementor-size-default\">Hospital Clinic de Barcelona<\/h2>\t\t\t\t<\/div>\n\t\t\t\t<\/div>\n\t\t\t\t<div class=\"elementor-element elementor-element-a941ac2 elementor-widget elementor-widget-text-editor\" data-id=\"a941ac2\" data-element_type=\"widget\" data-e-type=\"widget\" data-widget_type=\"text-editor.default\">\n\t\t\t\t<div class=\"elementor-widget-container\">\n\t\t\t\t\t\t\t\t\t<iframe style=\"border: 0;\" src=\"https:\/\/www.google.com\/maps\/embed?pb=!1m28!1m12!1m3!1d5986.261073980317!2d2.1484860481807844!3d41.392971416647406!2m3!1f0!2f0!3f0!3m2!1i1024!2i768!4f13.1!4m13!3e2!4m5!1s0x12a4a29f43ba38e7%3A0x4c5df868234d9f09!2sCl%C3%ADnica+Eyecos%2C+Carrer+de+Tuset%2C+Barcelona!3m2!1d41.396313!2d2.1510569999999998!4m5!1s0x12a4a2853c31dd2b%3A0x7bacaced73cdac27!2sHospital+Cl%C3%ADnic+i+Provincial+de+Barcelona%2C+Carrer+de+Villarroel%2C+170%2C+08036+Barcelona!3m2!1d41.3895158!2d2.1522994!5e0!3m2!1ses!2ses!4v1536231045509\" width=\"600\" height=\"450\" frameborder=\"0\" allowfullscreen=\"allowfullscreen\"><\/iframe>\t\t\t\t\t\t\t\t<\/div>\n\t\t\t\t<\/div>\n\t\t\t\t\t<\/div>\n\t\t<\/div>\n\t\t\t\t\t<\/div>\n\t\t<\/section>\n\t\t\t\t<\/div>\n\t\t","protected":false},"excerpt":{"rendered":"<p>Pharmacies and Hospital Pharmacy near the Eyecos Clinic Hospital Clinic de Barcelona<\/p>\n","protected":false},"author":1,"featured_media":0,"parent":288231,"menu_order":0,"comment_status":"closed","ping_status":"closed","template":"","meta":{"_joinchat":[],"footnotes":""},"class_list":["post-22324","page","type-page","status-publish","hentry"],"yoast_head":"<!-- This site is optimized with the Yoast SEO Premium plugin v26.7 (Yoast SEO v27.2) - https:\/\/yoast.com\/product\/yoast-seo-premium-wordpress\/ -->\n<title>Pharmacies and hospitals - Eyecos Clinic - Eye color change<\/title>\n<meta name=\"robots\" content=\"index, follow, max-snippet:-1, max-image-preview:large, max-video-preview:-1\" \/>\n<link rel=\"canonical\" href=\"https:\/\/www.eyecos.eu\/en\/clinic\/pharmacies-and-hospitals\/\" \/>\n<meta property=\"og:locale\" content=\"en_US\" \/>\n<meta property=\"og:type\" content=\"article\" \/>\n<meta property=\"og:title\" content=\"Pharmacies and hospitals\" \/>\n<meta property=\"og:description\" content=\"Pharmacies and Hospital   Pharmacy near the Eyecos Clinic      Hospital Clinic de Barcelona\" \/>\n<meta property=\"og:url\" content=\"https:\/\/www.eyecos.eu\/en\/clinic\/pharmacies-and-hospitals\/\" \/>\n<meta property=\"og:site_name\" content=\"Cl\u00ednica Eyecos - Cambio color de ojos\" \/>\n<meta property=\"article:publisher\" content=\"https:\/\/www.facebook.com\/neweyeslaser\" \/>\n<meta property=\"article:modified_time\" content=\"2024-06-19T11:21:39+00:00\" \/>\n<meta name=\"twitter:card\" content=\"summary_large_image\" \/>\n<meta name=\"twitter:site\" content=\"@NewEyesLaser\" \/>\n<meta name=\"twitter:label1\" content=\"Est. reading time\" \/>\n\t<meta name=\"twitter:data1\" content=\"1 minute\" \/>\n<script type=\"application\/ld+json\" class=\"yoast-schema-graph\">{\"@context\":\"https:\/\/schema.org\",\"@graph\":[{\"@type\":\"WebPage\",\"@id\":\"https:\/\/www.eyecos.eu\/en\/clinic\/pharmacies-and-hospitals\/\",\"url\":\"https:\/\/www.eyecos.eu\/en\/clinic\/pharmacies-and-hospitals\/\",\"name\":\"Pharmacies and hospitals - Eyecos Clinic - Eye color change\",\"isPartOf\":{\"@id\":\"https:\/\/www.eyecos.eu\/en\/#website\"},\"datePublished\":\"2021-04-26T16:19:21+00:00\",\"dateModified\":\"2024-06-19T11:21:39+00:00\",\"breadcrumb\":{\"@id\":\"https:\/\/www.eyecos.eu\/en\/clinic\/pharmacies-and-hospitals\/#breadcrumb\"},\"inLanguage\":\"en-US\",\"potentialAction\":[{\"@type\":\"ReadAction\",\"target\":[\"https:\/\/www.eyecos.eu\/en\/clinic\/pharmacies-and-hospitals\/\"]}]},{\"@type\":\"BreadcrumbList\",\"@id\":\"https:\/\/www.eyecos.eu\/en\/clinic\/pharmacies-and-hospitals\/#breadcrumb\",\"itemListElement\":[{\"@type\":\"ListItem\",\"position\":1,\"name\":\"Eyecos\",\"item\":\"https:\/\/www.eyecos.eu\/en\/\"},{\"@type\":\"ListItem\",\"position\":2,\"name\":\"Cl\u00ednic\",\"item\":\"https:\/\/www.eyecos.eu\/en\/clinic\/\"},{\"@type\":\"ListItem\",\"position\":3,\"name\":\"Pharmacies and hospitals\"}]},{\"@type\":\"WebSite\",\"@id\":\"https:\/\/www.eyecos.eu\/en\/#website\",\"url\":\"https:\/\/www.eyecos.eu\/en\/\",\"name\":\"Cl\u00ednica Eyecos - Cambio color de ojos\",\"description\":\"\u00danica clinica que realiza el cambio del color de los ojos con l\u00e1ser con m\u00e1s 1000 pacientes y casi 10 a\u00f1os de experiencia\",\"publisher\":{\"@id\":\"https:\/\/www.eyecos.eu\/en\/#organization\"},\"potentialAction\":[{\"@type\":\"SearchAction\",\"target\":{\"@type\":\"EntryPoint\",\"urlTemplate\":\"https:\/\/www.eyecos.eu\/en\/?s={search_term_string}\"},\"query-input\":{\"@type\":\"PropertyValueSpecification\",\"valueRequired\":true,\"valueName\":\"search_term_string\"}}],\"inLanguage\":\"en-US\"},{\"@type\":\"Organization\",\"@id\":\"https:\/\/www.eyecos.eu\/en\/#organization\",\"name\":\"Cl\u00ednica Eyecos - Cambio color de ojos\",\"url\":\"https:\/\/www.eyecos.eu\/en\/\",\"logo\":{\"@type\":\"ImageObject\",\"inLanguage\":\"en-US\",\"@id\":\"https:\/\/www.eyecos.eu\/en\/#\/schema\/logo\/image\/\",\"url\":\"https:\/\/www.eyecos.eu\/wp-content\/uploads\/2024\/03\/LOGO-EYECOS.png\",\"contentUrl\":\"https:\/\/www.eyecos.eu\/wp-content\/uploads\/2024\/03\/LOGO-EYECOS.png\",\"width\":480,\"height\":480,\"caption\":\"Cl\u00ednica Eyecos - Cambio color de ojos\"},\"image\":{\"@id\":\"https:\/\/www.eyecos.eu\/en\/#\/schema\/logo\/image\/\"},\"sameAs\":[\"https:\/\/www.facebook.com\/neweyeslaser\",\"https:\/\/x.com\/NewEyesLaser\",\"https:\/\/www.instagram.com\/neweyeslaser\/\"]}]}<\/script>\n<!-- \/ Yoast SEO Premium plugin. -->","yoast_head_json":{"title":"Pharmacies and hospitals - Eyecos Clinic - Eye color change","robots":{"index":"index","follow":"follow","max-snippet":"max-snippet:-1","max-image-preview":"max-image-preview:large","max-video-preview":"max-video-preview:-1"},"canonical":"https:\/\/www.eyecos.eu\/en\/clinic\/pharmacies-and-hospitals\/","og_locale":"en_US","og_type":"article","og_title":"Pharmacies and hospitals","og_description":"Pharmacies and Hospital   Pharmacy near the Eyecos Clinic      Hospital Clinic de Barcelona","og_url":"https:\/\/www.eyecos.eu\/en\/clinic\/pharmacies-and-hospitals\/","og_site_name":"Cl\u00ednica Eyecos - Cambio color de ojos","article_publisher":"https:\/\/www.facebook.com\/neweyeslaser","article_modified_time":"2024-06-19T11:21:39+00:00","twitter_card":"summary_large_image","twitter_site":"@NewEyesLaser","twitter_misc":{"Est. reading time":"1 minute"},"schema":{"@context":"https:\/\/schema.org","@graph":[{"@type":"WebPage","@id":"https:\/\/www.eyecos.eu\/en\/clinic\/pharmacies-and-hospitals\/","url":"https:\/\/www.eyecos.eu\/en\/clinic\/pharmacies-and-hospitals\/","name":"Pharmacies and hospitals - Eyecos Clinic - Eye color change","isPartOf":{"@id":"https:\/\/www.eyecos.eu\/en\/#website"},"datePublished":"2021-04-26T16:19:21+00:00","dateModified":"2024-06-19T11:21:39+00:00","breadcrumb":{"@id":"https:\/\/www.eyecos.eu\/en\/clinic\/pharmacies-and-hospitals\/#breadcrumb"},"inLanguage":"en-US","potentialAction":[{"@type":"ReadAction","target":["https:\/\/www.eyecos.eu\/en\/clinic\/pharmacies-and-hospitals\/"]}]},{"@type":"BreadcrumbList","@id":"https:\/\/www.eyecos.eu\/en\/clinic\/pharmacies-and-hospitals\/#breadcrumb","itemListElement":[{"@type":"ListItem","position":1,"name":"Eyecos","item":"https:\/\/www.eyecos.eu\/en\/"},{"@type":"ListItem","position":2,"name":"Cl\u00ednic","item":"https:\/\/www.eyecos.eu\/en\/clinic\/"},{"@type":"ListItem","position":3,"name":"Pharmacies and hospitals"}]},{"@type":"WebSite","@id":"https:\/\/www.eyecos.eu\/en\/#website","url":"https:\/\/www.eyecos.eu\/en\/","name":"Cl\u00ednica Eyecos - Cambio color de ojos","description":"\u00danica clinica que realiza el cambio del color de los ojos con l\u00e1ser con m\u00e1s 1000 pacientes y casi 10 a\u00f1os de experiencia","publisher":{"@id":"https:\/\/www.eyecos.eu\/en\/#organization"},"potentialAction":[{"@type":"SearchAction","target":{"@type":"EntryPoint","urlTemplate":"https:\/\/www.eyecos.eu\/en\/?s={search_term_string}"},"query-input":{"@type":"PropertyValueSpecification","valueRequired":true,"valueName":"search_term_string"}}],"inLanguage":"en-US"},{"@type":"Organization","@id":"https:\/\/www.eyecos.eu\/en\/#organization","name":"Cl\u00ednica Eyecos - Cambio color de ojos","url":"https:\/\/www.eyecos.eu\/en\/","logo":{"@type":"ImageObject","inLanguage":"en-US","@id":"https:\/\/www.eyecos.eu\/en\/#\/schema\/logo\/image\/","url":"https:\/\/www.eyecos.eu\/wp-content\/uploads\/2024\/03\/LOGO-EYECOS.png","contentUrl":"https:\/\/www.eyecos.eu\/wp-content\/uploads\/2024\/03\/LOGO-EYECOS.png","width":480,"height":480,"caption":"Cl\u00ednica Eyecos - Cambio color de ojos"},"image":{"@id":"https:\/\/www.eyecos.eu\/en\/#\/schema\/logo\/image\/"},"sameAs":["https:\/\/www.facebook.com\/neweyeslaser","https:\/\/x.com\/NewEyesLaser","https:\/\/www.instagram.com\/neweyeslaser\/"]}]}},"_links":{"self":[{"href":"https:\/\/www.eyecos.eu\/en\/wp-json\/wp\/v2\/pages\/22324","targetHints":{"allow":["GET"]}}],"collection":[{"href":"https:\/\/www.eyecos.eu\/en\/wp-json\/wp\/v2\/pages"}],"about":[{"href":"https:\/\/www.eyecos.eu\/en\/wp-json\/wp\/v2\/types\/page"}],"author":[{"embeddable":true,"href":"https:\/\/www.eyecos.eu\/en\/wp-json\/wp\/v2\/users\/1"}],"replies":[{"embeddable":true,"href":"https:\/\/www.eyecos.eu\/en\/wp-json\/wp\/v2\/comments?post=22324"}],"version-history":[{"count":0,"href":"https:\/\/www.eyecos.eu\/en\/wp-json\/wp\/v2\/pages\/22324\/revisions"}],"up":[{"embeddable":true,"href":"https:\/\/www.eyecos.eu\/en\/wp-json\/wp\/v2\/pages\/288231"}],"wp:attachment":[{"href":"https:\/\/www.eyecos.eu\/en\/wp-json\/wp\/v2\/media?parent=22324"}],"curies":[{"name":"wp","href":"https:\/\/api.w.org\/{rel}","templated":true}]}}