{"id":288236,"date":"2024-06-05T12:55:48","date_gmt":"2024-06-05T12:55:48","guid":{"rendered":"https:\/\/www.eyecos.eu\/mision-vision-y-valores\/"},"modified":"2025-10-13T10:30:56","modified_gmt":"2025-10-13T10:30:56","slug":"mission-vision-and-values","status":"publish","type":"page","link":"https:\/\/www.eyecos.eu\/en\/mission-vision-and-values\/","title":{"rendered":"Mission, vision and values"},"content":{"rendered":"\t\t<div data-elementor-type=\"wp-page\" data-elementor-id=\"288236\" class=\"elementor elementor-288236 elementor-287830\" data-elementor-post-type=\"page\">\n\t\t\t\t\t\t<section class=\"elementor-section elementor-top-section elementor-element elementor-element-bd6f3be elementor-section-boxed elementor-section-height-default elementor-section-height-default\" data-id=\"bd6f3be\" data-element_type=\"section\" data-e-type=\"section\">\n\t\t\t\t\t\t<div class=\"elementor-container elementor-column-gap-default\">\n\t\t\t\t\t<div class=\"elementor-column elementor-col-100 elementor-top-column elementor-element elementor-element-777d519\" data-id=\"777d519\" data-element_type=\"column\" data-e-type=\"column\">\n\t\t\t<div class=\"elementor-widget-wrap elementor-element-populated\">\n\t\t\t\t\t\t<div class=\"elementor-element elementor-element-2a6ab9c elementor--h-position-center elementor--v-position-middle elementor-arrows-position-inside elementor-pagination-position-inside elementor-widget elementor-widget-slides\" data-id=\"2a6ab9c\" data-element_type=\"widget\" data-e-type=\"widget\" data-settings=\"{&quot;navigation&quot;:&quot;both&quot;,&quot;autoplay&quot;:&quot;yes&quot;,&quot;pause_on_hover&quot;:&quot;yes&quot;,&quot;pause_on_interaction&quot;:&quot;yes&quot;,&quot;autoplay_speed&quot;:5000,&quot;infinite&quot;:&quot;yes&quot;,&quot;transition&quot;:&quot;slide&quot;,&quot;transition_speed&quot;:500}\" data-widget_type=\"slides.default\">\n\t\t\t\t<div class=\"elementor-widget-container\">\n\t\t\t\t\t\t\t\t\t<div class=\"elementor-swiper\">\n\t\t\t\t\t<div class=\"elementor-slides-wrapper elementor-main-swiper swiper\" role=\"region\" aria-roledescription=\"carousel\" aria-label=\"Slides\" dir=\"ltr\" data-animation=\"fadeInUp\">\n\t\t\t\t<div class=\"swiper-wrapper elementor-slides\">\n\t\t\t\t\t\t\t\t\t\t<div class=\"elementor-repeater-item-a4f07a8 swiper-slide\" role=\"group\" aria-roledescription=\"slide\"><div class=\"swiper-slide-bg\" role=\"img\" aria-label=\"\"><\/div><div class=\"swiper-slide-inner\" ><div class=\"swiper-slide-contents\"><div class=\"elementor-slide-heading\">History, Mission, Vision and Values<\/div><\/div><\/div><\/div>\t\t\t\t<\/div>\n\t\t\t\t\t\t\t<\/div>\n\t\t\t\t<\/div>\n\t\t\t\t\t\t\t\t<\/div>\n\t\t\t\t<\/div>\n\t\t\t\t\t<\/div>\n\t\t<\/div>\n\t\t\t\t\t<\/div>\n\t\t<\/section>\n\t\t\t\t<section class=\"elementor-section elementor-top-section elementor-element elementor-element-b3c3dde elementor-section-boxed elementor-section-height-default elementor-section-height-default\" data-id=\"b3c3dde\" data-element_type=\"section\" data-e-type=\"section\">\n\t\t\t\t\t\t<div class=\"elementor-container elementor-column-gap-default\">\n\t\t\t\t\t<div class=\"elementor-column elementor-col-100 elementor-top-column elementor-element elementor-element-f66ad72\" data-id=\"f66ad72\" data-element_type=\"column\" data-e-type=\"column\">\n\t\t\t<div class=\"elementor-widget-wrap elementor-element-populated\">\n\t\t\t\t\t\t<div class=\"elementor-element elementor-element-a79a2be elementor-widget elementor-widget-text-editor\" data-id=\"a79a2be\" data-element_type=\"widget\" data-e-type=\"widget\" data-widget_type=\"text-editor.default\">\n\t\t\t\t<div class=\"elementor-widget-container\">\n\t\t\t\t\t\t\t\t\t<p>Our story began in 2012, driven by a seemingly unattainable dream: <strong>to change eye color naturally, safely, and permanently<\/strong>. That same year, we developed the first <strong>NewEyes laser<\/strong>. Today, we are proud to have evolved to the 9G and 10G and to have helped <strong>more than 8,000 patients achieve their desired color<\/strong>.<\/p><p>Our current <strong>mission<\/strong> at Eyecos is to provide an advanced, safe, and effective solution to change people&#8217;s eye color through the development and innovation in laser depigmentation technique.<\/p><p>Our long-term <strong>vision<\/strong> is to be recognized as the global benchmark in natural, safe, and effective eye color change through the Neweyes technique.<\/p><p>Our <strong>values<\/strong> are the heart of our company, fundamental to communicate and connect with people:<\/p>\t\t\t\t\t\t\t\t<\/div>\n\t\t\t\t<\/div>\n\t\t\t\t\t<\/div>\n\t\t<\/div>\n\t\t\t\t\t<\/div>\n\t\t<\/section>\n\t\t\t\t<section class=\"elementor-section elementor-top-section elementor-element elementor-element-19b06445 elementor-section-content-middle elementor-section-boxed elementor-section-height-default elementor-section-height-default\" data-id=\"19b06445\" data-element_type=\"section\" data-e-type=\"section\" data-settings=\"{&quot;background_background&quot;:&quot;classic&quot;}\">\n\t\t\t\t\t\t<div class=\"elementor-container elementor-column-gap-no\">\n\t\t\t\t\t<div class=\"elementor-column elementor-col-33 elementor-top-column elementor-element elementor-element-79921c8a\" data-id=\"79921c8a\" data-element_type=\"column\" data-e-type=\"column\">\n\t\t\t<div class=\"elementor-widget-wrap elementor-element-populated\">\n\t\t\t\t\t\t<div class=\"elementor-element elementor-element-3b7eff54 elementor-view-default elementor-position-block-start elementor-mobile-position-block-start elementor-widget elementor-widget-icon-box\" data-id=\"3b7eff54\" data-element_type=\"widget\" data-e-type=\"widget\" data-widget_type=\"icon-box.default\">\n\t\t\t\t<div class=\"elementor-widget-container\">\n\t\t\t\t\t\t\t<div class=\"elementor-icon-box-wrapper\">\n\n\t\t\t\t\t\t<div class=\"elementor-icon-box-icon\">\n\t\t\t\t<span  class=\"elementor-icon\">\n\t\t\t\t<i aria-hidden=\"true\" class=\"fas fa-info-circle\"><\/i>\t\t\t\t<\/span>\n\t\t\t<\/div>\n\t\t\t\n\t\t\t\t\t\t<div class=\"elementor-icon-box-content\">\n\n\t\t\t\t\t\t\t\t\t<h3 class=\"elementor-icon-box-title\">\n\t\t\t\t\t\t<span  >\n\t\t\t\t\t\t\tInformation\t\t\t\t\t\t<\/span>\n\t\t\t\t\t<\/h3>\n\t\t\t\t\n\t\t\t\t\n\t\t\t<\/div>\n\t\t\t\n\t\t<\/div>\n\t\t\t\t\t\t<\/div>\n\t\t\t\t<\/div>\n\t\t\t\t<div class=\"elementor-element elementor-element-3845089d elementor-view-default elementor-position-block-start elementor-mobile-position-block-start elementor-widget elementor-widget-icon-box\" data-id=\"3845089d\" data-element_type=\"widget\" data-e-type=\"widget\" data-widget_type=\"icon-box.default\">\n\t\t\t\t<div class=\"elementor-widget-container\">\n\t\t\t\t\t\t\t<div class=\"elementor-icon-box-wrapper\">\n\n\t\t\t\t\t\t<div class=\"elementor-icon-box-icon\">\n\t\t\t\t<span  class=\"elementor-icon\">\n\t\t\t\t<i aria-hidden=\"true\" class=\"fas fa-check\"><\/i>\t\t\t\t<\/span>\n\t\t\t<\/div>\n\t\t\t\n\t\t\t\t\t\t<div class=\"elementor-icon-box-content\">\n\n\t\t\t\t\t\t\t\t\t<h3 class=\"elementor-icon-box-title\">\n\t\t\t\t\t\t<span  >\n\t\t\t\t\t\t\tSafety\t\t\t\t\t\t<\/span>\n\t\t\t\t\t<\/h3>\n\t\t\t\t\n\t\t\t\t\n\t\t\t<\/div>\n\t\t\t\n\t\t<\/div>\n\t\t\t\t\t\t<\/div>\n\t\t\t\t<\/div>\n\t\t\t\t<div class=\"elementor-element elementor-element-cda257d elementor-view-default elementor-position-block-start elementor-mobile-position-block-start elementor-widget elementor-widget-icon-box\" data-id=\"cda257d\" data-element_type=\"widget\" data-e-type=\"widget\" data-widget_type=\"icon-box.default\">\n\t\t\t\t<div class=\"elementor-widget-container\">\n\t\t\t\t\t\t\t<div class=\"elementor-icon-box-wrapper\">\n\n\t\t\t\t\t\t<div class=\"elementor-icon-box-icon\">\n\t\t\t\t<span  class=\"elementor-icon\">\n\t\t\t\t<i aria-hidden=\"true\" class=\"fas fa-award\"><\/i>\t\t\t\t<\/span>\n\t\t\t<\/div>\n\t\t\t\n\t\t\t\t\t\t<div class=\"elementor-icon-box-content\">\n\n\t\t\t\t\t\t\t\t\t<h3 class=\"elementor-icon-box-title\">\n\t\t\t\t\t\t<span  >\n\t\t\t\t\t\t\tQuality\t\t\t\t\t\t<\/span>\n\t\t\t\t\t<\/h3>\n\t\t\t\t\n\t\t\t\t\n\t\t\t<\/div>\n\t\t\t\n\t\t<\/div>\n\t\t\t\t\t\t<\/div>\n\t\t\t\t<\/div>\n\t\t\t\t\t<\/div>\n\t\t<\/div>\n\t\t\t\t<div class=\"elementor-column elementor-col-33 elementor-top-column elementor-element elementor-element-6b16b204\" data-id=\"6b16b204\" data-element_type=\"column\" data-e-type=\"column\">\n\t\t\t<div class=\"elementor-widget-wrap elementor-element-populated\">\n\t\t\t\t\t\t<div class=\"elementor-element elementor-element-39c3d906 elementor-hidden-mobile elementor-widget elementor-widget-image\" data-id=\"39c3d906\" data-element_type=\"widget\" data-e-type=\"widget\" data-widget_type=\"image.default\">\n\t\t\t\t<div class=\"elementor-widget-container\">\n\t\t\t\t\t\t\t\t\t\t\t\t\t\t\t<img fetchpriority=\"high\" decoding=\"async\" width=\"480\" height=\"480\" src=\"https:\/\/www.eyecos.eu\/wp-content\/uploads\/2024\/03\/LOGO-EYECOS.png\" class=\"attachment-full size-full wp-image-286688\" alt=\"\" srcset=\"https:\/\/www.eyecos.eu\/wp-content\/uploads\/2024\/03\/LOGO-EYECOS.png 480w, https:\/\/www.eyecos.eu\/wp-content\/uploads\/2024\/03\/LOGO-EYECOS-100x100.png 100w, https:\/\/www.eyecos.eu\/wp-content\/uploads\/2024\/03\/LOGO-EYECOS-300x300.png 300w, https:\/\/www.eyecos.eu\/wp-content\/uploads\/2024\/03\/LOGO-EYECOS-150x150.png 150w\" sizes=\"(max-width: 480px) 100vw, 480px\" \/>\t\t\t\t\t\t\t\t\t\t\t\t\t\t\t<\/div>\n\t\t\t\t<\/div>\n\t\t\t\t\t<\/div>\n\t\t<\/div>\n\t\t\t\t<div class=\"elementor-column elementor-col-33 elementor-top-column elementor-element elementor-element-564fe164\" data-id=\"564fe164\" data-element_type=\"column\" data-e-type=\"column\">\n\t\t\t<div class=\"elementor-widget-wrap elementor-element-populated\">\n\t\t\t\t\t\t<div class=\"elementor-element elementor-element-61d1a089 elementor-view-default elementor-position-block-start elementor-mobile-position-block-start elementor-widget elementor-widget-icon-box\" data-id=\"61d1a089\" data-element_type=\"widget\" data-e-type=\"widget\" data-widget_type=\"icon-box.default\">\n\t\t\t\t<div class=\"elementor-widget-container\">\n\t\t\t\t\t\t\t<div class=\"elementor-icon-box-wrapper\">\n\n\t\t\t\t\t\t<div class=\"elementor-icon-box-icon\">\n\t\t\t\t<span  class=\"elementor-icon\">\n\t\t\t\t<i aria-hidden=\"true\" class=\"far fa-eye\"><\/i>\t\t\t\t<\/span>\n\t\t\t<\/div>\n\t\t\t\n\t\t\t\t\t\t<div class=\"elementor-icon-box-content\">\n\n\t\t\t\t\t\t\t\t\t<h3 class=\"elementor-icon-box-title\">\n\t\t\t\t\t\t<span  >\n\t\t\t\t\t\t\tResearch and development\t\t\t\t\t\t<\/span>\n\t\t\t\t\t<\/h3>\n\t\t\t\t\n\t\t\t\t\n\t\t\t<\/div>\n\t\t\t\n\t\t<\/div>\n\t\t\t\t\t\t<\/div>\n\t\t\t\t<\/div>\n\t\t\t\t<div class=\"elementor-element elementor-element-3fdcadce elementor-view-default elementor-position-block-start elementor-mobile-position-block-start elementor-widget elementor-widget-icon-box\" data-id=\"3fdcadce\" data-element_type=\"widget\" data-e-type=\"widget\" data-widget_type=\"icon-box.default\">\n\t\t\t\t<div class=\"elementor-widget-container\">\n\t\t\t\t\t\t\t<div class=\"elementor-icon-box-wrapper\">\n\n\t\t\t\t\t\t<div class=\"elementor-icon-box-icon\">\n\t\t\t\t<span  class=\"elementor-icon\">\n\t\t\t\t<i aria-hidden=\"true\" class=\"fas fa-hands-helping\"><\/i>\t\t\t\t<\/span>\n\t\t\t<\/div>\n\t\t\t\n\t\t\t\t\t\t<div class=\"elementor-icon-box-content\">\n\n\t\t\t\t\t\t\t\t\t<h3 class=\"elementor-icon-box-title\">\n\t\t\t\t\t\t<span  >\n\t\t\t\t\t\t\tTransparency\t\t\t\t\t\t<\/span>\n\t\t\t\t\t<\/h3>\n\t\t\t\t\n\t\t\t\t\n\t\t\t<\/div>\n\t\t\t\n\t\t<\/div>\n\t\t\t\t\t\t<\/div>\n\t\t\t\t<\/div>\n\t\t\t\t\t<\/div>\n\t\t<\/div>\n\t\t\t\t\t<\/div>\n\t\t<\/section>\n\t\t\t\t<\/div>\n\t\t","protected":false},"excerpt":{"rendered":"<p>History, Mission, Vision and Values Our story began in 2012, driven by a seemingly unattainable dream: to change eye color naturally, safely, and permanently. That same year, we developed the first NewEyes laser. Today, we are proud to have evolved to the 9G and 10G and to have helped more than 8,000 patients achieve their [&hellip;]<\/p>\n","protected":false},"author":1,"featured_media":0,"parent":0,"menu_order":0,"comment_status":"closed","ping_status":"closed","template":"","meta":{"_joinchat":[],"footnotes":""},"class_list":["post-288236","page","type-page","status-publish","hentry"],"yoast_head":"<!-- This site is optimized with the Yoast SEO Premium plugin v26.7 (Yoast SEO v27.2) - https:\/\/yoast.com\/product\/yoast-seo-premium-wordpress\/ -->\n<title>Mission, vision and values - Cl\u00ednica Eyecos - Cambio color de ojos<\/title>\n<meta name=\"description\" content=\"Our story began in 2012, driven by a seemingly unattainable dream: to change eye color naturally, safely, and permanently.\" \/>\n<meta name=\"robots\" content=\"index, follow, max-snippet:-1, max-image-preview:large, max-video-preview:-1\" \/>\n<link rel=\"canonical\" href=\"https:\/\/www.eyecos.eu\/en\/mission-vision-and-values\/\" \/>\n<meta property=\"og:locale\" content=\"en_US\" \/>\n<meta property=\"og:type\" content=\"article\" \/>\n<meta property=\"og:title\" content=\"Mission, vision and values\" \/>\n<meta property=\"og:description\" content=\"History, Mission, Vision and Values Our story began in 2012, driven by a seemingly unattainable dream: to change eye color naturally, safely, and\" \/>\n<meta property=\"og:url\" content=\"https:\/\/www.eyecos.eu\/en\/mission-vision-and-values\/\" \/>\n<meta property=\"og:site_name\" content=\"Cl\u00ednica Eyecos - Cambio color de ojos\" \/>\n<meta property=\"article:publisher\" content=\"https:\/\/www.facebook.com\/neweyeslaser\" \/>\n<meta property=\"article:modified_time\" content=\"2025-10-13T10:30:56+00:00\" \/>\n<meta property=\"og:image\" content=\"https:\/\/www.eyecos.eu\/wp-content\/uploads\/2024\/03\/LOGO-EYECOS.png\" \/>\n<meta name=\"twitter:card\" content=\"summary_large_image\" \/>\n<meta name=\"twitter:site\" content=\"@NewEyesLaser\" \/>\n<meta name=\"twitter:label1\" content=\"Est. reading time\" \/>\n\t<meta name=\"twitter:data1\" content=\"1 minute\" \/>\n<script type=\"application\/ld+json\" class=\"yoast-schema-graph\">{\"@context\":\"https:\/\/schema.org\",\"@graph\":[{\"@type\":\"WebPage\",\"@id\":\"https:\/\/www.eyecos.eu\/en\/mission-vision-and-values\/\",\"url\":\"https:\/\/www.eyecos.eu\/en\/mission-vision-and-values\/\",\"name\":\"Mission, vision and values - Cl\u00ednica Eyecos - Cambio color de ojos\",\"isPartOf\":{\"@id\":\"https:\/\/www.eyecos.eu\/en\/#website\"},\"primaryImageOfPage\":{\"@id\":\"https:\/\/www.eyecos.eu\/en\/mission-vision-and-values\/#primaryimage\"},\"image\":{\"@id\":\"https:\/\/www.eyecos.eu\/en\/mission-vision-and-values\/#primaryimage\"},\"thumbnailUrl\":\"https:\/\/www.eyecos.eu\/wp-content\/uploads\/2024\/03\/LOGO-EYECOS.png\",\"datePublished\":\"2024-06-05T12:55:48+00:00\",\"dateModified\":\"2025-10-13T10:30:56+00:00\",\"description\":\"Our story began in 2012, driven by a seemingly unattainable dream: to change eye color naturally, safely, and permanently.\",\"breadcrumb\":{\"@id\":\"https:\/\/www.eyecos.eu\/en\/mission-vision-and-values\/#breadcrumb\"},\"inLanguage\":\"en-US\",\"potentialAction\":[{\"@type\":\"ReadAction\",\"target\":[\"https:\/\/www.eyecos.eu\/en\/mission-vision-and-values\/\"]}]},{\"@type\":\"ImageObject\",\"inLanguage\":\"en-US\",\"@id\":\"https:\/\/www.eyecos.eu\/en\/mission-vision-and-values\/#primaryimage\",\"url\":\"https:\/\/www.eyecos.eu\/wp-content\/uploads\/2024\/03\/LOGO-EYECOS.png\",\"contentUrl\":\"https:\/\/www.eyecos.eu\/wp-content\/uploads\/2024\/03\/LOGO-EYECOS.png\"},{\"@type\":\"BreadcrumbList\",\"@id\":\"https:\/\/www.eyecos.eu\/en\/mission-vision-and-values\/#breadcrumb\",\"itemListElement\":[{\"@type\":\"ListItem\",\"position\":1,\"name\":\"Eyecos\",\"item\":\"https:\/\/www.eyecos.eu\/en\/\"},{\"@type\":\"ListItem\",\"position\":2,\"name\":\"Mission, vision and values\"}]},{\"@type\":\"WebSite\",\"@id\":\"https:\/\/www.eyecos.eu\/en\/#website\",\"url\":\"https:\/\/www.eyecos.eu\/en\/\",\"name\":\"Cl\u00ednica Eyecos - Cambio color de ojos\",\"description\":\"\u00danica clinica que realiza el cambio del color de los ojos con l\u00e1ser con m\u00e1s 1000 pacientes y casi 10 a\u00f1os de experiencia\",\"publisher\":{\"@id\":\"https:\/\/www.eyecos.eu\/en\/#organization\"},\"potentialAction\":[{\"@type\":\"SearchAction\",\"target\":{\"@type\":\"EntryPoint\",\"urlTemplate\":\"https:\/\/www.eyecos.eu\/en\/?s={search_term_string}\"},\"query-input\":{\"@type\":\"PropertyValueSpecification\",\"valueRequired\":true,\"valueName\":\"search_term_string\"}}],\"inLanguage\":\"en-US\"},{\"@type\":\"Organization\",\"@id\":\"https:\/\/www.eyecos.eu\/en\/#organization\",\"name\":\"Cl\u00ednica Eyecos - Cambio color de ojos\",\"url\":\"https:\/\/www.eyecos.eu\/en\/\",\"logo\":{\"@type\":\"ImageObject\",\"inLanguage\":\"en-US\",\"@id\":\"https:\/\/www.eyecos.eu\/en\/#\/schema\/logo\/image\/\",\"url\":\"https:\/\/www.eyecos.eu\/wp-content\/uploads\/2024\/03\/LOGO-EYECOS.png\",\"contentUrl\":\"https:\/\/www.eyecos.eu\/wp-content\/uploads\/2024\/03\/LOGO-EYECOS.png\",\"width\":480,\"height\":480,\"caption\":\"Cl\u00ednica Eyecos - Cambio color de ojos\"},\"image\":{\"@id\":\"https:\/\/www.eyecos.eu\/en\/#\/schema\/logo\/image\/\"},\"sameAs\":[\"https:\/\/www.facebook.com\/neweyeslaser\",\"https:\/\/x.com\/NewEyesLaser\",\"https:\/\/www.instagram.com\/neweyeslaser\/\"]}]}<\/script>\n<!-- \/ Yoast SEO Premium plugin. -->","yoast_head_json":{"title":"Mission, vision and values - Cl\u00ednica Eyecos - Cambio color de ojos","description":"Our story began in 2012, driven by a seemingly unattainable dream: to change eye color naturally, safely, and permanently.","robots":{"index":"index","follow":"follow","max-snippet":"max-snippet:-1","max-image-preview":"max-image-preview:large","max-video-preview":"max-video-preview:-1"},"canonical":"https:\/\/www.eyecos.eu\/en\/mission-vision-and-values\/","og_locale":"en_US","og_type":"article","og_title":"Mission, vision and values","og_description":"History, Mission, Vision and Values Our story began in 2012, driven by a seemingly unattainable dream: to change eye color naturally, safely, and","og_url":"https:\/\/www.eyecos.eu\/en\/mission-vision-and-values\/","og_site_name":"Cl\u00ednica Eyecos - Cambio color de ojos","article_publisher":"https:\/\/www.facebook.com\/neweyeslaser","article_modified_time":"2025-10-13T10:30:56+00:00","og_image":[{"url":"https:\/\/www.eyecos.eu\/wp-content\/uploads\/2024\/03\/LOGO-EYECOS.png","type":"","width":"","height":""}],"twitter_card":"summary_large_image","twitter_site":"@NewEyesLaser","twitter_misc":{"Est. reading time":"1 minute"},"schema":{"@context":"https:\/\/schema.org","@graph":[{"@type":"WebPage","@id":"https:\/\/www.eyecos.eu\/en\/mission-vision-and-values\/","url":"https:\/\/www.eyecos.eu\/en\/mission-vision-and-values\/","name":"Mission, vision and values - Cl\u00ednica Eyecos - Cambio color de ojos","isPartOf":{"@id":"https:\/\/www.eyecos.eu\/en\/#website"},"primaryImageOfPage":{"@id":"https:\/\/www.eyecos.eu\/en\/mission-vision-and-values\/#primaryimage"},"image":{"@id":"https:\/\/www.eyecos.eu\/en\/mission-vision-and-values\/#primaryimage"},"thumbnailUrl":"https:\/\/www.eyecos.eu\/wp-content\/uploads\/2024\/03\/LOGO-EYECOS.png","datePublished":"2024-06-05T12:55:48+00:00","dateModified":"2025-10-13T10:30:56+00:00","description":"Our story began in 2012, driven by a seemingly unattainable dream: to change eye color naturally, safely, and permanently.","breadcrumb":{"@id":"https:\/\/www.eyecos.eu\/en\/mission-vision-and-values\/#breadcrumb"},"inLanguage":"en-US","potentialAction":[{"@type":"ReadAction","target":["https:\/\/www.eyecos.eu\/en\/mission-vision-and-values\/"]}]},{"@type":"ImageObject","inLanguage":"en-US","@id":"https:\/\/www.eyecos.eu\/en\/mission-vision-and-values\/#primaryimage","url":"https:\/\/www.eyecos.eu\/wp-content\/uploads\/2024\/03\/LOGO-EYECOS.png","contentUrl":"https:\/\/www.eyecos.eu\/wp-content\/uploads\/2024\/03\/LOGO-EYECOS.png"},{"@type":"BreadcrumbList","@id":"https:\/\/www.eyecos.eu\/en\/mission-vision-and-values\/#breadcrumb","itemListElement":[{"@type":"ListItem","position":1,"name":"Eyecos","item":"https:\/\/www.eyecos.eu\/en\/"},{"@type":"ListItem","position":2,"name":"Mission, vision and values"}]},{"@type":"WebSite","@id":"https:\/\/www.eyecos.eu\/en\/#website","url":"https:\/\/www.eyecos.eu\/en\/","name":"Cl\u00ednica Eyecos - Cambio color de ojos","description":"\u00danica clinica que realiza el cambio del color de los ojos con l\u00e1ser con m\u00e1s 1000 pacientes y casi 10 a\u00f1os de experiencia","publisher":{"@id":"https:\/\/www.eyecos.eu\/en\/#organization"},"potentialAction":[{"@type":"SearchAction","target":{"@type":"EntryPoint","urlTemplate":"https:\/\/www.eyecos.eu\/en\/?s={search_term_string}"},"query-input":{"@type":"PropertyValueSpecification","valueRequired":true,"valueName":"search_term_string"}}],"inLanguage":"en-US"},{"@type":"Organization","@id":"https:\/\/www.eyecos.eu\/en\/#organization","name":"Cl\u00ednica Eyecos - Cambio color de ojos","url":"https:\/\/www.eyecos.eu\/en\/","logo":{"@type":"ImageObject","inLanguage":"en-US","@id":"https:\/\/www.eyecos.eu\/en\/#\/schema\/logo\/image\/","url":"https:\/\/www.eyecos.eu\/wp-content\/uploads\/2024\/03\/LOGO-EYECOS.png","contentUrl":"https:\/\/www.eyecos.eu\/wp-content\/uploads\/2024\/03\/LOGO-EYECOS.png","width":480,"height":480,"caption":"Cl\u00ednica Eyecos - Cambio color de ojos"},"image":{"@id":"https:\/\/www.eyecos.eu\/en\/#\/schema\/logo\/image\/"},"sameAs":["https:\/\/www.facebook.com\/neweyeslaser","https:\/\/x.com\/NewEyesLaser","https:\/\/www.instagram.com\/neweyeslaser\/"]}]}},"_links":{"self":[{"href":"https:\/\/www.eyecos.eu\/en\/wp-json\/wp\/v2\/pages\/288236","targetHints":{"allow":["GET"]}}],"collection":[{"href":"https:\/\/www.eyecos.eu\/en\/wp-json\/wp\/v2\/pages"}],"about":[{"href":"https:\/\/www.eyecos.eu\/en\/wp-json\/wp\/v2\/types\/page"}],"author":[{"embeddable":true,"href":"https:\/\/www.eyecos.eu\/en\/wp-json\/wp\/v2\/users\/1"}],"replies":[{"embeddable":true,"href":"https:\/\/www.eyecos.eu\/en\/wp-json\/wp\/v2\/comments?post=288236"}],"version-history":[{"count":1,"href":"https:\/\/www.eyecos.eu\/en\/wp-json\/wp\/v2\/pages\/288236\/revisions"}],"predecessor-version":[{"id":296802,"href":"https:\/\/www.eyecos.eu\/en\/wp-json\/wp\/v2\/pages\/288236\/revisions\/296802"}],"wp:attachment":[{"href":"https:\/\/www.eyecos.eu\/en\/wp-json\/wp\/v2\/media?parent=288236"}],"curies":[{"name":"wp","href":"https:\/\/api.w.org\/{rel}","templated":true}]}}