{"id":296475,"date":"2025-07-15T16:13:24","date_gmt":"2025-07-15T16:13:24","guid":{"rendered":"https:\/\/www.eyecos.eu\/chequeo\/"},"modified":"2025-10-13T10:39:27","modified_gmt":"2025-10-13T10:39:27","slug":"check-up","status":"publish","type":"page","link":"https:\/\/www.eyecos.eu\/en\/check-up\/","title":{"rendered":"Check up"},"content":{"rendered":"\t\t<div data-elementor-type=\"wp-page\" data-elementor-id=\"296475\" class=\"elementor elementor-296475 elementor-296443\" data-elementor-post-type=\"page\">\n\t\t\t\t\t\t<section class=\"elementor-section elementor-top-section elementor-element elementor-element-86f99ef elementor-section-boxed elementor-section-height-default elementor-section-height-default\" data-id=\"86f99ef\" data-element_type=\"section\" data-e-type=\"section\">\n\t\t\t\t\t\t<div class=\"elementor-container elementor-column-gap-default\">\n\t\t\t\t\t<div class=\"elementor-column elementor-col-100 elementor-top-column elementor-element elementor-element-588dd6e\" data-id=\"588dd6e\" data-element_type=\"column\" data-e-type=\"column\">\n\t\t\t<div class=\"elementor-widget-wrap elementor-element-populated\">\n\t\t\t\t\t\t<div class=\"elementor-element elementor-element-14cc7f9 elementor-widget elementor-widget-heading\" data-id=\"14cc7f9\" data-element_type=\"widget\" data-e-type=\"widget\" data-widget_type=\"heading.default\">\n\t\t\t\t<div class=\"elementor-widget-container\">\n\t\t\t\t\t<h1 class=\"elementor-heading-title elementor-size-default\">Ophthalmological check-up programme<\/h1>\t\t\t\t<\/div>\n\t\t\t\t<\/div>\n\t\t\t\t\t<\/div>\n\t\t<\/div>\n\t\t\t\t\t<\/div>\n\t\t<\/section>\n\t\t\t\t<section class=\"elementor-section elementor-top-section elementor-element elementor-element-c515977 elementor-section-boxed elementor-section-height-default elementor-section-height-default\" data-id=\"c515977\" data-element_type=\"section\" data-e-type=\"section\">\n\t\t\t\t\t\t<div class=\"elementor-container elementor-column-gap-default\">\n\t\t\t\t\t<div class=\"elementor-column elementor-col-100 elementor-top-column elementor-element elementor-element-ca7cdec\" data-id=\"ca7cdec\" data-element_type=\"column\" data-e-type=\"column\">\n\t\t\t<div class=\"elementor-widget-wrap elementor-element-populated\">\n\t\t\t\t\t\t<div class=\"elementor-element elementor-element-0875980 elementor-widget elementor-widget-heading\" data-id=\"0875980\" data-element_type=\"widget\" data-e-type=\"widget\" data-widget_type=\"heading.default\">\n\t\t\t\t<div class=\"elementor-widget-container\">\n\t\t\t\t\t<h3 class=\"elementor-heading-title elementor-size-default\">ADVANCED OCULAR DIAGNOSIS<\/h3>\t\t\t\t<\/div>\n\t\t\t\t<\/div>\n\t\t\t\t\t<\/div>\n\t\t<\/div>\n\t\t\t\t\t<\/div>\n\t\t<\/section>\n\t\t<div class=\"elementor-element elementor-element-bacc36f e-flex e-con-boxed e-con e-parent\" data-id=\"bacc36f\" data-element_type=\"container\" data-e-type=\"container\">\n\t\t\t\t\t<div class=\"e-con-inner\">\n\t\t\t\t<div class=\"elementor-element elementor-element-13c9458 elementor-widget elementor-widget-text-editor\" data-id=\"13c9458\" data-element_type=\"widget\" data-e-type=\"widget\" data-widget_type=\"text-editor.default\">\n\t\t\t\t<div class=\"elementor-widget-container\">\n\t\t\t\t\t\t\t\t\tWe use state-of-the-art technology to perform comprehensive and standardized ophthalmic diagnostics, with a detailed report provided.\t\t\t\t\t\t\t\t<\/div>\n\t\t\t\t<\/div>\n\t\t\t\t\t<\/div>\n\t\t\t\t<\/div>\n\t\t<div class=\"elementor-element elementor-element-4e55245 e-flex e-con-boxed e-con e-parent\" data-id=\"4e55245\" data-element_type=\"container\" data-e-type=\"container\">\n\t\t\t\t\t<div class=\"e-con-inner\">\n\t\t\t\t<div class=\"elementor-element elementor-element-4af27c7 elementor-widget elementor-widget-image\" data-id=\"4af27c7\" data-element_type=\"widget\" data-e-type=\"widget\" data-widget_type=\"image.default\">\n\t\t\t\t<div class=\"elementor-widget-container\">\n\t\t\t\t\t\t\t\t\t\t\t\t\t\t\t<img fetchpriority=\"high\" decoding=\"async\" width=\"423\" height=\"634\" src=\"https:\/\/www.eyecos.eu\/wp-content\/uploads\/2025\/07\/chequeo-oftalmologico-eyecos.jpg\" class=\"attachment-large size-large wp-image-296456\" alt=\"\" srcset=\"https:\/\/www.eyecos.eu\/wp-content\/uploads\/2025\/07\/chequeo-oftalmologico-eyecos.jpg 423w, https:\/\/www.eyecos.eu\/wp-content\/uploads\/2025\/07\/chequeo-oftalmologico-eyecos-200x300.jpg 200w\" sizes=\"(max-width: 423px) 100vw, 423px\" \/>\t\t\t\t\t\t\t\t\t\t\t\t\t\t\t<\/div>\n\t\t\t\t<\/div>\n\t\t\t\t<div class=\"elementor-element elementor-element-08ff3bb elementor-align-start elementor-icon-list--layout-traditional elementor-list-item-link-full_width elementor-widget elementor-widget-icon-list\" data-id=\"08ff3bb\" data-element_type=\"widget\" data-e-type=\"widget\" data-widget_type=\"icon-list.default\">\n\t\t\t\t<div class=\"elementor-widget-container\">\n\t\t\t\t\t\t\t<ul class=\"elementor-icon-list-items\">\n\t\t\t\t\t\t\t<li class=\"elementor-icon-list-item\">\n\t\t\t\t\t\t\t\t\t\t\t<span class=\"elementor-icon-list-icon\">\n\t\t\t\t\t\t\t<i aria-hidden=\"true\" class=\"fas fa-check\"><\/i>\t\t\t\t\t\t<\/span>\n\t\t\t\t\t\t\t\t\t\t<span class=\"elementor-icon-list-text\"><b>GENERAL EYE EXAMINATION:<\/b> Visionix + Tonoref III<\/span>\n\t\t\t\t\t\t\t\t\t<\/li>\n\t\t\t\t\t\t\t\t<li class=\"elementor-icon-list-item\">\n\t\t\t\t\t\t\t\t\t\t\t<span class=\"elementor-icon-list-icon\">\n\t\t\t\t\t\t\t<i aria-hidden=\"true\" class=\"fas fa-check\"><\/i>\t\t\t\t\t\t<\/span>\n\t\t\t\t\t\t\t\t\t\t<span class=\"elementor-icon-list-text\"><b>GLAUCOMA SCREENING:<\/b> Visionix + Tonoref III + Gonio GS-1 + Solix<\/span>\n\t\t\t\t\t\t\t\t\t<\/li>\n\t\t\t\t\t\t\t\t<li class=\"elementor-icon-list-item\">\n\t\t\t\t\t\t\t\t\t\t\t<span class=\"elementor-icon-list-icon\">\n\t\t\t\t\t\t\t<i aria-hidden=\"true\" class=\"fas fa-check\"><\/i>\t\t\t\t\t\t<\/span>\n\t\t\t\t\t\t\t\t\t\t<span class=\"elementor-icon-list-text\"><b>RETINAL EXAMINATION:<\/b> Solix OCT + Apollo<\/span>\n\t\t\t\t\t\t\t\t\t<\/li>\n\t\t\t\t\t\t\t\t<li class=\"elementor-icon-list-item\">\n\t\t\t\t\t\t\t\t\t\t\t<span class=\"elementor-icon-list-icon\">\n\t\t\t\t\t\t\t<i aria-hidden=\"true\" class=\"fas fa-check\"><\/i>\t\t\t\t\t\t<\/span>\n\t\t\t\t\t\t\t\t\t\t<span class=\"elementor-icon-list-text\"><b>CONTROL IN DIABETIC PATIENTS:<\/b> Solix OCT + Angio OCT + Apollo<\/span>\n\t\t\t\t\t\t\t\t\t<\/li>\n\t\t\t\t\t\t\t\t<li class=\"elementor-icon-list-item\">\n\t\t\t\t\t\t\t\t\t\t\t<span class=\"elementor-icon-list-icon\">\n\t\t\t\t\t\t\t<i aria-hidden=\"true\" class=\"fas fa-check\"><\/i>\t\t\t\t\t\t<\/span>\n\t\t\t\t\t\t\t\t\t\t<span class=\"elementor-icon-list-text\"><b>CORNEAL ASSESSMENT:<\/b> OPD Scan III + Solix (ant. segment) + CEM-530 + Foto HD<\/span>\n\t\t\t\t\t\t\t\t\t<\/li>\n\t\t\t\t\t\t\t\t<li class=\"elementor-icon-list-item\">\n\t\t\t\t\t\t\t\t\t\t\t<span class=\"elementor-icon-list-icon\">\n\t\t\t\t\t\t\t<i aria-hidden=\"true\" class=\"fas fa-check\"><\/i>\t\t\t\t\t\t<\/span>\n\t\t\t\t\t\t\t\t\t\t<span class=\"elementor-icon-list-text\"><b>CATARACT STUDY:<\/b> Visionix + Solix + IOL Master 500<\/span>\n\t\t\t\t\t\t\t\t\t<\/li>\n\t\t\t\t\t\t\t\t<li class=\"elementor-icon-list-item\">\n\t\t\t\t\t\t\t\t\t\t\t<span class=\"elementor-icon-list-icon\">\n\t\t\t\t\t\t\t<i aria-hidden=\"true\" class=\"fas fa-check\"><\/i>\t\t\t\t\t\t<\/span>\n\t\t\t\t\t\t\t\t\t\t<span class=\"elementor-icon-list-text\"><b>DRY EYE DIAGNOSIS:<\/b> Visionix + Solix (ant. segment) + IDRA + Foto HD<\/span>\n\t\t\t\t\t\t\t\t\t<\/li>\n\t\t\t\t\t\t\t\t<li class=\"elementor-icon-list-item\">\n\t\t\t\t\t\t\t\t\t\t\t<span class=\"elementor-icon-list-icon\">\n\t\t\t\t\t\t\t<i aria-hidden=\"true\" class=\"fas fa-check\"><\/i>\t\t\t\t\t\t<\/span>\n\t\t\t\t\t\t\t\t\t\t<span class=\"elementor-icon-list-text\"><b>REFRACTIVE SURGERY PRE-OP<\/b> Visionix + Solix (ant. segment) + OPD Scan III + IOL Master 500<\/span>\n\t\t\t\t\t\t\t\t\t<\/li>\n\t\t\t\t\t\t<\/ul>\n\t\t\t\t\t\t<\/div>\n\t\t\t\t<\/div>\n\t\t\t\t\t<\/div>\n\t\t\t\t<\/div>\n\t\t\t\t<\/div>\n\t\t","protected":false},"excerpt":{"rendered":"<p>Ophthalmological check-up programme ADVANCED OCULAR DIAGNOSIS We use state-of-the-art technology to perform comprehensive and standardized ophthalmic diagnostics, with a detailed report provided. GENERAL EYE EXAMINATION: Visionix + Tonoref III GLAUCOMA SCREENING: Visionix + Tonoref III + Gonio GS-1 + Solix RETINAL EXAMINATION: Solix OCT + Apollo CONTROL IN DIABETIC PATIENTS: Solix OCT + Angio OCT [&hellip;]<\/p>\n","protected":false},"author":1,"featured_media":0,"parent":0,"menu_order":0,"comment_status":"closed","ping_status":"closed","template":"","meta":{"_joinchat":[],"footnotes":""},"class_list":["post-296475","page","type-page","status-publish","hentry"],"yoast_head":"<!-- This site is optimized with the Yoast SEO Premium plugin v26.7 (Yoast SEO v27.2) - https:\/\/yoast.com\/product\/yoast-seo-premium-wordpress\/ -->\n<title>Check up - Cl\u00ednica Eyecos - Cambio color de ojos<\/title>\n<meta name=\"description\" content=\"Ophthalmological check-up programme. We use state-of-the-art technology to perform comprehensive and standardized ophthalmic diagnostics\" \/>\n<meta name=\"robots\" content=\"index, follow, max-snippet:-1, max-image-preview:large, max-video-preview:-1\" \/>\n<link rel=\"canonical\" href=\"https:\/\/www.eyecos.eu\/en\/check-up\/\" \/>\n<meta property=\"og:locale\" content=\"en_US\" \/>\n<meta property=\"og:type\" content=\"article\" \/>\n<meta property=\"og:title\" content=\"Check up\" \/>\n<meta property=\"og:description\" content=\"Ophthalmological check-up programme ADVANCED OCULAR DIAGNOSIS We use state-of-the-art technology to perform comprehensive and standardized ophthalmic\" \/>\n<meta property=\"og:url\" content=\"https:\/\/www.eyecos.eu\/en\/check-up\/\" \/>\n<meta property=\"og:site_name\" content=\"Cl\u00ednica Eyecos - Cambio color de ojos\" \/>\n<meta property=\"article:publisher\" content=\"https:\/\/www.facebook.com\/neweyeslaser\" \/>\n<meta property=\"article:modified_time\" content=\"2025-10-13T10:39:27+00:00\" \/>\n<meta property=\"og:image\" content=\"https:\/\/www.eyecos.eu\/wp-content\/uploads\/2025\/07\/chequeo-oftalmologico-eyecos.jpg\" \/>\n\t<meta property=\"og:image:width\" content=\"423\" \/>\n\t<meta property=\"og:image:height\" content=\"634\" \/>\n\t<meta property=\"og:image:type\" content=\"image\/jpeg\" \/>\n<meta name=\"twitter:card\" content=\"summary_large_image\" \/>\n<meta name=\"twitter:site\" content=\"@NewEyesLaser\" \/>\n<meta name=\"twitter:label1\" content=\"Est. reading time\" \/>\n\t<meta name=\"twitter:data1\" content=\"1 minute\" \/>\n<script type=\"application\/ld+json\" class=\"yoast-schema-graph\">{\"@context\":\"https:\/\/schema.org\",\"@graph\":[{\"@type\":\"WebPage\",\"@id\":\"https:\/\/www.eyecos.eu\/en\/check-up\/\",\"url\":\"https:\/\/www.eyecos.eu\/en\/check-up\/\",\"name\":\"Check up - Cl\u00ednica Eyecos - Cambio color de ojos\",\"isPartOf\":{\"@id\":\"https:\/\/www.eyecos.eu\/en\/#website\"},\"primaryImageOfPage\":{\"@id\":\"https:\/\/www.eyecos.eu\/en\/check-up\/#primaryimage\"},\"image\":{\"@id\":\"https:\/\/www.eyecos.eu\/en\/check-up\/#primaryimage\"},\"thumbnailUrl\":\"https:\/\/www.eyecos.eu\/wp-content\/uploads\/2025\/07\/chequeo-oftalmologico-eyecos.jpg\",\"datePublished\":\"2025-07-15T16:13:24+00:00\",\"dateModified\":\"2025-10-13T10:39:27+00:00\",\"description\":\"Ophthalmological check-up programme. We use state-of-the-art technology to perform comprehensive and standardized ophthalmic diagnostics\",\"breadcrumb\":{\"@id\":\"https:\/\/www.eyecos.eu\/en\/check-up\/#breadcrumb\"},\"inLanguage\":\"en-US\",\"potentialAction\":[{\"@type\":\"ReadAction\",\"target\":[\"https:\/\/www.eyecos.eu\/en\/check-up\/\"]}]},{\"@type\":\"ImageObject\",\"inLanguage\":\"en-US\",\"@id\":\"https:\/\/www.eyecos.eu\/en\/check-up\/#primaryimage\",\"url\":\"https:\/\/www.eyecos.eu\/wp-content\/uploads\/2025\/07\/chequeo-oftalmologico-eyecos.jpg\",\"contentUrl\":\"https:\/\/www.eyecos.eu\/wp-content\/uploads\/2025\/07\/chequeo-oftalmologico-eyecos.jpg\"},{\"@type\":\"BreadcrumbList\",\"@id\":\"https:\/\/www.eyecos.eu\/en\/check-up\/#breadcrumb\",\"itemListElement\":[{\"@type\":\"ListItem\",\"position\":1,\"name\":\"Eyecos\",\"item\":\"https:\/\/www.eyecos.eu\/en\/\"},{\"@type\":\"ListItem\",\"position\":2,\"name\":\"Check up\"}]},{\"@type\":\"WebSite\",\"@id\":\"https:\/\/www.eyecos.eu\/en\/#website\",\"url\":\"https:\/\/www.eyecos.eu\/en\/\",\"name\":\"Cl\u00ednica Eyecos - Cambio color de ojos\",\"description\":\"\u00danica clinica que realiza el cambio del color de los ojos con l\u00e1ser con m\u00e1s 1000 pacientes y casi 10 a\u00f1os de experiencia\",\"publisher\":{\"@id\":\"https:\/\/www.eyecos.eu\/en\/#organization\"},\"potentialAction\":[{\"@type\":\"SearchAction\",\"target\":{\"@type\":\"EntryPoint\",\"urlTemplate\":\"https:\/\/www.eyecos.eu\/en\/?s={search_term_string}\"},\"query-input\":{\"@type\":\"PropertyValueSpecification\",\"valueRequired\":true,\"valueName\":\"search_term_string\"}}],\"inLanguage\":\"en-US\"},{\"@type\":\"Organization\",\"@id\":\"https:\/\/www.eyecos.eu\/en\/#organization\",\"name\":\"Cl\u00ednica Eyecos - Cambio color de ojos\",\"url\":\"https:\/\/www.eyecos.eu\/en\/\",\"logo\":{\"@type\":\"ImageObject\",\"inLanguage\":\"en-US\",\"@id\":\"https:\/\/www.eyecos.eu\/en\/#\/schema\/logo\/image\/\",\"url\":\"https:\/\/www.eyecos.eu\/wp-content\/uploads\/2024\/03\/LOGO-EYECOS.png\",\"contentUrl\":\"https:\/\/www.eyecos.eu\/wp-content\/uploads\/2024\/03\/LOGO-EYECOS.png\",\"width\":480,\"height\":480,\"caption\":\"Cl\u00ednica Eyecos - Cambio color de ojos\"},\"image\":{\"@id\":\"https:\/\/www.eyecos.eu\/en\/#\/schema\/logo\/image\/\"},\"sameAs\":[\"https:\/\/www.facebook.com\/neweyeslaser\",\"https:\/\/x.com\/NewEyesLaser\",\"https:\/\/www.instagram.com\/neweyeslaser\/\"]}]}<\/script>\n<!-- \/ Yoast SEO Premium plugin. -->","yoast_head_json":{"title":"Check up - Cl\u00ednica Eyecos - Cambio color de ojos","description":"Ophthalmological check-up programme. We use state-of-the-art technology to perform comprehensive and standardized ophthalmic diagnostics","robots":{"index":"index","follow":"follow","max-snippet":"max-snippet:-1","max-image-preview":"max-image-preview:large","max-video-preview":"max-video-preview:-1"},"canonical":"https:\/\/www.eyecos.eu\/en\/check-up\/","og_locale":"en_US","og_type":"article","og_title":"Check up","og_description":"Ophthalmological check-up programme ADVANCED OCULAR DIAGNOSIS We use state-of-the-art technology to perform comprehensive and standardized ophthalmic","og_url":"https:\/\/www.eyecos.eu\/en\/check-up\/","og_site_name":"Cl\u00ednica Eyecos - Cambio color de ojos","article_publisher":"https:\/\/www.facebook.com\/neweyeslaser","article_modified_time":"2025-10-13T10:39:27+00:00","og_image":[{"width":423,"height":634,"url":"https:\/\/www.eyecos.eu\/wp-content\/uploads\/2025\/07\/chequeo-oftalmologico-eyecos.jpg","type":"image\/jpeg"}],"twitter_card":"summary_large_image","twitter_site":"@NewEyesLaser","twitter_misc":{"Est. reading time":"1 minute"},"schema":{"@context":"https:\/\/schema.org","@graph":[{"@type":"WebPage","@id":"https:\/\/www.eyecos.eu\/en\/check-up\/","url":"https:\/\/www.eyecos.eu\/en\/check-up\/","name":"Check up - Cl\u00ednica Eyecos - Cambio color de ojos","isPartOf":{"@id":"https:\/\/www.eyecos.eu\/en\/#website"},"primaryImageOfPage":{"@id":"https:\/\/www.eyecos.eu\/en\/check-up\/#primaryimage"},"image":{"@id":"https:\/\/www.eyecos.eu\/en\/check-up\/#primaryimage"},"thumbnailUrl":"https:\/\/www.eyecos.eu\/wp-content\/uploads\/2025\/07\/chequeo-oftalmologico-eyecos.jpg","datePublished":"2025-07-15T16:13:24+00:00","dateModified":"2025-10-13T10:39:27+00:00","description":"Ophthalmological check-up programme. We use state-of-the-art technology to perform comprehensive and standardized ophthalmic diagnostics","breadcrumb":{"@id":"https:\/\/www.eyecos.eu\/en\/check-up\/#breadcrumb"},"inLanguage":"en-US","potentialAction":[{"@type":"ReadAction","target":["https:\/\/www.eyecos.eu\/en\/check-up\/"]}]},{"@type":"ImageObject","inLanguage":"en-US","@id":"https:\/\/www.eyecos.eu\/en\/check-up\/#primaryimage","url":"https:\/\/www.eyecos.eu\/wp-content\/uploads\/2025\/07\/chequeo-oftalmologico-eyecos.jpg","contentUrl":"https:\/\/www.eyecos.eu\/wp-content\/uploads\/2025\/07\/chequeo-oftalmologico-eyecos.jpg"},{"@type":"BreadcrumbList","@id":"https:\/\/www.eyecos.eu\/en\/check-up\/#breadcrumb","itemListElement":[{"@type":"ListItem","position":1,"name":"Eyecos","item":"https:\/\/www.eyecos.eu\/en\/"},{"@type":"ListItem","position":2,"name":"Check up"}]},{"@type":"WebSite","@id":"https:\/\/www.eyecos.eu\/en\/#website","url":"https:\/\/www.eyecos.eu\/en\/","name":"Cl\u00ednica Eyecos - Cambio color de ojos","description":"\u00danica clinica que realiza el cambio del color de los ojos con l\u00e1ser con m\u00e1s 1000 pacientes y casi 10 a\u00f1os de experiencia","publisher":{"@id":"https:\/\/www.eyecos.eu\/en\/#organization"},"potentialAction":[{"@type":"SearchAction","target":{"@type":"EntryPoint","urlTemplate":"https:\/\/www.eyecos.eu\/en\/?s={search_term_string}"},"query-input":{"@type":"PropertyValueSpecification","valueRequired":true,"valueName":"search_term_string"}}],"inLanguage":"en-US"},{"@type":"Organization","@id":"https:\/\/www.eyecos.eu\/en\/#organization","name":"Cl\u00ednica Eyecos - Cambio color de ojos","url":"https:\/\/www.eyecos.eu\/en\/","logo":{"@type":"ImageObject","inLanguage":"en-US","@id":"https:\/\/www.eyecos.eu\/en\/#\/schema\/logo\/image\/","url":"https:\/\/www.eyecos.eu\/wp-content\/uploads\/2024\/03\/LOGO-EYECOS.png","contentUrl":"https:\/\/www.eyecos.eu\/wp-content\/uploads\/2024\/03\/LOGO-EYECOS.png","width":480,"height":480,"caption":"Cl\u00ednica Eyecos - Cambio color de ojos"},"image":{"@id":"https:\/\/www.eyecos.eu\/en\/#\/schema\/logo\/image\/"},"sameAs":["https:\/\/www.facebook.com\/neweyeslaser","https:\/\/x.com\/NewEyesLaser","https:\/\/www.instagram.com\/neweyeslaser\/"]}]}},"_links":{"self":[{"href":"https:\/\/www.eyecos.eu\/en\/wp-json\/wp\/v2\/pages\/296475","targetHints":{"allow":["GET"]}}],"collection":[{"href":"https:\/\/www.eyecos.eu\/en\/wp-json\/wp\/v2\/pages"}],"about":[{"href":"https:\/\/www.eyecos.eu\/en\/wp-json\/wp\/v2\/types\/page"}],"author":[{"embeddable":true,"href":"https:\/\/www.eyecos.eu\/en\/wp-json\/wp\/v2\/users\/1"}],"replies":[{"embeddable":true,"href":"https:\/\/www.eyecos.eu\/en\/wp-json\/wp\/v2\/comments?post=296475"}],"version-history":[{"count":13,"href":"https:\/\/www.eyecos.eu\/en\/wp-json\/wp\/v2\/pages\/296475\/revisions"}],"predecessor-version":[{"id":296816,"href":"https:\/\/www.eyecos.eu\/en\/wp-json\/wp\/v2\/pages\/296475\/revisions\/296816"}],"wp:attachment":[{"href":"https:\/\/www.eyecos.eu\/en\/wp-json\/wp\/v2\/media?parent=296475"}],"curies":[{"name":"wp","href":"https:\/\/api.w.org\/{rel}","templated":true}]}}