{"id":240646,"date":"2022-09-16T12:01:55","date_gmt":"2022-09-16T12:01:55","guid":{"rendered":"https:\/\/www.eyecos.eu\/producto\/photoablative-iridoplasty-theraphy-cosmetics-atlas\/"},"modified":"2023-01-03T09:49:17","modified_gmt":"2023-01-03T09:49:17","slug":"first-book-atlas-on-laser-iridoplasty-printed-version","status":"publish","type":"product","link":"https:\/\/www.eyecos.eu\/en\/producto\/first-book-atlas-on-laser-iridoplasty-printed-version\/","title":{"rendered":"First book Atlas on Laser Iridoplasty (printed version)"},"content":{"rendered":"","protected":false},"excerpt":{"rendered":"<p><b>Photoablative iridoplasty. Therapy &amp; Cosmetics<\/b><br \/>\nThe most complete Atlas on Laser Iridoplasty worldwide published so far.<br \/>\nWith the passage of time and the rapid evolution of new laser technology, ophthalmological care continues to take giant steps, which is why it is necessary to have an exclusive and up-to-date reference for Laser Iridoplasty focused on the ophthalmologist medical sector or patients with studies of the ocular sector. A unique Atlas with hundreds of HD photos never seen before with more than 400 pages in full color and maximum detail that will make this reading a pleasure for all five senses.<\/p>\n<div><strong>Author: <a href=\"https:\/\/www.eyecos.eu\/en\/medical-director\/\" target=\"_blank\" rel=\"noopener\">Pedro Grimaldos<\/a><\/strong><\/div>\n<p><strong>Offer \u20ac150<\/strong><\/p>\n","protected":false},"featured_media":241370,"template":"","meta":{"_joinchat":[]},"product_brand":[],"product_cat":[149],"product_tag":[],"class_list":{"0":"post-240646","1":"product","2":"type-product","3":"status-publish","4":"has-post-thumbnail","6":"product_cat-atlas-en","8":"first","9":"instock","10":"sale","11":"taxable","12":"shipping-taxable","13":"purchasable","14":"product-type-simple"},"yoast_head":"<!-- This site is optimized with the Yoast SEO Premium plugin v26.7 (Yoast SEO v27.2) - https:\/\/yoast.com\/product\/yoast-seo-premium-wordpress\/ -->\n<title>First book Atlas on Laser Iridoplasty (printed version) - Cl\u00ednica Eyecos - Cambio color de ojos<\/title>\n<meta name=\"robots\" content=\"index, follow, max-snippet:-1, max-image-preview:large, max-video-preview:-1\" \/>\n<link rel=\"canonical\" href=\"https:\/\/www.eyecos.eu\/en\/producto\/first-book-atlas-on-laser-iridoplasty-printed-version\/\" \/>\n<meta property=\"og:locale\" content=\"en_US\" \/>\n<meta property=\"og:type\" content=\"article\" \/>\n<meta property=\"og:title\" content=\"First book Atlas on Laser Iridoplasty (printed version)\" \/>\n<meta property=\"og:description\" content=\"Photoablative iridoplasty. Therapy &amp; Cosmetics The most complete Atlas on Laser Iridoplasty worldwide published so far. With the passage of time and the rapid evolution of new laser technology, ophthalmological care continues to take giant steps, which is why it is necessary to have an exclusive and up-to-date reference for Laser Iridoplasty focused on the ophthalmologist medical sector or patients with studies of the ocular sector. A unique Atlas with hundreds of HD photos never seen before with more than 400 pages in full color and maximum detail that will make this reading a pleasure for all five senses. Author: Pedro Grimaldos Offer \u20ac150\" \/>\n<meta property=\"og:url\" content=\"https:\/\/www.eyecos.eu\/en\/producto\/first-book-atlas-on-laser-iridoplasty-printed-version\/\" \/>\n<meta property=\"og:site_name\" content=\"Cl\u00ednica Eyecos - Cambio color de ojos\" \/>\n<meta property=\"article:publisher\" content=\"https:\/\/www.facebook.com\/neweyeslaser\" \/>\n<meta property=\"article:modified_time\" content=\"2023-01-03T09:49:17+00:00\" \/>\n<meta property=\"og:image\" content=\"https:\/\/www.eyecos.eu\/wp-content\/uploads\/2022\/09\/WhatsApp-Image-2022-09-19-at-11.43.52.jpeg\" \/>\n\t<meta property=\"og:image:width\" content=\"807\" \/>\n\t<meta property=\"og:image:height\" content=\"1024\" \/>\n\t<meta property=\"og:image:type\" content=\"image\/jpeg\" \/>\n<meta name=\"twitter:card\" content=\"summary_large_image\" \/>\n<meta name=\"twitter:site\" content=\"@NewEyesLaser\" \/>\n<script type=\"application\/ld+json\" class=\"yoast-schema-graph\">{\"@context\":\"https:\/\/schema.org\",\"@graph\":[{\"@type\":\"WebPage\",\"@id\":\"https:\/\/www.eyecos.eu\/en\/producto\/first-book-atlas-on-laser-iridoplasty-printed-version\/\",\"url\":\"https:\/\/www.eyecos.eu\/en\/producto\/first-book-atlas-on-laser-iridoplasty-printed-version\/\",\"name\":\"First book Atlas on Laser Iridoplasty (printed version) - Cl\u00ednica Eyecos - Cambio color de ojos\",\"isPartOf\":{\"@id\":\"https:\/\/www.eyecos.eu\/en\/#website\"},\"primaryImageOfPage\":{\"@id\":\"https:\/\/www.eyecos.eu\/en\/producto\/first-book-atlas-on-laser-iridoplasty-printed-version\/#primaryimage\"},\"image\":{\"@id\":\"https:\/\/www.eyecos.eu\/en\/producto\/first-book-atlas-on-laser-iridoplasty-printed-version\/#primaryimage\"},\"thumbnailUrl\":\"https:\/\/www.eyecos.eu\/wp-content\/uploads\/2022\/09\/WhatsApp-Image-2022-09-19-at-11.43.52.jpeg\",\"datePublished\":\"2022-09-16T12:01:55+00:00\",\"dateModified\":\"2023-01-03T09:49:17+00:00\",\"breadcrumb\":{\"@id\":\"https:\/\/www.eyecos.eu\/en\/producto\/first-book-atlas-on-laser-iridoplasty-printed-version\/#breadcrumb\"},\"inLanguage\":\"en-US\",\"potentialAction\":[{\"@type\":\"ReadAction\",\"target\":[\"https:\/\/www.eyecos.eu\/en\/producto\/first-book-atlas-on-laser-iridoplasty-printed-version\/\"]}]},{\"@type\":\"ImageObject\",\"inLanguage\":\"en-US\",\"@id\":\"https:\/\/www.eyecos.eu\/en\/producto\/first-book-atlas-on-laser-iridoplasty-printed-version\/#primaryimage\",\"url\":\"https:\/\/www.eyecos.eu\/wp-content\/uploads\/2022\/09\/WhatsApp-Image-2022-09-19-at-11.43.52.jpeg\",\"contentUrl\":\"https:\/\/www.eyecos.eu\/wp-content\/uploads\/2022\/09\/WhatsApp-Image-2022-09-19-at-11.43.52.jpeg\",\"width\":807,\"height\":1024},{\"@type\":\"BreadcrumbList\",\"@id\":\"https:\/\/www.eyecos.eu\/en\/producto\/first-book-atlas-on-laser-iridoplasty-printed-version\/#breadcrumb\",\"itemListElement\":[{\"@type\":\"ListItem\",\"position\":1,\"name\":\"Eyecos\",\"item\":\"https:\/\/www.eyecos.eu\/en\/\"},{\"@type\":\"ListItem\",\"position\":2,\"name\":\"Products\",\"item\":\"https:\/\/www.eyecos.eu\/en\/shop\/\"},{\"@type\":\"ListItem\",\"position\":3,\"name\":\"First book Atlas on Laser Iridoplasty (printed version)\"}]},{\"@type\":\"WebSite\",\"@id\":\"https:\/\/www.eyecos.eu\/en\/#website\",\"url\":\"https:\/\/www.eyecos.eu\/en\/\",\"name\":\"Cl\u00ednica Eyecos - Cambio color de ojos\",\"description\":\"\u00danica clinica que realiza el cambio del color de los ojos con l\u00e1ser con m\u00e1s 1000 pacientes y casi 10 a\u00f1os de experiencia\",\"publisher\":{\"@id\":\"https:\/\/www.eyecos.eu\/en\/#organization\"},\"potentialAction\":[{\"@type\":\"SearchAction\",\"target\":{\"@type\":\"EntryPoint\",\"urlTemplate\":\"https:\/\/www.eyecos.eu\/en\/?s={search_term_string}\"},\"query-input\":{\"@type\":\"PropertyValueSpecification\",\"valueRequired\":true,\"valueName\":\"search_term_string\"}}],\"inLanguage\":\"en-US\"},{\"@type\":\"Organization\",\"@id\":\"https:\/\/www.eyecos.eu\/en\/#organization\",\"name\":\"Cl\u00ednica Eyecos - Cambio color de ojos\",\"url\":\"https:\/\/www.eyecos.eu\/en\/\",\"logo\":{\"@type\":\"ImageObject\",\"inLanguage\":\"en-US\",\"@id\":\"https:\/\/www.eyecos.eu\/en\/#\/schema\/logo\/image\/\",\"url\":\"https:\/\/www.eyecos.eu\/wp-content\/uploads\/2024\/03\/LOGO-EYECOS.png\",\"contentUrl\":\"https:\/\/www.eyecos.eu\/wp-content\/uploads\/2024\/03\/LOGO-EYECOS.png\",\"width\":480,\"height\":480,\"caption\":\"Cl\u00ednica Eyecos - Cambio color de ojos\"},\"image\":{\"@id\":\"https:\/\/www.eyecos.eu\/en\/#\/schema\/logo\/image\/\"},\"sameAs\":[\"https:\/\/www.facebook.com\/neweyeslaser\",\"https:\/\/x.com\/NewEyesLaser\",\"https:\/\/www.instagram.com\/neweyeslaser\/\"]}]}<\/script>\n<!-- \/ Yoast SEO Premium plugin. -->","yoast_head_json":{"title":"First book Atlas on Laser Iridoplasty (printed version) - Cl\u00ednica Eyecos - Cambio color de ojos","robots":{"index":"index","follow":"follow","max-snippet":"max-snippet:-1","max-image-preview":"max-image-preview:large","max-video-preview":"max-video-preview:-1"},"canonical":"https:\/\/www.eyecos.eu\/en\/producto\/first-book-atlas-on-laser-iridoplasty-printed-version\/","og_locale":"en_US","og_type":"article","og_title":"First book Atlas on Laser Iridoplasty (printed version)","og_description":"Photoablative iridoplasty. Therapy &amp; Cosmetics The most complete Atlas on Laser Iridoplasty worldwide published so far. With the passage of time and the rapid evolution of new laser technology, ophthalmological care continues to take giant steps, which is why it is necessary to have an exclusive and up-to-date reference for Laser Iridoplasty focused on the ophthalmologist medical sector or patients with studies of the ocular sector. A unique Atlas with hundreds of HD photos never seen before with more than 400 pages in full color and maximum detail that will make this reading a pleasure for all five senses. Author: Pedro Grimaldos Offer \u20ac150","og_url":"https:\/\/www.eyecos.eu\/en\/producto\/first-book-atlas-on-laser-iridoplasty-printed-version\/","og_site_name":"Cl\u00ednica Eyecos - Cambio color de ojos","article_publisher":"https:\/\/www.facebook.com\/neweyeslaser","article_modified_time":"2023-01-03T09:49:17+00:00","og_image":[{"width":807,"height":1024,"url":"https:\/\/www.eyecos.eu\/wp-content\/uploads\/2022\/09\/WhatsApp-Image-2022-09-19-at-11.43.52.jpeg","type":"image\/jpeg"}],"twitter_card":"summary_large_image","twitter_site":"@NewEyesLaser","schema":{"@context":"https:\/\/schema.org","@graph":[{"@type":"WebPage","@id":"https:\/\/www.eyecos.eu\/en\/producto\/first-book-atlas-on-laser-iridoplasty-printed-version\/","url":"https:\/\/www.eyecos.eu\/en\/producto\/first-book-atlas-on-laser-iridoplasty-printed-version\/","name":"First book Atlas on Laser Iridoplasty (printed version) - Cl\u00ednica Eyecos - Cambio color de ojos","isPartOf":{"@id":"https:\/\/www.eyecos.eu\/en\/#website"},"primaryImageOfPage":{"@id":"https:\/\/www.eyecos.eu\/en\/producto\/first-book-atlas-on-laser-iridoplasty-printed-version\/#primaryimage"},"image":{"@id":"https:\/\/www.eyecos.eu\/en\/producto\/first-book-atlas-on-laser-iridoplasty-printed-version\/#primaryimage"},"thumbnailUrl":"https:\/\/www.eyecos.eu\/wp-content\/uploads\/2022\/09\/WhatsApp-Image-2022-09-19-at-11.43.52.jpeg","datePublished":"2022-09-16T12:01:55+00:00","dateModified":"2023-01-03T09:49:17+00:00","breadcrumb":{"@id":"https:\/\/www.eyecos.eu\/en\/producto\/first-book-atlas-on-laser-iridoplasty-printed-version\/#breadcrumb"},"inLanguage":"en-US","potentialAction":[{"@type":"ReadAction","target":["https:\/\/www.eyecos.eu\/en\/producto\/first-book-atlas-on-laser-iridoplasty-printed-version\/"]}]},{"@type":"ImageObject","inLanguage":"en-US","@id":"https:\/\/www.eyecos.eu\/en\/producto\/first-book-atlas-on-laser-iridoplasty-printed-version\/#primaryimage","url":"https:\/\/www.eyecos.eu\/wp-content\/uploads\/2022\/09\/WhatsApp-Image-2022-09-19-at-11.43.52.jpeg","contentUrl":"https:\/\/www.eyecos.eu\/wp-content\/uploads\/2022\/09\/WhatsApp-Image-2022-09-19-at-11.43.52.jpeg","width":807,"height":1024},{"@type":"BreadcrumbList","@id":"https:\/\/www.eyecos.eu\/en\/producto\/first-book-atlas-on-laser-iridoplasty-printed-version\/#breadcrumb","itemListElement":[{"@type":"ListItem","position":1,"name":"Eyecos","item":"https:\/\/www.eyecos.eu\/en\/"},{"@type":"ListItem","position":2,"name":"Products","item":"https:\/\/www.eyecos.eu\/en\/shop\/"},{"@type":"ListItem","position":3,"name":"First book Atlas on Laser Iridoplasty (printed version)"}]},{"@type":"WebSite","@id":"https:\/\/www.eyecos.eu\/en\/#website","url":"https:\/\/www.eyecos.eu\/en\/","name":"Cl\u00ednica Eyecos - Cambio color de ojos","description":"\u00danica clinica que realiza el cambio del color de los ojos con l\u00e1ser con m\u00e1s 1000 pacientes y casi 10 a\u00f1os de experiencia","publisher":{"@id":"https:\/\/www.eyecos.eu\/en\/#organization"},"potentialAction":[{"@type":"SearchAction","target":{"@type":"EntryPoint","urlTemplate":"https:\/\/www.eyecos.eu\/en\/?s={search_term_string}"},"query-input":{"@type":"PropertyValueSpecification","valueRequired":true,"valueName":"search_term_string"}}],"inLanguage":"en-US"},{"@type":"Organization","@id":"https:\/\/www.eyecos.eu\/en\/#organization","name":"Cl\u00ednica Eyecos - Cambio color de ojos","url":"https:\/\/www.eyecos.eu\/en\/","logo":{"@type":"ImageObject","inLanguage":"en-US","@id":"https:\/\/www.eyecos.eu\/en\/#\/schema\/logo\/image\/","url":"https:\/\/www.eyecos.eu\/wp-content\/uploads\/2024\/03\/LOGO-EYECOS.png","contentUrl":"https:\/\/www.eyecos.eu\/wp-content\/uploads\/2024\/03\/LOGO-EYECOS.png","width":480,"height":480,"caption":"Cl\u00ednica Eyecos - Cambio color de ojos"},"image":{"@id":"https:\/\/www.eyecos.eu\/en\/#\/schema\/logo\/image\/"},"sameAs":["https:\/\/www.facebook.com\/neweyeslaser","https:\/\/x.com\/NewEyesLaser","https:\/\/www.instagram.com\/neweyeslaser\/"]}]}},"_links":{"self":[{"href":"https:\/\/www.eyecos.eu\/en\/wp-json\/wp\/v2\/product\/240646","targetHints":{"allow":["GET"]}}],"collection":[{"href":"https:\/\/www.eyecos.eu\/en\/wp-json\/wp\/v2\/product"}],"about":[{"href":"https:\/\/www.eyecos.eu\/en\/wp-json\/wp\/v2\/types\/product"}],"version-history":[{"count":0,"href":"https:\/\/www.eyecos.eu\/en\/wp-json\/wp\/v2\/product\/240646\/revisions"}],"wp:featuredmedia":[{"embeddable":true,"href":"https:\/\/www.eyecos.eu\/en\/wp-json\/wp\/v2\/media\/241370"}],"wp:attachment":[{"href":"https:\/\/www.eyecos.eu\/en\/wp-json\/wp\/v2\/media?parent=240646"}],"wp:term":[{"taxonomy":"product_brand","embeddable":true,"href":"https:\/\/www.eyecos.eu\/en\/wp-json\/wp\/v2\/product_brand?post=240646"},{"taxonomy":"product_cat","embeddable":true,"href":"https:\/\/www.eyecos.eu\/en\/wp-json\/wp\/v2\/product_cat?post=240646"},{"taxonomy":"product_tag","embeddable":true,"href":"https:\/\/www.eyecos.eu\/en\/wp-json\/wp\/v2\/product_tag?post=240646"}],"curies":[{"name":"wp","href":"https:\/\/api.w.org\/{rel}","templated":true}]}}