{"id":297242,"date":"2026-01-14T12:01:45","date_gmt":"2026-01-14T12:01:45","guid":{"rendered":"https:\/\/www.eyecos.eu\/?post_type=product&#038;p=297242"},"modified":"2026-01-14T16:03:08","modified_gmt":"2026-01-14T16:03:08","slug":"ultra-fast-booster-kit","status":"publish","type":"product","link":"https:\/\/www.eyecos.eu\/en\/producto\/ultra-fast-booster-kit\/","title":{"rendered":"Ultra Fast Booster Kit"},"content":{"rendered":"","protected":false},"excerpt":{"rendered":"<p>Speed up your eye color transformation with our complete booster kit. Designed to complement your treatment, it helps optimize color development for a brighter, more luminous result.<\/p>\n<p>Includes:<\/p>\n<ul>\n<li>Fast Cleaning Pills<\/li>\n<li>Fast Lightening Pills<\/li>\n<li>Cleaning Eye Drops (x2)<\/li>\n<li>Infrared Thermic Glasses<\/li>\n<\/ul>\n<p>Comes with a full guide for proper use.<\/p>\n","protected":false},"featured_media":297255,"template":"","meta":{"_joinchat":[]},"product_brand":[],"product_cat":[339],"product_tag":[],"class_list":{"0":"post-297242","1":"product","2":"type-product","3":"status-publish","4":"has-post-thumbnail","6":"product_cat-kit","8":"first","9":"instock","10":"virtual","11":"sold-individually","12":"taxable","13":"purchasable","14":"product-type-simple"},"yoast_head":"<!-- This site is optimized with the Yoast SEO Premium plugin v26.7 (Yoast SEO v27.2) - https:\/\/yoast.com\/product\/yoast-seo-premium-wordpress\/ -->\n<title>Ultra Fast Booster Kit - Cl\u00ednica Eyecos - Cambio color de ojos<\/title>\n<meta name=\"robots\" content=\"index, follow, max-snippet:-1, max-image-preview:large, max-video-preview:-1\" \/>\n<link rel=\"canonical\" href=\"https:\/\/www.eyecos.eu\/en\/producto\/ultra-fast-booster-kit\/\" \/>\n<meta property=\"og:locale\" content=\"en_US\" \/>\n<meta property=\"og:type\" content=\"article\" \/>\n<meta property=\"og:title\" content=\"Ultra Fast Booster Kit\" \/>\n<meta property=\"og:description\" content=\"Speed up your eye color transformation with our complete booster kit. Designed to complement your treatment, it helps optimize color development for a brighter, more luminous result.  Includes:   Fast Cleaning Pills  Fast Lightening Pills  Cleaning Eye Drops (x2)  Infrared Thermic Glasses  Comes with a full guide for proper use.\" \/>\n<meta property=\"og:url\" content=\"https:\/\/www.eyecos.eu\/en\/producto\/ultra-fast-booster-kit\/\" \/>\n<meta property=\"og:site_name\" content=\"Cl\u00ednica Eyecos - Cambio color de ojos\" \/>\n<meta property=\"article:publisher\" content=\"https:\/\/www.facebook.com\/neweyeslaser\" \/>\n<meta property=\"article:modified_time\" content=\"2026-01-14T16:03:08+00:00\" \/>\n<meta property=\"og:image\" content=\"https:\/\/www.eyecos.eu\/wp-content\/uploads\/2026\/01\/ultrafastboosterkit_hyloparin-web.jpg\" \/>\n\t<meta property=\"og:image:width\" content=\"807\" \/>\n\t<meta property=\"og:image:height\" content=\"1024\" \/>\n\t<meta property=\"og:image:type\" content=\"image\/jpeg\" \/>\n<meta name=\"twitter:card\" content=\"summary_large_image\" \/>\n<meta name=\"twitter:site\" content=\"@NewEyesLaser\" \/>\n<meta name=\"twitter:label1\" content=\"Est. reading time\" \/>\n\t<meta name=\"twitter:data1\" content=\"1 minute\" \/>\n<script type=\"application\/ld+json\" class=\"yoast-schema-graph\">{\"@context\":\"https:\/\/schema.org\",\"@graph\":[{\"@type\":\"WebPage\",\"@id\":\"https:\/\/www.eyecos.eu\/en\/producto\/ultra-fast-booster-kit\/\",\"url\":\"https:\/\/www.eyecos.eu\/en\/producto\/ultra-fast-booster-kit\/\",\"name\":\"Ultra Fast Booster Kit - Cl\u00ednica Eyecos - Cambio color de ojos\",\"isPartOf\":{\"@id\":\"https:\/\/www.eyecos.eu\/en\/#website\"},\"primaryImageOfPage\":{\"@id\":\"https:\/\/www.eyecos.eu\/en\/producto\/ultra-fast-booster-kit\/#primaryimage\"},\"image\":{\"@id\":\"https:\/\/www.eyecos.eu\/en\/producto\/ultra-fast-booster-kit\/#primaryimage\"},\"thumbnailUrl\":\"https:\/\/www.eyecos.eu\/wp-content\/uploads\/2026\/01\/ultrafastboosterkit_hyloparin-web.jpg\",\"datePublished\":\"2026-01-14T12:01:45+00:00\",\"dateModified\":\"2026-01-14T16:03:08+00:00\",\"breadcrumb\":{\"@id\":\"https:\/\/www.eyecos.eu\/en\/producto\/ultra-fast-booster-kit\/#breadcrumb\"},\"inLanguage\":\"en-US\",\"potentialAction\":[{\"@type\":\"ReadAction\",\"target\":[\"https:\/\/www.eyecos.eu\/en\/producto\/ultra-fast-booster-kit\/\"]}]},{\"@type\":\"ImageObject\",\"inLanguage\":\"en-US\",\"@id\":\"https:\/\/www.eyecos.eu\/en\/producto\/ultra-fast-booster-kit\/#primaryimage\",\"url\":\"https:\/\/www.eyecos.eu\/wp-content\/uploads\/2026\/01\/ultrafastboosterkit_hyloparin-web.jpg\",\"contentUrl\":\"https:\/\/www.eyecos.eu\/wp-content\/uploads\/2026\/01\/ultrafastboosterkit_hyloparin-web.jpg\",\"width\":807,\"height\":1024},{\"@type\":\"BreadcrumbList\",\"@id\":\"https:\/\/www.eyecos.eu\/en\/producto\/ultra-fast-booster-kit\/#breadcrumb\",\"itemListElement\":[{\"@type\":\"ListItem\",\"position\":1,\"name\":\"Eyecos\",\"item\":\"https:\/\/www.eyecos.eu\/en\/\"},{\"@type\":\"ListItem\",\"position\":2,\"name\":\"Products\",\"item\":\"https:\/\/www.eyecos.eu\/en\/shop\/\"},{\"@type\":\"ListItem\",\"position\":3,\"name\":\"Ultra Fast Booster Kit\"}]},{\"@type\":\"WebSite\",\"@id\":\"https:\/\/www.eyecos.eu\/en\/#website\",\"url\":\"https:\/\/www.eyecos.eu\/en\/\",\"name\":\"Cl\u00ednica Eyecos - Cambio color de ojos\",\"description\":\"\u00danica clinica que realiza el cambio del color de los ojos con l\u00e1ser con m\u00e1s 1000 pacientes y casi 10 a\u00f1os de experiencia\",\"publisher\":{\"@id\":\"https:\/\/www.eyecos.eu\/en\/#organization\"},\"potentialAction\":[{\"@type\":\"SearchAction\",\"target\":{\"@type\":\"EntryPoint\",\"urlTemplate\":\"https:\/\/www.eyecos.eu\/en\/?s={search_term_string}\"},\"query-input\":{\"@type\":\"PropertyValueSpecification\",\"valueRequired\":true,\"valueName\":\"search_term_string\"}}],\"inLanguage\":\"en-US\"},{\"@type\":\"Organization\",\"@id\":\"https:\/\/www.eyecos.eu\/en\/#organization\",\"name\":\"Cl\u00ednica Eyecos - Cambio color de ojos\",\"url\":\"https:\/\/www.eyecos.eu\/en\/\",\"logo\":{\"@type\":\"ImageObject\",\"inLanguage\":\"en-US\",\"@id\":\"https:\/\/www.eyecos.eu\/en\/#\/schema\/logo\/image\/\",\"url\":\"https:\/\/www.eyecos.eu\/wp-content\/uploads\/2024\/03\/LOGO-EYECOS.png\",\"contentUrl\":\"https:\/\/www.eyecos.eu\/wp-content\/uploads\/2024\/03\/LOGO-EYECOS.png\",\"width\":480,\"height\":480,\"caption\":\"Cl\u00ednica Eyecos - Cambio color de ojos\"},\"image\":{\"@id\":\"https:\/\/www.eyecos.eu\/en\/#\/schema\/logo\/image\/\"},\"sameAs\":[\"https:\/\/www.facebook.com\/neweyeslaser\",\"https:\/\/x.com\/NewEyesLaser\",\"https:\/\/www.instagram.com\/neweyeslaser\/\"]}]}<\/script>\n<!-- \/ Yoast SEO Premium plugin. -->","yoast_head_json":{"title":"Ultra Fast Booster Kit - Cl\u00ednica Eyecos - Cambio color de ojos","robots":{"index":"index","follow":"follow","max-snippet":"max-snippet:-1","max-image-preview":"max-image-preview:large","max-video-preview":"max-video-preview:-1"},"canonical":"https:\/\/www.eyecos.eu\/en\/producto\/ultra-fast-booster-kit\/","og_locale":"en_US","og_type":"article","og_title":"Ultra Fast Booster Kit","og_description":"Speed up your eye color transformation with our complete booster kit. Designed to complement your treatment, it helps optimize color development for a brighter, more luminous result.  Includes:   Fast Cleaning Pills  Fast Lightening Pills  Cleaning Eye Drops (x2)  Infrared Thermic Glasses  Comes with a full guide for proper use.","og_url":"https:\/\/www.eyecos.eu\/en\/producto\/ultra-fast-booster-kit\/","og_site_name":"Cl\u00ednica Eyecos - Cambio color de ojos","article_publisher":"https:\/\/www.facebook.com\/neweyeslaser","article_modified_time":"2026-01-14T16:03:08+00:00","og_image":[{"width":807,"height":1024,"url":"https:\/\/www.eyecos.eu\/wp-content\/uploads\/2026\/01\/ultrafastboosterkit_hyloparin-web.jpg","type":"image\/jpeg"}],"twitter_card":"summary_large_image","twitter_site":"@NewEyesLaser","twitter_misc":{"Est. reading time":"1 minute"},"schema":{"@context":"https:\/\/schema.org","@graph":[{"@type":"WebPage","@id":"https:\/\/www.eyecos.eu\/en\/producto\/ultra-fast-booster-kit\/","url":"https:\/\/www.eyecos.eu\/en\/producto\/ultra-fast-booster-kit\/","name":"Ultra Fast Booster Kit - Cl\u00ednica Eyecos - Cambio color de ojos","isPartOf":{"@id":"https:\/\/www.eyecos.eu\/en\/#website"},"primaryImageOfPage":{"@id":"https:\/\/www.eyecos.eu\/en\/producto\/ultra-fast-booster-kit\/#primaryimage"},"image":{"@id":"https:\/\/www.eyecos.eu\/en\/producto\/ultra-fast-booster-kit\/#primaryimage"},"thumbnailUrl":"https:\/\/www.eyecos.eu\/wp-content\/uploads\/2026\/01\/ultrafastboosterkit_hyloparin-web.jpg","datePublished":"2026-01-14T12:01:45+00:00","dateModified":"2026-01-14T16:03:08+00:00","breadcrumb":{"@id":"https:\/\/www.eyecos.eu\/en\/producto\/ultra-fast-booster-kit\/#breadcrumb"},"inLanguage":"en-US","potentialAction":[{"@type":"ReadAction","target":["https:\/\/www.eyecos.eu\/en\/producto\/ultra-fast-booster-kit\/"]}]},{"@type":"ImageObject","inLanguage":"en-US","@id":"https:\/\/www.eyecos.eu\/en\/producto\/ultra-fast-booster-kit\/#primaryimage","url":"https:\/\/www.eyecos.eu\/wp-content\/uploads\/2026\/01\/ultrafastboosterkit_hyloparin-web.jpg","contentUrl":"https:\/\/www.eyecos.eu\/wp-content\/uploads\/2026\/01\/ultrafastboosterkit_hyloparin-web.jpg","width":807,"height":1024},{"@type":"BreadcrumbList","@id":"https:\/\/www.eyecos.eu\/en\/producto\/ultra-fast-booster-kit\/#breadcrumb","itemListElement":[{"@type":"ListItem","position":1,"name":"Eyecos","item":"https:\/\/www.eyecos.eu\/en\/"},{"@type":"ListItem","position":2,"name":"Products","item":"https:\/\/www.eyecos.eu\/en\/shop\/"},{"@type":"ListItem","position":3,"name":"Ultra Fast Booster Kit"}]},{"@type":"WebSite","@id":"https:\/\/www.eyecos.eu\/en\/#website","url":"https:\/\/www.eyecos.eu\/en\/","name":"Cl\u00ednica Eyecos - Cambio color de ojos","description":"\u00danica clinica que realiza el cambio del color de los ojos con l\u00e1ser con m\u00e1s 1000 pacientes y casi 10 a\u00f1os de experiencia","publisher":{"@id":"https:\/\/www.eyecos.eu\/en\/#organization"},"potentialAction":[{"@type":"SearchAction","target":{"@type":"EntryPoint","urlTemplate":"https:\/\/www.eyecos.eu\/en\/?s={search_term_string}"},"query-input":{"@type":"PropertyValueSpecification","valueRequired":true,"valueName":"search_term_string"}}],"inLanguage":"en-US"},{"@type":"Organization","@id":"https:\/\/www.eyecos.eu\/en\/#organization","name":"Cl\u00ednica Eyecos - Cambio color de ojos","url":"https:\/\/www.eyecos.eu\/en\/","logo":{"@type":"ImageObject","inLanguage":"en-US","@id":"https:\/\/www.eyecos.eu\/en\/#\/schema\/logo\/image\/","url":"https:\/\/www.eyecos.eu\/wp-content\/uploads\/2024\/03\/LOGO-EYECOS.png","contentUrl":"https:\/\/www.eyecos.eu\/wp-content\/uploads\/2024\/03\/LOGO-EYECOS.png","width":480,"height":480,"caption":"Cl\u00ednica Eyecos - Cambio color de ojos"},"image":{"@id":"https:\/\/www.eyecos.eu\/en\/#\/schema\/logo\/image\/"},"sameAs":["https:\/\/www.facebook.com\/neweyeslaser","https:\/\/x.com\/NewEyesLaser","https:\/\/www.instagram.com\/neweyeslaser\/"]}]}},"_links":{"self":[{"href":"https:\/\/www.eyecos.eu\/en\/wp-json\/wp\/v2\/product\/297242","targetHints":{"allow":["GET"]}}],"collection":[{"href":"https:\/\/www.eyecos.eu\/en\/wp-json\/wp\/v2\/product"}],"about":[{"href":"https:\/\/www.eyecos.eu\/en\/wp-json\/wp\/v2\/types\/product"}],"version-history":[{"count":1,"href":"https:\/\/www.eyecos.eu\/en\/wp-json\/wp\/v2\/product\/297242\/revisions"}],"predecessor-version":[{"id":297276,"href":"https:\/\/www.eyecos.eu\/en\/wp-json\/wp\/v2\/product\/297242\/revisions\/297276"}],"wp:featuredmedia":[{"embeddable":true,"href":"https:\/\/www.eyecos.eu\/en\/wp-json\/wp\/v2\/media\/297255"}],"wp:attachment":[{"href":"https:\/\/www.eyecos.eu\/en\/wp-json\/wp\/v2\/media?parent=297242"}],"wp:term":[{"taxonomy":"product_brand","embeddable":true,"href":"https:\/\/www.eyecos.eu\/en\/wp-json\/wp\/v2\/product_brand?post=297242"},{"taxonomy":"product_cat","embeddable":true,"href":"https:\/\/www.eyecos.eu\/en\/wp-json\/wp\/v2\/product_cat?post=297242"},{"taxonomy":"product_tag","embeddable":true,"href":"https:\/\/www.eyecos.eu\/en\/wp-json\/wp\/v2\/product_tag?post=297242"}],"curies":[{"name":"wp","href":"https:\/\/api.w.org\/{rel}","templated":true}]}}