{"id":23446,"date":"2021-02-14T14:06:45","date_gmt":"2021-02-14T14:06:45","guid":{"rendered":"https:\/\/www.eyecos.eu\/politica-de-cookies\/"},"modified":"2021-05-21T11:18:17","modified_gmt":"2021-05-21T11:18:17","slug":"politique-de-cookies","status":"publish","type":"page","link":"https:\/\/www.eyecos.eu\/fr\/politique-de-cookies\/","title":{"rendered":"Politique de cookies"},"content":{"rendered":"\t\t<div data-elementor-type=\"wp-page\" data-elementor-id=\"23446\" class=\"elementor elementor-23446 elementor-18315\" data-elementor-post-type=\"page\">\n\t\t\t\t\t\t<section class=\"elementor-section elementor-top-section elementor-element elementor-element-465a872 elementor-section-boxed elementor-section-height-default elementor-section-height-default\" data-id=\"465a872\" data-element_type=\"section\" data-e-type=\"section\">\n\t\t\t\t\t\t<div class=\"elementor-container elementor-column-gap-default\">\n\t\t\t\t\t<div class=\"elementor-column elementor-col-100 elementor-top-column elementor-element elementor-element-b5fd146\" data-id=\"b5fd146\" data-element_type=\"column\" data-e-type=\"column\">\n\t\t\t<div class=\"elementor-widget-wrap elementor-element-populated\">\n\t\t\t\t\t\t<div class=\"elementor-element elementor-element-6e274b3 elementor-align-left elementor-widget elementor-widget-breadcrumbs\" data-id=\"6e274b3\" data-element_type=\"widget\" data-e-type=\"widget\" data-widget_type=\"breadcrumbs.default\">\n\t\t\t\t<div class=\"elementor-widget-container\">\n\t\t\t\t\t<p id=\"breadcrumbs\"><span><span><a href=\"https:\/\/www.eyecos.eu\/fr\/\">Eyecos<\/a><\/span><\/span><\/p>\t\t\t\t<\/div>\n\t\t\t\t<\/div>\n\t\t\t\t<div class=\"elementor-element elementor-element-a21f16f elementor-widget elementor-widget-heading\" data-id=\"a21f16f\" data-element_type=\"widget\" data-e-type=\"widget\" data-widget_type=\"heading.default\">\n\t\t\t\t<div class=\"elementor-widget-container\">\n\t\t\t\t\t<h1 class=\"elementor-heading-title elementor-size-default\">Politique de cookies<\/h1>\t\t\t\t<\/div>\n\t\t\t\t<\/div>\n\t\t\t\t\t<\/div>\n\t\t<\/div>\n\t\t\t\t\t<\/div>\n\t\t<\/section>\n\t\t\t\t<section class=\"elementor-section elementor-top-section elementor-element elementor-element-d0fdae8 elementor-section-boxed elementor-section-height-default elementor-section-height-default\" data-id=\"d0fdae8\" data-element_type=\"section\" data-e-type=\"section\">\n\t\t\t\t\t\t<div class=\"elementor-container elementor-column-gap-default\">\n\t\t\t\t\t<div class=\"elementor-column elementor-col-100 elementor-top-column elementor-element elementor-element-595da77\" data-id=\"595da77\" data-element_type=\"column\" data-e-type=\"column\">\n\t\t\t<div class=\"elementor-widget-wrap elementor-element-populated\">\n\t\t\t\t\t\t<div class=\"elementor-element elementor-element-1beebd2 elementor-widget elementor-widget-text-editor\" data-id=\"1beebd2\" data-element_type=\"widget\" data-e-type=\"widget\" data-widget_type=\"text-editor.default\">\n\t\t\t\t<div class=\"elementor-widget-container\">\n\t\t\t\t\t\t\t\t\t<p><strong>POLITIQUE DE CONFIDENTIALIT\u00c9 CAPTURANT LES DONN\u00c9ES ET LES COOKIES SUR LE WEB<\/strong><\/p><p><strong>Politique de cookies du site<\/strong><\/p><p><strong>En ce qui concerne les cookies pendant la navigation<\/strong><\/p><p>Un cookie (ou cookie informatique) est une petite information envoy\u00e9e par un site Web et stock\u00e9e dans le navigateur de l\u2019utilisateur, afin que celui-ci puisse consulter l\u2019activit\u00e9 pr\u00e9c\u00e9dente de l\u2019utilisateur.<\/p><p>Ses fonctions principales sont:<\/p><p>Prendre le contr\u00f4le des utilisateurs: lorsqu\u2019un utilisateur entre son nom d\u2019utilisateur et son mot de passe, un cookie est stock\u00e9 afin qu\u2019il ne soit pas oblig\u00e9 de les introduire pour chaque page du serveur. Cependant, un cookie n\u2019identifie pas une seule personne, mais une combinaison d\u2019utilisateur, de navigateur et d\u2019ordinateur.<\/p><p>Obtenir des informations sur les habitudes de navigation de l\u2019utilisateur, entre autres.<\/p><p>Ce site utilise ses propres cookies.<\/p><p>Utilisateur: Acc\u00e8s au Web, rappel en ligne<br \/>Settings: WordPress<br \/>Langue: WordPress<\/p><p>Cookies de tiers:<\/p><table border=\"0\" width=\"100%\" cellspacing=\"2\" cellpadding=\"2\"><tbody><tr><td height=\"23\">Type de cookie<\/td><td>Compagnie<\/td><td>Finalit\u00e9<\/td><td>+ Information<\/td><\/tr><tr><td height=\"23\">_utma<br \/>_utmb<br \/>_utmc_utmz<\/td><td>Google<\/td><td><table width=\"100%\"><tbody><tr><td>Navigation de mani\u00e8re anonyme qui vous permet de savoir ce qui est consult\u00e9 et comment on navigue<\/td><\/tr><\/tbody><\/table><\/td><td>http:\/\/www.google.es\/intl\/es\/analytics\/privacyoverview.html<\/td><\/tr><\/tbody><\/table><p>\u00a0<\/p><p>\u00a0<\/p><p><strong>G\u00e9rer les cookies<\/strong><\/p><p><strong>Vous pouvez autoriser, bloquer ou supprimer les cookies install\u00e9s sur votre ordinateur en configurant les options du navigateur install\u00e9es sur votre ordinateur.<\/strong><\/p><p>Si vous n\u2019\u00eates pas s\u00fbr du type et de la version du navigateur que vous utilisez pour acc\u00e9der \u00e0 Internet:<br \/>Para Windows: Cliquez sur \u201cAide\u201d en haut de la fen\u00eatre de votre navigateur et s\u00e9lectionnez l\u2019option \u201c\u00c0 propos de\u201d.<br \/>Pour Mac: avec la vente du navigateur ouverte, cliquez sur le menu Pomme et s\u00e9lectionnez l\u2019option \u201c\u00c0 propos de \u2026\u201d.<\/p><p><strong>Comment g\u00e9rer les cookies dans Windows<\/strong><\/p><p><strong>Google Chrome<\/strong><br \/>Cliquez sur le menu Chrome Chrome situ\u00e9 dans la barre d\u2019outils du navigateur.<\/p><p>S\u00e9lectionnez\u00a0<strong>\u201cConfiguration\u201d.<\/strong><\/p><p>Cliquez sur<strong>\u00a0\u201c<\/strong>\u00a0<strong>Afficher les options avanc\u00e9es \u2026\u201d<\/strong><\/p><p>Dans la section\u00a0<strong>\u201cPrivacit\u00e9\u201d<\/strong>, cliquez sur le bouton\u00a0<strong>\u201cConfiguration de contenu\u2026\u201d<\/strong>.<\/p><p>Dans la section\u00a0<strong>\u201cCookies\u201d<\/strong>, vous pouvez configurer les options indiqu\u00e9es ci-dessous: Supprimer les cookies, bloquer ou autoriser les cookies par d\u00e9faut, inclure des exceptions de cookies pour des sites Web ou des domaines sp\u00e9cifiques.<br \/>Pour plus de d\u00e9tails, consultez l\u2019aide de Google Chrome.<\/p><p><strong>Microsoft Internet Explorer 7.0 y 8.0<\/strong><\/p><p>Cliquez sur le bouton\u00a0<strong>\u201cOutils\u201d<\/strong>\u00a0puis apr\u00e8s sur\u00a0<strong>\u201cOptions d\u2019Internet\u201d.<\/strong><\/p><p>Cliquez sur la fiche<strong>\u00a0\u201c Privacit\u00e9 \u201d<\/strong>\u00a0puis d\u00e9placez le curseur vers une position interm\u00e9diaire entre les extr\u00e9mit\u00e9s sup\u00e9rieure et inf\u00e9rieure, de sorte que tous les cookies ne soient ni bloqu\u00e9s ni autoris\u00e9s.<\/p><p>Cliquez sur<strong>\u00a0\u201cSites\u201d.<\/strong><\/p><p>Sur le cadre\u00a0<strong>\u201cAdresse du site\u201d<\/strong>, tapez l\u2019adresse d\u2019un site web puis cliquez sur\u00a0<strong>\u201cBloquer\u201d<\/strong>\u00a0ou\u00a0<strong>\u201cAutoriser\u201d<\/strong>.<\/p><p>Au fur et \u00e0 mesure que vous tapez, une liste des pages Web que vous avez visit\u00e9es appara\u00eetra. Si vous cliquez sur un \u00e9l\u00e9ment de la liste, il sera affich\u00e9 dans la zone de navigation du site Web.<\/p><p>\u00c0 la fin, cliquez sur \u201c<strong>Accepter<\/strong>\u201d.<\/p><p>Replacez le curseur dans sa position d\u2019origine et cliquez sur \u201c<strong>Accepter<\/strong>\u201d.<\/p><p>Vous pouvez consulter l\u2019aide de Windows pour plus d\u2019informations<\/p><p><strong>Mozilla Firefox<\/strong><br \/>En haut de la fen\u00eatre de Firefox, cliquez sur le bouton Firefox et s\u00e9lectionnez \u201c<strong>Options<\/strong>\u201d.<br \/>S\u00e9lectionnez le panneau\u00a0<strong>\u201cPrivacit\u00e9\u201d<\/strong>.<br \/>Sur \u201c<strong>Firefox pourra<\/strong>:\u201d choisissez \u201c\u00a0<strong>Utiliser une configuration personnalis\u00e9e pour l\u2019historique\u00a0<\/strong>\u201d.<br \/>Cochez l\u2019option \u201c<strong>Accepter cookies<\/strong>\u201d pour les activer et d\u00e9cochez-les pour les d\u00e9sactiver.<br \/>Si vous ne souhaitez pas recevoir de cookies de tiers, d\u00e9cochez cette case \u201c<strong>Accepter cookies de tiers<\/strong>\u201d.<br \/>Vous pouvez consulter l\u2019aide de Mozilla pour plus d\u2019informations<\/p><p><strong>Safari<\/strong><br \/>Cliquez sur \u201c<strong>Safari\u201d<\/strong>\u00a0dans la partie sup\u00e9rieure de la fen\u00eatre de votre navigateur et s\u00e9lectionnez l\u2019option \u2018<strong>Pr\u00e9f\u00e9rences<\/strong>\u2019.<br \/>Cliquez sur \u201c<strong>Privacit\u00e9<\/strong>\u201d.<br \/>Dans la section \u201c<strong>Bloquer cookies<\/strong>\u201d s\u00e9lectionnez l\u2019une des options suivantes en fonction de vos int\u00e9r\u00eats: \u201c<strong>De publicit\u00e9 et tiers \u201d, \u201cToujours\u201d, ou \u201cJamais<\/strong>\u201d.<\/p><p><strong>Opera<\/strong><br \/>Cliquez sur \u201c<strong>Configuration<\/strong>\u201d en haut de la fen\u00eatre du navigateur et s\u00e9lectionnez \u2018<strong>Options<\/strong>\u2019.<br \/>Puis s\u00e9lectionnez l\u2019onglet \u201c<strong>Avanc\u00e9<\/strong>\u201d et dans la liste de gauche s\u00e9lectionnez \u201c<strong>Cookies<\/strong>\u201d.<br \/>Ensuite, s\u00e9lectionnez \u201c<strong>Accepter cookies<\/strong>\u201d.<br \/>4. Vous avez trois options selon vos pr\u00e9f\u00e9rences: \u201c<strong>Accepter cookies<\/strong><\/p><p><strong>Comment g\u00e9rer les cookies sur Mac<\/strong><\/p><p><strong>\u00a0Google Chrome:<\/strong><br \/>1. Cliquez sur le menu Chrome Chrome situ\u00e9 dans la barre d\u2019outils du navigateur..<br \/>2. S\u00e9lectionnez \u201cConfiguration\u201d.<br \/>3. Cliquez sur \u201c Afficher les options avanc\u00e9es \u2026\u201d<br \/>4. Dans la section \u201cPrivacit\u00e9\u201d, Cliquez sur le bouton \u201cConfiguration de contenu\u2026\u201d.<br \/>5. Dans la section \u201cCookies\u201d, Vous pouvez configurer les suivantes options: Eliminer cookies, bloquer ou permettre cookies par d\u00e9faut, inclure des exceptions de cookies pour des domaines ou des sites Web sp\u00e9cifiques.<\/p><p><strong>\u00a0Microsoft Internet Explorer:<\/strong><br \/>1. Cliquez sur \u2018Explorer\u2019 dans la partie sup\u00e9rieure de la fen\u00eatre de votre navigateur et s\u00e9lectionnez les options de \u2018Pr\u00e9f\u00e9rences\u2019.<br \/>2. Faites d\u00e9filer vers le bas jusqu\u2019\u00e0 ce que vous voyez \u2018Cookies\u2019 dans Fichiers re\u00e7us.<br \/>3. S\u00e9lectionnez l\u2019option \u201c Ne jamais demander \u201d.<br \/>4. Cliquez sur \u201cAccepter\u201d.<\/p><p><strong>Mozilla Firefox:<\/strong><br \/>1. Dans la barre de menus, cliquez sur le menu Firefox et s\u00e9lectionnez \u201dPr\u00e9f\u00e9rences\u2026\u201d.<br \/>2. S\u00e9lectionnez le panneau Privacit\u00e9.<br \/>3. Sur \u201cFirefox pourra:\u201d choisissez \u201c Utiliser une configuration personnalis\u00e9e pour l\u2019historique \u201d.<br \/>4. Cochez l\u2019option \u201cAccepter cookies\u201d pour les activer et d\u00e9cochez-les pour les d\u00e9sactiver.<br \/>5. Si vous ne souhaitez pas recevoir de cookies tiers, d\u00e9cochez cette case. \u201c Accepter les cookies de tiers \u201d.<\/p><p><strong>Safari:<\/strong><br \/>1. Cliquez sur \u201cSafari\u201d dans la partie sup\u00e9rieure de la fen\u00eatre de votre navigateur et s\u00e9lectionnez l\u2019option \u2018Pr\u00e9f\u00e9rences\u2019.<br \/>2. Cliquez sur \u201cPrivacit\u00e9\u201d.<br \/>3. Dans la section \u201cBloquer cookies\u201d s\u00e9lectionnez une des options suivantes selon votre int\u00e9r\u00eat: \u201cDe publicit\u00e9 et tiers\u201d, \u201cToujours\u201d, ou \u201dJamais\u201d.<\/p><p><strong>Opera:<\/strong><br \/>1. Cliquez sur \u201cOpera\u201d en haut de la fen\u00eatre du navigateur et s\u00e9lectionnez \u2018Options\u2019.<br \/>2. Par la suite s\u00e9lectionnez l\u2019onglet \u201cAvanc\u00e9\u201d et dans la liste de gauche s\u00e9lectionnez \u201cCookies\u201d.<br \/>3. Par la suite s\u00e9lectionnez \u201cAccepter cookies\u201d.<br \/>4. Vous avez trois options selon vos pr\u00e9f\u00e9rences: \u201cAccepter cookies\u201d, \u201cAccepter cookies seulement du site visit\u00e9 \u201d y \u201c Ne jamais accepter les cookies \u201d.<\/p><p>\u00a0<\/p>\t\t\t\t\t\t\t\t<\/div>\n\t\t\t\t<\/div>\n\t\t\t\t\t<\/div>\n\t\t<\/div>\n\t\t\t\t\t<\/div>\n\t\t<\/section>\n\t\t\t\t<\/div>\n\t\t","protected":false},"excerpt":{"rendered":"<p>Politique de cookies POLITIQUE DE CONFIDENTIALIT\u00c9 CAPTURANT LES DONN\u00c9ES ET LES COOKIES SUR LE WEB Politique de cookies du site En ce qui concerne les cookies pendant la navigation Un cookie (ou cookie informatique) est une petite information envoy\u00e9e par un site Web et stock\u00e9e dans le navigateur de l\u2019utilisateur, afin que celui-ci puisse consulter [&hellip;]<\/p>\n","protected":false},"author":1,"featured_media":0,"parent":0,"menu_order":0,"comment_status":"closed","ping_status":"closed","template":"","meta":{"_joinchat":[],"footnotes":""},"class_list":["post-23446","page","type-page","status-publish","hentry"],"yoast_head":"<!-- This site is optimized with the Yoast SEO Premium plugin v26.7 (Yoast SEO v27.2) - https:\/\/yoast.com\/product\/yoast-seo-premium-wordpress\/ -->\n<title>Politique de cookies - Eyecos Clinic - Changement de couleur des yeux par laser<\/title>\n<meta name=\"robots\" content=\"noindex, follow\" \/>\n<meta property=\"og:locale\" content=\"fr_FR\" \/>\n<meta property=\"og:type\" content=\"article\" \/>\n<meta property=\"og:title\" content=\"Politique de cookies\" \/>\n<meta property=\"og:description\" content=\"Politique de cookies POLITIQUE DE CONFIDENTIALIT\u00c9 CAPTURANT LES DONN\u00c9ES ET LES COOKIES SUR LE WEB Politique de cookies du site En ce qui concerne les\" \/>\n<meta property=\"og:url\" content=\"https:\/\/www.eyecos.eu\/fr\/politique-de-cookies\/\" \/>\n<meta property=\"og:site_name\" content=\"Cl\u00ednica Eyecos - Cambio color de ojos\" \/>\n<meta property=\"article:publisher\" content=\"https:\/\/www.facebook.com\/neweyeslaser\" \/>\n<meta property=\"article:modified_time\" content=\"2021-05-21T11:18:17+00:00\" \/>\n<meta name=\"twitter:card\" content=\"summary_large_image\" \/>\n<meta name=\"twitter:site\" content=\"@NewEyesLaser\" \/>\n<meta name=\"twitter:label1\" content=\"Dur\u00e9e de lecture estim\u00e9e\" \/>\n\t<meta name=\"twitter:data1\" content=\"5 minutes\" \/>\n<script type=\"application\/ld+json\" class=\"yoast-schema-graph\">{\"@context\":\"https:\/\/schema.org\",\"@graph\":[{\"@type\":\"WebPage\",\"@id\":\"https:\/\/www.eyecos.eu\/fr\/politique-de-cookies\/\",\"url\":\"https:\/\/www.eyecos.eu\/fr\/politique-de-cookies\/\",\"name\":\"Politique de cookies - Eyecos Clinic - Changement de couleur des yeux par laser\",\"isPartOf\":{\"@id\":\"https:\/\/www.eyecos.eu\/fr\/#website\"},\"datePublished\":\"2021-02-14T14:06:45+00:00\",\"dateModified\":\"2021-05-21T11:18:17+00:00\",\"breadcrumb\":{\"@id\":\"https:\/\/www.eyecos.eu\/fr\/politique-de-cookies\/#breadcrumb\"},\"inLanguage\":\"fr-FR\",\"potentialAction\":[{\"@type\":\"ReadAction\",\"target\":[\"https:\/\/www.eyecos.eu\/fr\/politique-de-cookies\/\"]}]},{\"@type\":\"BreadcrumbList\",\"@id\":\"https:\/\/www.eyecos.eu\/fr\/politique-de-cookies\/#breadcrumb\",\"itemListElement\":[{\"@type\":\"ListItem\",\"position\":1,\"name\":\"Eyecos\",\"item\":\"https:\/\/www.eyecos.eu\/fr\/\"},{\"@type\":\"ListItem\",\"position\":2,\"name\":\"Politique de cookies\"}]},{\"@type\":\"WebSite\",\"@id\":\"https:\/\/www.eyecos.eu\/fr\/#website\",\"url\":\"https:\/\/www.eyecos.eu\/fr\/\",\"name\":\"Cl\u00ednica Eyecos - Cambio color de ojos\",\"description\":\"\u00danica clinica que realiza el cambio del color de los ojos con l\u00e1ser con m\u00e1s 1000 pacientes y casi 10 a\u00f1os de experiencia\",\"publisher\":{\"@id\":\"https:\/\/www.eyecos.eu\/fr\/#organization\"},\"potentialAction\":[{\"@type\":\"SearchAction\",\"target\":{\"@type\":\"EntryPoint\",\"urlTemplate\":\"https:\/\/www.eyecos.eu\/fr\/?s={search_term_string}\"},\"query-input\":{\"@type\":\"PropertyValueSpecification\",\"valueRequired\":true,\"valueName\":\"search_term_string\"}}],\"inLanguage\":\"fr-FR\"},{\"@type\":\"Organization\",\"@id\":\"https:\/\/www.eyecos.eu\/fr\/#organization\",\"name\":\"Cl\u00ednica Eyecos - Cambio color de ojos\",\"url\":\"https:\/\/www.eyecos.eu\/fr\/\",\"logo\":{\"@type\":\"ImageObject\",\"inLanguage\":\"fr-FR\",\"@id\":\"https:\/\/www.eyecos.eu\/fr\/#\/schema\/logo\/image\/\",\"url\":\"https:\/\/www.eyecos.eu\/wp-content\/uploads\/2024\/03\/LOGO-EYECOS.png\",\"contentUrl\":\"https:\/\/www.eyecos.eu\/wp-content\/uploads\/2024\/03\/LOGO-EYECOS.png\",\"width\":480,\"height\":480,\"caption\":\"Cl\u00ednica Eyecos - Cambio color de ojos\"},\"image\":{\"@id\":\"https:\/\/www.eyecos.eu\/fr\/#\/schema\/logo\/image\/\"},\"sameAs\":[\"https:\/\/www.facebook.com\/neweyeslaser\",\"https:\/\/x.com\/NewEyesLaser\",\"https:\/\/www.instagram.com\/neweyeslaser\/\"]}]}<\/script>\n<!-- \/ Yoast SEO Premium plugin. -->","yoast_head_json":{"title":"Politique de cookies - Eyecos Clinic - Changement de couleur des yeux par laser","robots":{"index":"noindex","follow":"follow"},"og_locale":"fr_FR","og_type":"article","og_title":"Politique de cookies","og_description":"Politique de cookies POLITIQUE DE CONFIDENTIALIT\u00c9 CAPTURANT LES DONN\u00c9ES ET LES COOKIES SUR LE WEB Politique de cookies du site En ce qui concerne les","og_url":"https:\/\/www.eyecos.eu\/fr\/politique-de-cookies\/","og_site_name":"Cl\u00ednica Eyecos - Cambio color de ojos","article_publisher":"https:\/\/www.facebook.com\/neweyeslaser","article_modified_time":"2021-05-21T11:18:17+00:00","twitter_card":"summary_large_image","twitter_site":"@NewEyesLaser","twitter_misc":{"Dur\u00e9e de lecture estim\u00e9e":"5 minutes"},"schema":{"@context":"https:\/\/schema.org","@graph":[{"@type":"WebPage","@id":"https:\/\/www.eyecos.eu\/fr\/politique-de-cookies\/","url":"https:\/\/www.eyecos.eu\/fr\/politique-de-cookies\/","name":"Politique de cookies - Eyecos Clinic - Changement de couleur des yeux par laser","isPartOf":{"@id":"https:\/\/www.eyecos.eu\/fr\/#website"},"datePublished":"2021-02-14T14:06:45+00:00","dateModified":"2021-05-21T11:18:17+00:00","breadcrumb":{"@id":"https:\/\/www.eyecos.eu\/fr\/politique-de-cookies\/#breadcrumb"},"inLanguage":"fr-FR","potentialAction":[{"@type":"ReadAction","target":["https:\/\/www.eyecos.eu\/fr\/politique-de-cookies\/"]}]},{"@type":"BreadcrumbList","@id":"https:\/\/www.eyecos.eu\/fr\/politique-de-cookies\/#breadcrumb","itemListElement":[{"@type":"ListItem","position":1,"name":"Eyecos","item":"https:\/\/www.eyecos.eu\/fr\/"},{"@type":"ListItem","position":2,"name":"Politique de cookies"}]},{"@type":"WebSite","@id":"https:\/\/www.eyecos.eu\/fr\/#website","url":"https:\/\/www.eyecos.eu\/fr\/","name":"Cl\u00ednica Eyecos - Cambio color de ojos","description":"\u00danica clinica que realiza el cambio del color de los ojos con l\u00e1ser con m\u00e1s 1000 pacientes y casi 10 a\u00f1os de experiencia","publisher":{"@id":"https:\/\/www.eyecos.eu\/fr\/#organization"},"potentialAction":[{"@type":"SearchAction","target":{"@type":"EntryPoint","urlTemplate":"https:\/\/www.eyecos.eu\/fr\/?s={search_term_string}"},"query-input":{"@type":"PropertyValueSpecification","valueRequired":true,"valueName":"search_term_string"}}],"inLanguage":"fr-FR"},{"@type":"Organization","@id":"https:\/\/www.eyecos.eu\/fr\/#organization","name":"Cl\u00ednica Eyecos - Cambio color de ojos","url":"https:\/\/www.eyecos.eu\/fr\/","logo":{"@type":"ImageObject","inLanguage":"fr-FR","@id":"https:\/\/www.eyecos.eu\/fr\/#\/schema\/logo\/image\/","url":"https:\/\/www.eyecos.eu\/wp-content\/uploads\/2024\/03\/LOGO-EYECOS.png","contentUrl":"https:\/\/www.eyecos.eu\/wp-content\/uploads\/2024\/03\/LOGO-EYECOS.png","width":480,"height":480,"caption":"Cl\u00ednica Eyecos - Cambio color de ojos"},"image":{"@id":"https:\/\/www.eyecos.eu\/fr\/#\/schema\/logo\/image\/"},"sameAs":["https:\/\/www.facebook.com\/neweyeslaser","https:\/\/x.com\/NewEyesLaser","https:\/\/www.instagram.com\/neweyeslaser\/"]}]}},"_links":{"self":[{"href":"https:\/\/www.eyecos.eu\/fr\/wp-json\/wp\/v2\/pages\/23446","targetHints":{"allow":["GET"]}}],"collection":[{"href":"https:\/\/www.eyecos.eu\/fr\/wp-json\/wp\/v2\/pages"}],"about":[{"href":"https:\/\/www.eyecos.eu\/fr\/wp-json\/wp\/v2\/types\/page"}],"author":[{"embeddable":true,"href":"https:\/\/www.eyecos.eu\/fr\/wp-json\/wp\/v2\/users\/1"}],"replies":[{"embeddable":true,"href":"https:\/\/www.eyecos.eu\/fr\/wp-json\/wp\/v2\/comments?post=23446"}],"version-history":[{"count":0,"href":"https:\/\/www.eyecos.eu\/fr\/wp-json\/wp\/v2\/pages\/23446\/revisions"}],"wp:attachment":[{"href":"https:\/\/www.eyecos.eu\/fr\/wp-json\/wp\/v2\/media?parent=23446"}],"curies":[{"name":"wp","href":"https:\/\/api.w.org\/{rel}","templated":true}]}}