{"id":23461,"date":"2021-02-14T14:08:11","date_gmt":"2021-02-14T14:08:11","guid":{"rendered":"https:\/\/www.eyecos.eu\/politica-de-privacidad\/"},"modified":"2022-04-08T07:54:13","modified_gmt":"2022-04-08T07:54:13","slug":"politique-de-privacite","status":"publish","type":"page","link":"https:\/\/www.eyecos.eu\/fr\/politique-de-privacite\/","title":{"rendered":"Politique de privacit\u00e9"},"content":{"rendered":"\t\t<div data-elementor-type=\"wp-page\" data-elementor-id=\"23461\" class=\"elementor elementor-23461 elementor-18321\" data-elementor-post-type=\"page\">\n\t\t\t\t\t\t<section class=\"elementor-section elementor-top-section elementor-element elementor-element-368f61e elementor-section-boxed elementor-section-height-default elementor-section-height-default\" data-id=\"368f61e\" data-element_type=\"section\" data-e-type=\"section\">\n\t\t\t\t\t\t<div class=\"elementor-container elementor-column-gap-default\">\n\t\t\t\t\t<div class=\"elementor-column elementor-col-100 elementor-top-column elementor-element elementor-element-7f254b4\" data-id=\"7f254b4\" data-element_type=\"column\" data-e-type=\"column\">\n\t\t\t<div class=\"elementor-widget-wrap elementor-element-populated\">\n\t\t\t\t\t\t<div class=\"elementor-element elementor-element-eb958d4 elementor-align-left elementor-widget elementor-widget-breadcrumbs\" data-id=\"eb958d4\" data-element_type=\"widget\" data-e-type=\"widget\" data-widget_type=\"breadcrumbs.default\">\n\t\t\t\t<div class=\"elementor-widget-container\">\n\t\t\t\t\t<p id=\"breadcrumbs\"><span><span><a href=\"https:\/\/www.eyecos.eu\/fr\/\">Eyecos<\/a><\/span><\/span><\/p>\t\t\t\t<\/div>\n\t\t\t\t<\/div>\n\t\t\t\t<div class=\"elementor-element elementor-element-f64fb4c elementor-widget elementor-widget-heading\" data-id=\"f64fb4c\" data-element_type=\"widget\" data-e-type=\"widget\" data-widget_type=\"heading.default\">\n\t\t\t\t<div class=\"elementor-widget-container\">\n\t\t\t\t\t<h1 class=\"elementor-heading-title elementor-size-default\">Politique de privacit\u00e9<\/h1>\t\t\t\t<\/div>\n\t\t\t\t<\/div>\n\t\t\t\t\t<\/div>\n\t\t<\/div>\n\t\t\t\t\t<\/div>\n\t\t<\/section>\n\t\t\t\t<section class=\"elementor-section elementor-top-section elementor-element elementor-element-7599c29 elementor-section-boxed elementor-section-height-default elementor-section-height-default\" data-id=\"7599c29\" data-element_type=\"section\" data-e-type=\"section\">\n\t\t\t\t\t\t<div class=\"elementor-container elementor-column-gap-default\">\n\t\t\t\t\t<div class=\"elementor-column elementor-col-100 elementor-top-column elementor-element elementor-element-8f491ef\" data-id=\"8f491ef\" data-element_type=\"column\" data-e-type=\"column\">\n\t\t\t<div class=\"elementor-widget-wrap elementor-element-populated\">\n\t\t\t\t\t\t<div class=\"elementor-element elementor-element-3281619 elementor-widget elementor-widget-text-editor\" data-id=\"3281619\" data-element_type=\"widget\" data-e-type=\"widget\" data-widget_type=\"text-editor.default\">\n\t\t\t\t<div class=\"elementor-widget-container\">\n\t\t\t\t\t\t\t\t\t<p>Cette politique de confidentialit\u00e9 r\u00e9git la mani\u00e8re dont NEWEYES TECH, SL collecte, utilise, conserve et divulgue les informations collect\u00e9es aupr\u00e8s des utilisateurs (chacune, \u00e0 \u201cUser\u201d) du site web https:\/\/www.eyecos.eu (\u201cSite\u201d). Cette politique de confidentialit\u00e9 s\u2019applique au site et \u00e0 tous les produits et services offerts par NEWEYES TECH, SL.<\/p><p><strong>Informations d\u2019identification personnelles<\/strong><br \/>Nous pouvons collecter des informations personnellement identifiables aupr\u00e8s des utilisateurs de diff\u00e9rentes mani\u00e8res, y compris, entre autres, lorsque les utilisateurs visitent notre site, remplissent un formulaire et se rapportent \u00e0 d\u2019autres activit\u00e9s, services, fonctionnalit\u00e9s ou ressources que nous mettons \u00e0 disposition sur notre site. Vous pouvez demander aux utilisateurs, le cas \u00e9ch\u00e9ant, un nom. Cependant, les utilisateurs peuvent visiter notre site anonymement. Nous ne collecterons les informations d\u2019identification personnelle des utilisateurs que s\u2019ils nous les envoient volontairement. Les utilisateurs peuvent toujours refuser de fournir des informations personnellement identifiables, sauf peut les les emp\u00eacher de participer \u00e0 certaines activit\u00e9s li\u00e9es au site.<\/p><p><strong>Informations d\u2019identification non personnelles<\/strong><br \/>Nous pouvons collecter des informations d\u2019identification non personnelles sur les utilisateurs chaque fois qu\u2019ils interagissent avec notre site. Les informations d\u2019identification non personnelles peuvent inclure le nom du navigateur, le type d\u2019ordinateur et des informations techniques sur les utilisateurs de la connexion \u00e0 notre site, telles que le syst\u00e8me d\u2019exploitation et les fournisseurs de services Internet utilis\u00e9s, ainsi que d\u2019autres informations similaires.<\/p><p><strong>Cookies du Navigateur Web<\/strong><br \/>Notre site peut utiliser des \u201ccookies\u201d pour am\u00e9liorer l\u2019exp\u00e9rience utilisateur. Le navigateur Web de l\u2019utilisateur place des cookies sur leurs disques durs \u00e0 des fins d\u2019enregistrement et parfois pour suivre les informations les concernant. L\u2019utilisateur peut choisir de configurer son navigateur Web pour refuser les cookies ou pour l\u2019avertir lorsque des cookies sont envoy\u00e9s. Si tel est le cas, n\u2019oubliez pas que certaines parties du site risquent de ne pas fonctionner correctement.<\/p><p><strong>Comment nous utilisons les informations collect\u00e9es<\/strong><br \/>NEWEYES TECH, SL peut collecter et utiliser les informations personnelles des utilisateurs aux fins suivantes:<br \/>\u2013 Pour am\u00e9liorer notre site<br \/>Nous pouvons utiliser les commentaires pour fournir nos produits et services.<br \/>\u2013 Pour envoyer des emails p\u00e9riodiques<br \/>Nous pouvons utiliser l\u2019adresse email pour r\u00e9pondre \u00e0 vos questions, questions et \/ ou autres demandes.<br \/>Comment nous prot\u00e9geons vos informations<br \/>Nous adoptons des pratiques appropri\u00e9es de collecte, de stockage et de traitement des donn\u00e9es, ainsi que des mesures de s\u00e9curit\u00e9 afin de vous prot\u00e9ger contre tout acc\u00e8s, modification, divulgation ou destruction non autoris\u00e9s de vos informations personnelles, nom d\u2019utilisateur, mot de passe, informations de transaction et donn\u00e9es stock\u00e9es sur notre site.<br \/>Notre site est conforme aux normes de vuln\u00e9rabilit\u00e9 PCI pour cr\u00e9er l\u2019environnement le plus s\u00fbr possible pour les utilisateurs.<\/p><p><strong>Partage de vos informations personnelles<\/strong><br \/>Nous ne vendons, n\u2019\u00e9changeons ni ne louons \u00e0 des tiers des informations personnellement identifiables. Nous pouvons partager des informations d\u00e9mographiques globales g\u00e9n\u00e9riques non li\u00e9es \u00e0 des informations personnellement identifiables sur les visiteurs et les utilisateurs avec nos partenaires commerciaux, soci\u00e9t\u00e9s affili\u00e9es de confiance et annonceurs aux fins d\u00e9crites ci-dessus.<br \/>Nous utilisons MailChimp comme plate-forme d\u2019automatisation du marketing. En vous inscrivant \u00e0 notre formulaire, vous acceptez que les informations que vous ne fournissez pas soient transf\u00e9r\u00e9es \u00e0 MailChimp pour traitement, conform\u00e9ment \u00e0 sa politique de confidentialit\u00e9 et ses conditions d\u2019utilisation.<\/p><p><strong>Quels sont vos droits?<\/strong><br \/>1) Droit de retirer son consentement<br \/>Vous avez le droit de retirer un consentement pr\u00e9alablement donn\u00e9 pour le traitement de vos donn\u00e9es personnelles \u00e0 des fins.<br \/>2) Droit d\u2019acc\u00e8s<br \/>Vous avez le droit de conna\u00eetre les donn\u00e9es personnelles vous concernant et d\u2019y acc\u00e9der.<br \/>3) Droit de rectification<br \/>Vous avez le droit de demander des modifications \u00e0 vos donn\u00e9es personnelles au cas o\u00f9 vous pensez que ces donn\u00e9es personnelles ne sont pas \u00e0 jour ou exactes.<br \/>4) Droit d\u2019objection<br \/>Vous avez le droit de vous opposer au traitement de vos donn\u00e9es personnelles.<br \/>5) Droit d\u2019\u00eatre oubli\u00e9<br \/>Vous avez le droit de demander que vos donn\u00e9es personnelles soient effac\u00e9es.<br \/>6) Droit pour la portabilit\u00e9 des donn\u00e9es<br \/>Vous avez le droit d\u2019obtenir une copie de vos donn\u00e9es dans un format lisible par machine.<br \/>7) Limite de traitement<br \/>Vous avez le droit de limiter le traitement des donn\u00e9es lorsque l\u2019une des conditions \u00e9nonc\u00e9es dans les r\u00e9glementations sur la protection des donn\u00e9es est remplie..<br \/>8) R\u00e9clamations<br \/>Vous avez le droit de d\u00e9poser une r\u00e9clamation aupr\u00e8s de L\u2019Agence espagnole de protection des donn\u00e9es (Agencia Espa\u00f1ola de Protection de Datos (http:\/\/www.aepd.es)), si vous consid\u00e9rez que NEWEYES TECH, SL a viol\u00e9 les droits reconnus par la r\u00e9glementation en vigueur sur la protection des donn\u00e9es.<br \/>Vous pouvez exercer vos droits en nous contactant info@eyecos.eu<\/p><p><strong>Changements \u00e0 cette politique de confidentialit\u00e9<\/strong><br \/>NEWEYES TECH, SL a la discr\u00e9tion de mettre \u00e0 jour cette politique de confidentialit\u00e9 \u00e0 tout moment. Lorsque nous le ferons, nous examinerons la date de mise \u00e0 jour au bas de cette page. Nous encourageons les utilisateurs \u00e0 v\u00e9rifier sur cette page les modifications afin de rester inform\u00e9s de la mani\u00e8re dont nous aidons \u00e0 prot\u00e9ger les informations personnelles que nous recueillons. Vous reconnaissez et acceptez qu\u2019il est de votre responsabilit\u00e9 de v\u00e9rifier p\u00e9riodiquement cette politique de confidentialit\u00e9 et d\u2019en conna\u00eetre les modifications.<br \/>________________________________________<br \/>Nous contacter<br \/>Si vous avez des questions concernant la pr\u00e9sente politique de confidentialit\u00e9, les pratiques de ce site ou vos relations avec ce site, contactez-nous \u00e0 l\u2019adresse:<br \/>Eyecos Clinic<\/p>\t\t\t\t\t\t\t\t<\/div>\n\t\t\t\t<\/div>\n\t\t\t\t\t<\/div>\n\t\t<\/div>\n\t\t\t\t\t<\/div>\n\t\t<\/section>\n\t\t\t\t<\/div>\n\t\t","protected":false},"excerpt":{"rendered":"<p>Politique de privacit\u00e9 Cette politique de confidentialit\u00e9 r\u00e9git la mani\u00e8re dont NEWEYES TECH, SL collecte, utilise, conserve et divulgue les informations collect\u00e9es aupr\u00e8s des utilisateurs (chacune, \u00e0 \u201cUser\u201d) du site web https:\/\/www.eyecos.eu (\u201cSite\u201d). Cette politique de confidentialit\u00e9 s\u2019applique au site et \u00e0 tous les produits et services offerts par NEWEYES TECH, SL. Informations d\u2019identification personnelles [&hellip;]<\/p>\n","protected":false},"author":1,"featured_media":0,"parent":0,"menu_order":0,"comment_status":"closed","ping_status":"closed","template":"","meta":{"_joinchat":[],"footnotes":""},"class_list":["post-23461","page","type-page","status-publish","hentry"],"yoast_head":"<!-- This site is optimized with the Yoast SEO Premium plugin v26.7 (Yoast SEO v27.2) - https:\/\/yoast.com\/product\/yoast-seo-premium-wordpress\/ -->\n<title>Politique de privacit\u00e9 - Eyecos Clinic - Changement de couleur des yeux par laser<\/title>\n<meta name=\"robots\" content=\"noindex, follow\" \/>\n<meta property=\"og:locale\" content=\"fr_FR\" \/>\n<meta property=\"og:type\" content=\"article\" \/>\n<meta property=\"og:title\" content=\"Politique de privacit\u00e9\" \/>\n<meta property=\"og:description\" content=\"Politique de privacit\u00e9 Cette politique de confidentialit\u00e9 r\u00e9git la mani\u00e8re dont NEWEYES TECH, SL collecte, utilise, conserve et divulgue les informations\" \/>\n<meta property=\"og:url\" content=\"https:\/\/www.eyecos.eu\/fr\/politique-de-privacite\/\" \/>\n<meta property=\"og:site_name\" content=\"Cl\u00ednica Eyecos - Cambio color de ojos\" \/>\n<meta property=\"article:publisher\" content=\"https:\/\/www.facebook.com\/neweyeslaser\" \/>\n<meta property=\"article:modified_time\" content=\"2022-04-08T07:54:13+00:00\" \/>\n<meta name=\"twitter:card\" content=\"summary_large_image\" \/>\n<meta name=\"twitter:site\" content=\"@NewEyesLaser\" \/>\n<meta name=\"twitter:label1\" content=\"Dur\u00e9e de lecture estim\u00e9e\" \/>\n\t<meta name=\"twitter:data1\" content=\"4 minutes\" \/>\n<script type=\"application\/ld+json\" class=\"yoast-schema-graph\">{\"@context\":\"https:\/\/schema.org\",\"@graph\":[{\"@type\":\"WebPage\",\"@id\":\"https:\/\/www.eyecos.eu\/fr\/politique-de-privacite\/\",\"url\":\"https:\/\/www.eyecos.eu\/fr\/politique-de-privacite\/\",\"name\":\"Politique de privacit\u00e9 - Eyecos Clinic - Changement de couleur des yeux par laser\",\"isPartOf\":{\"@id\":\"https:\/\/www.eyecos.eu\/fr\/#website\"},\"datePublished\":\"2021-02-14T14:08:11+00:00\",\"dateModified\":\"2022-04-08T07:54:13+00:00\",\"breadcrumb\":{\"@id\":\"https:\/\/www.eyecos.eu\/fr\/politique-de-privacite\/#breadcrumb\"},\"inLanguage\":\"fr-FR\",\"potentialAction\":[{\"@type\":\"ReadAction\",\"target\":[\"https:\/\/www.eyecos.eu\/fr\/politique-de-privacite\/\"]}]},{\"@type\":\"BreadcrumbList\",\"@id\":\"https:\/\/www.eyecos.eu\/fr\/politique-de-privacite\/#breadcrumb\",\"itemListElement\":[{\"@type\":\"ListItem\",\"position\":1,\"name\":\"Eyecos\",\"item\":\"https:\/\/www.eyecos.eu\/fr\/\"},{\"@type\":\"ListItem\",\"position\":2,\"name\":\"Politique de privacit\u00e9\"}]},{\"@type\":\"WebSite\",\"@id\":\"https:\/\/www.eyecos.eu\/fr\/#website\",\"url\":\"https:\/\/www.eyecos.eu\/fr\/\",\"name\":\"Cl\u00ednica Eyecos - Cambio color de ojos\",\"description\":\"\u00danica clinica que realiza el cambio del color de los ojos con l\u00e1ser con m\u00e1s 1000 pacientes y casi 10 a\u00f1os de experiencia\",\"publisher\":{\"@id\":\"https:\/\/www.eyecos.eu\/fr\/#organization\"},\"potentialAction\":[{\"@type\":\"SearchAction\",\"target\":{\"@type\":\"EntryPoint\",\"urlTemplate\":\"https:\/\/www.eyecos.eu\/fr\/?s={search_term_string}\"},\"query-input\":{\"@type\":\"PropertyValueSpecification\",\"valueRequired\":true,\"valueName\":\"search_term_string\"}}],\"inLanguage\":\"fr-FR\"},{\"@type\":\"Organization\",\"@id\":\"https:\/\/www.eyecos.eu\/fr\/#organization\",\"name\":\"Cl\u00ednica Eyecos - Cambio color de ojos\",\"url\":\"https:\/\/www.eyecos.eu\/fr\/\",\"logo\":{\"@type\":\"ImageObject\",\"inLanguage\":\"fr-FR\",\"@id\":\"https:\/\/www.eyecos.eu\/fr\/#\/schema\/logo\/image\/\",\"url\":\"https:\/\/www.eyecos.eu\/wp-content\/uploads\/2024\/03\/LOGO-EYECOS.png\",\"contentUrl\":\"https:\/\/www.eyecos.eu\/wp-content\/uploads\/2024\/03\/LOGO-EYECOS.png\",\"width\":480,\"height\":480,\"caption\":\"Cl\u00ednica Eyecos - Cambio color de ojos\"},\"image\":{\"@id\":\"https:\/\/www.eyecos.eu\/fr\/#\/schema\/logo\/image\/\"},\"sameAs\":[\"https:\/\/www.facebook.com\/neweyeslaser\",\"https:\/\/x.com\/NewEyesLaser\",\"https:\/\/www.instagram.com\/neweyeslaser\/\"]}]}<\/script>\n<!-- \/ Yoast SEO Premium plugin. -->","yoast_head_json":{"title":"Politique de privacit\u00e9 - Eyecos Clinic - Changement de couleur des yeux par laser","robots":{"index":"noindex","follow":"follow"},"og_locale":"fr_FR","og_type":"article","og_title":"Politique de privacit\u00e9","og_description":"Politique de privacit\u00e9 Cette politique de confidentialit\u00e9 r\u00e9git la mani\u00e8re dont NEWEYES TECH, SL collecte, utilise, conserve et divulgue les informations","og_url":"https:\/\/www.eyecos.eu\/fr\/politique-de-privacite\/","og_site_name":"Cl\u00ednica Eyecos - Cambio color de ojos","article_publisher":"https:\/\/www.facebook.com\/neweyeslaser","article_modified_time":"2022-04-08T07:54:13+00:00","twitter_card":"summary_large_image","twitter_site":"@NewEyesLaser","twitter_misc":{"Dur\u00e9e de lecture estim\u00e9e":"4 minutes"},"schema":{"@context":"https:\/\/schema.org","@graph":[{"@type":"WebPage","@id":"https:\/\/www.eyecos.eu\/fr\/politique-de-privacite\/","url":"https:\/\/www.eyecos.eu\/fr\/politique-de-privacite\/","name":"Politique de privacit\u00e9 - Eyecos Clinic - Changement de couleur des yeux par laser","isPartOf":{"@id":"https:\/\/www.eyecos.eu\/fr\/#website"},"datePublished":"2021-02-14T14:08:11+00:00","dateModified":"2022-04-08T07:54:13+00:00","breadcrumb":{"@id":"https:\/\/www.eyecos.eu\/fr\/politique-de-privacite\/#breadcrumb"},"inLanguage":"fr-FR","potentialAction":[{"@type":"ReadAction","target":["https:\/\/www.eyecos.eu\/fr\/politique-de-privacite\/"]}]},{"@type":"BreadcrumbList","@id":"https:\/\/www.eyecos.eu\/fr\/politique-de-privacite\/#breadcrumb","itemListElement":[{"@type":"ListItem","position":1,"name":"Eyecos","item":"https:\/\/www.eyecos.eu\/fr\/"},{"@type":"ListItem","position":2,"name":"Politique de privacit\u00e9"}]},{"@type":"WebSite","@id":"https:\/\/www.eyecos.eu\/fr\/#website","url":"https:\/\/www.eyecos.eu\/fr\/","name":"Cl\u00ednica Eyecos - Cambio color de ojos","description":"\u00danica clinica que realiza el cambio del color de los ojos con l\u00e1ser con m\u00e1s 1000 pacientes y casi 10 a\u00f1os de experiencia","publisher":{"@id":"https:\/\/www.eyecos.eu\/fr\/#organization"},"potentialAction":[{"@type":"SearchAction","target":{"@type":"EntryPoint","urlTemplate":"https:\/\/www.eyecos.eu\/fr\/?s={search_term_string}"},"query-input":{"@type":"PropertyValueSpecification","valueRequired":true,"valueName":"search_term_string"}}],"inLanguage":"fr-FR"},{"@type":"Organization","@id":"https:\/\/www.eyecos.eu\/fr\/#organization","name":"Cl\u00ednica Eyecos - Cambio color de ojos","url":"https:\/\/www.eyecos.eu\/fr\/","logo":{"@type":"ImageObject","inLanguage":"fr-FR","@id":"https:\/\/www.eyecos.eu\/fr\/#\/schema\/logo\/image\/","url":"https:\/\/www.eyecos.eu\/wp-content\/uploads\/2024\/03\/LOGO-EYECOS.png","contentUrl":"https:\/\/www.eyecos.eu\/wp-content\/uploads\/2024\/03\/LOGO-EYECOS.png","width":480,"height":480,"caption":"Cl\u00ednica Eyecos - Cambio color de ojos"},"image":{"@id":"https:\/\/www.eyecos.eu\/fr\/#\/schema\/logo\/image\/"},"sameAs":["https:\/\/www.facebook.com\/neweyeslaser","https:\/\/x.com\/NewEyesLaser","https:\/\/www.instagram.com\/neweyeslaser\/"]}]}},"_links":{"self":[{"href":"https:\/\/www.eyecos.eu\/fr\/wp-json\/wp\/v2\/pages\/23461","targetHints":{"allow":["GET"]}}],"collection":[{"href":"https:\/\/www.eyecos.eu\/fr\/wp-json\/wp\/v2\/pages"}],"about":[{"href":"https:\/\/www.eyecos.eu\/fr\/wp-json\/wp\/v2\/types\/page"}],"author":[{"embeddable":true,"href":"https:\/\/www.eyecos.eu\/fr\/wp-json\/wp\/v2\/users\/1"}],"replies":[{"embeddable":true,"href":"https:\/\/www.eyecos.eu\/fr\/wp-json\/wp\/v2\/comments?post=23461"}],"version-history":[{"count":0,"href":"https:\/\/www.eyecos.eu\/fr\/wp-json\/wp\/v2\/pages\/23461\/revisions"}],"wp:attachment":[{"href":"https:\/\/www.eyecos.eu\/fr\/wp-json\/wp\/v2\/media?parent=23461"}],"curies":[{"name":"wp","href":"https:\/\/api.w.org\/{rel}","templated":true}]}}