{"id":23507,"date":"2021-04-26T16:20:01","date_gmt":"2021-04-26T16:20:01","guid":{"rendered":"https:\/\/www.eyecos.eu\/barcelone\/telefonos-de-interes\/"},"modified":"2021-05-21T11:14:58","modified_gmt":"2021-05-21T11:14:58","slug":"telephones-dinteret-et-mobilite","status":"publish","type":"page","link":"https:\/\/www.eyecos.eu\/fr\/clinique\/telephones-dinteret-et-mobilite\/","title":{"rendered":"T\u00e9l\u00e9phones d&rsquo;int\u00e9r\u00eat et mobilit\u00e9"},"content":{"rendered":"\t\t<div data-elementor-type=\"wp-page\" data-elementor-id=\"23507\" class=\"elementor elementor-23507 elementor-21546\" data-elementor-post-type=\"page\">\n\t\t\t\t\t\t<section class=\"elementor-section elementor-top-section elementor-element elementor-element-0b25122 elementor-section-boxed elementor-section-height-default elementor-section-height-default\" data-id=\"0b25122\" data-element_type=\"section\" data-e-type=\"section\">\n\t\t\t\t\t\t<div class=\"elementor-container elementor-column-gap-default\">\n\t\t\t\t\t<div class=\"elementor-column elementor-col-100 elementor-top-column elementor-element elementor-element-a917792\" data-id=\"a917792\" data-element_type=\"column\" data-e-type=\"column\">\n\t\t\t<div class=\"elementor-widget-wrap elementor-element-populated\">\n\t\t\t\t\t\t<div class=\"elementor-element elementor-element-e26ea08 elementor-align-left elementor-widget elementor-widget-breadcrumbs\" data-id=\"e26ea08\" data-element_type=\"widget\" data-e-type=\"widget\" data-widget_type=\"breadcrumbs.default\">\n\t\t\t\t<div class=\"elementor-widget-container\">\n\t\t\t\t\t<p id=\"breadcrumbs\"><span><span><a href=\"https:\/\/www.eyecos.eu\/fr\/\">Eyecos<\/a><\/span><\/span><\/p>\t\t\t\t<\/div>\n\t\t\t\t<\/div>\n\t\t\t\t<div class=\"elementor-element elementor-element-ac0a1fc elementor-widget elementor-widget-heading\" data-id=\"ac0a1fc\" data-element_type=\"widget\" data-e-type=\"widget\" data-widget_type=\"heading.default\">\n\t\t\t\t<div class=\"elementor-widget-container\">\n\t\t\t\t\t<h1 class=\"elementor-heading-title elementor-size-default\">T\u00e9l\u00e9phones d\u2019int\u00e9r\u00eat et mobilit\u00e9<\/h1>\t\t\t\t<\/div>\n\t\t\t\t<\/div>\n\t\t\t\t\t<\/div>\n\t\t<\/div>\n\t\t\t\t\t<\/div>\n\t\t<\/section>\n\t\t\t\t<section class=\"elementor-section elementor-top-section elementor-element elementor-element-77e25f5 elementor-section-boxed elementor-section-height-default elementor-section-height-default\" data-id=\"77e25f5\" data-element_type=\"section\" data-e-type=\"section\">\n\t\t\t\t\t\t<div class=\"elementor-container elementor-column-gap-default\">\n\t\t\t\t\t<div class=\"elementor-column elementor-col-50 elementor-top-column elementor-element elementor-element-e383ee1\" data-id=\"e383ee1\" data-element_type=\"column\" data-e-type=\"column\">\n\t\t\t<div class=\"elementor-widget-wrap elementor-element-populated\">\n\t\t\t\t\t\t<div class=\"elementor-element elementor-element-2a7cd17 elementor-widget elementor-widget-text-editor\" data-id=\"2a7cd17\" data-element_type=\"widget\" data-e-type=\"widget\" data-widget_type=\"text-editor.default\">\n\t\t\t\t<div class=\"elementor-widget-container\">\n\t\t\t\t\t\t\t\t\t<p><strong>T\u00e9l\u00e9phones d\u2019int\u00e9r\u00eat et mobilit\u00e9<\/strong><\/p><p>Emergencies: 112<br \/>Policia Local: 092<br \/>Bomberos: 080<\/p><p><a href=\"https:\/\/www.tmb.cat\/en\/barcelona\/journey-planner\" target=\"_blank\" rel=\"noopener\">https:\/\/www.tmb.cat\/en\/barcelona\/journey-planner<\/a><\/p><p><a href=\"https:\/\/w33.bcn.cat\/planolBCN\/en\/\" target=\"_blank\" rel=\"noopener\">https:\/\/w33.bcn.cat\/planolBCN\/en\/<\/a><\/p><p><strong>Taxi<\/strong><\/p><p>Servitaxi: 933 30 03 00<br \/>Taxi Barcelona 24h: 935 66 61 00<br \/>Objetes perduts : 902 101 564<\/p><p class=\"p1\"><strong><span class=\"s1\">Carte perdue<\/span><\/strong><\/p><p>American Express: 902 375 637<br \/>Dinner\u2019s Club:900 801 331<\/p>\t\t\t\t\t\t\t\t<\/div>\n\t\t\t\t<\/div>\n\t\t\t\t\t<\/div>\n\t\t<\/div>\n\t\t\t\t<div class=\"elementor-column elementor-col-50 elementor-top-column elementor-element elementor-element-041902a\" data-id=\"041902a\" data-element_type=\"column\" data-e-type=\"column\">\n\t\t\t<div class=\"elementor-widget-wrap elementor-element-populated\">\n\t\t\t\t\t\t<div class=\"elementor-element elementor-element-d0b54dc elementor-widget elementor-widget-text-editor\" data-id=\"d0b54dc\" data-element_type=\"widget\" data-e-type=\"widget\" data-widget_type=\"text-editor.default\">\n\t\t\t\t<div class=\"elementor-widget-container\">\n\t\t\t\t\t\t\t\t\t<strong>Plan de Barcelone<\/strong>\n\n<iframe style=\"border: 0;\" src=\"https:\/\/www.google.com\/maps\/embed?pb=!1m18!1m12!1m3!1d34092.51917383304!2d2.1509477938836903!3d41.405216877216326!2m3!1f0!2f0!3f0!3m2!1i1024!2i768!4f13.1!3m3!1m2!1s0x12a49816718e30e5%3A0x44b0fb3d4f47660a!2sBarcelona%2C%20B!5e0!3m2!1ses!2ses!4v1619774523154!5m2!1ses!2ses\" width=\"250\" height=\"350\" allowfullscreen=\"allowfullscreen\"><\/iframe>\t\t\t\t\t\t\t\t<\/div>\n\t\t\t\t<\/div>\n\t\t\t\t\t<\/div>\n\t\t<\/div>\n\t\t\t\t\t<\/div>\n\t\t<\/section>\n\t\t\t\t<\/div>\n\t\t","protected":false},"excerpt":{"rendered":"<p>T\u00e9l\u00e9phones d\u2019int\u00e9r\u00eat et mobilit\u00e9 T\u00e9l\u00e9phones d\u2019int\u00e9r\u00eat et mobilit\u00e9 Emergencies: 112 Policia Local: 092 Bomberos: 080 https:\/\/www.tmb.cat\/en\/barcelona\/journey-planner https:\/\/w33.bcn.cat\/planolBCN\/en\/ Taxi Servitaxi: 933 30 03 00 Taxi Barcelona 24h: 935 66 61 00 Objetes perduts : 902 101 564 Carte perdue American Express: 902 375 637 Dinner\u2019s Club:900 801 331 Plan de Barcelone<\/p>\n","protected":false},"author":1,"featured_media":0,"parent":289534,"menu_order":0,"comment_status":"closed","ping_status":"closed","template":"","meta":{"_joinchat":[],"footnotes":""},"class_list":["post-23507","page","type-page","status-publish","hentry"],"yoast_head":"<!-- This site is optimized with the Yoast SEO Premium plugin v26.7 (Yoast SEO v27.2) - https:\/\/yoast.com\/product\/yoast-seo-premium-wordpress\/ -->\n<title>T\u00e9l\u00e9phones d&#039;int\u00e9r\u00eat et mobilit\u00e9 - Eyecos Clinic - Changement de couleur des yeux par laser<\/title>\n<meta name=\"robots\" content=\"index, follow, max-snippet:-1, max-image-preview:large, max-video-preview:-1\" \/>\n<link rel=\"canonical\" href=\"https:\/\/www.eyecos.eu\/fr\/clinique\/telephones-dinteret-et-mobilite\/\" \/>\n<meta property=\"og:locale\" content=\"fr_FR\" \/>\n<meta property=\"og:type\" content=\"article\" \/>\n<meta property=\"og:title\" content=\"T\u00e9l\u00e9phones d&#039;int\u00e9r\u00eat et mobilit\u00e9\" \/>\n<meta property=\"og:description\" content=\"T\u00e9l\u00e9phones d\u2019int\u00e9r\u00eat et mobilit\u00e9 T\u00e9l\u00e9phones d\u2019int\u00e9r\u00eat et mobilit\u00e9 Emergencies: 112 Policia Local: 092 Bomberos: 080\" \/>\n<meta property=\"og:url\" content=\"https:\/\/www.eyecos.eu\/fr\/clinique\/telephones-dinteret-et-mobilite\/\" \/>\n<meta property=\"og:site_name\" content=\"Cl\u00ednica Eyecos - Cambio color de ojos\" \/>\n<meta property=\"article:publisher\" content=\"https:\/\/www.facebook.com\/neweyeslaser\" \/>\n<meta property=\"article:modified_time\" content=\"2021-05-21T11:14:58+00:00\" \/>\n<meta name=\"twitter:card\" content=\"summary_large_image\" \/>\n<meta name=\"twitter:site\" content=\"@NewEyesLaser\" \/>\n<meta name=\"twitter:label1\" content=\"Dur\u00e9e de lecture estim\u00e9e\" \/>\n\t<meta name=\"twitter:data1\" content=\"1 minute\" \/>\n<script type=\"application\/ld+json\" class=\"yoast-schema-graph\">{\"@context\":\"https:\/\/schema.org\",\"@graph\":[{\"@type\":\"WebPage\",\"@id\":\"https:\/\/www.eyecos.eu\/fr\/clinique\/telephones-dinteret-et-mobilite\/\",\"url\":\"https:\/\/www.eyecos.eu\/fr\/clinique\/telephones-dinteret-et-mobilite\/\",\"name\":\"T\u00e9l\u00e9phones d'int\u00e9r\u00eat et mobilit\u00e9 - Eyecos Clinic - Changement de couleur des yeux par laser\",\"isPartOf\":{\"@id\":\"https:\/\/www.eyecos.eu\/fr\/#website\"},\"datePublished\":\"2021-04-26T16:20:01+00:00\",\"dateModified\":\"2021-05-21T11:14:58+00:00\",\"breadcrumb\":{\"@id\":\"https:\/\/www.eyecos.eu\/fr\/clinique\/telephones-dinteret-et-mobilite\/#breadcrumb\"},\"inLanguage\":\"fr-FR\",\"potentialAction\":[{\"@type\":\"ReadAction\",\"target\":[\"https:\/\/www.eyecos.eu\/fr\/clinique\/telephones-dinteret-et-mobilite\/\"]}]},{\"@type\":\"BreadcrumbList\",\"@id\":\"https:\/\/www.eyecos.eu\/fr\/clinique\/telephones-dinteret-et-mobilite\/#breadcrumb\",\"itemListElement\":[{\"@type\":\"ListItem\",\"position\":1,\"name\":\"Eyecos\",\"item\":\"https:\/\/www.eyecos.eu\/fr\/\"},{\"@type\":\"ListItem\",\"position\":2,\"name\":\"Clinique\",\"item\":\"https:\/\/www.eyecos.eu\/fr\/clinic\/\"},{\"@type\":\"ListItem\",\"position\":3,\"name\":\"T\u00e9l\u00e9phones d&#8217;int\u00e9r\u00eat et mobilit\u00e9\"}]},{\"@type\":\"WebSite\",\"@id\":\"https:\/\/www.eyecos.eu\/fr\/#website\",\"url\":\"https:\/\/www.eyecos.eu\/fr\/\",\"name\":\"Cl\u00ednica Eyecos - Cambio color de ojos\",\"description\":\"\u00danica clinica que realiza el cambio del color de los ojos con l\u00e1ser con m\u00e1s 1000 pacientes y casi 10 a\u00f1os de experiencia\",\"publisher\":{\"@id\":\"https:\/\/www.eyecos.eu\/fr\/#organization\"},\"potentialAction\":[{\"@type\":\"SearchAction\",\"target\":{\"@type\":\"EntryPoint\",\"urlTemplate\":\"https:\/\/www.eyecos.eu\/fr\/?s={search_term_string}\"},\"query-input\":{\"@type\":\"PropertyValueSpecification\",\"valueRequired\":true,\"valueName\":\"search_term_string\"}}],\"inLanguage\":\"fr-FR\"},{\"@type\":\"Organization\",\"@id\":\"https:\/\/www.eyecos.eu\/fr\/#organization\",\"name\":\"Cl\u00ednica Eyecos - Cambio color de ojos\",\"url\":\"https:\/\/www.eyecos.eu\/fr\/\",\"logo\":{\"@type\":\"ImageObject\",\"inLanguage\":\"fr-FR\",\"@id\":\"https:\/\/www.eyecos.eu\/fr\/#\/schema\/logo\/image\/\",\"url\":\"https:\/\/www.eyecos.eu\/wp-content\/uploads\/2024\/03\/LOGO-EYECOS.png\",\"contentUrl\":\"https:\/\/www.eyecos.eu\/wp-content\/uploads\/2024\/03\/LOGO-EYECOS.png\",\"width\":480,\"height\":480,\"caption\":\"Cl\u00ednica Eyecos - Cambio color de ojos\"},\"image\":{\"@id\":\"https:\/\/www.eyecos.eu\/fr\/#\/schema\/logo\/image\/\"},\"sameAs\":[\"https:\/\/www.facebook.com\/neweyeslaser\",\"https:\/\/x.com\/NewEyesLaser\",\"https:\/\/www.instagram.com\/neweyeslaser\/\"]}]}<\/script>\n<!-- \/ Yoast SEO Premium plugin. -->","yoast_head_json":{"title":"T\u00e9l\u00e9phones d'int\u00e9r\u00eat et mobilit\u00e9 - Eyecos Clinic - Changement de couleur des yeux par laser","robots":{"index":"index","follow":"follow","max-snippet":"max-snippet:-1","max-image-preview":"max-image-preview:large","max-video-preview":"max-video-preview:-1"},"canonical":"https:\/\/www.eyecos.eu\/fr\/clinique\/telephones-dinteret-et-mobilite\/","og_locale":"fr_FR","og_type":"article","og_title":"T\u00e9l\u00e9phones d'int\u00e9r\u00eat et mobilit\u00e9","og_description":"T\u00e9l\u00e9phones d\u2019int\u00e9r\u00eat et mobilit\u00e9 T\u00e9l\u00e9phones d\u2019int\u00e9r\u00eat et mobilit\u00e9 Emergencies: 112 Policia Local: 092 Bomberos: 080","og_url":"https:\/\/www.eyecos.eu\/fr\/clinique\/telephones-dinteret-et-mobilite\/","og_site_name":"Cl\u00ednica Eyecos - Cambio color de ojos","article_publisher":"https:\/\/www.facebook.com\/neweyeslaser","article_modified_time":"2021-05-21T11:14:58+00:00","twitter_card":"summary_large_image","twitter_site":"@NewEyesLaser","twitter_misc":{"Dur\u00e9e de lecture estim\u00e9e":"1 minute"},"schema":{"@context":"https:\/\/schema.org","@graph":[{"@type":"WebPage","@id":"https:\/\/www.eyecos.eu\/fr\/clinique\/telephones-dinteret-et-mobilite\/","url":"https:\/\/www.eyecos.eu\/fr\/clinique\/telephones-dinteret-et-mobilite\/","name":"T\u00e9l\u00e9phones d'int\u00e9r\u00eat et mobilit\u00e9 - Eyecos Clinic - Changement de couleur des yeux par laser","isPartOf":{"@id":"https:\/\/www.eyecos.eu\/fr\/#website"},"datePublished":"2021-04-26T16:20:01+00:00","dateModified":"2021-05-21T11:14:58+00:00","breadcrumb":{"@id":"https:\/\/www.eyecos.eu\/fr\/clinique\/telephones-dinteret-et-mobilite\/#breadcrumb"},"inLanguage":"fr-FR","potentialAction":[{"@type":"ReadAction","target":["https:\/\/www.eyecos.eu\/fr\/clinique\/telephones-dinteret-et-mobilite\/"]}]},{"@type":"BreadcrumbList","@id":"https:\/\/www.eyecos.eu\/fr\/clinique\/telephones-dinteret-et-mobilite\/#breadcrumb","itemListElement":[{"@type":"ListItem","position":1,"name":"Eyecos","item":"https:\/\/www.eyecos.eu\/fr\/"},{"@type":"ListItem","position":2,"name":"Clinique","item":"https:\/\/www.eyecos.eu\/fr\/clinic\/"},{"@type":"ListItem","position":3,"name":"T\u00e9l\u00e9phones d&#8217;int\u00e9r\u00eat et mobilit\u00e9"}]},{"@type":"WebSite","@id":"https:\/\/www.eyecos.eu\/fr\/#website","url":"https:\/\/www.eyecos.eu\/fr\/","name":"Cl\u00ednica Eyecos - Cambio color de ojos","description":"\u00danica clinica que realiza el cambio del color de los ojos con l\u00e1ser con m\u00e1s 1000 pacientes y casi 10 a\u00f1os de experiencia","publisher":{"@id":"https:\/\/www.eyecos.eu\/fr\/#organization"},"potentialAction":[{"@type":"SearchAction","target":{"@type":"EntryPoint","urlTemplate":"https:\/\/www.eyecos.eu\/fr\/?s={search_term_string}"},"query-input":{"@type":"PropertyValueSpecification","valueRequired":true,"valueName":"search_term_string"}}],"inLanguage":"fr-FR"},{"@type":"Organization","@id":"https:\/\/www.eyecos.eu\/fr\/#organization","name":"Cl\u00ednica Eyecos - Cambio color de ojos","url":"https:\/\/www.eyecos.eu\/fr\/","logo":{"@type":"ImageObject","inLanguage":"fr-FR","@id":"https:\/\/www.eyecos.eu\/fr\/#\/schema\/logo\/image\/","url":"https:\/\/www.eyecos.eu\/wp-content\/uploads\/2024\/03\/LOGO-EYECOS.png","contentUrl":"https:\/\/www.eyecos.eu\/wp-content\/uploads\/2024\/03\/LOGO-EYECOS.png","width":480,"height":480,"caption":"Cl\u00ednica Eyecos - Cambio color de ojos"},"image":{"@id":"https:\/\/www.eyecos.eu\/fr\/#\/schema\/logo\/image\/"},"sameAs":["https:\/\/www.facebook.com\/neweyeslaser","https:\/\/x.com\/NewEyesLaser","https:\/\/www.instagram.com\/neweyeslaser\/"]}]}},"_links":{"self":[{"href":"https:\/\/www.eyecos.eu\/fr\/wp-json\/wp\/v2\/pages\/23507","targetHints":{"allow":["GET"]}}],"collection":[{"href":"https:\/\/www.eyecos.eu\/fr\/wp-json\/wp\/v2\/pages"}],"about":[{"href":"https:\/\/www.eyecos.eu\/fr\/wp-json\/wp\/v2\/types\/page"}],"author":[{"embeddable":true,"href":"https:\/\/www.eyecos.eu\/fr\/wp-json\/wp\/v2\/users\/1"}],"replies":[{"embeddable":true,"href":"https:\/\/www.eyecos.eu\/fr\/wp-json\/wp\/v2\/comments?post=23507"}],"version-history":[{"count":0,"href":"https:\/\/www.eyecos.eu\/fr\/wp-json\/wp\/v2\/pages\/23507\/revisions"}],"up":[{"embeddable":true,"href":"https:\/\/www.eyecos.eu\/fr\/wp-json\/wp\/v2\/pages\/289534"}],"wp:attachment":[{"href":"https:\/\/www.eyecos.eu\/fr\/wp-json\/wp\/v2\/media?parent=23507"}],"curies":[{"name":"wp","href":"https:\/\/api.w.org\/{rel}","templated":true}]}}