{"id":23643,"date":"2021-04-26T13:07:23","date_gmt":"2021-04-26T13:07:23","guid":{"rendered":"https:\/\/www.eyecos.eu\/guia-neweyes\/protocolo-de-tratamiento\/"},"modified":"2024-07-04T11:21:29","modified_gmt":"2024-07-04T11:21:29","slug":"protocole-de-traitement","status":"publish","type":"page","link":"https:\/\/www.eyecos.eu\/fr\/guide-neweyes\/protocole-de-traitement\/","title":{"rendered":"Protocole de Traitement"},"content":{"rendered":"\t\t<div data-elementor-type=\"wp-page\" data-elementor-id=\"23643\" class=\"elementor elementor-23643 elementor-21397\" data-elementor-post-type=\"page\">\n\t\t\t\t\t\t<section class=\"elementor-section elementor-top-section elementor-element elementor-element-ca32ac5 elementor-section-boxed elementor-section-height-default elementor-section-height-default\" data-id=\"ca32ac5\" data-element_type=\"section\" data-e-type=\"section\">\n\t\t\t\t\t\t<div class=\"elementor-container elementor-column-gap-default\">\n\t\t\t\t\t<div class=\"elementor-column elementor-col-100 elementor-top-column elementor-element elementor-element-495892d\" data-id=\"495892d\" data-element_type=\"column\" data-e-type=\"column\">\n\t\t\t<div class=\"elementor-widget-wrap elementor-element-populated\">\n\t\t\t\t\t\t<div class=\"elementor-element elementor-element-6f55550 elementor-widget elementor-widget-heading\" data-id=\"6f55550\" data-element_type=\"widget\" data-e-type=\"widget\" data-widget_type=\"heading.default\">\n\t\t\t\t<div class=\"elementor-widget-container\">\n\t\t\t\t\t<h1 class=\"elementor-heading-title elementor-size-default\">Protocole de Traitement<\/h1>\t\t\t\t<\/div>\n\t\t\t\t<\/div>\n\t\t\t\t\t<\/div>\n\t\t<\/div>\n\t\t\t\t\t<\/div>\n\t\t<\/section>\n\t\t\t\t<section class=\"elementor-section elementor-top-section elementor-element elementor-element-84da3bc elementor-section-boxed elementor-section-height-default elementor-section-height-default\" data-id=\"84da3bc\" data-element_type=\"section\" data-e-type=\"section\">\n\t\t\t\t\t\t<div class=\"elementor-container elementor-column-gap-default\">\n\t\t\t\t\t<div class=\"elementor-column elementor-col-50 elementor-top-column elementor-element elementor-element-5ceab7a\" data-id=\"5ceab7a\" data-element_type=\"column\" data-e-type=\"column\">\n\t\t\t<div class=\"elementor-widget-wrap elementor-element-populated\">\n\t\t\t\t\t\t<div class=\"elementor-element elementor-element-7cbd91a elementor-widget elementor-widget-image\" data-id=\"7cbd91a\" data-element_type=\"widget\" data-e-type=\"widget\" data-widget_type=\"image.default\">\n\t\t\t\t<div class=\"elementor-widget-container\">\n\t\t\t\t\t\t\t\t\t\t\t\t\t\t\t<img fetchpriority=\"high\" decoding=\"async\" width=\"250\" height=\"620\" src=\"https:\/\/www.eyecos.eu\/wp-content\/uploads\/2024\/06\/protocolo-tratamiento.png\" class=\"attachment-full size-full wp-image-289392\" alt=\"\" srcset=\"https:\/\/www.eyecos.eu\/wp-content\/uploads\/2024\/06\/protocolo-tratamiento.png 250w, https:\/\/www.eyecos.eu\/wp-content\/uploads\/2024\/06\/protocolo-tratamiento-121x300.png 121w\" sizes=\"(max-width: 250px) 100vw, 250px\" \/>\t\t\t\t\t\t\t\t\t\t\t\t\t\t\t<\/div>\n\t\t\t\t<\/div>\n\t\t\t\t\t<\/div>\n\t\t<\/div>\n\t\t\t\t<div class=\"elementor-column elementor-col-50 elementor-top-column elementor-element elementor-element-a76d184\" data-id=\"a76d184\" data-element_type=\"column\" data-e-type=\"column\">\n\t\t\t<div class=\"elementor-widget-wrap elementor-element-populated\">\n\t\t\t\t\t\t<div class=\"elementor-element elementor-element-0c2ba1c elementor-widget elementor-widget-text-editor\" data-id=\"0c2ba1c\" data-element_type=\"widget\" data-e-type=\"widget\" data-widget_type=\"text-editor.default\">\n\t\t\t\t<div class=\"elementor-widget-container\">\n\t\t\t\t\t\t\t\t\t<p><strong>1-Deux jours avant laser chaque 8 heures:<\/strong><\/p><ul><li>Instiller 1 goutte de Timabak 5mg (ou Timolol 0,50% ou Cosopt)\u00a0<\/li><li>Instiller 1 goutte de Dicloabak (Diclofenaco ou Voltaren)<\/li><\/ul><p><strong>2-Depuis laser chaque heure pendant 5 heures<\/strong><\/p><ul><li>Instiller 1 goutte de Timabak 5mg (ou Timolol 0,50% ou Cosopt) et 1 goutte de Dicloabak (Diclofenaco ou Voltaren) toutes les 2-3 heures jusqu\u2019\u00e0 la nuit<\/li><\/ul><p><strong>3-Alors 3 fois par jour pendant 10 jours et aussi Tropicamida 1 goute a la nuit (seul 2 premieres nuits)<\/strong><\/p><p><strong>4-Hyloparin 3 fois par jour pendant 3 mois<\/strong><\/p><hr \/><p><strong>Deux heures apres laser vous devez envoyer a message \u00e0 docteur pour informer sur:<\/strong><\/p><ul><li>Vision, doleur et pupile<\/li><\/ul><p><strong>Telephone 0034-696551011<\/strong><\/p><p><strong>PROTOCOL DU L\u00c1SER Grades 1,2&amp;3: Deux phases<\/strong><\/p><p><strong>Une seul semaine:<\/strong><\/p><ul><li>Lundi laser<\/li><li>Mardi laser<\/li><li>Mercredi laser<\/li><li>Jeudi laser<\/li><li>Vendredi contr\u00f4le<\/li><\/ul><p><strong>Quatre ou six mois plus tard:<\/strong><\/p><ul><li>Lundi laser<\/li><li>Mardi laser<\/li><li>Mercredi laser<\/li><li>Jeudi laser<\/li><li>Vendredi contr\u00f4le<\/li><li>Grades 4: Trois phases<\/li><\/ul>\t\t\t\t\t\t\t\t<\/div>\n\t\t\t\t<\/div>\n\t\t\t\t\t<\/div>\n\t\t<\/div>\n\t\t\t\t\t<\/div>\n\t\t<\/section>\n\t\t\t\t<\/div>\n\t\t","protected":false},"excerpt":{"rendered":"<p>Protocole de Traitement 1-Deux jours avant laser chaque 8 heures: Instiller 1 goutte de Timabak 5mg (ou Timolol 0,50% ou Cosopt)\u00a0 Instiller 1 goutte de Dicloabak (Diclofenaco ou Voltaren) 2-Depuis laser chaque heure pendant 5 heures Instiller 1 goutte de Timabak 5mg (ou Timolol 0,50% ou Cosopt) et 1 goutte de Dicloabak (Diclofenaco ou Voltaren) [&hellip;]<\/p>\n","protected":false},"author":1,"featured_media":0,"parent":23615,"menu_order":0,"comment_status":"closed","ping_status":"closed","template":"","meta":{"_joinchat":[],"footnotes":""},"class_list":["post-23643","page","type-page","status-publish","hentry"],"yoast_head":"<!-- This site is optimized with the Yoast SEO Premium plugin v26.7 (Yoast SEO v27.2) - https:\/\/yoast.com\/product\/yoast-seo-premium-wordpress\/ -->\n<title>Protocole de Traitement - Eyecos Clinic - Changement de couleur des yeux par laser<\/title>\n<meta name=\"robots\" content=\"index, follow, max-snippet:-1, max-image-preview:large, max-video-preview:-1\" \/>\n<link rel=\"canonical\" href=\"https:\/\/www.eyecos.eu\/fr\/guide-neweyes\/protocole-de-traitement\/\" \/>\n<meta property=\"og:locale\" content=\"fr_FR\" \/>\n<meta property=\"og:type\" content=\"article\" \/>\n<meta property=\"og:title\" content=\"Protocole de Traitement\" \/>\n<meta property=\"og:description\" content=\"Protocole de Traitement 1-Deux jours avant laser chaque 8 heures:Instiller 1 goutte de Timabak 5mg (ou Timolol 0,50% ou Cosopt)\u00a0Instiller 1 goutte de\" \/>\n<meta property=\"og:url\" content=\"https:\/\/www.eyecos.eu\/fr\/guide-neweyes\/protocole-de-traitement\/\" \/>\n<meta property=\"og:site_name\" content=\"Cl\u00ednica Eyecos - Cambio color de ojos\" \/>\n<meta property=\"article:publisher\" content=\"https:\/\/www.facebook.com\/neweyeslaser\" \/>\n<meta property=\"article:modified_time\" content=\"2024-07-04T11:21:29+00:00\" \/>\n<meta property=\"og:image\" content=\"https:\/\/www.eyecos.eu\/wp-content\/uploads\/2024\/06\/protocolo-tratamiento.png\" \/>\n<meta name=\"twitter:card\" content=\"summary_large_image\" \/>\n<meta name=\"twitter:site\" content=\"@NewEyesLaser\" \/>\n<meta name=\"twitter:label1\" content=\"Dur\u00e9e de lecture estim\u00e9e\" \/>\n\t<meta name=\"twitter:data1\" content=\"1 minute\" \/>\n<script type=\"application\/ld+json\" class=\"yoast-schema-graph\">{\"@context\":\"https:\/\/schema.org\",\"@graph\":[{\"@type\":\"WebPage\",\"@id\":\"https:\/\/www.eyecos.eu\/fr\/guide-neweyes\/protocole-de-traitement\/\",\"url\":\"https:\/\/www.eyecos.eu\/fr\/guide-neweyes\/protocole-de-traitement\/\",\"name\":\"Protocole de Traitement - Eyecos Clinic - Changement de couleur des yeux par laser\",\"isPartOf\":{\"@id\":\"https:\/\/www.eyecos.eu\/fr\/#website\"},\"primaryImageOfPage\":{\"@id\":\"https:\/\/www.eyecos.eu\/fr\/guide-neweyes\/protocole-de-traitement\/#primaryimage\"},\"image\":{\"@id\":\"https:\/\/www.eyecos.eu\/fr\/guide-neweyes\/protocole-de-traitement\/#primaryimage\"},\"thumbnailUrl\":\"https:\/\/www.eyecos.eu\/wp-content\/uploads\/2024\/06\/protocolo-tratamiento.png\",\"datePublished\":\"2021-04-26T13:07:23+00:00\",\"dateModified\":\"2024-07-04T11:21:29+00:00\",\"breadcrumb\":{\"@id\":\"https:\/\/www.eyecos.eu\/fr\/guide-neweyes\/protocole-de-traitement\/#breadcrumb\"},\"inLanguage\":\"fr-FR\",\"potentialAction\":[{\"@type\":\"ReadAction\",\"target\":[\"https:\/\/www.eyecos.eu\/fr\/guide-neweyes\/protocole-de-traitement\/\"]}]},{\"@type\":\"ImageObject\",\"inLanguage\":\"fr-FR\",\"@id\":\"https:\/\/www.eyecos.eu\/fr\/guide-neweyes\/protocole-de-traitement\/#primaryimage\",\"url\":\"https:\/\/www.eyecos.eu\/wp-content\/uploads\/2024\/06\/protocolo-tratamiento.png\",\"contentUrl\":\"https:\/\/www.eyecos.eu\/wp-content\/uploads\/2024\/06\/protocolo-tratamiento.png\"},{\"@type\":\"BreadcrumbList\",\"@id\":\"https:\/\/www.eyecos.eu\/fr\/guide-neweyes\/protocole-de-traitement\/#breadcrumb\",\"itemListElement\":[{\"@type\":\"ListItem\",\"position\":1,\"name\":\"Eyecos\",\"item\":\"https:\/\/www.eyecos.eu\/fr\/\"},{\"@type\":\"ListItem\",\"position\":2,\"name\":\"Guide NEWEYES\",\"item\":\"https:\/\/www.eyecos.eu\/fr\/guia-neweyes\/\"},{\"@type\":\"ListItem\",\"position\":3,\"name\":\"Protocole de Traitement\"}]},{\"@type\":\"WebSite\",\"@id\":\"https:\/\/www.eyecos.eu\/fr\/#website\",\"url\":\"https:\/\/www.eyecos.eu\/fr\/\",\"name\":\"Cl\u00ednica Eyecos - Cambio color de ojos\",\"description\":\"\u00danica clinica que realiza el cambio del color de los ojos con l\u00e1ser con m\u00e1s 1000 pacientes y casi 10 a\u00f1os de experiencia\",\"publisher\":{\"@id\":\"https:\/\/www.eyecos.eu\/fr\/#organization\"},\"potentialAction\":[{\"@type\":\"SearchAction\",\"target\":{\"@type\":\"EntryPoint\",\"urlTemplate\":\"https:\/\/www.eyecos.eu\/fr\/?s={search_term_string}\"},\"query-input\":{\"@type\":\"PropertyValueSpecification\",\"valueRequired\":true,\"valueName\":\"search_term_string\"}}],\"inLanguage\":\"fr-FR\"},{\"@type\":\"Organization\",\"@id\":\"https:\/\/www.eyecos.eu\/fr\/#organization\",\"name\":\"Cl\u00ednica Eyecos - Cambio color de ojos\",\"url\":\"https:\/\/www.eyecos.eu\/fr\/\",\"logo\":{\"@type\":\"ImageObject\",\"inLanguage\":\"fr-FR\",\"@id\":\"https:\/\/www.eyecos.eu\/fr\/#\/schema\/logo\/image\/\",\"url\":\"https:\/\/www.eyecos.eu\/wp-content\/uploads\/2024\/03\/LOGO-EYECOS.png\",\"contentUrl\":\"https:\/\/www.eyecos.eu\/wp-content\/uploads\/2024\/03\/LOGO-EYECOS.png\",\"width\":480,\"height\":480,\"caption\":\"Cl\u00ednica Eyecos - Cambio color de ojos\"},\"image\":{\"@id\":\"https:\/\/www.eyecos.eu\/fr\/#\/schema\/logo\/image\/\"},\"sameAs\":[\"https:\/\/www.facebook.com\/neweyeslaser\",\"https:\/\/x.com\/NewEyesLaser\",\"https:\/\/www.instagram.com\/neweyeslaser\/\"]}]}<\/script>\n<!-- \/ Yoast SEO Premium plugin. -->","yoast_head_json":{"title":"Protocole de Traitement - Eyecos Clinic - Changement de couleur des yeux par laser","robots":{"index":"index","follow":"follow","max-snippet":"max-snippet:-1","max-image-preview":"max-image-preview:large","max-video-preview":"max-video-preview:-1"},"canonical":"https:\/\/www.eyecos.eu\/fr\/guide-neweyes\/protocole-de-traitement\/","og_locale":"fr_FR","og_type":"article","og_title":"Protocole de Traitement","og_description":"Protocole de Traitement 1-Deux jours avant laser chaque 8 heures:Instiller 1 goutte de Timabak 5mg (ou Timolol 0,50% ou Cosopt)\u00a0Instiller 1 goutte de","og_url":"https:\/\/www.eyecos.eu\/fr\/guide-neweyes\/protocole-de-traitement\/","og_site_name":"Cl\u00ednica Eyecos - Cambio color de ojos","article_publisher":"https:\/\/www.facebook.com\/neweyeslaser","article_modified_time":"2024-07-04T11:21:29+00:00","og_image":[{"url":"https:\/\/www.eyecos.eu\/wp-content\/uploads\/2024\/06\/protocolo-tratamiento.png","type":"","width":"","height":""}],"twitter_card":"summary_large_image","twitter_site":"@NewEyesLaser","twitter_misc":{"Dur\u00e9e de lecture estim\u00e9e":"1 minute"},"schema":{"@context":"https:\/\/schema.org","@graph":[{"@type":"WebPage","@id":"https:\/\/www.eyecos.eu\/fr\/guide-neweyes\/protocole-de-traitement\/","url":"https:\/\/www.eyecos.eu\/fr\/guide-neweyes\/protocole-de-traitement\/","name":"Protocole de Traitement - Eyecos Clinic - Changement de couleur des yeux par laser","isPartOf":{"@id":"https:\/\/www.eyecos.eu\/fr\/#website"},"primaryImageOfPage":{"@id":"https:\/\/www.eyecos.eu\/fr\/guide-neweyes\/protocole-de-traitement\/#primaryimage"},"image":{"@id":"https:\/\/www.eyecos.eu\/fr\/guide-neweyes\/protocole-de-traitement\/#primaryimage"},"thumbnailUrl":"https:\/\/www.eyecos.eu\/wp-content\/uploads\/2024\/06\/protocolo-tratamiento.png","datePublished":"2021-04-26T13:07:23+00:00","dateModified":"2024-07-04T11:21:29+00:00","breadcrumb":{"@id":"https:\/\/www.eyecos.eu\/fr\/guide-neweyes\/protocole-de-traitement\/#breadcrumb"},"inLanguage":"fr-FR","potentialAction":[{"@type":"ReadAction","target":["https:\/\/www.eyecos.eu\/fr\/guide-neweyes\/protocole-de-traitement\/"]}]},{"@type":"ImageObject","inLanguage":"fr-FR","@id":"https:\/\/www.eyecos.eu\/fr\/guide-neweyes\/protocole-de-traitement\/#primaryimage","url":"https:\/\/www.eyecos.eu\/wp-content\/uploads\/2024\/06\/protocolo-tratamiento.png","contentUrl":"https:\/\/www.eyecos.eu\/wp-content\/uploads\/2024\/06\/protocolo-tratamiento.png"},{"@type":"BreadcrumbList","@id":"https:\/\/www.eyecos.eu\/fr\/guide-neweyes\/protocole-de-traitement\/#breadcrumb","itemListElement":[{"@type":"ListItem","position":1,"name":"Eyecos","item":"https:\/\/www.eyecos.eu\/fr\/"},{"@type":"ListItem","position":2,"name":"Guide NEWEYES","item":"https:\/\/www.eyecos.eu\/fr\/guia-neweyes\/"},{"@type":"ListItem","position":3,"name":"Protocole de Traitement"}]},{"@type":"WebSite","@id":"https:\/\/www.eyecos.eu\/fr\/#website","url":"https:\/\/www.eyecos.eu\/fr\/","name":"Cl\u00ednica Eyecos - Cambio color de ojos","description":"\u00danica clinica que realiza el cambio del color de los ojos con l\u00e1ser con m\u00e1s 1000 pacientes y casi 10 a\u00f1os de experiencia","publisher":{"@id":"https:\/\/www.eyecos.eu\/fr\/#organization"},"potentialAction":[{"@type":"SearchAction","target":{"@type":"EntryPoint","urlTemplate":"https:\/\/www.eyecos.eu\/fr\/?s={search_term_string}"},"query-input":{"@type":"PropertyValueSpecification","valueRequired":true,"valueName":"search_term_string"}}],"inLanguage":"fr-FR"},{"@type":"Organization","@id":"https:\/\/www.eyecos.eu\/fr\/#organization","name":"Cl\u00ednica Eyecos - Cambio color de ojos","url":"https:\/\/www.eyecos.eu\/fr\/","logo":{"@type":"ImageObject","inLanguage":"fr-FR","@id":"https:\/\/www.eyecos.eu\/fr\/#\/schema\/logo\/image\/","url":"https:\/\/www.eyecos.eu\/wp-content\/uploads\/2024\/03\/LOGO-EYECOS.png","contentUrl":"https:\/\/www.eyecos.eu\/wp-content\/uploads\/2024\/03\/LOGO-EYECOS.png","width":480,"height":480,"caption":"Cl\u00ednica Eyecos - Cambio color de ojos"},"image":{"@id":"https:\/\/www.eyecos.eu\/fr\/#\/schema\/logo\/image\/"},"sameAs":["https:\/\/www.facebook.com\/neweyeslaser","https:\/\/x.com\/NewEyesLaser","https:\/\/www.instagram.com\/neweyeslaser\/"]}]}},"_links":{"self":[{"href":"https:\/\/www.eyecos.eu\/fr\/wp-json\/wp\/v2\/pages\/23643","targetHints":{"allow":["GET"]}}],"collection":[{"href":"https:\/\/www.eyecos.eu\/fr\/wp-json\/wp\/v2\/pages"}],"about":[{"href":"https:\/\/www.eyecos.eu\/fr\/wp-json\/wp\/v2\/types\/page"}],"author":[{"embeddable":true,"href":"https:\/\/www.eyecos.eu\/fr\/wp-json\/wp\/v2\/users\/1"}],"replies":[{"embeddable":true,"href":"https:\/\/www.eyecos.eu\/fr\/wp-json\/wp\/v2\/comments?post=23643"}],"version-history":[{"count":0,"href":"https:\/\/www.eyecos.eu\/fr\/wp-json\/wp\/v2\/pages\/23643\/revisions"}],"up":[{"embeddable":true,"href":"https:\/\/www.eyecos.eu\/fr\/wp-json\/wp\/v2\/pages\/23615"}],"wp:attachment":[{"href":"https:\/\/www.eyecos.eu\/fr\/wp-json\/wp\/v2\/media?parent=23643"}],"curies":[{"name":"wp","href":"https:\/\/api.w.org\/{rel}","templated":true}]}}