{"id":24010,"date":"2021-02-14T14:29:07","date_gmt":"2021-02-14T14:29:07","guid":{"rendered":"https:\/\/www.eyecos.eu\/eyecos-corporation\/codigo-etico\/"},"modified":"2024-06-15T07:08:30","modified_gmt":"2024-06-15T07:08:30","slug":"code-ethique","status":"publish","type":"page","link":"https:\/\/www.eyecos.eu\/fr\/code-ethique\/","title":{"rendered":"Code \u00e9thique"},"content":{"rendered":"\t\t<div data-elementor-type=\"wp-page\" data-elementor-id=\"24010\" class=\"elementor elementor-24010 elementor-18378\" data-elementor-post-type=\"page\">\n\t\t\t\t\t\t<section class=\"elementor-section elementor-top-section elementor-element elementor-element-edcb03f elementor-section-boxed elementor-section-height-default elementor-section-height-default\" data-id=\"edcb03f\" data-element_type=\"section\" data-e-type=\"section\">\n\t\t\t\t\t\t<div class=\"elementor-container elementor-column-gap-default\">\n\t\t\t\t\t<div class=\"elementor-column elementor-col-100 elementor-top-column elementor-element elementor-element-b8dc049\" data-id=\"b8dc049\" data-element_type=\"column\" data-e-type=\"column\">\n\t\t\t<div class=\"elementor-widget-wrap elementor-element-populated\">\n\t\t\t\t\t\t<div class=\"elementor-element elementor-element-b8cdcb3 elementor-widget elementor-widget-heading\" data-id=\"b8cdcb3\" data-element_type=\"widget\" data-e-type=\"widget\" data-widget_type=\"heading.default\">\n\t\t\t\t<div class=\"elementor-widget-container\">\n\t\t\t\t\t<h1 class=\"elementor-heading-title elementor-size-default\">Code \u00e9thique<\/h1>\t\t\t\t<\/div>\n\t\t\t\t<\/div>\n\t\t\t\t\t<\/div>\n\t\t<\/div>\n\t\t\t\t\t<\/div>\n\t\t<\/section>\n\t\t\t\t<section class=\"elementor-section elementor-top-section elementor-element elementor-element-d452a3a elementor-section-boxed elementor-section-height-default elementor-section-height-default\" data-id=\"d452a3a\" data-element_type=\"section\" data-e-type=\"section\">\n\t\t\t\t\t\t<div class=\"elementor-container elementor-column-gap-default\">\n\t\t\t\t\t<div class=\"elementor-column elementor-col-100 elementor-top-column elementor-element elementor-element-0a203de\" data-id=\"0a203de\" data-element_type=\"column\" data-e-type=\"column\">\n\t\t\t<div class=\"elementor-widget-wrap elementor-element-populated\">\n\t\t\t\t\t\t<div class=\"elementor-element elementor-element-4920472 elementor-position-inline-start elementor-view-default elementor-mobile-position-block-start elementor-widget elementor-widget-icon-box\" data-id=\"4920472\" data-element_type=\"widget\" data-e-type=\"widget\" data-widget_type=\"icon-box.default\">\n\t\t\t\t<div class=\"elementor-widget-container\">\n\t\t\t\t\t\t\t<div class=\"elementor-icon-box-wrapper\">\n\n\t\t\t\t\t\t<div class=\"elementor-icon-box-icon\">\n\t\t\t\t<a href=\"https:\/\/www.eyecos.eu\/img\/docs\/politique-qualite.pdf\" target=\"_blank\" class=\"elementor-icon\" tabindex=\"-1\" aria-label=\"Politique qualite (pdf)\">\n\t\t\t\t<i aria-hidden=\"true\" class=\"far fa-file-pdf\"><\/i>\t\t\t\t<\/a>\n\t\t\t<\/div>\n\t\t\t\n\t\t\t\t\t\t<div class=\"elementor-icon-box-content\">\n\n\t\t\t\t\t\t\t\t\t<h3 class=\"elementor-icon-box-title\">\n\t\t\t\t\t\t<a href=\"https:\/\/www.eyecos.eu\/img\/docs\/politique-qualite.pdf\" target=\"_blank\" >\n\t\t\t\t\t\t\tPolitique qualite (pdf)\t\t\t\t\t\t<\/a>\n\t\t\t\t\t<\/h3>\n\t\t\t\t\n\t\t\t\t\n\t\t\t<\/div>\n\t\t\t\n\t\t<\/div>\n\t\t\t\t\t\t<\/div>\n\t\t\t\t<\/div>\n\t\t\t\t\t<\/div>\n\t\t<\/div>\n\t\t\t\t\t<\/div>\n\t\t<\/section>\n\t\t\t\t<section class=\"elementor-section elementor-top-section elementor-element elementor-element-d25c2e9 elementor-section-boxed elementor-section-height-default elementor-section-height-default\" data-id=\"d25c2e9\" data-element_type=\"section\" data-e-type=\"section\">\n\t\t\t\t\t\t<div class=\"elementor-container elementor-column-gap-default\">\n\t\t\t\t\t<div class=\"elementor-column elementor-col-100 elementor-top-column elementor-element elementor-element-266e1fc\" data-id=\"266e1fc\" data-element_type=\"column\" data-e-type=\"column\">\n\t\t\t<div class=\"elementor-widget-wrap elementor-element-populated\">\n\t\t\t\t\t\t<div class=\"elementor-element elementor-element-e1063c2 elementor-widget elementor-widget-text-editor\" data-id=\"e1063c2\" data-element_type=\"widget\" data-e-type=\"widget\" data-widget_type=\"text-editor.default\">\n\t\t\t\t<div class=\"elementor-widget-container\">\n\t\t\t\t\t\t\t\t\t<p><strong>I. PRINCIPE DE CONFIDENTIALIT\u00c9<\/strong><br \/>Toutes les donn\u00e9es relatives \u00e0 nos patients sont trait\u00e9es par nos professionnels avec la plus grande discr\u00e9tion. De la m\u00eame mani\u00e8re, les ant\u00e9c\u00e9dents cliniques les concernant sont int\u00e9gralement prot\u00e9g\u00e9s, respectant \u00e0 tout moment les directives l\u00e9gales en la mati\u00e8re.<\/p><p><strong>II. BASE SCIENTIFIQUE DE TRAITEMENT<\/strong><br \/>Chaque cas est \u00e9valu\u00e9 individuellement par le sp\u00e9cialiste qui traitera le patient ainsi que par le reste de l\u2019\u00e9quipe m\u00e9dicale et optom\u00e9trique. Les tests m\u00e9dicaux appropri\u00e9s sont effectu\u00e9s pour un diagnostic pr\u00e9cis et une indication th\u00e9rapeutique personnalis\u00e9e. Tout cela, ainsi que l\u2019\u00e9volution du patient, sera refl\u00e9t\u00e9 dans les ant\u00e9c\u00e9dents m\u00e9dicaux.<\/p><p><strong>III. Des informations claires et compl\u00e8tes<\/strong><br \/>Nos patients re\u00e7oivent, verbalement et par \u00e9crit, avant le d\u00e9but du traitement ou de l\u2019op\u00e9ration chirurgicale, des informations compl\u00e8tes et r\u00e9elles sur le processus auquel ils vont se soumettre, les alternatives possibles \u00e0 ce traitement, les r\u00e9sultats escompt\u00e9s \u2013 en \u00e9vitant les fausses attentes -, le temps de r\u00e9cup\u00e9ration , risques personnalis\u00e9s possibles impliqu\u00e9s, etc. Ces informations sont rapidement collect\u00e9es dans un consentement \u00e9clair\u00e9, qui est lu en collaboration avec le m\u00e9decin, qui clarifiera toutes les questions pouvant \u00eatre soulev\u00e9es et sera ensuite sign\u00e9 par le patient.<\/p><p><strong>IV. ENGAGEMENT AU PATIENT<\/strong><br \/>Nos patients sont trait\u00e9s avec des syst\u00e8mes m\u00e9dicaux et chirurgicaux innovants et scientifiquement prouv\u00e9s, en plus d\u2019\u00eatre suivis par des professionnels du plus haut niveau. Pour remplir ces conditions, Eyecos d\u00e9ploie en permanence un important effort humain et \u00e9conomique qui a atteint son positionnement clair dans le secteur.<\/p><p><strong>V. GARANTIES DE S\u00c9CURIT\u00c9<\/strong><br \/>Tous nos centres r\u00e9pondent aux exigences techniques et l\u00e9gales requises par la l\u00e9gislation en vigueur. Toutes les interventions chirurgicales sont effectu\u00e9es par des chirurgiens ophtalmologues r\u00e9fractifs poss\u00e9dant le titre officiel de sp\u00e9cialiste d\u00e9livr\u00e9 par le minist\u00e8re de la Sant\u00e9 espagnol. Les op\u00e9rations sont toujours effectu\u00e9es dans des salles d\u2019op\u00e9ration, des cliniques et des h\u00f4pitaux agr\u00e9\u00e9s, parfaitement \u00e9quip\u00e9s pour effectuer des interventions chirurgicales.<\/p><p><strong>VI. SUIVI MEDICAL ET PSYCHOLOGIQUE<\/strong><br \/>Les patients Eyecos sont supervis\u00e9s en permanence par du personnel m\u00e9dical qualifi\u00e9 ainsi que par notre \u00e9quipe d\u2019optom\u00e9tristes sp\u00e9cialis\u00e9s dans le domaine de la chirurgie r\u00e9fractive. De m\u00eame, ils disposent de lignes t\u00e9l\u00e9phoniques d\u2019attention m\u00e9dicale et optom\u00e9trique o\u00f9 trouver une r\u00e9ponse aux doutes \u00e9ventuels qui peuvent appara\u00eetre.<\/p><p><strong>VII. Sous l\u2019\u00e2ge<\/strong><br \/>Eyecos \u00e9vite de pratiquer des interventions chirurgicales chez les enfants de moins de 18 ans. Cependant, ils ont notre avis m\u00e9dical, en termes d\u2019ophtalmologie r\u00e9fractive, \u00e0 ces jeunes qui ont des d\u00e9fauts de r\u00e9fraction et veulent un contr\u00f4le optimal.<\/p>\t\t\t\t\t\t\t\t<\/div>\n\t\t\t\t<\/div>\n\t\t\t\t\t<\/div>\n\t\t<\/div>\n\t\t\t\t\t<\/div>\n\t\t<\/section>\n\t\t\t\t<\/div>\n\t\t","protected":false},"excerpt":{"rendered":"<p>Code \u00e9thique Politique qualite (pdf) I. PRINCIPE DE CONFIDENTIALIT\u00c9Toutes les donn\u00e9es relatives \u00e0 nos patients sont trait\u00e9es par nos professionnels avec la plus grande discr\u00e9tion. De la m\u00eame mani\u00e8re, les ant\u00e9c\u00e9dents cliniques les concernant sont int\u00e9gralement prot\u00e9g\u00e9s, respectant \u00e0 tout moment les directives l\u00e9gales en la mati\u00e8re. II. BASE SCIENTIFIQUE DE TRAITEMENTChaque cas est \u00e9valu\u00e9 [&hellip;]<\/p>\n","protected":false},"author":1,"featured_media":0,"parent":0,"menu_order":0,"comment_status":"closed","ping_status":"closed","template":"","meta":{"_joinchat":[],"footnotes":""},"class_list":["post-24010","page","type-page","status-publish","hentry"],"yoast_head":"<!-- This site is optimized with the Yoast SEO Premium plugin v26.7 (Yoast SEO v27.2) - https:\/\/yoast.com\/product\/yoast-seo-premium-wordpress\/ -->\n<title>Code \u00e9thique - Eyecos Clinic - Changement de couleur des yeux par laser<\/title>\n<meta name=\"description\" content=\"I. PRINCIPE DE CONFIDENTIALIT\u00c9 Toutes les donn\u00e9es relatives \u00e0 nos patients sont trait\u00e9es par nos professionnels avec la plus grande discr\u00e9tion.\" \/>\n<meta name=\"robots\" content=\"index, follow, max-snippet:-1, max-image-preview:large, max-video-preview:-1\" \/>\n<link rel=\"canonical\" href=\"https:\/\/www.eyecos.eu\/fr\/code-ethique\/\" \/>\n<meta property=\"og:locale\" content=\"fr_FR\" \/>\n<meta property=\"og:type\" content=\"article\" \/>\n<meta property=\"og:title\" content=\"Code \u00e9thique\" \/>\n<meta property=\"og:description\" content=\"Code \u00e9thique Politique qualite (pdf) I. PRINCIPE DE CONFIDENTIALIT\u00c9Toutes les donn\u00e9es relatives \u00e0 nos patients sont trait\u00e9es par nos professionnels avec\" \/>\n<meta property=\"og:url\" content=\"https:\/\/www.eyecos.eu\/fr\/code-ethique\/\" \/>\n<meta property=\"og:site_name\" content=\"Cl\u00ednica Eyecos - Cambio color de ojos\" \/>\n<meta property=\"article:publisher\" content=\"https:\/\/www.facebook.com\/neweyeslaser\" \/>\n<meta property=\"article:modified_time\" content=\"2024-06-15T07:08:30+00:00\" \/>\n<meta name=\"twitter:card\" content=\"summary_large_image\" \/>\n<meta name=\"twitter:site\" content=\"@NewEyesLaser\" \/>\n<meta name=\"twitter:label1\" content=\"Dur\u00e9e de lecture estim\u00e9e\" \/>\n\t<meta name=\"twitter:data1\" content=\"3 minutes\" \/>\n<script type=\"application\/ld+json\" class=\"yoast-schema-graph\">{\"@context\":\"https:\/\/schema.org\",\"@graph\":[{\"@type\":\"WebPage\",\"@id\":\"https:\/\/www.eyecos.eu\/fr\/code-ethique\/\",\"url\":\"https:\/\/www.eyecos.eu\/fr\/code-ethique\/\",\"name\":\"Code \u00e9thique - Eyecos Clinic - Changement de couleur des yeux par laser\",\"isPartOf\":{\"@id\":\"https:\/\/www.eyecos.eu\/fr\/#website\"},\"datePublished\":\"2021-02-14T14:29:07+00:00\",\"dateModified\":\"2024-06-15T07:08:30+00:00\",\"description\":\"I. PRINCIPE DE CONFIDENTIALIT\u00c9 Toutes les donn\u00e9es relatives \u00e0 nos patients sont trait\u00e9es par nos professionnels avec la plus grande discr\u00e9tion.\",\"breadcrumb\":{\"@id\":\"https:\/\/www.eyecos.eu\/fr\/code-ethique\/#breadcrumb\"},\"inLanguage\":\"fr-FR\",\"potentialAction\":[{\"@type\":\"ReadAction\",\"target\":[\"https:\/\/www.eyecos.eu\/fr\/code-ethique\/\"]}]},{\"@type\":\"BreadcrumbList\",\"@id\":\"https:\/\/www.eyecos.eu\/fr\/code-ethique\/#breadcrumb\",\"itemListElement\":[{\"@type\":\"ListItem\",\"position\":1,\"name\":\"Eyecos\",\"item\":\"https:\/\/www.eyecos.eu\/fr\/\"},{\"@type\":\"ListItem\",\"position\":2,\"name\":\"Code \u00e9thique\"}]},{\"@type\":\"WebSite\",\"@id\":\"https:\/\/www.eyecos.eu\/fr\/#website\",\"url\":\"https:\/\/www.eyecos.eu\/fr\/\",\"name\":\"Cl\u00ednica Eyecos - Cambio color de ojos\",\"description\":\"\u00danica clinica que realiza el cambio del color de los ojos con l\u00e1ser con m\u00e1s 1000 pacientes y casi 10 a\u00f1os de experiencia\",\"publisher\":{\"@id\":\"https:\/\/www.eyecos.eu\/fr\/#organization\"},\"potentialAction\":[{\"@type\":\"SearchAction\",\"target\":{\"@type\":\"EntryPoint\",\"urlTemplate\":\"https:\/\/www.eyecos.eu\/fr\/?s={search_term_string}\"},\"query-input\":{\"@type\":\"PropertyValueSpecification\",\"valueRequired\":true,\"valueName\":\"search_term_string\"}}],\"inLanguage\":\"fr-FR\"},{\"@type\":\"Organization\",\"@id\":\"https:\/\/www.eyecos.eu\/fr\/#organization\",\"name\":\"Cl\u00ednica Eyecos - Cambio color de ojos\",\"url\":\"https:\/\/www.eyecos.eu\/fr\/\",\"logo\":{\"@type\":\"ImageObject\",\"inLanguage\":\"fr-FR\",\"@id\":\"https:\/\/www.eyecos.eu\/fr\/#\/schema\/logo\/image\/\",\"url\":\"https:\/\/www.eyecos.eu\/wp-content\/uploads\/2024\/03\/LOGO-EYECOS.png\",\"contentUrl\":\"https:\/\/www.eyecos.eu\/wp-content\/uploads\/2024\/03\/LOGO-EYECOS.png\",\"width\":480,\"height\":480,\"caption\":\"Cl\u00ednica Eyecos - Cambio color de ojos\"},\"image\":{\"@id\":\"https:\/\/www.eyecos.eu\/fr\/#\/schema\/logo\/image\/\"},\"sameAs\":[\"https:\/\/www.facebook.com\/neweyeslaser\",\"https:\/\/x.com\/NewEyesLaser\",\"https:\/\/www.instagram.com\/neweyeslaser\/\"]}]}<\/script>\n<!-- \/ Yoast SEO Premium plugin. -->","yoast_head_json":{"title":"Code \u00e9thique - Eyecos Clinic - Changement de couleur des yeux par laser","description":"I. PRINCIPE DE CONFIDENTIALIT\u00c9 Toutes les donn\u00e9es relatives \u00e0 nos patients sont trait\u00e9es par nos professionnels avec la plus grande discr\u00e9tion.","robots":{"index":"index","follow":"follow","max-snippet":"max-snippet:-1","max-image-preview":"max-image-preview:large","max-video-preview":"max-video-preview:-1"},"canonical":"https:\/\/www.eyecos.eu\/fr\/code-ethique\/","og_locale":"fr_FR","og_type":"article","og_title":"Code \u00e9thique","og_description":"Code \u00e9thique Politique qualite (pdf) I. PRINCIPE DE CONFIDENTIALIT\u00c9Toutes les donn\u00e9es relatives \u00e0 nos patients sont trait\u00e9es par nos professionnels avec","og_url":"https:\/\/www.eyecos.eu\/fr\/code-ethique\/","og_site_name":"Cl\u00ednica Eyecos - Cambio color de ojos","article_publisher":"https:\/\/www.facebook.com\/neweyeslaser","article_modified_time":"2024-06-15T07:08:30+00:00","twitter_card":"summary_large_image","twitter_site":"@NewEyesLaser","twitter_misc":{"Dur\u00e9e de lecture estim\u00e9e":"3 minutes"},"schema":{"@context":"https:\/\/schema.org","@graph":[{"@type":"WebPage","@id":"https:\/\/www.eyecos.eu\/fr\/code-ethique\/","url":"https:\/\/www.eyecos.eu\/fr\/code-ethique\/","name":"Code \u00e9thique - Eyecos Clinic - Changement de couleur des yeux par laser","isPartOf":{"@id":"https:\/\/www.eyecos.eu\/fr\/#website"},"datePublished":"2021-02-14T14:29:07+00:00","dateModified":"2024-06-15T07:08:30+00:00","description":"I. PRINCIPE DE CONFIDENTIALIT\u00c9 Toutes les donn\u00e9es relatives \u00e0 nos patients sont trait\u00e9es par nos professionnels avec la plus grande discr\u00e9tion.","breadcrumb":{"@id":"https:\/\/www.eyecos.eu\/fr\/code-ethique\/#breadcrumb"},"inLanguage":"fr-FR","potentialAction":[{"@type":"ReadAction","target":["https:\/\/www.eyecos.eu\/fr\/code-ethique\/"]}]},{"@type":"BreadcrumbList","@id":"https:\/\/www.eyecos.eu\/fr\/code-ethique\/#breadcrumb","itemListElement":[{"@type":"ListItem","position":1,"name":"Eyecos","item":"https:\/\/www.eyecos.eu\/fr\/"},{"@type":"ListItem","position":2,"name":"Code \u00e9thique"}]},{"@type":"WebSite","@id":"https:\/\/www.eyecos.eu\/fr\/#website","url":"https:\/\/www.eyecos.eu\/fr\/","name":"Cl\u00ednica Eyecos - Cambio color de ojos","description":"\u00danica clinica que realiza el cambio del color de los ojos con l\u00e1ser con m\u00e1s 1000 pacientes y casi 10 a\u00f1os de experiencia","publisher":{"@id":"https:\/\/www.eyecos.eu\/fr\/#organization"},"potentialAction":[{"@type":"SearchAction","target":{"@type":"EntryPoint","urlTemplate":"https:\/\/www.eyecos.eu\/fr\/?s={search_term_string}"},"query-input":{"@type":"PropertyValueSpecification","valueRequired":true,"valueName":"search_term_string"}}],"inLanguage":"fr-FR"},{"@type":"Organization","@id":"https:\/\/www.eyecos.eu\/fr\/#organization","name":"Cl\u00ednica Eyecos - Cambio color de ojos","url":"https:\/\/www.eyecos.eu\/fr\/","logo":{"@type":"ImageObject","inLanguage":"fr-FR","@id":"https:\/\/www.eyecos.eu\/fr\/#\/schema\/logo\/image\/","url":"https:\/\/www.eyecos.eu\/wp-content\/uploads\/2024\/03\/LOGO-EYECOS.png","contentUrl":"https:\/\/www.eyecos.eu\/wp-content\/uploads\/2024\/03\/LOGO-EYECOS.png","width":480,"height":480,"caption":"Cl\u00ednica Eyecos - Cambio color de ojos"},"image":{"@id":"https:\/\/www.eyecos.eu\/fr\/#\/schema\/logo\/image\/"},"sameAs":["https:\/\/www.facebook.com\/neweyeslaser","https:\/\/x.com\/NewEyesLaser","https:\/\/www.instagram.com\/neweyeslaser\/"]}]}},"_links":{"self":[{"href":"https:\/\/www.eyecos.eu\/fr\/wp-json\/wp\/v2\/pages\/24010","targetHints":{"allow":["GET"]}}],"collection":[{"href":"https:\/\/www.eyecos.eu\/fr\/wp-json\/wp\/v2\/pages"}],"about":[{"href":"https:\/\/www.eyecos.eu\/fr\/wp-json\/wp\/v2\/types\/page"}],"author":[{"embeddable":true,"href":"https:\/\/www.eyecos.eu\/fr\/wp-json\/wp\/v2\/users\/1"}],"replies":[{"embeddable":true,"href":"https:\/\/www.eyecos.eu\/fr\/wp-json\/wp\/v2\/comments?post=24010"}],"version-history":[{"count":0,"href":"https:\/\/www.eyecos.eu\/fr\/wp-json\/wp\/v2\/pages\/24010\/revisions"}],"wp:attachment":[{"href":"https:\/\/www.eyecos.eu\/fr\/wp-json\/wp\/v2\/media?parent=24010"}],"curies":[{"name":"wp","href":"https:\/\/api.w.org\/{rel}","templated":true}]}}