{"id":24015,"date":"2021-02-14T14:28:19","date_gmt":"2021-02-14T14:28:19","guid":{"rendered":"https:\/\/www.eyecos.eu\/eyecos-corporation\/cronologia-de-la-clinica-eyecos\/"},"modified":"2025-07-01T15:47:25","modified_gmt":"2025-07-01T15:47:25","slug":"chronologie-de-la-clinique-eyecos","status":"publish","type":"page","link":"https:\/\/www.eyecos.eu\/fr\/chronologie-de-la-clinique-eyecos\/","title":{"rendered":"Chronologie de la clinique Eyecos"},"content":{"rendered":"\t\t<div data-elementor-type=\"wp-page\" data-elementor-id=\"24015\" class=\"elementor elementor-24015 elementor-18376\" data-elementor-post-type=\"page\">\n\t\t\t\t\t\t<section class=\"elementor-section elementor-top-section elementor-element elementor-element-b0c22a0 elementor-section-boxed elementor-section-height-default elementor-section-height-default\" data-id=\"b0c22a0\" data-element_type=\"section\" data-e-type=\"section\">\n\t\t\t\t\t\t<div class=\"elementor-container elementor-column-gap-default\">\n\t\t\t\t\t<div class=\"elementor-column elementor-col-100 elementor-top-column elementor-element elementor-element-2615270\" data-id=\"2615270\" data-element_type=\"column\" data-e-type=\"column\">\n\t\t\t<div class=\"elementor-widget-wrap elementor-element-populated\">\n\t\t\t\t\t\t<div class=\"elementor-element elementor-element-bcd1ac1 elementor-widget elementor-widget-heading\" data-id=\"bcd1ac1\" data-element_type=\"widget\" data-e-type=\"widget\" data-widget_type=\"heading.default\">\n\t\t\t\t<div class=\"elementor-widget-container\">\n\t\t\t\t\t<h1 class=\"elementor-heading-title elementor-size-default\">Chronologie de la clinique Eyecos<\/h1>\t\t\t\t<\/div>\n\t\t\t\t<\/div>\n\t\t\t\t\t<\/div>\n\t\t<\/div>\n\t\t\t\t\t<\/div>\n\t\t<\/section>\n\t\t\t\t<section class=\"elementor-section elementor-top-section elementor-element elementor-element-7de34b8 elementor-section-boxed elementor-section-height-default elementor-section-height-default\" data-id=\"7de34b8\" data-element_type=\"section\" data-e-type=\"section\">\n\t\t\t\t\t\t<div class=\"elementor-container elementor-column-gap-default\">\n\t\t\t\t\t<div class=\"elementor-column elementor-col-100 elementor-top-column elementor-element elementor-element-6f42187\" data-id=\"6f42187\" data-element_type=\"column\" data-e-type=\"column\">\n\t\t\t<div class=\"elementor-widget-wrap elementor-element-populated\">\n\t\t\t\t\t\t<div class=\"elementor-element elementor-element-f342ab5 elementor-widget elementor-widget-counter\" data-id=\"f342ab5\" data-element_type=\"widget\" data-e-type=\"widget\" data-widget_type=\"counter.default\">\n\t\t\t\t<div class=\"elementor-widget-container\">\n\t\t\t\t\t\t\t<div class=\"elementor-counter\">\n\t\t\t<div class=\"elementor-counter-title\">Cl\u00ednica eyecos<\/div>\t\t\t<div class=\"elementor-counter-number-wrapper\">\n\t\t\t\t<span class=\"elementor-counter-number-prefix\"><\/span>\n\t\t\t\t<span class=\"elementor-counter-number\" data-duration=\"2000\" data-to-value=\"35\" data-from-value=\"0\" data-delimiter=\",\">0<\/span>\n\t\t\t\t<span class=\"elementor-counter-number-suffix\"> ans<\/span>\n\t\t\t<\/div>\n\t\t<\/div>\n\t\t\t\t\t\t<\/div>\n\t\t\t\t<\/div>\n\t\t\t\t<div class=\"elementor-element elementor-element-dc8e603 elementor-widget elementor-widget-be-timeline\" data-id=\"dc8e603\" data-element_type=\"widget\" data-e-type=\"widget\" data-widget_type=\"be-timeline.default\">\n\t\t\t\t<div class=\"elementor-widget-container\">\n\t\t\t\t\t<ul class=\"be-pack timeline \"><li class=\"timeline-inverted\"> \n\t\t\t<div class=\"tl-circ\"><\/div>\n\t\t <div class=\"timeline-panel\">\n\t\t   <div class=\"tl-heading\">\n\t\t\t <div class=\"tl-content\">\n\n\t\t\t    \n\t\t\t\t\t\t\n\t\t\t\t\t\t<div class=\"be-desc\">\n\t\t\t\t\t\t\t<h2 class=\"be-title\">2025<\/h2>\t\t\t\t\t\t\t<div class=\"be-content\"><p>Laser GPlus et 10G.<br \/>Premier congr\u00e8s international du LOB.<\/p><\/div>\t\t\t\t\t\t<\/div>\n\n\t\t\t\t\t\n\t\t\t\t<\/div>\n\n\t\t\t<\/div>\n\t\t<\/div>\n\t\t\t<\/li>\n\t\t\t<li class=\"timeline-right\"> \n\t\t\t<div class=\"tl-circ\"><\/div>\n\t\t <div class=\"timeline-panel\">\n\t\t   <div class=\"tl-heading\">\n\t\t\t <div class=\"tl-content\">\n\n\t\t\t    \n\t\t\t\t\t\t\n\t\t\t\t\t\t<div class=\"be-desc\">\n\t\t\t\t\t\t\t<h2 class=\"be-title\">2024<\/h2>\t\t\t\t\t\t\t<div class=\"be-content\"><p>Laser 9G\/10G et premier laser automatique<\/p><\/div>\t\t\t\t\t\t<\/div>\n\n\t\t\t\t\t\n\t\t\t\t<\/div>\n\n\t\t\t<\/div>\n\t\t<\/div>\n\t\t\t<\/li>\n\t\t\t<li class=\"timeline-inverted\"> \n\t\t\t<div class=\"tl-circ\"><\/div>\n\t\t <div class=\"timeline-panel\">\n\t\t   <div class=\"tl-heading\">\n\t\t\t <div class=\"tl-content\">\n\n\t\t\t    \n\t\t\t\t\t\t\n\t\t\t\t\t\t<div class=\"be-desc\">\n\t\t\t\t\t\t\t<h2 class=\"be-title\">2023-2024<\/h2>\t\t\t\t\t\t\t<div class=\"be-content\"><p>Apolaser Tyron, IR\u00ceZ Scanner, Analyzer Plus, Digital Flaremeter, IR\u00ceZ Bot, BluEyes drops &amp; Single Dose<\/p><\/div>\t\t\t\t\t\t<\/div>\n\n\t\t\t\t\t\n\t\t\t\t<\/div>\n\n\t\t\t<\/div>\n\t\t<\/div>\n\t\t\t<\/li>\n\t\t\t<li class=\"timeline-right\"> \n\t\t\t<div class=\"tl-circ\"><\/div>\n\t\t <div class=\"timeline-panel\">\n\t\t   <div class=\"tl-heading\">\n\t\t\t <div class=\"tl-content\">\n\n\t\t\t    \n\t\t\t\t\t\t\n\t\t\t\t\t\t<div class=\"be-desc\">\n\t\t\t\t\t\t\t<h2 class=\"be-title\">2021-2022<\/h2>\t\t\t\t\t\t\t<div class=\"be-content\"><p>7G and new research projects<\/p><\/div>\t\t\t\t\t\t<\/div>\n\n\t\t\t\t\t\n\t\t\t\t<\/div>\n\n\t\t\t<\/div>\n\t\t<\/div>\n\t\t\t<\/li>\n\t\t\t<li class=\"timeline-inverted\"> \n\t\t\t<div class=\"tl-circ\"><\/div>\n\t\t <div class=\"timeline-panel\">\n\t\t   <div class=\"tl-heading\">\n\t\t\t <div class=\"tl-content\">\n\n\t\t\t    \n\t\t\t\t\t\t\n\t\t\t\t\t\t<div class=\"be-desc\">\n\t\t\t\t\t\t\t<h2 class=\"be-title\">2020 - 2021<\/h2>\t\t\t\t\t\t\t<div class=\"be-content\"><p>L\u00e1ser 6G<\/p><p>IR\u00ceZ WORKSTATION<\/p><\/div>\t\t\t\t\t\t<\/div>\n\n\t\t\t\t\t\n\t\t\t\t<\/div>\n\n\t\t\t<\/div>\n\t\t<\/div>\n\t\t\t<\/li>\n\t\t\t<li class=\"timeline-right\"> \n\t\t\t<div class=\"tl-circ\"><\/div>\n\t\t <div class=\"timeline-panel\">\n\t\t   <div class=\"tl-heading\">\n\t\t\t <div class=\"tl-content\">\n\n\t\t\t    \n\t\t\t\t\t\t\n\t\t\t\t\t\t<div class=\"be-desc\">\n\t\t\t\t\t\t\t<h2 class=\"be-title\">2015<\/h2>\t\t\t\t\t\t\t<div class=\"be-content\"><p>Invention de la lentille intraoculaire Presbylens pour la correction de la Presbytie \u00e9m\u00e9tropique<\/p><\/div>\t\t\t\t\t\t<\/div>\n\n\t\t\t\t\t\n\t\t\t\t<\/div>\n\n\t\t\t<\/div>\n\t\t<\/div>\n\t\t\t<\/li>\n\t\t\t<li class=\"timeline-inverted\"> \n\t\t\t<div class=\"tl-circ\"><\/div>\n\t\t <div class=\"timeline-panel\">\n\t\t   <div class=\"tl-heading\">\n\t\t\t <div class=\"tl-content\">\n\n\t\t\t    \n\t\t\t\t\t\t\n\t\t\t\t\t\t<div class=\"be-desc\">\n\t\t\t\t\t\t\t<h2 class=\"be-title\">2008-2012<\/h2>\t\t\t\t\t\t\t<div class=\"be-content\"><p>\u00c9tudes de recherche sur les lentilles corn\u00e9ennes esth\u00e9tiques et la r\u00e9alisation d\u2019iridoplasties au laser pour la modification de la pigmentation de l\u2019iris: H\u00e9t\u00e9rochromies<\/p><\/div>\t\t\t\t\t\t<\/div>\n\n\t\t\t\t\t\n\t\t\t\t<\/div>\n\n\t\t\t<\/div>\n\t\t<\/div>\n\t\t\t<\/li>\n\t\t\t<li class=\"timeline-right\"> \n\t\t\t<div class=\"tl-circ\"><\/div>\n\t\t <div class=\"timeline-panel\">\n\t\t   <div class=\"tl-heading\">\n\t\t\t <div class=\"tl-content\">\n\n\t\t\t    \n\t\t\t\t\t\t\n\t\t\t\t\t\t<div class=\"be-desc\">\n\t\t\t\t\t\t\t<h2 class=\"be-title\">2004-2008<\/h2>\t\t\t\t\t\t\t<div class=\"be-content\"><p>\u00c9tudes de recherche sur les implants intracorn\u00e9ens pour la Presbytie: Presbinlay<\/p><\/div>\t\t\t\t\t\t<\/div>\n\n\t\t\t\t\t\n\t\t\t\t<\/div>\n\n\t\t\t<\/div>\n\t\t<\/div>\n\t\t\t<\/li>\n\t\t\t<li class=\"timeline-inverted\"> \n\t\t\t<div class=\"tl-circ\"><\/div>\n\t\t <div class=\"timeline-panel\">\n\t\t   <div class=\"tl-heading\">\n\t\t\t <div class=\"tl-content\">\n\n\t\t\t    \n\t\t\t\t\t\t\n\t\t\t\t\t\t<div class=\"be-desc\">\n\t\t\t\t\t\t\t<h2 class=\"be-title\">1999<\/h2>\t\t\t\t\t\t\t<div class=\"be-content\"><p>Invention de Presbilaser. Laser \u00e1 excim\u00e8res pour la correction de la Presbytie<\/p><\/div>\t\t\t\t\t\t<\/div>\n\n\t\t\t\t\t\n\t\t\t\t<\/div>\n\n\t\t\t<\/div>\n\t\t<\/div>\n\t\t\t<\/li>\n\t\t\t<li class=\"timeline-right\"> \n\t\t\t<div class=\"tl-circ\"><\/div>\n\t\t <div class=\"timeline-panel\">\n\t\t   <div class=\"tl-heading\">\n\t\t\t <div class=\"tl-content\">\n\n\t\t\t    \n\t\t\t\t\t\t\n\t\t\t\t\t\t<div class=\"be-desc\">\n\t\t\t\t\t\t\t<h2 class=\"be-title\">1996<\/h2>\t\t\t\t\t\t\t<div class=\"be-content\"><p>Chirurgie R\u00e9fractive pour Myopie, Hyperm\u00e9tropie et Astigmatisme<\/p><\/div>\t\t\t\t\t\t<\/div>\n\n\t\t\t\t\t\n\t\t\t\t<\/div>\n\n\t\t\t<\/div>\n\t\t<\/div>\n\t\t\t<\/li>\n\t\t\t<li class=\"timeline-inverted\"> \n\t\t\t<div class=\"tl-circ\"><\/div>\n\t\t <div class=\"timeline-panel\">\n\t\t   <div class=\"tl-heading\">\n\t\t\t <div class=\"tl-content\">\n\n\t\t\t    \n\t\t\t\t\t\t\n\t\t\t\t\t\t<div class=\"be-desc\">\n\t\t\t\t\t\t\t<h2 class=\"be-title\">1995<\/h2>\t\t\t\t\t\t\t<div class=\"be-content\"><p>Queratoplastias traum\u00e1ticas urgentes<\/p><\/div>\t\t\t\t\t\t<\/div>\n\n\t\t\t\t\t\n\t\t\t\t<\/div>\n\n\t\t\t<\/div>\n\t\t<\/div>\n\t\t\t<\/li>\n\t\t\t<li class=\"timeline-right\"> \n\t\t\t<div class=\"tl-circ\"><\/div>\n\t\t <div class=\"timeline-panel\">\n\t\t   <div class=\"tl-heading\">\n\t\t\t <div class=\"tl-content\">\n\n\t\t\t    \n\t\t\t\t\t\t\n\t\t\t\t\t\t<div class=\"be-desc\">\n\t\t\t\t\t\t\t<h2 class=\"be-title\">1994<\/h2>\t\t\t\t\t\t\t<div class=\"be-content\"><p>Stage en Doheny Eye Institute de Los Angeles (USA)<\/p><\/div>\t\t\t\t\t\t<\/div>\n\n\t\t\t\t\t\n\t\t\t\t<\/div>\n\n\t\t\t<\/div>\n\t\t<\/div>\n\t\t\t<\/li>\n\t\t\t<li class=\"timeline-inverted\"> \n\t\t\t<div class=\"tl-circ\"><\/div>\n\t\t <div class=\"timeline-panel\">\n\t\t   <div class=\"tl-heading\">\n\t\t\t <div class=\"tl-content\">\n\n\t\t\t    \n\t\t\t\t\t\t\n\t\t\t\t\t\t<div class=\"be-desc\">\n\t\t\t\t\t\t\t<h2 class=\"be-title\">1992<\/h2>\t\t\t\t\t\t\t<div class=\"be-content\"><p>Stage en Bascom Palmer Eye Institute de Miami (USA)<\/p><\/div>\t\t\t\t\t\t<\/div>\n\n\t\t\t\t\t\n\t\t\t\t<\/div>\n\n\t\t\t<\/div>\n\t\t<\/div>\n\t\t\t<\/li>\n\t\t\t<li class=\"timeline-right\"> \n\t\t\t<div class=\"tl-circ\"><\/div>\n\t\t <div class=\"timeline-panel\">\n\t\t   <div class=\"tl-heading\">\n\t\t\t <div class=\"tl-content\">\n\n\t\t\t    \n\t\t\t\t\t\t\n\t\t\t\t\t\t<div class=\"be-desc\">\n\t\t\t\t\t\t\t<h2 class=\"be-title\">1989-1991<\/h2>\t\t\t\t\t\t\t<div class=\"be-content\"><p>\u00c9tude de Recherche Europ\u00e9enne sur la G\u00e9n\u00e9tique<br \/>de la R\u00e9tinite Pigmentaire.<\/p><\/div>\t\t\t\t\t\t<\/div>\n\n\t\t\t\t\t\n\t\t\t\t<\/div>\n\n\t\t\t<\/div>\n\t\t<\/div>\n\t\t\t<\/li>\n\t\t\t \n      <\/ul>\n\n\t\t\t\t\t<\/div>\n\t\t\t\t<\/div>\n\t\t\t\t\t<\/div>\n\t\t<\/div>\n\t\t\t\t\t<\/div>\n\t\t<\/section>\n\t\t\t\t<\/div>\n\t\t","protected":false},"excerpt":{"rendered":"<p>Chronologie de la clinique Eyecos Cl\u00ednica eyecos 0 ans 2025 Laser GPlus et 10G.Premier congr\u00e8s international du LOB. 2024 Laser 9G\/10G et premier laser automatique 2023-2024 Apolaser Tyron, IR\u00ceZ Scanner, Analyzer Plus, Digital Flaremeter, IR\u00ceZ Bot, BluEyes drops &amp; Single Dose 2021-2022 7G and new research projects 2020 &#8211; 2021 L\u00e1ser 6G IR\u00ceZ WORKSTATION 2015 [&hellip;]<\/p>\n","protected":false},"author":1,"featured_media":0,"parent":0,"menu_order":0,"comment_status":"closed","ping_status":"closed","template":"","meta":{"_joinchat":[],"footnotes":""},"class_list":["post-24015","page","type-page","status-publish","hentry"],"yoast_head":"<!-- This site is optimized with the Yoast SEO Premium plugin v26.7 (Yoast SEO v27.2) - https:\/\/yoast.com\/product\/yoast-seo-premium-wordpress\/ -->\n<title>Chronologie de la clinique Eyecos - Eyecos Clinic<\/title>\n<meta name=\"description\" content=\"1989-1991. \u00c9tude de Recherche Europ\u00e9enne sur la G\u00e9n\u00e9tiquede la R\u00e9tinite Pigmentaire. 1992 Stage en Bascom Palmer Eye Institute de Miami (USA)\" \/>\n<meta name=\"robots\" content=\"index, follow, max-snippet:-1, max-image-preview:large, max-video-preview:-1\" \/>\n<link rel=\"canonical\" href=\"https:\/\/www.eyecos.eu\/fr\/chronologie-de-la-clinique-eyecos\/\" \/>\n<meta property=\"og:locale\" content=\"fr_FR\" \/>\n<meta property=\"og:type\" content=\"article\" \/>\n<meta property=\"og:title\" content=\"Chronologie de la clinique Eyecos\" \/>\n<meta property=\"og:description\" content=\"Chronologie de la clinique Eyecos Cl\u00ednica eyecos 0 ans 2025 Laser GPlus et 10G.Premier congr\u00e8s international du LOB. 2024 Laser 9G\/10G et premier laser\" \/>\n<meta property=\"og:url\" content=\"https:\/\/www.eyecos.eu\/fr\/chronologie-de-la-clinique-eyecos\/\" \/>\n<meta property=\"og:site_name\" content=\"Cl\u00ednica Eyecos - Cambio color de ojos\" \/>\n<meta property=\"article:publisher\" content=\"https:\/\/www.facebook.com\/neweyeslaser\" \/>\n<meta property=\"article:modified_time\" content=\"2025-07-01T15:47:25+00:00\" \/>\n<meta name=\"twitter:card\" content=\"summary_large_image\" \/>\n<meta name=\"twitter:site\" content=\"@NewEyesLaser\" \/>\n<meta name=\"twitter:label1\" content=\"Dur\u00e9e de lecture estim\u00e9e\" \/>\n\t<meta name=\"twitter:data1\" content=\"1 minute\" \/>\n<script type=\"application\/ld+json\" class=\"yoast-schema-graph\">{\"@context\":\"https:\/\/schema.org\",\"@graph\":[{\"@type\":\"WebPage\",\"@id\":\"https:\/\/www.eyecos.eu\/fr\/chronologie-de-la-clinique-eyecos\/\",\"url\":\"https:\/\/www.eyecos.eu\/fr\/chronologie-de-la-clinique-eyecos\/\",\"name\":\"Chronologie de la clinique Eyecos - Eyecos Clinic\",\"isPartOf\":{\"@id\":\"https:\/\/www.eyecos.eu\/fr\/#website\"},\"datePublished\":\"2021-02-14T14:28:19+00:00\",\"dateModified\":\"2025-07-01T15:47:25+00:00\",\"description\":\"1989-1991. \u00c9tude de Recherche Europ\u00e9enne sur la G\u00e9n\u00e9tiquede la R\u00e9tinite Pigmentaire. 1992 Stage en Bascom Palmer Eye Institute de Miami (USA)\",\"breadcrumb\":{\"@id\":\"https:\/\/www.eyecos.eu\/fr\/chronologie-de-la-clinique-eyecos\/#breadcrumb\"},\"inLanguage\":\"fr-FR\",\"potentialAction\":[{\"@type\":\"ReadAction\",\"target\":[\"https:\/\/www.eyecos.eu\/fr\/chronologie-de-la-clinique-eyecos\/\"]}]},{\"@type\":\"BreadcrumbList\",\"@id\":\"https:\/\/www.eyecos.eu\/fr\/chronologie-de-la-clinique-eyecos\/#breadcrumb\",\"itemListElement\":[{\"@type\":\"ListItem\",\"position\":1,\"name\":\"Eyecos\",\"item\":\"https:\/\/www.eyecos.eu\/fr\/\"},{\"@type\":\"ListItem\",\"position\":2,\"name\":\"Chronologie de la clinique Eyecos\"}]},{\"@type\":\"WebSite\",\"@id\":\"https:\/\/www.eyecos.eu\/fr\/#website\",\"url\":\"https:\/\/www.eyecos.eu\/fr\/\",\"name\":\"Cl\u00ednica Eyecos - Cambio color de ojos\",\"description\":\"\u00danica clinica que realiza el cambio del color de los ojos con l\u00e1ser con m\u00e1s 1000 pacientes y casi 10 a\u00f1os de experiencia\",\"publisher\":{\"@id\":\"https:\/\/www.eyecos.eu\/fr\/#organization\"},\"potentialAction\":[{\"@type\":\"SearchAction\",\"target\":{\"@type\":\"EntryPoint\",\"urlTemplate\":\"https:\/\/www.eyecos.eu\/fr\/?s={search_term_string}\"},\"query-input\":{\"@type\":\"PropertyValueSpecification\",\"valueRequired\":true,\"valueName\":\"search_term_string\"}}],\"inLanguage\":\"fr-FR\"},{\"@type\":\"Organization\",\"@id\":\"https:\/\/www.eyecos.eu\/fr\/#organization\",\"name\":\"Cl\u00ednica Eyecos - Cambio color de ojos\",\"url\":\"https:\/\/www.eyecos.eu\/fr\/\",\"logo\":{\"@type\":\"ImageObject\",\"inLanguage\":\"fr-FR\",\"@id\":\"https:\/\/www.eyecos.eu\/fr\/#\/schema\/logo\/image\/\",\"url\":\"https:\/\/www.eyecos.eu\/wp-content\/uploads\/2024\/03\/LOGO-EYECOS.png\",\"contentUrl\":\"https:\/\/www.eyecos.eu\/wp-content\/uploads\/2024\/03\/LOGO-EYECOS.png\",\"width\":480,\"height\":480,\"caption\":\"Cl\u00ednica Eyecos - Cambio color de ojos\"},\"image\":{\"@id\":\"https:\/\/www.eyecos.eu\/fr\/#\/schema\/logo\/image\/\"},\"sameAs\":[\"https:\/\/www.facebook.com\/neweyeslaser\",\"https:\/\/x.com\/NewEyesLaser\",\"https:\/\/www.instagram.com\/neweyeslaser\/\"]}]}<\/script>\n<!-- \/ Yoast SEO Premium plugin. -->","yoast_head_json":{"title":"Chronologie de la clinique Eyecos - Eyecos Clinic","description":"1989-1991. \u00c9tude de Recherche Europ\u00e9enne sur la G\u00e9n\u00e9tiquede la R\u00e9tinite Pigmentaire. 1992 Stage en Bascom Palmer Eye Institute de Miami (USA)","robots":{"index":"index","follow":"follow","max-snippet":"max-snippet:-1","max-image-preview":"max-image-preview:large","max-video-preview":"max-video-preview:-1"},"canonical":"https:\/\/www.eyecos.eu\/fr\/chronologie-de-la-clinique-eyecos\/","og_locale":"fr_FR","og_type":"article","og_title":"Chronologie de la clinique Eyecos","og_description":"Chronologie de la clinique Eyecos Cl\u00ednica eyecos 0 ans 2025 Laser GPlus et 10G.Premier congr\u00e8s international du LOB. 2024 Laser 9G\/10G et premier laser","og_url":"https:\/\/www.eyecos.eu\/fr\/chronologie-de-la-clinique-eyecos\/","og_site_name":"Cl\u00ednica Eyecos - Cambio color de ojos","article_publisher":"https:\/\/www.facebook.com\/neweyeslaser","article_modified_time":"2025-07-01T15:47:25+00:00","twitter_card":"summary_large_image","twitter_site":"@NewEyesLaser","twitter_misc":{"Dur\u00e9e de lecture estim\u00e9e":"1 minute"},"schema":{"@context":"https:\/\/schema.org","@graph":[{"@type":"WebPage","@id":"https:\/\/www.eyecos.eu\/fr\/chronologie-de-la-clinique-eyecos\/","url":"https:\/\/www.eyecos.eu\/fr\/chronologie-de-la-clinique-eyecos\/","name":"Chronologie de la clinique Eyecos - Eyecos Clinic","isPartOf":{"@id":"https:\/\/www.eyecos.eu\/fr\/#website"},"datePublished":"2021-02-14T14:28:19+00:00","dateModified":"2025-07-01T15:47:25+00:00","description":"1989-1991. \u00c9tude de Recherche Europ\u00e9enne sur la G\u00e9n\u00e9tiquede la R\u00e9tinite Pigmentaire. 1992 Stage en Bascom Palmer Eye Institute de Miami (USA)","breadcrumb":{"@id":"https:\/\/www.eyecos.eu\/fr\/chronologie-de-la-clinique-eyecos\/#breadcrumb"},"inLanguage":"fr-FR","potentialAction":[{"@type":"ReadAction","target":["https:\/\/www.eyecos.eu\/fr\/chronologie-de-la-clinique-eyecos\/"]}]},{"@type":"BreadcrumbList","@id":"https:\/\/www.eyecos.eu\/fr\/chronologie-de-la-clinique-eyecos\/#breadcrumb","itemListElement":[{"@type":"ListItem","position":1,"name":"Eyecos","item":"https:\/\/www.eyecos.eu\/fr\/"},{"@type":"ListItem","position":2,"name":"Chronologie de la clinique Eyecos"}]},{"@type":"WebSite","@id":"https:\/\/www.eyecos.eu\/fr\/#website","url":"https:\/\/www.eyecos.eu\/fr\/","name":"Cl\u00ednica Eyecos - Cambio color de ojos","description":"\u00danica clinica que realiza el cambio del color de los ojos con l\u00e1ser con m\u00e1s 1000 pacientes y casi 10 a\u00f1os de experiencia","publisher":{"@id":"https:\/\/www.eyecos.eu\/fr\/#organization"},"potentialAction":[{"@type":"SearchAction","target":{"@type":"EntryPoint","urlTemplate":"https:\/\/www.eyecos.eu\/fr\/?s={search_term_string}"},"query-input":{"@type":"PropertyValueSpecification","valueRequired":true,"valueName":"search_term_string"}}],"inLanguage":"fr-FR"},{"@type":"Organization","@id":"https:\/\/www.eyecos.eu\/fr\/#organization","name":"Cl\u00ednica Eyecos - Cambio color de ojos","url":"https:\/\/www.eyecos.eu\/fr\/","logo":{"@type":"ImageObject","inLanguage":"fr-FR","@id":"https:\/\/www.eyecos.eu\/fr\/#\/schema\/logo\/image\/","url":"https:\/\/www.eyecos.eu\/wp-content\/uploads\/2024\/03\/LOGO-EYECOS.png","contentUrl":"https:\/\/www.eyecos.eu\/wp-content\/uploads\/2024\/03\/LOGO-EYECOS.png","width":480,"height":480,"caption":"Cl\u00ednica Eyecos - Cambio color de ojos"},"image":{"@id":"https:\/\/www.eyecos.eu\/fr\/#\/schema\/logo\/image\/"},"sameAs":["https:\/\/www.facebook.com\/neweyeslaser","https:\/\/x.com\/NewEyesLaser","https:\/\/www.instagram.com\/neweyeslaser\/"]}]}},"_links":{"self":[{"href":"https:\/\/www.eyecos.eu\/fr\/wp-json\/wp\/v2\/pages\/24015","targetHints":{"allow":["GET"]}}],"collection":[{"href":"https:\/\/www.eyecos.eu\/fr\/wp-json\/wp\/v2\/pages"}],"about":[{"href":"https:\/\/www.eyecos.eu\/fr\/wp-json\/wp\/v2\/types\/page"}],"author":[{"embeddable":true,"href":"https:\/\/www.eyecos.eu\/fr\/wp-json\/wp\/v2\/users\/1"}],"replies":[{"embeddable":true,"href":"https:\/\/www.eyecos.eu\/fr\/wp-json\/wp\/v2\/comments?post=24015"}],"version-history":[{"count":6,"href":"https:\/\/www.eyecos.eu\/fr\/wp-json\/wp\/v2\/pages\/24015\/revisions"}],"predecessor-version":[{"id":296421,"href":"https:\/\/www.eyecos.eu\/fr\/wp-json\/wp\/v2\/pages\/24015\/revisions\/296421"}],"wp:attachment":[{"href":"https:\/\/www.eyecos.eu\/fr\/wp-json\/wp\/v2\/media?parent=24015"}],"curies":[{"name":"wp","href":"https:\/\/api.w.org\/{rel}","templated":true}]}}