{"id":289542,"date":"2024-06-13T06:24:51","date_gmt":"2024-06-13T06:24:51","guid":{"rendered":"https:\/\/www.eyecos.eu\/congresos-y-publicaciones-cientificas\/"},"modified":"2024-07-04T09:43:22","modified_gmt":"2024-07-04T09:43:22","slug":"congres-et-publications-scientifiques","status":"publish","type":"page","link":"https:\/\/www.eyecos.eu\/fr\/congres-et-publications-scientifiques\/","title":{"rendered":"Congr\u00e8s et publications scientifiques"},"content":{"rendered":"\t\t<div data-elementor-type=\"wp-page\" data-elementor-id=\"289542\" class=\"elementor elementor-289542 elementor-289323\" data-elementor-post-type=\"page\">\n\t\t\t\t\t\t<section class=\"elementor-section elementor-top-section elementor-element elementor-element-988a2d2 elementor-section-boxed elementor-section-height-default elementor-section-height-default\" data-id=\"988a2d2\" data-element_type=\"section\" data-e-type=\"section\">\n\t\t\t\t\t\t<div class=\"elementor-container elementor-column-gap-default\">\n\t\t\t\t\t<div class=\"elementor-column elementor-col-50 elementor-top-column elementor-element elementor-element-2a3afcd\" data-id=\"2a3afcd\" data-element_type=\"column\" data-e-type=\"column\" data-settings=\"{&quot;background_background&quot;:&quot;classic&quot;}\">\n\t\t\t<div class=\"elementor-widget-wrap elementor-element-populated\">\n\t\t\t\t\t\t<div class=\"elementor-element elementor-element-7f4a4b1 elementor-widget elementor-widget-heading\" data-id=\"7f4a4b1\" data-element_type=\"widget\" data-e-type=\"widget\" data-widget_type=\"heading.default\">\n\t\t\t\t<div class=\"elementor-widget-container\">\n\t\t\t\t\t<h2 class=\"elementor-heading-title elementor-size-default\">Congr\u00e8s<\/h2>\t\t\t\t<\/div>\n\t\t\t\t<\/div>\n\t\t\t\t\t<\/div>\n\t\t<\/div>\n\t\t\t\t<div class=\"elementor-column elementor-col-50 elementor-top-column elementor-element elementor-element-f707ac4\" data-id=\"f707ac4\" data-element_type=\"column\" data-e-type=\"column\" data-settings=\"{&quot;background_background&quot;:&quot;classic&quot;}\">\n\t\t\t<div class=\"elementor-widget-wrap elementor-element-populated\">\n\t\t\t\t\t\t<div class=\"elementor-element elementor-element-131297a elementor-widget elementor-widget-heading\" data-id=\"131297a\" data-element_type=\"widget\" data-e-type=\"widget\" data-widget_type=\"heading.default\">\n\t\t\t\t<div class=\"elementor-widget-container\">\n\t\t\t\t\t<h2 class=\"elementor-heading-title elementor-size-default\">Publications scientifiques<\/h2>\t\t\t\t<\/div>\n\t\t\t\t<\/div>\n\t\t\t\t<div class=\"elementor-element elementor-element-6b4ead1 elementor-widget elementor-widget-image\" data-id=\"6b4ead1\" data-element_type=\"widget\" data-e-type=\"widget\" data-widget_type=\"image.default\">\n\t\t\t\t<div class=\"elementor-widget-container\">\n\t\t\t\t\t\t\t\t\t\t\t\t\t\t\t<img fetchpriority=\"high\" decoding=\"async\" width=\"800\" height=\"466\" src=\"https:\/\/www.eyecos.eu\/wp-content\/uploads\/2023\/11\/photoablative-cosmetic-iridoplasty.png\" class=\"attachment-large size-large wp-image-278296\" alt=\"\" srcset=\"https:\/\/www.eyecos.eu\/wp-content\/uploads\/2023\/11\/photoablative-cosmetic-iridoplasty.png 972w, https:\/\/www.eyecos.eu\/wp-content\/uploads\/2023\/11\/photoablative-cosmetic-iridoplasty-600x349.png 600w, https:\/\/www.eyecos.eu\/wp-content\/uploads\/2023\/11\/photoablative-cosmetic-iridoplasty-300x175.png 300w, https:\/\/www.eyecos.eu\/wp-content\/uploads\/2023\/11\/photoablative-cosmetic-iridoplasty-768x447.png 768w\" sizes=\"(max-width: 800px) 100vw, 800px\" \/>\t\t\t\t\t\t\t\t\t\t\t\t\t\t\t<\/div>\n\t\t\t\t<\/div>\n\t\t\t\t<div class=\"elementor-element elementor-element-79b0d60 elementor-align-justify elementor-widget elementor-widget-button\" data-id=\"79b0d60\" data-element_type=\"widget\" data-e-type=\"widget\" data-widget_type=\"button.default\">\n\t\t\t\t<div class=\"elementor-widget-container\">\n\t\t\t\t\t\t\t\t\t<div class=\"elementor-button-wrapper\">\n\t\t\t\t\t<a class=\"elementor-button elementor-button-link elementor-size-sm\" href=\"https:\/\/link.springer.com\/article\/10.1007\/s10792-021-01693-5\" target=\"_blank\">\n\t\t\t\t\t\t<span class=\"elementor-button-content-wrapper\">\n\t\t\t\t\t\t\t\t\t<span class=\"elementor-button-text\">Lire l'article<\/span>\n\t\t\t\t\t<\/span>\n\t\t\t\t\t<\/a>\n\t\t\t\t<\/div>\n\t\t\t\t\t\t\t\t<\/div>\n\t\t\t\t<\/div>\n\t\t\t\t<div class=\"elementor-element elementor-element-f5da03c elementor-widget-divider--view-line elementor-widget elementor-widget-divider\" data-id=\"f5da03c\" data-element_type=\"widget\" data-e-type=\"widget\" data-widget_type=\"divider.default\">\n\t\t\t\t<div class=\"elementor-widget-container\">\n\t\t\t\t\t\t\t<div class=\"elementor-divider\">\n\t\t\t<span class=\"elementor-divider-separator\">\n\t\t\t\t\t\t<\/span>\n\t\t<\/div>\n\t\t\t\t\t\t<\/div>\n\t\t\t\t<\/div>\n\t\t\t\t<div class=\"elementor-element elementor-element-7f4703e elementor-widget elementor-widget-image\" data-id=\"7f4703e\" data-element_type=\"widget\" data-e-type=\"widget\" data-widget_type=\"image.default\">\n\t\t\t\t<div class=\"elementor-widget-container\">\n\t\t\t\t\t\t\t\t\t\t\t\t\t\t\t<img decoding=\"async\" width=\"800\" height=\"466\" src=\"https:\/\/www.eyecos.eu\/wp-content\/uploads\/2024\/07\/minimal-chronic-glaucoma2.png\" class=\"attachment-large size-large wp-image-291082\" alt=\"\" srcset=\"https:\/\/www.eyecos.eu\/wp-content\/uploads\/2024\/07\/minimal-chronic-glaucoma2.png 972w, https:\/\/www.eyecos.eu\/wp-content\/uploads\/2024\/07\/minimal-chronic-glaucoma2-300x175.png 300w, https:\/\/www.eyecos.eu\/wp-content\/uploads\/2024\/07\/minimal-chronic-glaucoma2-768x447.png 768w, https:\/\/www.eyecos.eu\/wp-content\/uploads\/2024\/07\/minimal-chronic-glaucoma2-600x349.png 600w\" sizes=\"(max-width: 800px) 100vw, 800px\" \/>\t\t\t\t\t\t\t\t\t\t\t\t\t\t\t<\/div>\n\t\t\t\t<\/div>\n\t\t\t\t<div class=\"elementor-element elementor-element-ec9c1ac elementor-align-justify elementor-widget elementor-widget-button\" data-id=\"ec9c1ac\" data-element_type=\"widget\" data-e-type=\"widget\" data-widget_type=\"button.default\">\n\t\t\t\t<div class=\"elementor-widget-container\">\n\t\t\t\t\t\t\t\t\t<div class=\"elementor-button-wrapper\">\n\t\t\t\t\t<a class=\"elementor-button elementor-button-link elementor-size-sm\" href=\"https:\/\/www.eyecos.eu\/docs\/minimal-chronic-glaucoma-risk-after-laser-iridoplasty-demonstrated-by-tonography.pdf\" target=\"_blank\">\n\t\t\t\t\t\t<span class=\"elementor-button-content-wrapper\">\n\t\t\t\t\t\t\t\t\t<span class=\"elementor-button-text\">Lire l'article<\/span>\n\t\t\t\t\t<\/span>\n\t\t\t\t\t<\/a>\n\t\t\t\t<\/div>\n\t\t\t\t\t\t\t\t<\/div>\n\t\t\t\t<\/div>\n\t\t\t\t\t<\/div>\n\t\t<\/div>\n\t\t\t\t\t<\/div>\n\t\t<\/section>\n\t\t\t\t<\/div>\n\t\t","protected":false},"excerpt":{"rendered":"<p>Congr\u00e8s Publications scientifiques Lire l&rsquo;article Lire l&rsquo;article<\/p>\n","protected":false},"author":1,"featured_media":0,"parent":0,"menu_order":0,"comment_status":"closed","ping_status":"closed","template":"","meta":{"_joinchat":[],"footnotes":""},"class_list":["post-289542","page","type-page","status-publish","hentry"],"yoast_head":"<!-- This site is optimized with the Yoast SEO Premium plugin v26.7 (Yoast SEO v27.2) - https:\/\/yoast.com\/product\/yoast-seo-premium-wordpress\/ -->\n<title>Congr\u00e8s et publications scientifiques - Cl\u00ednica Eyecos - Cambio color de ojos<\/title>\n<meta name=\"robots\" content=\"index, follow, max-snippet:-1, max-image-preview:large, max-video-preview:-1\" \/>\n<link rel=\"canonical\" href=\"https:\/\/www.eyecos.eu\/fr\/congres-et-publications-scientifiques\/\" \/>\n<meta property=\"og:locale\" content=\"fr_FR\" \/>\n<meta property=\"og:type\" content=\"article\" \/>\n<meta property=\"og:title\" content=\"Congr\u00e8s et publications scientifiques\" \/>\n<meta property=\"og:description\" content=\"Congr\u00e8s Publications scientifiques Lire l&#039;article Lire\" \/>\n<meta property=\"og:url\" content=\"https:\/\/www.eyecos.eu\/fr\/congres-et-publications-scientifiques\/\" \/>\n<meta property=\"og:site_name\" content=\"Cl\u00ednica Eyecos - Cambio color de ojos\" \/>\n<meta property=\"article:publisher\" content=\"https:\/\/www.facebook.com\/neweyeslaser\" \/>\n<meta property=\"article:modified_time\" content=\"2024-07-04T09:43:22+00:00\" \/>\n<meta property=\"og:image\" content=\"https:\/\/www.eyecos.eu\/wp-content\/uploads\/2023\/11\/photoablative-cosmetic-iridoplasty.png\" \/>\n<meta name=\"twitter:card\" content=\"summary_large_image\" \/>\n<meta name=\"twitter:site\" content=\"@NewEyesLaser\" \/>\n<meta name=\"twitter:label1\" content=\"Dur\u00e9e de lecture estim\u00e9e\" \/>\n\t<meta name=\"twitter:data1\" content=\"4 minutes\" \/>\n<script type=\"application\/ld+json\" class=\"yoast-schema-graph\">{\"@context\":\"https:\/\/schema.org\",\"@graph\":[{\"@type\":\"WebPage\",\"@id\":\"https:\/\/www.eyecos.eu\/fr\/congres-et-publications-scientifiques\/\",\"url\":\"https:\/\/www.eyecos.eu\/fr\/congres-et-publications-scientifiques\/\",\"name\":\"Congr\u00e8s et publications scientifiques - Cl\u00ednica Eyecos - Cambio color de ojos\",\"isPartOf\":{\"@id\":\"https:\/\/www.eyecos.eu\/fr\/#website\"},\"primaryImageOfPage\":{\"@id\":\"https:\/\/www.eyecos.eu\/fr\/congres-et-publications-scientifiques\/#primaryimage\"},\"image\":{\"@id\":\"https:\/\/www.eyecos.eu\/fr\/congres-et-publications-scientifiques\/#primaryimage\"},\"thumbnailUrl\":\"https:\/\/www.eyecos.eu\/wp-content\/uploads\/2023\/11\/photoablative-cosmetic-iridoplasty.png\",\"datePublished\":\"2024-06-13T06:24:51+00:00\",\"dateModified\":\"2024-07-04T09:43:22+00:00\",\"breadcrumb\":{\"@id\":\"https:\/\/www.eyecos.eu\/fr\/congres-et-publications-scientifiques\/#breadcrumb\"},\"inLanguage\":\"fr-FR\",\"potentialAction\":[{\"@type\":\"ReadAction\",\"target\":[\"https:\/\/www.eyecos.eu\/fr\/congres-et-publications-scientifiques\/\"]}]},{\"@type\":\"ImageObject\",\"inLanguage\":\"fr-FR\",\"@id\":\"https:\/\/www.eyecos.eu\/fr\/congres-et-publications-scientifiques\/#primaryimage\",\"url\":\"https:\/\/www.eyecos.eu\/wp-content\/uploads\/2023\/11\/photoablative-cosmetic-iridoplasty.png\",\"contentUrl\":\"https:\/\/www.eyecos.eu\/wp-content\/uploads\/2023\/11\/photoablative-cosmetic-iridoplasty.png\"},{\"@type\":\"BreadcrumbList\",\"@id\":\"https:\/\/www.eyecos.eu\/fr\/congres-et-publications-scientifiques\/#breadcrumb\",\"itemListElement\":[{\"@type\":\"ListItem\",\"position\":1,\"name\":\"Eyecos\",\"item\":\"https:\/\/www.eyecos.eu\/fr\/\"},{\"@type\":\"ListItem\",\"position\":2,\"name\":\"Congr\u00e8s et publications scientifiques\"}]},{\"@type\":\"WebSite\",\"@id\":\"https:\/\/www.eyecos.eu\/fr\/#website\",\"url\":\"https:\/\/www.eyecos.eu\/fr\/\",\"name\":\"Cl\u00ednica Eyecos - Cambio color de ojos\",\"description\":\"\u00danica clinica que realiza el cambio del color de los ojos con l\u00e1ser con m\u00e1s 1000 pacientes y casi 10 a\u00f1os de experiencia\",\"publisher\":{\"@id\":\"https:\/\/www.eyecos.eu\/fr\/#organization\"},\"potentialAction\":[{\"@type\":\"SearchAction\",\"target\":{\"@type\":\"EntryPoint\",\"urlTemplate\":\"https:\/\/www.eyecos.eu\/fr\/?s={search_term_string}\"},\"query-input\":{\"@type\":\"PropertyValueSpecification\",\"valueRequired\":true,\"valueName\":\"search_term_string\"}}],\"inLanguage\":\"fr-FR\"},{\"@type\":\"Organization\",\"@id\":\"https:\/\/www.eyecos.eu\/fr\/#organization\",\"name\":\"Cl\u00ednica Eyecos - Cambio color de ojos\",\"url\":\"https:\/\/www.eyecos.eu\/fr\/\",\"logo\":{\"@type\":\"ImageObject\",\"inLanguage\":\"fr-FR\",\"@id\":\"https:\/\/www.eyecos.eu\/fr\/#\/schema\/logo\/image\/\",\"url\":\"https:\/\/www.eyecos.eu\/wp-content\/uploads\/2024\/03\/LOGO-EYECOS.png\",\"contentUrl\":\"https:\/\/www.eyecos.eu\/wp-content\/uploads\/2024\/03\/LOGO-EYECOS.png\",\"width\":480,\"height\":480,\"caption\":\"Cl\u00ednica Eyecos - Cambio color de ojos\"},\"image\":{\"@id\":\"https:\/\/www.eyecos.eu\/fr\/#\/schema\/logo\/image\/\"},\"sameAs\":[\"https:\/\/www.facebook.com\/neweyeslaser\",\"https:\/\/x.com\/NewEyesLaser\",\"https:\/\/www.instagram.com\/neweyeslaser\/\"]}]}<\/script>\n<!-- \/ Yoast SEO Premium plugin. -->","yoast_head_json":{"title":"Congr\u00e8s et publications scientifiques - Cl\u00ednica Eyecos - Cambio color de ojos","robots":{"index":"index","follow":"follow","max-snippet":"max-snippet:-1","max-image-preview":"max-image-preview:large","max-video-preview":"max-video-preview:-1"},"canonical":"https:\/\/www.eyecos.eu\/fr\/congres-et-publications-scientifiques\/","og_locale":"fr_FR","og_type":"article","og_title":"Congr\u00e8s et publications scientifiques","og_description":"Congr\u00e8s Publications scientifiques Lire l'article Lire","og_url":"https:\/\/www.eyecos.eu\/fr\/congres-et-publications-scientifiques\/","og_site_name":"Cl\u00ednica Eyecos - Cambio color de ojos","article_publisher":"https:\/\/www.facebook.com\/neweyeslaser","article_modified_time":"2024-07-04T09:43:22+00:00","og_image":[{"url":"https:\/\/www.eyecos.eu\/wp-content\/uploads\/2023\/11\/photoablative-cosmetic-iridoplasty.png","type":"","width":"","height":""}],"twitter_card":"summary_large_image","twitter_site":"@NewEyesLaser","twitter_misc":{"Dur\u00e9e de lecture estim\u00e9e":"4 minutes"},"schema":{"@context":"https:\/\/schema.org","@graph":[{"@type":"WebPage","@id":"https:\/\/www.eyecos.eu\/fr\/congres-et-publications-scientifiques\/","url":"https:\/\/www.eyecos.eu\/fr\/congres-et-publications-scientifiques\/","name":"Congr\u00e8s et publications scientifiques - Cl\u00ednica Eyecos - Cambio color de ojos","isPartOf":{"@id":"https:\/\/www.eyecos.eu\/fr\/#website"},"primaryImageOfPage":{"@id":"https:\/\/www.eyecos.eu\/fr\/congres-et-publications-scientifiques\/#primaryimage"},"image":{"@id":"https:\/\/www.eyecos.eu\/fr\/congres-et-publications-scientifiques\/#primaryimage"},"thumbnailUrl":"https:\/\/www.eyecos.eu\/wp-content\/uploads\/2023\/11\/photoablative-cosmetic-iridoplasty.png","datePublished":"2024-06-13T06:24:51+00:00","dateModified":"2024-07-04T09:43:22+00:00","breadcrumb":{"@id":"https:\/\/www.eyecos.eu\/fr\/congres-et-publications-scientifiques\/#breadcrumb"},"inLanguage":"fr-FR","potentialAction":[{"@type":"ReadAction","target":["https:\/\/www.eyecos.eu\/fr\/congres-et-publications-scientifiques\/"]}]},{"@type":"ImageObject","inLanguage":"fr-FR","@id":"https:\/\/www.eyecos.eu\/fr\/congres-et-publications-scientifiques\/#primaryimage","url":"https:\/\/www.eyecos.eu\/wp-content\/uploads\/2023\/11\/photoablative-cosmetic-iridoplasty.png","contentUrl":"https:\/\/www.eyecos.eu\/wp-content\/uploads\/2023\/11\/photoablative-cosmetic-iridoplasty.png"},{"@type":"BreadcrumbList","@id":"https:\/\/www.eyecos.eu\/fr\/congres-et-publications-scientifiques\/#breadcrumb","itemListElement":[{"@type":"ListItem","position":1,"name":"Eyecos","item":"https:\/\/www.eyecos.eu\/fr\/"},{"@type":"ListItem","position":2,"name":"Congr\u00e8s et publications scientifiques"}]},{"@type":"WebSite","@id":"https:\/\/www.eyecos.eu\/fr\/#website","url":"https:\/\/www.eyecos.eu\/fr\/","name":"Cl\u00ednica Eyecos - Cambio color de ojos","description":"\u00danica clinica que realiza el cambio del color de los ojos con l\u00e1ser con m\u00e1s 1000 pacientes y casi 10 a\u00f1os de experiencia","publisher":{"@id":"https:\/\/www.eyecos.eu\/fr\/#organization"},"potentialAction":[{"@type":"SearchAction","target":{"@type":"EntryPoint","urlTemplate":"https:\/\/www.eyecos.eu\/fr\/?s={search_term_string}"},"query-input":{"@type":"PropertyValueSpecification","valueRequired":true,"valueName":"search_term_string"}}],"inLanguage":"fr-FR"},{"@type":"Organization","@id":"https:\/\/www.eyecos.eu\/fr\/#organization","name":"Cl\u00ednica Eyecos - Cambio color de ojos","url":"https:\/\/www.eyecos.eu\/fr\/","logo":{"@type":"ImageObject","inLanguage":"fr-FR","@id":"https:\/\/www.eyecos.eu\/fr\/#\/schema\/logo\/image\/","url":"https:\/\/www.eyecos.eu\/wp-content\/uploads\/2024\/03\/LOGO-EYECOS.png","contentUrl":"https:\/\/www.eyecos.eu\/wp-content\/uploads\/2024\/03\/LOGO-EYECOS.png","width":480,"height":480,"caption":"Cl\u00ednica Eyecos - Cambio color de ojos"},"image":{"@id":"https:\/\/www.eyecos.eu\/fr\/#\/schema\/logo\/image\/"},"sameAs":["https:\/\/www.facebook.com\/neweyeslaser","https:\/\/x.com\/NewEyesLaser","https:\/\/www.instagram.com\/neweyeslaser\/"]}]}},"_links":{"self":[{"href":"https:\/\/www.eyecos.eu\/fr\/wp-json\/wp\/v2\/pages\/289542","targetHints":{"allow":["GET"]}}],"collection":[{"href":"https:\/\/www.eyecos.eu\/fr\/wp-json\/wp\/v2\/pages"}],"about":[{"href":"https:\/\/www.eyecos.eu\/fr\/wp-json\/wp\/v2\/types\/page"}],"author":[{"embeddable":true,"href":"https:\/\/www.eyecos.eu\/fr\/wp-json\/wp\/v2\/users\/1"}],"replies":[{"embeddable":true,"href":"https:\/\/www.eyecos.eu\/fr\/wp-json\/wp\/v2\/comments?post=289542"}],"version-history":[{"count":0,"href":"https:\/\/www.eyecos.eu\/fr\/wp-json\/wp\/v2\/pages\/289542\/revisions"}],"wp:attachment":[{"href":"https:\/\/www.eyecos.eu\/fr\/wp-json\/wp\/v2\/media?parent=289542"}],"curies":[{"name":"wp","href":"https:\/\/api.w.org\/{rel}","templated":true}]}}