{"id":295862,"date":"2025-03-26T08:54:06","date_gmt":"2025-03-26T08:54:06","guid":{"rendered":"https:\/\/www.eyecos.eu\/precios-app-eyecos\/"},"modified":"2025-03-27T07:35:53","modified_gmt":"2025-03-27T07:35:53","slug":"cout-app-eyecos","status":"publish","type":"page","link":"https:\/\/www.eyecos.eu\/fr\/cout-app-eyecos\/","title":{"rendered":"Precios APP Eyecos"},"content":{"rendered":"","protected":false},"excerpt":{"rendered":"","protected":false},"author":1,"featured_media":0,"parent":0,"menu_order":0,"comment_status":"closed","ping_status":"closed","template":"","meta":{"_joinchat":[],"footnotes":""},"class_list":["post-295862","page","type-page","status-publish","hentry"],"yoast_head":"<!-- This site is optimized with the Yoast SEO Premium plugin v26.7 (Yoast SEO v27.2) - https:\/\/yoast.com\/product\/yoast-seo-premium-wordpress\/ -->\n<title>Precios APP Eyecos - Cl\u00ednica Eyecos - Cambio color de ojos<\/title>\n<meta name=\"robots\" content=\"noindex, nofollow\" \/>\n<meta property=\"og:locale\" content=\"fr_FR\" \/>\n<meta property=\"og:type\" content=\"article\" \/>\n<meta property=\"og:title\" content=\"Precios APP Eyecos\" \/>\n<meta property=\"og:url\" content=\"https:\/\/www.eyecos.eu\/fr\/cout-app-eyecos\/\" \/>\n<meta property=\"og:site_name\" content=\"Cl\u00ednica Eyecos - Cambio color de ojos\" \/>\n<meta property=\"article:publisher\" content=\"https:\/\/www.facebook.com\/neweyeslaser\" \/>\n<meta property=\"article:modified_time\" content=\"2025-03-27T07:35:53+00:00\" \/>\n<meta name=\"twitter:card\" content=\"summary_large_image\" \/>\n<meta name=\"twitter:site\" content=\"@NewEyesLaser\" \/>\n<script type=\"application\/ld+json\" class=\"yoast-schema-graph\">{\"@context\":\"https:\/\/schema.org\",\"@graph\":[{\"@type\":\"WebPage\",\"@id\":\"https:\/\/www.eyecos.eu\/fr\/cout-app-eyecos\/\",\"url\":\"https:\/\/www.eyecos.eu\/fr\/cout-app-eyecos\/\",\"name\":\"Precios APP Eyecos - Cl\u00ednica Eyecos - Cambio color de ojos\",\"isPartOf\":{\"@id\":\"https:\/\/www.eyecos.eu\/fr\/#website\"},\"datePublished\":\"2025-03-26T08:54:06+00:00\",\"dateModified\":\"2025-03-27T07:35:53+00:00\",\"breadcrumb\":{\"@id\":\"https:\/\/www.eyecos.eu\/fr\/cout-app-eyecos\/#breadcrumb\"},\"inLanguage\":\"fr-FR\",\"potentialAction\":[{\"@type\":\"ReadAction\",\"target\":[\"https:\/\/www.eyecos.eu\/fr\/cout-app-eyecos\/\"]}]},{\"@type\":\"BreadcrumbList\",\"@id\":\"https:\/\/www.eyecos.eu\/fr\/cout-app-eyecos\/#breadcrumb\",\"itemListElement\":[{\"@type\":\"ListItem\",\"position\":1,\"name\":\"Eyecos\",\"item\":\"https:\/\/www.eyecos.eu\/fr\/\"},{\"@type\":\"ListItem\",\"position\":2,\"name\":\"Precios APP Eyecos\"}]},{\"@type\":\"WebSite\",\"@id\":\"https:\/\/www.eyecos.eu\/fr\/#website\",\"url\":\"https:\/\/www.eyecos.eu\/fr\/\",\"name\":\"Cl\u00ednica Eyecos - Cambio color de ojos\",\"description\":\"\u00danica clinica que realiza el cambio del color de los ojos con l\u00e1ser con m\u00e1s 1000 pacientes y casi 10 a\u00f1os de experiencia\",\"publisher\":{\"@id\":\"https:\/\/www.eyecos.eu\/fr\/#organization\"},\"potentialAction\":[{\"@type\":\"SearchAction\",\"target\":{\"@type\":\"EntryPoint\",\"urlTemplate\":\"https:\/\/www.eyecos.eu\/fr\/?s={search_term_string}\"},\"query-input\":{\"@type\":\"PropertyValueSpecification\",\"valueRequired\":true,\"valueName\":\"search_term_string\"}}],\"inLanguage\":\"fr-FR\"},{\"@type\":\"Organization\",\"@id\":\"https:\/\/www.eyecos.eu\/fr\/#organization\",\"name\":\"Cl\u00ednica Eyecos - Cambio color de ojos\",\"url\":\"https:\/\/www.eyecos.eu\/fr\/\",\"logo\":{\"@type\":\"ImageObject\",\"inLanguage\":\"fr-FR\",\"@id\":\"https:\/\/www.eyecos.eu\/fr\/#\/schema\/logo\/image\/\",\"url\":\"https:\/\/www.eyecos.eu\/wp-content\/uploads\/2024\/03\/LOGO-EYECOS.png\",\"contentUrl\":\"https:\/\/www.eyecos.eu\/wp-content\/uploads\/2024\/03\/LOGO-EYECOS.png\",\"width\":480,\"height\":480,\"caption\":\"Cl\u00ednica Eyecos - Cambio color de ojos\"},\"image\":{\"@id\":\"https:\/\/www.eyecos.eu\/fr\/#\/schema\/logo\/image\/\"},\"sameAs\":[\"https:\/\/www.facebook.com\/neweyeslaser\",\"https:\/\/x.com\/NewEyesLaser\",\"https:\/\/www.instagram.com\/neweyeslaser\/\"]}]}<\/script>\n<!-- \/ Yoast SEO Premium plugin. -->","yoast_head_json":{"title":"Precios APP Eyecos - Cl\u00ednica Eyecos - Cambio color de ojos","robots":{"index":"noindex","follow":"nofollow"},"og_locale":"fr_FR","og_type":"article","og_title":"Precios APP Eyecos","og_url":"https:\/\/www.eyecos.eu\/fr\/cout-app-eyecos\/","og_site_name":"Cl\u00ednica Eyecos - Cambio color de ojos","article_publisher":"https:\/\/www.facebook.com\/neweyeslaser","article_modified_time":"2025-03-27T07:35:53+00:00","twitter_card":"summary_large_image","twitter_site":"@NewEyesLaser","schema":{"@context":"https:\/\/schema.org","@graph":[{"@type":"WebPage","@id":"https:\/\/www.eyecos.eu\/fr\/cout-app-eyecos\/","url":"https:\/\/www.eyecos.eu\/fr\/cout-app-eyecos\/","name":"Precios APP Eyecos - Cl\u00ednica Eyecos - Cambio color de ojos","isPartOf":{"@id":"https:\/\/www.eyecos.eu\/fr\/#website"},"datePublished":"2025-03-26T08:54:06+00:00","dateModified":"2025-03-27T07:35:53+00:00","breadcrumb":{"@id":"https:\/\/www.eyecos.eu\/fr\/cout-app-eyecos\/#breadcrumb"},"inLanguage":"fr-FR","potentialAction":[{"@type":"ReadAction","target":["https:\/\/www.eyecos.eu\/fr\/cout-app-eyecos\/"]}]},{"@type":"BreadcrumbList","@id":"https:\/\/www.eyecos.eu\/fr\/cout-app-eyecos\/#breadcrumb","itemListElement":[{"@type":"ListItem","position":1,"name":"Eyecos","item":"https:\/\/www.eyecos.eu\/fr\/"},{"@type":"ListItem","position":2,"name":"Precios APP Eyecos"}]},{"@type":"WebSite","@id":"https:\/\/www.eyecos.eu\/fr\/#website","url":"https:\/\/www.eyecos.eu\/fr\/","name":"Cl\u00ednica Eyecos - Cambio color de ojos","description":"\u00danica clinica que realiza el cambio del color de los ojos con l\u00e1ser con m\u00e1s 1000 pacientes y casi 10 a\u00f1os de experiencia","publisher":{"@id":"https:\/\/www.eyecos.eu\/fr\/#organization"},"potentialAction":[{"@type":"SearchAction","target":{"@type":"EntryPoint","urlTemplate":"https:\/\/www.eyecos.eu\/fr\/?s={search_term_string}"},"query-input":{"@type":"PropertyValueSpecification","valueRequired":true,"valueName":"search_term_string"}}],"inLanguage":"fr-FR"},{"@type":"Organization","@id":"https:\/\/www.eyecos.eu\/fr\/#organization","name":"Cl\u00ednica Eyecos - Cambio color de ojos","url":"https:\/\/www.eyecos.eu\/fr\/","logo":{"@type":"ImageObject","inLanguage":"fr-FR","@id":"https:\/\/www.eyecos.eu\/fr\/#\/schema\/logo\/image\/","url":"https:\/\/www.eyecos.eu\/wp-content\/uploads\/2024\/03\/LOGO-EYECOS.png","contentUrl":"https:\/\/www.eyecos.eu\/wp-content\/uploads\/2024\/03\/LOGO-EYECOS.png","width":480,"height":480,"caption":"Cl\u00ednica Eyecos - Cambio color de ojos"},"image":{"@id":"https:\/\/www.eyecos.eu\/fr\/#\/schema\/logo\/image\/"},"sameAs":["https:\/\/www.facebook.com\/neweyeslaser","https:\/\/x.com\/NewEyesLaser","https:\/\/www.instagram.com\/neweyeslaser\/"]}]}},"_links":{"self":[{"href":"https:\/\/www.eyecos.eu\/fr\/wp-json\/wp\/v2\/pages\/295862","targetHints":{"allow":["GET"]}}],"collection":[{"href":"https:\/\/www.eyecos.eu\/fr\/wp-json\/wp\/v2\/pages"}],"about":[{"href":"https:\/\/www.eyecos.eu\/fr\/wp-json\/wp\/v2\/types\/page"}],"author":[{"embeddable":true,"href":"https:\/\/www.eyecos.eu\/fr\/wp-json\/wp\/v2\/users\/1"}],"replies":[{"embeddable":true,"href":"https:\/\/www.eyecos.eu\/fr\/wp-json\/wp\/v2\/comments?post=295862"}],"version-history":[{"count":1,"href":"https:\/\/www.eyecos.eu\/fr\/wp-json\/wp\/v2\/pages\/295862\/revisions"}],"predecessor-version":[{"id":295864,"href":"https:\/\/www.eyecos.eu\/fr\/wp-json\/wp\/v2\/pages\/295862\/revisions\/295864"}],"wp:attachment":[{"href":"https:\/\/www.eyecos.eu\/fr\/wp-json\/wp\/v2\/media?parent=295862"}],"curies":[{"name":"wp","href":"https:\/\/api.w.org\/{rel}","templated":true}]}}