{"id":295888,"date":"2025-03-26T09:34:03","date_gmt":"2025-03-26T09:34:03","guid":{"rendered":"https:\/\/www.eyecos.eu\/cout-app-eyecos\/laser-gplus-10g-extrabright-1-fase\/"},"modified":"2025-03-26T09:34:03","modified_gmt":"2025-03-26T09:34:03","slug":"laser-gplus-10g-extrabright-1-fase","status":"publish","type":"page","link":"https:\/\/www.eyecos.eu\/fr\/cout-app-eyecos\/laser-gplus-10g-extrabright-1-fase\/","title":{"rendered":"L\u00e1ser GPlus \/ 10G extrabright 1 fase"},"content":{"rendered":"\t\t<div data-elementor-type=\"wp-page\" data-elementor-id=\"295888\" class=\"elementor elementor-295888\" data-elementor-post-type=\"page\">\n\t\t\t\t<div class=\"elementor-element elementor-element-660658f4 e-flex e-con-boxed e-con e-parent\" data-id=\"660658f4\" data-element_type=\"container\" data-e-type=\"container\">\n\t\t\t\t\t<div class=\"e-con-inner\">\n\t\t\t\t<div class=\"elementor-element elementor-element-14cff911 elementor-widget elementor-widget-text-editor\" data-id=\"14cff911\" data-element_type=\"widget\" data-e-type=\"widget\" data-widget_type=\"text-editor.default\">\n\t\t\t\t<div class=\"elementor-widget-container\">\n\t\t\t\t\t\t\t\t\t\n<p><\/p>\n\n\n\n<p><\/p>\n\t\t\t\t\t\t\t\t<\/div>\n\t\t\t\t<\/div>\n\t\t\t\t\t<\/div>\n\t\t\t\t<\/div>\n\t\t\t\t<section class=\"elementor-section elementor-top-section elementor-element elementor-element-b314542 elementor-section-boxed elementor-section-height-default elementor-section-height-default\" data-id=\"b314542\" data-element_type=\"section\" data-e-type=\"section\">\n\t\t\t\t\t\t<div class=\"elementor-container elementor-column-gap-default\">\n\t\t\t\t\t<div class=\"elementor-column elementor-col-100 elementor-top-column elementor-element elementor-element-4ae4494\" data-id=\"4ae4494\" data-element_type=\"column\" data-e-type=\"column\">\n\t\t\t<div class=\"elementor-widget-wrap elementor-element-populated\">\n\t\t\t\t\t\t<div class=\"elementor-element elementor-element-d78c5a6 elementor-widget elementor-widget-price-table\" data-id=\"d78c5a6\" data-element_type=\"widget\" data-e-type=\"widget\" data-widget_type=\"price-table.default\">\n\t\t\t\t<div class=\"elementor-widget-container\">\n\t\t\t\t\t\n\t\t<div class=\"elementor-price-table\">\n\t\t\t\n\t\t\t<div class=\"elementor-price-table__price\">\n\t\t\t\t\t\t\t\t\t\t\t\t\t\t\t\t\t<span class=\"elementor-price-table__integer-part\">\n\t\t\t\t\t\t980\t\t\t\t\t<\/span>\n\t\t\t\t\n\t\t\t\t\n\t\t\t\t<span class=\"elementor-price-table__currency\">&#128;<\/span>\n\t\t\t\t\t\t\t<\/div>\n\n\t\t\t\t\t\t\t<ul class=\"elementor-price-table__features-list\">\n\t\t\t\t\t\t\t\t\t\t\t<li class=\"elementor-repeater-item-e183588\">\n\t\t\t\t\t\t\t<div class=\"elementor-price-table__feature-inner\">\n\t\t\t\t\t\t\t\t<i aria-hidden=\"true\" class=\"fas fa-arrow-right\"><\/i>\t\t\t\t\t\t\t\t\t\t\t\t\t\t\t\t\t<span >\n\t\t\t\t\t\t\t\t\t\tTratamiento: 1 fase\t\t\t\t\t\t\t\t\t<\/span>\n\t\t\t\t\t\t\t\t\t\t\t\t\t\t\t\t<\/div>\n\t\t\t\t\t\t<\/li>\n\t\t\t\t\t\t\t\t\t<\/ul>\n\t\t\t\n\t\t\t\t\t<\/div>\n\n\t\t\t\t\t\t<\/div>\n\t\t\t\t<\/div>\n\t\t\t\t\t<\/div>\n\t\t<\/div>\n\t\t\t\t\t<\/div>\n\t\t<\/section>\n\t\t\t\t<\/div>\n\t\t","protected":false},"excerpt":{"rendered":"<p>980 &#8364; Tratamiento: 1 fase<\/p>\n","protected":false},"author":1,"featured_media":0,"parent":295862,"menu_order":0,"comment_status":"closed","ping_status":"closed","template":"elementor_canvas","meta":{"_joinchat":{"view":"no"},"footnotes":""},"class_list":["post-295888","page","type-page","status-publish","hentry"],"yoast_head":"<!-- This site is optimized with the Yoast SEO Premium plugin v26.7 (Yoast SEO v27.2) - https:\/\/yoast.com\/product\/yoast-seo-premium-wordpress\/ -->\n<title>L\u00e1ser GPlus \/ 10G extrabright 1 fase - Cl\u00ednica Eyecos - Cambio color de ojos<\/title>\n<meta name=\"robots\" content=\"index, follow, max-snippet:-1, max-image-preview:large, max-video-preview:-1\" \/>\n<link rel=\"canonical\" href=\"https:\/\/www.eyecos.eu\/fr\/cout-app-eyecos\/laser-gplus-10g-extrabright-1-fase\/\" \/>\n<meta property=\"og:locale\" content=\"fr_FR\" \/>\n<meta property=\"og:type\" content=\"article\" \/>\n<meta property=\"og:title\" content=\"L\u00e1ser GPlus \/ 10G extrabright 1 fase\" \/>\n<meta property=\"og:description\" content=\"980     &#8364;                Tratamiento: 1 fase\" \/>\n<meta property=\"og:url\" content=\"https:\/\/www.eyecos.eu\/fr\/cout-app-eyecos\/laser-gplus-10g-extrabright-1-fase\/\" \/>\n<meta property=\"og:site_name\" content=\"Cl\u00ednica Eyecos - Cambio color de ojos\" \/>\n<meta property=\"article:publisher\" content=\"https:\/\/www.facebook.com\/neweyeslaser\" \/>\n<meta name=\"twitter:card\" content=\"summary_large_image\" \/>\n<meta name=\"twitter:site\" content=\"@NewEyesLaser\" \/>\n<script type=\"application\/ld+json\" class=\"yoast-schema-graph\">{\"@context\":\"https:\/\/schema.org\",\"@graph\":[{\"@type\":\"WebPage\",\"@id\":\"https:\/\/www.eyecos.eu\/fr\/cout-app-eyecos\/laser-gplus-10g-extrabright-1-fase\/\",\"url\":\"https:\/\/www.eyecos.eu\/fr\/cout-app-eyecos\/laser-gplus-10g-extrabright-1-fase\/\",\"name\":\"L\u00e1ser GPlus \/ 10G extrabright 1 fase - Cl\u00ednica Eyecos - Cambio color de ojos\",\"isPartOf\":{\"@id\":\"https:\/\/www.eyecos.eu\/fr\/#website\"},\"datePublished\":\"2025-03-26T09:34:03+00:00\",\"breadcrumb\":{\"@id\":\"https:\/\/www.eyecos.eu\/fr\/cout-app-eyecos\/laser-gplus-10g-extrabright-1-fase\/#breadcrumb\"},\"inLanguage\":\"fr-FR\",\"potentialAction\":[{\"@type\":\"ReadAction\",\"target\":[\"https:\/\/www.eyecos.eu\/fr\/cout-app-eyecos\/laser-gplus-10g-extrabright-1-fase\/\"]}]},{\"@type\":\"BreadcrumbList\",\"@id\":\"https:\/\/www.eyecos.eu\/fr\/cout-app-eyecos\/laser-gplus-10g-extrabright-1-fase\/#breadcrumb\",\"itemListElement\":[{\"@type\":\"ListItem\",\"position\":1,\"name\":\"Eyecos\",\"item\":\"https:\/\/www.eyecos.eu\/fr\/\"},{\"@type\":\"ListItem\",\"position\":2,\"name\":\"Precios APP Eyecos\",\"item\":\"https:\/\/www.eyecos.eu\/fr\/cout-app-eyecos\/\"},{\"@type\":\"ListItem\",\"position\":3,\"name\":\"L\u00e1ser GPlus \/ 10G extrabright 1 fase\"}]},{\"@type\":\"WebSite\",\"@id\":\"https:\/\/www.eyecos.eu\/fr\/#website\",\"url\":\"https:\/\/www.eyecos.eu\/fr\/\",\"name\":\"Cl\u00ednica Eyecos - Cambio color de ojos\",\"description\":\"\u00danica clinica que realiza el cambio del color de los ojos con l\u00e1ser con m\u00e1s 1000 pacientes y casi 10 a\u00f1os de experiencia\",\"publisher\":{\"@id\":\"https:\/\/www.eyecos.eu\/fr\/#organization\"},\"potentialAction\":[{\"@type\":\"SearchAction\",\"target\":{\"@type\":\"EntryPoint\",\"urlTemplate\":\"https:\/\/www.eyecos.eu\/fr\/?s={search_term_string}\"},\"query-input\":{\"@type\":\"PropertyValueSpecification\",\"valueRequired\":true,\"valueName\":\"search_term_string\"}}],\"inLanguage\":\"fr-FR\"},{\"@type\":\"Organization\",\"@id\":\"https:\/\/www.eyecos.eu\/fr\/#organization\",\"name\":\"Cl\u00ednica Eyecos - Cambio color de ojos\",\"url\":\"https:\/\/www.eyecos.eu\/fr\/\",\"logo\":{\"@type\":\"ImageObject\",\"inLanguage\":\"fr-FR\",\"@id\":\"https:\/\/www.eyecos.eu\/fr\/#\/schema\/logo\/image\/\",\"url\":\"https:\/\/www.eyecos.eu\/wp-content\/uploads\/2024\/03\/LOGO-EYECOS.png\",\"contentUrl\":\"https:\/\/www.eyecos.eu\/wp-content\/uploads\/2024\/03\/LOGO-EYECOS.png\",\"width\":480,\"height\":480,\"caption\":\"Cl\u00ednica Eyecos - Cambio color de ojos\"},\"image\":{\"@id\":\"https:\/\/www.eyecos.eu\/fr\/#\/schema\/logo\/image\/\"},\"sameAs\":[\"https:\/\/www.facebook.com\/neweyeslaser\",\"https:\/\/x.com\/NewEyesLaser\",\"https:\/\/www.instagram.com\/neweyeslaser\/\"]}]}<\/script>\n<!-- \/ Yoast SEO Premium plugin. -->","yoast_head_json":{"title":"L\u00e1ser GPlus \/ 10G extrabright 1 fase - Cl\u00ednica Eyecos - Cambio color de ojos","robots":{"index":"index","follow":"follow","max-snippet":"max-snippet:-1","max-image-preview":"max-image-preview:large","max-video-preview":"max-video-preview:-1"},"canonical":"https:\/\/www.eyecos.eu\/fr\/cout-app-eyecos\/laser-gplus-10g-extrabright-1-fase\/","og_locale":"fr_FR","og_type":"article","og_title":"L\u00e1ser GPlus \/ 10G extrabright 1 fase","og_description":"980     &#8364;                Tratamiento: 1 fase","og_url":"https:\/\/www.eyecos.eu\/fr\/cout-app-eyecos\/laser-gplus-10g-extrabright-1-fase\/","og_site_name":"Cl\u00ednica Eyecos - Cambio color de ojos","article_publisher":"https:\/\/www.facebook.com\/neweyeslaser","twitter_card":"summary_large_image","twitter_site":"@NewEyesLaser","schema":{"@context":"https:\/\/schema.org","@graph":[{"@type":"WebPage","@id":"https:\/\/www.eyecos.eu\/fr\/cout-app-eyecos\/laser-gplus-10g-extrabright-1-fase\/","url":"https:\/\/www.eyecos.eu\/fr\/cout-app-eyecos\/laser-gplus-10g-extrabright-1-fase\/","name":"L\u00e1ser GPlus \/ 10G extrabright 1 fase - Cl\u00ednica Eyecos - Cambio color de ojos","isPartOf":{"@id":"https:\/\/www.eyecos.eu\/fr\/#website"},"datePublished":"2025-03-26T09:34:03+00:00","breadcrumb":{"@id":"https:\/\/www.eyecos.eu\/fr\/cout-app-eyecos\/laser-gplus-10g-extrabright-1-fase\/#breadcrumb"},"inLanguage":"fr-FR","potentialAction":[{"@type":"ReadAction","target":["https:\/\/www.eyecos.eu\/fr\/cout-app-eyecos\/laser-gplus-10g-extrabright-1-fase\/"]}]},{"@type":"BreadcrumbList","@id":"https:\/\/www.eyecos.eu\/fr\/cout-app-eyecos\/laser-gplus-10g-extrabright-1-fase\/#breadcrumb","itemListElement":[{"@type":"ListItem","position":1,"name":"Eyecos","item":"https:\/\/www.eyecos.eu\/fr\/"},{"@type":"ListItem","position":2,"name":"Precios APP Eyecos","item":"https:\/\/www.eyecos.eu\/fr\/cout-app-eyecos\/"},{"@type":"ListItem","position":3,"name":"L\u00e1ser GPlus \/ 10G extrabright 1 fase"}]},{"@type":"WebSite","@id":"https:\/\/www.eyecos.eu\/fr\/#website","url":"https:\/\/www.eyecos.eu\/fr\/","name":"Cl\u00ednica Eyecos - Cambio color de ojos","description":"\u00danica clinica que realiza el cambio del color de los ojos con l\u00e1ser con m\u00e1s 1000 pacientes y casi 10 a\u00f1os de experiencia","publisher":{"@id":"https:\/\/www.eyecos.eu\/fr\/#organization"},"potentialAction":[{"@type":"SearchAction","target":{"@type":"EntryPoint","urlTemplate":"https:\/\/www.eyecos.eu\/fr\/?s={search_term_string}"},"query-input":{"@type":"PropertyValueSpecification","valueRequired":true,"valueName":"search_term_string"}}],"inLanguage":"fr-FR"},{"@type":"Organization","@id":"https:\/\/www.eyecos.eu\/fr\/#organization","name":"Cl\u00ednica Eyecos - Cambio color de ojos","url":"https:\/\/www.eyecos.eu\/fr\/","logo":{"@type":"ImageObject","inLanguage":"fr-FR","@id":"https:\/\/www.eyecos.eu\/fr\/#\/schema\/logo\/image\/","url":"https:\/\/www.eyecos.eu\/wp-content\/uploads\/2024\/03\/LOGO-EYECOS.png","contentUrl":"https:\/\/www.eyecos.eu\/wp-content\/uploads\/2024\/03\/LOGO-EYECOS.png","width":480,"height":480,"caption":"Cl\u00ednica Eyecos - Cambio color de ojos"},"image":{"@id":"https:\/\/www.eyecos.eu\/fr\/#\/schema\/logo\/image\/"},"sameAs":["https:\/\/www.facebook.com\/neweyeslaser","https:\/\/x.com\/NewEyesLaser","https:\/\/www.instagram.com\/neweyeslaser\/"]}]}},"_links":{"self":[{"href":"https:\/\/www.eyecos.eu\/fr\/wp-json\/wp\/v2\/pages\/295888","targetHints":{"allow":["GET"]}}],"collection":[{"href":"https:\/\/www.eyecos.eu\/fr\/wp-json\/wp\/v2\/pages"}],"about":[{"href":"https:\/\/www.eyecos.eu\/fr\/wp-json\/wp\/v2\/types\/page"}],"author":[{"embeddable":true,"href":"https:\/\/www.eyecos.eu\/fr\/wp-json\/wp\/v2\/users\/1"}],"replies":[{"embeddable":true,"href":"https:\/\/www.eyecos.eu\/fr\/wp-json\/wp\/v2\/comments?post=295888"}],"version-history":[{"count":0,"href":"https:\/\/www.eyecos.eu\/fr\/wp-json\/wp\/v2\/pages\/295888\/revisions"}],"up":[{"embeddable":true,"href":"https:\/\/www.eyecos.eu\/fr\/wp-json\/wp\/v2\/pages\/295862"}],"wp:attachment":[{"href":"https:\/\/www.eyecos.eu\/fr\/wp-json\/wp\/v2\/media?parent=295888"}],"curies":[{"name":"wp","href":"https:\/\/api.w.org\/{rel}","templated":true}]}}