{"id":24737,"date":"2021-02-14T14:06:45","date_gmt":"2021-02-14T14:06:45","guid":{"rendered":"https:\/\/www.eyecos.eu\/cookies-policy-web\/"},"modified":"2024-06-10T14:13:10","modified_gmt":"2024-06-10T14:13:10","slug":"cookies-policy-web","status":"publish","type":"page","link":"https:\/\/www.eyecos.eu\/it\/cookies-policy-web\/","title":{"rendered":"COOKIES POLICY WEB"},"content":{"rendered":"\t\t<div data-elementor-type=\"wp-page\" data-elementor-id=\"24737\" class=\"elementor elementor-24737 elementor-18315\" data-elementor-post-type=\"page\">\n\t\t\t\t\t\t<section class=\"elementor-section elementor-top-section elementor-element elementor-element-465a872 elementor-section-boxed elementor-section-height-default elementor-section-height-default\" data-id=\"465a872\" data-element_type=\"section\" data-e-type=\"section\">\n\t\t\t\t\t\t<div class=\"elementor-container elementor-column-gap-default\">\n\t\t\t\t\t<div class=\"elementor-column elementor-col-100 elementor-top-column elementor-element elementor-element-b5fd146\" data-id=\"b5fd146\" data-element_type=\"column\" data-e-type=\"column\">\n\t\t\t<div class=\"elementor-widget-wrap elementor-element-populated\">\n\t\t\t\t\t\t<div class=\"elementor-element elementor-element-a21f16f elementor-widget elementor-widget-heading\" data-id=\"a21f16f\" data-element_type=\"widget\" data-e-type=\"widget\" data-widget_type=\"heading.default\">\n\t\t\t\t<div class=\"elementor-widget-container\">\n\t\t\t\t\t<h1 class=\"elementor-heading-title elementor-size-default\">Cookies policy web<\/h1>\t\t\t\t<\/div>\n\t\t\t\t<\/div>\n\t\t\t\t\t<\/div>\n\t\t<\/div>\n\t\t\t\t\t<\/div>\n\t\t<\/section>\n\t\t\t\t<section class=\"elementor-section elementor-top-section elementor-element elementor-element-d0fdae8 elementor-section-boxed elementor-section-height-default elementor-section-height-default\" data-id=\"d0fdae8\" data-element_type=\"section\" data-e-type=\"section\">\n\t\t\t\t\t\t<div class=\"elementor-container elementor-column-gap-default\">\n\t\t\t\t\t<div class=\"elementor-column elementor-col-100 elementor-top-column elementor-element elementor-element-595da77\" data-id=\"595da77\" data-element_type=\"column\" data-e-type=\"column\">\n\t\t\t<div class=\"elementor-widget-wrap elementor-element-populated\">\n\t\t\t\t\t\t<div class=\"elementor-element elementor-element-1beebd2 elementor-widget elementor-widget-text-editor\" data-id=\"1beebd2\" data-element_type=\"widget\" data-e-type=\"widget\" data-widget_type=\"text-editor.default\">\n\t\t\t\t<div class=\"elementor-widget-container\">\n\t\t\t\t\t\t\t\t\t<p><strong>Regarding cookies while browsing<\/strong><\/p><p>A cookie (or computer cookie) is a small information sent by a website and stored on the user\u2019s browser so that the website can view previous user activity.<\/p><p><strong>Its main functions are:<\/strong><\/p><p>You keep track of users: When a user enters their username and password, a cookie is stored so you do not have to be introducing them for each page server. However, a cookie does not identify only one person, but to a combination of computer-browser-user.<\/p><p>Getting information about the user\u2019s browsing habits, among others.<\/p><p>This site uses cookies themselves.<\/p><p>User: From web access, online reminder<br \/>Settings: WordPress<br \/>Language: WordPress<\/p><p><strong>Third Party Cookies:<\/strong><\/p><p>Type Cookie Company Purpose + Info<br \/>_utma<br \/>_utmb<br \/>_utmc_utmz Google Navigation anonymously letting you know what and how to navigate query http:\/\/www.google.es\/intl\/es\/analytics\/privacyoverview.html<\/p><p><strong>Manage cookies<\/strong><\/p><p>Can you allow, block or delete cookies installed on your computer by configuring your browser options installed on your computer.<\/p><p>If you are unsure about what type and version of browser used to access the Internet:<br \/>For Windows: click on \u2018Help\u2019 at the top of the browser window and select \u2018About\u2019.<br \/>For Mac: by selling open browser, click on the Apple menu and select \u2018About \u2026\u2019.<\/p><p>How to manage cookies in Windows<\/p><p>Google Chrome<br \/>Click the Chrome menu Chrome located in the toolbar of the browser.<\/p><p><strong>Select \u201cSettings\u201d.<\/strong><\/p><p>Click \u201cShow Advanced Options \u2026\u201d<\/p><p>In the \u201cPrivacy\u201d section, click the \u201cContent settings \u2026\u201d button.<\/p><p>In the \u201cCookies\u201d section, you can set the options listed below: Remove cookies, block or allow cookies by default, exceptions for cookies from specific domains or websites.<br \/>For more details, see the help of Google Chrome.<\/p><p>Microsoft Internet Explorer 7.0 and 8.0<\/p><p>Click the \u201cTools\u201d button and then \u201cInternet Options\u201d.<\/p><p>Click on the \u201cPrivacy\u201d tab, and then move the slider to a position between the upper and lower ends, so do not lock or allow all cookies.<\/p><p>Click \u201cSites\u201d.<\/p><p>In the \u201cWeb Address\u201d box, type the address of a website and then click \u201cBlock\u201d or \u201cAllow\u201d.<\/p><p>As written, it will appear a list of web pages you have already visited. If you click on an item in the list is displayed in the Address of website box.<\/p><p>When finished, click \u201cOK\u201d.<\/p><p>Replace the slider to its original position and click \u201cOK\u201d.<\/p><p>You can check Windows Help for more information<\/p><p>Mozilla Firefox<\/p><p>At the top of the Firefox window, click the Firefox button and select \u201cOptions.\u201d<br \/>Select the \u201cPrivacy\u201d panel.<br \/>\u201cFirefox will:\u201d select \u201cUse custom settings for history\u201d.<br \/>Check \u201cAccept Cookies\u201d to activate them, and uncheck it to disable them.<br \/>If you do not want to receive cookies from teceros uncheck \u201cAccept third-party cookies.\u201d<br \/>You can consult the Mozilla help for more information<\/p><p>Safari<br \/>Click \u201cSafari\u201d at the top of the browser window and select \u2018Preferences\u2019 option.<br \/>Click on \u201cPrivacy\u201d.<br \/>In \u201cBlock cookies\u201d select one of the following options according to your purposes, \u201cAdvertising and third parties\u201d, \u201calways\u201d or \u201cnever\u201d.<\/p><p>Opera<br \/>Click \u201cSettings\u201d at the top of the browser window and select \u2018Options\u2019.<br \/>Then select the \u201cAdvanced\u201d tab and in the list on the left select \u201cCookies\u201d.<br \/>Then select \u201cAccept Cookies\u201d.<br \/>4. You have three options according to your preference: \u201cAccept Cookies<\/p><p>How to manage cookies in Mac<\/p><p>Google Chrome:<br \/>1. Click the Chrome menu Chrome located in the toolbar of the browser.<br \/>2. Select \u201cSettings\u201d.<br \/>3. Click \u201cShow Advanced Options \u2026\u201d<br \/>4. In the \u201cPrivacy\u201d section Click on the \u201cContent settings \u2026\u201d button.<br \/>5. In the \u201cCookies\u201d section, you can set the options listed below: Remove cookies, block or allow cookies by default, exceptions for cookies from specific domains or websites.<\/p><p>Microsoft Internet Explorer:<br \/>1. Click on \u2018Explorer\u2019 at the top of the browser window and select options \u2018Preferences\u2019.<br \/>2. Scroll down until \u2018Cookies\u2019 appears on Receiving Files.<br \/>3. Select the option \u201cNever ask\u201d.<br \/>4. Click \u201cOK\u201d.<\/p><p>Mozilla Firefox:<br \/>1. In the menu bar, click the Firefox menu and select \u201cPreferences \u2026\u201d.<br \/>2. Select the Privacy panel.<br \/>3. \u201cFirefox will\u201d select \u201cUse custom settings for history\u201d.<br \/>4. Check \u201cAccept Cookies\u201d to activate them, and uncheck it to disable them.<br \/>5. If you do not wish to receive cookies teceros uncheck \u201cAccept third-party cookies.\u201d<\/p><p>Safari:<br \/>1. Click \u201cSafari\u201d at the top of the browser window and select \u2018Preferences\u2019 option.<br \/>2. Click on \u201cPrivacy\u201d.<br \/>3. In the \u201cBlock cookies\u201d section select one of the following options according to your purposes, \u201cAdvertising and third parties\u201d, \u201calways\u201d or \u201cnever\u201d.<\/p><p>Opera:<br \/>1. Click \u201cOpera\u201d at the top of the browser window and select \u2018Options\u2019.<br \/>2. Then select the \u201cAdvanced\u201d tab and in the list on the left select \u201cCookies\u201d.<br \/>3. Then select \u201cAccept Cookies\u201d.<br \/>4. You have three options according to your preference: \u201cAccept Cookies\u201d, \u201cAccept cookies only from the site visited\u201d and \u201cnot accept cookies ever.\u201d<\/p>\t\t\t\t\t\t\t\t<\/div>\n\t\t\t\t<\/div>\n\t\t\t\t\t<\/div>\n\t\t<\/div>\n\t\t\t\t\t<\/div>\n\t\t<\/section>\n\t\t\t\t<\/div>\n\t\t","protected":false},"excerpt":{"rendered":"<p>Cookies policy web Regarding cookies while browsing A cookie (or computer cookie) is a small information sent by a website and stored on the user\u2019s browser so that the website can view previous user activity. Its main functions are: You keep track of users: When a user enters their username and password, a cookie is [&hellip;]<\/p>\n","protected":false},"author":1,"featured_media":0,"parent":0,"menu_order":0,"comment_status":"closed","ping_status":"closed","template":"","meta":{"_joinchat":[],"footnotes":""},"class_list":["post-24737","page","type-page","status-publish","hentry"],"yoast_head":"<!-- This site is optimized with the Yoast SEO Premium plugin v26.7 (Yoast SEO v27.2) - https:\/\/yoast.com\/product\/yoast-seo-premium-wordpress\/ -->\n<title>COOKIES POLICY WEB - Cl\u00ednica Eyecos - Cambio color de ojos<\/title>\n<meta name=\"robots\" content=\"noindex, follow\" \/>\n<meta property=\"og:locale\" content=\"it_IT\" \/>\n<meta property=\"og:type\" content=\"article\" \/>\n<meta property=\"og:title\" content=\"COOKIES POLICY WEB\" \/>\n<meta property=\"og:description\" content=\"Cookies policy web Regarding cookies while browsingA cookie (or computer cookie) is a small information sent by a website and stored on the user\u2019s browser\" \/>\n<meta property=\"og:url\" content=\"https:\/\/www.eyecos.eu\/it\/cookies-policy-web\/\" \/>\n<meta property=\"og:site_name\" content=\"Cl\u00ednica Eyecos - Cambio color de ojos\" \/>\n<meta property=\"article:publisher\" content=\"https:\/\/www.facebook.com\/neweyeslaser\" \/>\n<meta property=\"article:modified_time\" content=\"2024-06-10T14:13:10+00:00\" \/>\n<meta name=\"twitter:card\" content=\"summary_large_image\" \/>\n<meta name=\"twitter:site\" content=\"@NewEyesLaser\" \/>\n<meta name=\"twitter:label1\" content=\"Tempo di lettura stimato\" \/>\n\t<meta name=\"twitter:data1\" content=\"4 minuti\" \/>\n<script type=\"application\/ld+json\" class=\"yoast-schema-graph\">{\"@context\":\"https:\/\/schema.org\",\"@graph\":[{\"@type\":\"WebPage\",\"@id\":\"https:\/\/www.eyecos.eu\/it\/cookies-policy-web\/\",\"url\":\"https:\/\/www.eyecos.eu\/it\/cookies-policy-web\/\",\"name\":\"COOKIES POLICY WEB - Cl\u00ednica Eyecos - Cambio color de ojos\",\"isPartOf\":{\"@id\":\"https:\/\/www.eyecos.eu\/it\/#website\"},\"datePublished\":\"2021-02-14T14:06:45+00:00\",\"dateModified\":\"2024-06-10T14:13:10+00:00\",\"breadcrumb\":{\"@id\":\"https:\/\/www.eyecos.eu\/it\/cookies-policy-web\/#breadcrumb\"},\"inLanguage\":\"it-IT\",\"potentialAction\":[{\"@type\":\"ReadAction\",\"target\":[\"https:\/\/www.eyecos.eu\/it\/cookies-policy-web\/\"]}]},{\"@type\":\"BreadcrumbList\",\"@id\":\"https:\/\/www.eyecos.eu\/it\/cookies-policy-web\/#breadcrumb\",\"itemListElement\":[{\"@type\":\"ListItem\",\"position\":1,\"name\":\"Eyecos\",\"item\":\"https:\/\/www.eyecos.eu\/it\/\"},{\"@type\":\"ListItem\",\"position\":2,\"name\":\"COOKIES POLICY WEB\"}]},{\"@type\":\"WebSite\",\"@id\":\"https:\/\/www.eyecos.eu\/it\/#website\",\"url\":\"https:\/\/www.eyecos.eu\/it\/\",\"name\":\"Cl\u00ednica Eyecos - Cambio color de ojos\",\"description\":\"\u00danica clinica que realiza el cambio del color de los ojos con l\u00e1ser con m\u00e1s 1000 pacientes y casi 10 a\u00f1os de experiencia\",\"publisher\":{\"@id\":\"https:\/\/www.eyecos.eu\/it\/#organization\"},\"potentialAction\":[{\"@type\":\"SearchAction\",\"target\":{\"@type\":\"EntryPoint\",\"urlTemplate\":\"https:\/\/www.eyecos.eu\/it\/?s={search_term_string}\"},\"query-input\":{\"@type\":\"PropertyValueSpecification\",\"valueRequired\":true,\"valueName\":\"search_term_string\"}}],\"inLanguage\":\"it-IT\"},{\"@type\":\"Organization\",\"@id\":\"https:\/\/www.eyecos.eu\/it\/#organization\",\"name\":\"Cl\u00ednica Eyecos - Cambio color de ojos\",\"url\":\"https:\/\/www.eyecos.eu\/it\/\",\"logo\":{\"@type\":\"ImageObject\",\"inLanguage\":\"it-IT\",\"@id\":\"https:\/\/www.eyecos.eu\/it\/#\/schema\/logo\/image\/\",\"url\":\"https:\/\/www.eyecos.eu\/wp-content\/uploads\/2024\/03\/LOGO-EYECOS.png\",\"contentUrl\":\"https:\/\/www.eyecos.eu\/wp-content\/uploads\/2024\/03\/LOGO-EYECOS.png\",\"width\":480,\"height\":480,\"caption\":\"Cl\u00ednica Eyecos - Cambio color de ojos\"},\"image\":{\"@id\":\"https:\/\/www.eyecos.eu\/it\/#\/schema\/logo\/image\/\"},\"sameAs\":[\"https:\/\/www.facebook.com\/neweyeslaser\",\"https:\/\/x.com\/NewEyesLaser\",\"https:\/\/www.instagram.com\/neweyeslaser\/\"]}]}<\/script>\n<!-- \/ Yoast SEO Premium plugin. -->","yoast_head_json":{"title":"COOKIES POLICY WEB - Cl\u00ednica Eyecos - Cambio color de ojos","robots":{"index":"noindex","follow":"follow"},"og_locale":"it_IT","og_type":"article","og_title":"COOKIES POLICY WEB","og_description":"Cookies policy web Regarding cookies while browsingA cookie (or computer cookie) is a small information sent by a website and stored on the user\u2019s browser","og_url":"https:\/\/www.eyecos.eu\/it\/cookies-policy-web\/","og_site_name":"Cl\u00ednica Eyecos - Cambio color de ojos","article_publisher":"https:\/\/www.facebook.com\/neweyeslaser","article_modified_time":"2024-06-10T14:13:10+00:00","twitter_card":"summary_large_image","twitter_site":"@NewEyesLaser","twitter_misc":{"Tempo di lettura stimato":"4 minuti"},"schema":{"@context":"https:\/\/schema.org","@graph":[{"@type":"WebPage","@id":"https:\/\/www.eyecos.eu\/it\/cookies-policy-web\/","url":"https:\/\/www.eyecos.eu\/it\/cookies-policy-web\/","name":"COOKIES POLICY WEB - Cl\u00ednica Eyecos - Cambio color de ojos","isPartOf":{"@id":"https:\/\/www.eyecos.eu\/it\/#website"},"datePublished":"2021-02-14T14:06:45+00:00","dateModified":"2024-06-10T14:13:10+00:00","breadcrumb":{"@id":"https:\/\/www.eyecos.eu\/it\/cookies-policy-web\/#breadcrumb"},"inLanguage":"it-IT","potentialAction":[{"@type":"ReadAction","target":["https:\/\/www.eyecos.eu\/it\/cookies-policy-web\/"]}]},{"@type":"BreadcrumbList","@id":"https:\/\/www.eyecos.eu\/it\/cookies-policy-web\/#breadcrumb","itemListElement":[{"@type":"ListItem","position":1,"name":"Eyecos","item":"https:\/\/www.eyecos.eu\/it\/"},{"@type":"ListItem","position":2,"name":"COOKIES POLICY WEB"}]},{"@type":"WebSite","@id":"https:\/\/www.eyecos.eu\/it\/#website","url":"https:\/\/www.eyecos.eu\/it\/","name":"Cl\u00ednica Eyecos - Cambio color de ojos","description":"\u00danica clinica que realiza el cambio del color de los ojos con l\u00e1ser con m\u00e1s 1000 pacientes y casi 10 a\u00f1os de experiencia","publisher":{"@id":"https:\/\/www.eyecos.eu\/it\/#organization"},"potentialAction":[{"@type":"SearchAction","target":{"@type":"EntryPoint","urlTemplate":"https:\/\/www.eyecos.eu\/it\/?s={search_term_string}"},"query-input":{"@type":"PropertyValueSpecification","valueRequired":true,"valueName":"search_term_string"}}],"inLanguage":"it-IT"},{"@type":"Organization","@id":"https:\/\/www.eyecos.eu\/it\/#organization","name":"Cl\u00ednica Eyecos - Cambio color de ojos","url":"https:\/\/www.eyecos.eu\/it\/","logo":{"@type":"ImageObject","inLanguage":"it-IT","@id":"https:\/\/www.eyecos.eu\/it\/#\/schema\/logo\/image\/","url":"https:\/\/www.eyecos.eu\/wp-content\/uploads\/2024\/03\/LOGO-EYECOS.png","contentUrl":"https:\/\/www.eyecos.eu\/wp-content\/uploads\/2024\/03\/LOGO-EYECOS.png","width":480,"height":480,"caption":"Cl\u00ednica Eyecos - Cambio color de ojos"},"image":{"@id":"https:\/\/www.eyecos.eu\/it\/#\/schema\/logo\/image\/"},"sameAs":["https:\/\/www.facebook.com\/neweyeslaser","https:\/\/x.com\/NewEyesLaser","https:\/\/www.instagram.com\/neweyeslaser\/"]}]}},"_links":{"self":[{"href":"https:\/\/www.eyecos.eu\/it\/wp-json\/wp\/v2\/pages\/24737","targetHints":{"allow":["GET"]}}],"collection":[{"href":"https:\/\/www.eyecos.eu\/it\/wp-json\/wp\/v2\/pages"}],"about":[{"href":"https:\/\/www.eyecos.eu\/it\/wp-json\/wp\/v2\/types\/page"}],"author":[{"embeddable":true,"href":"https:\/\/www.eyecos.eu\/it\/wp-json\/wp\/v2\/users\/1"}],"replies":[{"embeddable":true,"href":"https:\/\/www.eyecos.eu\/it\/wp-json\/wp\/v2\/comments?post=24737"}],"version-history":[{"count":0,"href":"https:\/\/www.eyecos.eu\/it\/wp-json\/wp\/v2\/pages\/24737\/revisions"}],"wp:attachment":[{"href":"https:\/\/www.eyecos.eu\/it\/wp-json\/wp\/v2\/media?parent=24737"}],"curies":[{"name":"wp","href":"https:\/\/api.w.org\/{rel}","templated":true}]}}