{"id":24739,"date":"2021-02-14T14:07:51","date_gmt":"2021-02-14T14:07:51","guid":{"rendered":"https:\/\/www.eyecos.eu\/disclaimer\/"},"modified":"2024-07-04T11:08:45","modified_gmt":"2024-07-04T11:08:45","slug":"disclaimer","status":"publish","type":"page","link":"https:\/\/www.eyecos.eu\/it\/disclaimer\/","title":{"rendered":"DISCLAIMER"},"content":{"rendered":"\t\t<div data-elementor-type=\"wp-page\" data-elementor-id=\"24739\" class=\"elementor elementor-24739 elementor-18319\" data-elementor-post-type=\"page\">\n\t\t\t\t\t\t<section class=\"elementor-section elementor-top-section elementor-element elementor-element-2fc676a elementor-section-boxed elementor-section-height-default elementor-section-height-default\" data-id=\"2fc676a\" data-element_type=\"section\" data-e-type=\"section\">\n\t\t\t\t\t\t<div class=\"elementor-container elementor-column-gap-default\">\n\t\t\t\t\t<div class=\"elementor-column elementor-col-100 elementor-top-column elementor-element elementor-element-ebe0657\" data-id=\"ebe0657\" data-element_type=\"column\" data-e-type=\"column\">\n\t\t\t<div class=\"elementor-widget-wrap elementor-element-populated\">\n\t\t\t\t\t\t<div class=\"elementor-element elementor-element-d4b662a elementor-widget elementor-widget-heading\" data-id=\"d4b662a\" data-element_type=\"widget\" data-e-type=\"widget\" data-widget_type=\"heading.default\">\n\t\t\t\t<div class=\"elementor-widget-container\">\n\t\t\t\t\t<h1 class=\"elementor-heading-title elementor-size-default\">Disclaimer<\/h1>\t\t\t\t<\/div>\n\t\t\t\t<\/div>\n\t\t\t\t\t<\/div>\n\t\t<\/div>\n\t\t\t\t\t<\/div>\n\t\t<\/section>\n\t\t\t\t<section class=\"elementor-section elementor-top-section elementor-element elementor-element-b736b7f elementor-section-boxed elementor-section-height-default elementor-section-height-default\" data-id=\"b736b7f\" data-element_type=\"section\" data-e-type=\"section\">\n\t\t\t\t\t\t<div class=\"elementor-container elementor-column-gap-default\">\n\t\t\t\t\t<div class=\"elementor-column elementor-col-100 elementor-top-column elementor-element elementor-element-43f696d\" data-id=\"43f696d\" data-element_type=\"column\" data-e-type=\"column\">\n\t\t\t<div class=\"elementor-widget-wrap elementor-element-populated\">\n\t\t\t\t\t\t<div class=\"elementor-element elementor-element-266f9ba elementor-widget elementor-widget-text-editor\" data-id=\"266f9ba\" data-element_type=\"widget\" data-e-type=\"widget\" data-widget_type=\"text-editor.default\">\n\t\t\t\t<div class=\"elementor-widget-container\">\n\t\t\t\t\t\t\t\t\t<div class=\"content content_top_margin\"><div class=\"content_inner \"><div class=\"container\"><div class=\"container_inner default_template_holder clearfix\"><p>Eyecos not be ever liable for returns due to the final aesthetic outcome since it depends on each individual\u2019s genes n\u00e9 dall&#8217;interruzione volontaria del trattamento una volta iniziato.<\/p><p>In case of treatment\u2019s cancellation Eyecos will not be ever liable for travel costs such as hotel, flights,\u2026 since Eyecos is never involved in this type of services. Then we strongly recommend always book reservations with cancellation\u2019s insurance.<\/p><\/div><\/div><\/div><\/div><footer><div class=\"footer_inner clearfix\"><div class=\"footer_top_holder\"><div class=\"footer_top\"><div class=\"container\"><div class=\"container_inner\"><div class=\"three_columns clearfix\"><div class=\"mkd_column column1\"><div class=\"column_inner\"><div id=\"text-3\" class=\"widget widget_text\"><div class=\"textwidget\">\u00a0<\/div><\/div><\/div><\/div><\/div><\/div><\/div><\/div><\/div><\/div><\/footer>\t\t\t\t\t\t\t\t<\/div>\n\t\t\t\t<\/div>\n\t\t\t\t\t<\/div>\n\t\t<\/div>\n\t\t\t\t\t<\/div>\n\t\t<\/section>\n\t\t\t\t<\/div>\n\t\t","protected":false},"excerpt":{"rendered":"<p>Disclaimer Eyecos not be ever liable for returns due to the final aesthetic outcome since it depends on each individual\u2019s genes n\u00e9 dall&#8217;interruzione volontaria del trattamento una volta iniziato. In case of treatment\u2019s cancellation Eyecos will not be ever liable for travel costs such as hotel, flights,\u2026 since Eyecos is never involved in this type [&hellip;]<\/p>\n","protected":false},"author":1,"featured_media":0,"parent":0,"menu_order":0,"comment_status":"closed","ping_status":"closed","template":"","meta":{"_joinchat":[],"footnotes":""},"class_list":["post-24739","page","type-page","status-publish","hentry"],"yoast_head":"<!-- This site is optimized with the Yoast SEO Premium plugin v26.7 (Yoast SEO v27.2) - https:\/\/yoast.com\/product\/yoast-seo-premium-wordpress\/ -->\n<title>DISCLAIMER - Cl\u00ednica Eyecos - Cambio color de ojos<\/title>\n<meta name=\"robots\" content=\"index, follow, max-snippet:-1, max-image-preview:large, max-video-preview:-1\" \/>\n<link rel=\"canonical\" href=\"https:\/\/www.eyecos.eu\/it\/disclaimer\/\" \/>\n<meta property=\"og:locale\" content=\"it_IT\" \/>\n<meta property=\"og:type\" content=\"article\" \/>\n<meta property=\"og:title\" content=\"DISCLAIMER\" \/>\n<meta property=\"og:description\" content=\"Disclaimer Eyecos not be ever liable for returns due to the final aesthetic outcome since it depends on each individual\u2019s genes n\u00e9 dall&#039;interruzione\" \/>\n<meta property=\"og:url\" content=\"https:\/\/www.eyecos.eu\/it\/disclaimer\/\" \/>\n<meta property=\"og:site_name\" content=\"Cl\u00ednica Eyecos - Cambio color de ojos\" \/>\n<meta property=\"article:publisher\" content=\"https:\/\/www.facebook.com\/neweyeslaser\" \/>\n<meta property=\"article:modified_time\" content=\"2024-07-04T11:08:45+00:00\" \/>\n<meta name=\"twitter:card\" content=\"summary_large_image\" \/>\n<meta name=\"twitter:site\" content=\"@NewEyesLaser\" \/>\n<meta name=\"twitter:label1\" content=\"Tempo di lettura stimato\" \/>\n\t<meta name=\"twitter:data1\" content=\"1 minuto\" \/>\n<script type=\"application\/ld+json\" class=\"yoast-schema-graph\">{\"@context\":\"https:\/\/schema.org\",\"@graph\":[{\"@type\":\"WebPage\",\"@id\":\"https:\/\/www.eyecos.eu\/it\/disclaimer\/\",\"url\":\"https:\/\/www.eyecos.eu\/it\/disclaimer\/\",\"name\":\"DISCLAIMER - Cl\u00ednica Eyecos - Cambio color de ojos\",\"isPartOf\":{\"@id\":\"https:\/\/www.eyecos.eu\/it\/#website\"},\"datePublished\":\"2021-02-14T14:07:51+00:00\",\"dateModified\":\"2024-07-04T11:08:45+00:00\",\"breadcrumb\":{\"@id\":\"https:\/\/www.eyecos.eu\/it\/disclaimer\/#breadcrumb\"},\"inLanguage\":\"it-IT\",\"potentialAction\":[{\"@type\":\"ReadAction\",\"target\":[\"https:\/\/www.eyecos.eu\/it\/disclaimer\/\"]}]},{\"@type\":\"BreadcrumbList\",\"@id\":\"https:\/\/www.eyecos.eu\/it\/disclaimer\/#breadcrumb\",\"itemListElement\":[{\"@type\":\"ListItem\",\"position\":1,\"name\":\"Eyecos\",\"item\":\"https:\/\/www.eyecos.eu\/it\/\"},{\"@type\":\"ListItem\",\"position\":2,\"name\":\"DISCLAIMER\"}]},{\"@type\":\"WebSite\",\"@id\":\"https:\/\/www.eyecos.eu\/it\/#website\",\"url\":\"https:\/\/www.eyecos.eu\/it\/\",\"name\":\"Cl\u00ednica Eyecos - Cambio color de ojos\",\"description\":\"\u00danica clinica que realiza el cambio del color de los ojos con l\u00e1ser con m\u00e1s 1000 pacientes y casi 10 a\u00f1os de experiencia\",\"publisher\":{\"@id\":\"https:\/\/www.eyecos.eu\/it\/#organization\"},\"potentialAction\":[{\"@type\":\"SearchAction\",\"target\":{\"@type\":\"EntryPoint\",\"urlTemplate\":\"https:\/\/www.eyecos.eu\/it\/?s={search_term_string}\"},\"query-input\":{\"@type\":\"PropertyValueSpecification\",\"valueRequired\":true,\"valueName\":\"search_term_string\"}}],\"inLanguage\":\"it-IT\"},{\"@type\":\"Organization\",\"@id\":\"https:\/\/www.eyecos.eu\/it\/#organization\",\"name\":\"Cl\u00ednica Eyecos - Cambio color de ojos\",\"url\":\"https:\/\/www.eyecos.eu\/it\/\",\"logo\":{\"@type\":\"ImageObject\",\"inLanguage\":\"it-IT\",\"@id\":\"https:\/\/www.eyecos.eu\/it\/#\/schema\/logo\/image\/\",\"url\":\"https:\/\/www.eyecos.eu\/wp-content\/uploads\/2024\/03\/LOGO-EYECOS.png\",\"contentUrl\":\"https:\/\/www.eyecos.eu\/wp-content\/uploads\/2024\/03\/LOGO-EYECOS.png\",\"width\":480,\"height\":480,\"caption\":\"Cl\u00ednica Eyecos - Cambio color de ojos\"},\"image\":{\"@id\":\"https:\/\/www.eyecos.eu\/it\/#\/schema\/logo\/image\/\"},\"sameAs\":[\"https:\/\/www.facebook.com\/neweyeslaser\",\"https:\/\/x.com\/NewEyesLaser\",\"https:\/\/www.instagram.com\/neweyeslaser\/\"]}]}<\/script>\n<!-- \/ Yoast SEO Premium plugin. -->","yoast_head_json":{"title":"DISCLAIMER - Cl\u00ednica Eyecos - Cambio color de ojos","robots":{"index":"index","follow":"follow","max-snippet":"max-snippet:-1","max-image-preview":"max-image-preview:large","max-video-preview":"max-video-preview:-1"},"canonical":"https:\/\/www.eyecos.eu\/it\/disclaimer\/","og_locale":"it_IT","og_type":"article","og_title":"DISCLAIMER","og_description":"Disclaimer Eyecos not be ever liable for returns due to the final aesthetic outcome since it depends on each individual\u2019s genes n\u00e9 dall'interruzione","og_url":"https:\/\/www.eyecos.eu\/it\/disclaimer\/","og_site_name":"Cl\u00ednica Eyecos - Cambio color de ojos","article_publisher":"https:\/\/www.facebook.com\/neweyeslaser","article_modified_time":"2024-07-04T11:08:45+00:00","twitter_card":"summary_large_image","twitter_site":"@NewEyesLaser","twitter_misc":{"Tempo di lettura stimato":"1 minuto"},"schema":{"@context":"https:\/\/schema.org","@graph":[{"@type":"WebPage","@id":"https:\/\/www.eyecos.eu\/it\/disclaimer\/","url":"https:\/\/www.eyecos.eu\/it\/disclaimer\/","name":"DISCLAIMER - Cl\u00ednica Eyecos - Cambio color de ojos","isPartOf":{"@id":"https:\/\/www.eyecos.eu\/it\/#website"},"datePublished":"2021-02-14T14:07:51+00:00","dateModified":"2024-07-04T11:08:45+00:00","breadcrumb":{"@id":"https:\/\/www.eyecos.eu\/it\/disclaimer\/#breadcrumb"},"inLanguage":"it-IT","potentialAction":[{"@type":"ReadAction","target":["https:\/\/www.eyecos.eu\/it\/disclaimer\/"]}]},{"@type":"BreadcrumbList","@id":"https:\/\/www.eyecos.eu\/it\/disclaimer\/#breadcrumb","itemListElement":[{"@type":"ListItem","position":1,"name":"Eyecos","item":"https:\/\/www.eyecos.eu\/it\/"},{"@type":"ListItem","position":2,"name":"DISCLAIMER"}]},{"@type":"WebSite","@id":"https:\/\/www.eyecos.eu\/it\/#website","url":"https:\/\/www.eyecos.eu\/it\/","name":"Cl\u00ednica Eyecos - Cambio color de ojos","description":"\u00danica clinica que realiza el cambio del color de los ojos con l\u00e1ser con m\u00e1s 1000 pacientes y casi 10 a\u00f1os de experiencia","publisher":{"@id":"https:\/\/www.eyecos.eu\/it\/#organization"},"potentialAction":[{"@type":"SearchAction","target":{"@type":"EntryPoint","urlTemplate":"https:\/\/www.eyecos.eu\/it\/?s={search_term_string}"},"query-input":{"@type":"PropertyValueSpecification","valueRequired":true,"valueName":"search_term_string"}}],"inLanguage":"it-IT"},{"@type":"Organization","@id":"https:\/\/www.eyecos.eu\/it\/#organization","name":"Cl\u00ednica Eyecos - Cambio color de ojos","url":"https:\/\/www.eyecos.eu\/it\/","logo":{"@type":"ImageObject","inLanguage":"it-IT","@id":"https:\/\/www.eyecos.eu\/it\/#\/schema\/logo\/image\/","url":"https:\/\/www.eyecos.eu\/wp-content\/uploads\/2024\/03\/LOGO-EYECOS.png","contentUrl":"https:\/\/www.eyecos.eu\/wp-content\/uploads\/2024\/03\/LOGO-EYECOS.png","width":480,"height":480,"caption":"Cl\u00ednica Eyecos - Cambio color de ojos"},"image":{"@id":"https:\/\/www.eyecos.eu\/it\/#\/schema\/logo\/image\/"},"sameAs":["https:\/\/www.facebook.com\/neweyeslaser","https:\/\/x.com\/NewEyesLaser","https:\/\/www.instagram.com\/neweyeslaser\/"]}]}},"_links":{"self":[{"href":"https:\/\/www.eyecos.eu\/it\/wp-json\/wp\/v2\/pages\/24739","targetHints":{"allow":["GET"]}}],"collection":[{"href":"https:\/\/www.eyecos.eu\/it\/wp-json\/wp\/v2\/pages"}],"about":[{"href":"https:\/\/www.eyecos.eu\/it\/wp-json\/wp\/v2\/types\/page"}],"author":[{"embeddable":true,"href":"https:\/\/www.eyecos.eu\/it\/wp-json\/wp\/v2\/users\/1"}],"replies":[{"embeddable":true,"href":"https:\/\/www.eyecos.eu\/it\/wp-json\/wp\/v2\/comments?post=24739"}],"version-history":[{"count":0,"href":"https:\/\/www.eyecos.eu\/it\/wp-json\/wp\/v2\/pages\/24739\/revisions"}],"wp:attachment":[{"href":"https:\/\/www.eyecos.eu\/it\/wp-json\/wp\/v2\/media?parent=24739"}],"curies":[{"name":"wp","href":"https:\/\/api.w.org\/{rel}","templated":true}]}}