{"id":24781,"date":"2021-02-14T14:29:07","date_gmt":"2021-02-14T14:29:07","guid":{"rendered":"https:\/\/www.eyecos.eu\/ethical-code\/"},"modified":"2024-06-22T08:40:21","modified_gmt":"2024-06-22T08:40:21","slug":"codice-etico","status":"publish","type":"page","link":"https:\/\/www.eyecos.eu\/it\/codice-etico\/","title":{"rendered":"Codice Etico"},"content":{"rendered":"\t\t<div data-elementor-type=\"wp-page\" data-elementor-id=\"24781\" class=\"elementor elementor-24781 elementor-18378\" data-elementor-post-type=\"page\">\n\t\t\t\t\t\t<section class=\"elementor-section elementor-top-section elementor-element elementor-element-f4a8567 elementor-section-boxed elementor-section-height-default elementor-section-height-default\" data-id=\"f4a8567\" data-element_type=\"section\" data-e-type=\"section\">\n\t\t\t\t\t\t<div class=\"elementor-container elementor-column-gap-default\">\n\t\t\t\t\t<div class=\"elementor-column elementor-col-100 elementor-top-column elementor-element elementor-element-0dff484\" data-id=\"0dff484\" data-element_type=\"column\" data-e-type=\"column\">\n\t\t\t<div class=\"elementor-widget-wrap elementor-element-populated\">\n\t\t\t\t\t\t<div class=\"elementor-element elementor-element-270bff9 elementor-widget elementor-widget-heading\" data-id=\"270bff9\" data-element_type=\"widget\" data-e-type=\"widget\" data-widget_type=\"heading.default\">\n\t\t\t\t<div class=\"elementor-widget-container\">\n\t\t\t\t\t<h1 class=\"elementor-heading-title elementor-size-default\">Codice Etico e Politica della Qualit\u00e0<\/h1>\t\t\t\t<\/div>\n\t\t\t\t<\/div>\n\t\t\t\t\t<\/div>\n\t\t<\/div>\n\t\t\t\t\t<\/div>\n\t\t<\/section>\n\t\t\t\t<section class=\"elementor-section elementor-top-section elementor-element elementor-element-7256181 elementor-section-boxed elementor-section-height-default elementor-section-height-default\" data-id=\"7256181\" data-element_type=\"section\" data-e-type=\"section\">\n\t\t\t\t\t\t<div class=\"elementor-container elementor-column-gap-default\">\n\t\t\t\t\t<div class=\"elementor-column elementor-col-100 elementor-top-column elementor-element elementor-element-52f253c\" data-id=\"52f253c\" data-element_type=\"column\" data-e-type=\"column\">\n\t\t\t<div class=\"elementor-widget-wrap elementor-element-populated\">\n\t\t\t\t\t\t<div class=\"elementor-element elementor-element-cccedbd elementor-position-inline-start elementor-view-default elementor-mobile-position-block-start elementor-widget elementor-widget-icon-box\" data-id=\"cccedbd\" data-element_type=\"widget\" data-e-type=\"widget\" data-widget_type=\"icon-box.default\">\n\t\t\t\t<div class=\"elementor-widget-container\">\n\t\t\t\t\t\t\t<div class=\"elementor-icon-box-wrapper\">\n\n\t\t\t\t\t\t<div class=\"elementor-icon-box-icon\">\n\t\t\t\t<a href=\"https:\/\/www.eyecos.eu\/img\/docs\/quality_politics.pdf\" target=\"_blank\" class=\"elementor-icon\" tabindex=\"-1\" aria-label=\"Politica della Qualit\u00e0 (pdf)\">\n\t\t\t\t<i aria-hidden=\"true\" class=\"far fa-file-pdf\"><\/i>\t\t\t\t<\/a>\n\t\t\t<\/div>\n\t\t\t\n\t\t\t\t\t\t<div class=\"elementor-icon-box-content\">\n\n\t\t\t\t\t\t\t\t\t<h3 class=\"elementor-icon-box-title\">\n\t\t\t\t\t\t<a href=\"https:\/\/www.eyecos.eu\/img\/docs\/quality_politics.pdf\" target=\"_blank\" >\n\t\t\t\t\t\t\tPolitica della Qualit\u00e0 (pdf)\t\t\t\t\t\t<\/a>\n\t\t\t\t\t<\/h3>\n\t\t\t\t\n\t\t\t\t\n\t\t\t<\/div>\n\t\t\t\n\t\t<\/div>\n\t\t\t\t\t\t<\/div>\n\t\t\t\t<\/div>\n\t\t\t\t\t<\/div>\n\t\t<\/div>\n\t\t\t\t\t<\/div>\n\t\t<\/section>\n\t\t\t\t<section class=\"elementor-section elementor-top-section elementor-element elementor-element-2c21c12 elementor-section-boxed elementor-section-height-default elementor-section-height-default\" data-id=\"2c21c12\" data-element_type=\"section\" data-e-type=\"section\">\n\t\t\t\t\t\t<div class=\"elementor-container elementor-column-gap-default\">\n\t\t\t\t\t<div class=\"elementor-column elementor-col-100 elementor-top-column elementor-element elementor-element-a2e2aad\" data-id=\"a2e2aad\" data-element_type=\"column\" data-e-type=\"column\">\n\t\t\t<div class=\"elementor-widget-wrap elementor-element-populated\">\n\t\t\t\t\t\t<div class=\"elementor-element elementor-element-05ef111 elementor-widget elementor-widget-text-editor\" data-id=\"05ef111\" data-element_type=\"widget\" data-e-type=\"widget\" data-widget_type=\"text-editor.default\">\n\t\t\t\t<div class=\"elementor-widget-container\">\n\t\t\t\t\t\t\t\t\t<p><strong>I. PRINCIPIO DI RISERVATEZZA<\/strong><br \/>Tutti i dati relativi ai nostri pazienti sono trattati dai nostri professionisti con la massima discrezione, allo stesso modo, le loro storie cliniche sono protette in modo esauriente e in ogni momento sono sempre presenti le linee guida legali a riguardo.<\/p><p><strong>II. BASE SCIENTIFICA DEL TRATTAMENTO<\/strong><br \/>Ogni caso viene valutato individualmente dallo specialista che tratter\u00e0 il paziente e il resto del team medico e optometrico. Vengono eseguiti i test medici appropriati per una diagnosi accurata e un\u2019indicazione terapeutica personalizzata. Tutto questo, cos\u00ec come l\u2019evoluzione personale del paziente, si rifletter\u00e0 nella storia medica.<\/p><p><strong>III. INFORMAZIONI CHIARE E COMPLETE<\/strong><br \/>I nostri pazienti ricevono, sia verbalmente che per iscritto, prima dell\u2019inizio del trattamento o dell\u2019operazione chirurgica, informazioni esaurienti e reali sul processo a cui stanno andando a subire, possibili alternative ad esso, risultati che possono essere previsti \u2013 evitando false aspettative -, tempi di recupero , possibili rischi personalizzati coinvolti, ecc. Queste informazioni vengono raccolte prontamente in un consenso informato, che viene letto insieme al medico, che chiarir\u00e0 eventuali domande che potrebbero sorgere e successivamente firmato dal paziente.<\/p><p><strong>IV. IMPEGNO PER IL PAZIENTE<\/strong><br \/>I nostri pazienti sono trattati con sistemi medici e chirurgici innovativi e scientificamente provati, oltre ad essere frequentato da professionisti di altissimo livello. Per soddisfare queste premesse, Eyecos sta costantemente portando avanti un importante sforzo umano ed economico che ha raggiunto il suo chiaro posizionamento nel settore.<\/p><p><strong>V. GARANZIE DI SICUREZZA<\/strong><br \/>Tutti i nostri centri soddisfano i requisiti tecnici e legali richiesti dalla legislazione vigente. Tutti gli interventi chirurgici sono effettuati da chirurghi oftalmologici rifrattivi in \u200b\u200bpossesso del titolo ufficiale di specialista rilasciato dal Ministero della Salute spagnolo. Le operazioni sono sempre svolte in sale operatorie, cliniche e ospedali accreditati, perfettamente attrezzate per effettuare interventi chirurgici.<\/p><p><strong>VI. FOLLOW-UP MEDICO E PSICOLOGICO<\/strong><br \/>I pazienti Eyecos sono supervisionati in ogni momento da personale medico qualificato e dal nostro team di optometristi specializzati nell\u2019area della chirurgia refrattiva. Allo stesso modo, hanno linee telefoniche di attenzione medica e optometrica dove trovare la risposta ai possibili dubbi che possono apparire.<\/p><p><strong>VII. SOTTO ANNO<\/strong><br \/>Eyecos evita di eseguire interventi chirurgici su bambini sotto i 18 anni di et\u00e0. Tuttavia, hanno il nostro consiglio medico, in termini di oftalmologia refrattiva, quei giovani che hanno difetti di rifrazione e vogliono un controllo ottimale.<\/p>\t\t\t\t\t\t\t\t<\/div>\n\t\t\t\t<\/div>\n\t\t\t\t\t<\/div>\n\t\t<\/div>\n\t\t\t\t\t<\/div>\n\t\t<\/section>\n\t\t\t\t<\/div>\n\t\t","protected":false},"excerpt":{"rendered":"<p>Codice Etico e Politica della Qualit\u00e0 Politica della Qualit\u00e0 (pdf) I. PRINCIPIO DI RISERVATEZZATutti i dati relativi ai nostri pazienti sono trattati dai nostri professionisti con la massima discrezione, allo stesso modo, le loro storie cliniche sono protette in modo esauriente e in ogni momento sono sempre presenti le linee guida legali a riguardo. II. [&hellip;]<\/p>\n","protected":false},"author":1,"featured_media":0,"parent":0,"menu_order":0,"comment_status":"closed","ping_status":"closed","template":"","meta":{"_joinchat":[],"footnotes":""},"class_list":["post-24781","page","type-page","status-publish","hentry"],"yoast_head":"<!-- This site is optimized with the Yoast SEO Premium plugin v26.7 (Yoast SEO v27.2) - https:\/\/yoast.com\/product\/yoast-seo-premium-wordpress\/ -->\n<title>Codice Etico - Eyecos Clinic - Eye color change<\/title>\n<meta name=\"robots\" content=\"index, follow, max-snippet:-1, max-image-preview:large, max-video-preview:-1\" \/>\n<link rel=\"canonical\" href=\"https:\/\/www.eyecos.eu\/it\/codice-etico\/\" \/>\n<meta property=\"og:locale\" content=\"it_IT\" \/>\n<meta property=\"og:type\" content=\"article\" \/>\n<meta property=\"og:title\" content=\"Codice Etico\" \/>\n<meta property=\"og:description\" content=\"Codice Etico e Politica della Qualit\u00e0 Politica della Qualit\u00e0 (pdf) I. PRINCIPIO DI RISERVATEZZATutti i dati relativi ai nostri pazienti sono trattati dai\" \/>\n<meta property=\"og:url\" content=\"https:\/\/www.eyecos.eu\/it\/codice-etico\/\" \/>\n<meta property=\"og:site_name\" content=\"Cl\u00ednica Eyecos - Cambio color de ojos\" \/>\n<meta property=\"article:publisher\" content=\"https:\/\/www.facebook.com\/neweyeslaser\" \/>\n<meta property=\"article:modified_time\" content=\"2024-06-22T08:40:21+00:00\" \/>\n<meta name=\"twitter:card\" content=\"summary_large_image\" \/>\n<meta name=\"twitter:site\" content=\"@NewEyesLaser\" \/>\n<meta name=\"twitter:label1\" content=\"Tempo di lettura stimato\" \/>\n\t<meta name=\"twitter:data1\" content=\"3 minuti\" \/>\n<script type=\"application\/ld+json\" class=\"yoast-schema-graph\">{\"@context\":\"https:\/\/schema.org\",\"@graph\":[{\"@type\":\"WebPage\",\"@id\":\"https:\/\/www.eyecos.eu\/it\/codice-etico\/\",\"url\":\"https:\/\/www.eyecos.eu\/it\/codice-etico\/\",\"name\":\"Codice Etico - Eyecos Clinic - Eye color change\",\"isPartOf\":{\"@id\":\"https:\/\/www.eyecos.eu\/it\/#website\"},\"datePublished\":\"2021-02-14T14:29:07+00:00\",\"dateModified\":\"2024-06-22T08:40:21+00:00\",\"breadcrumb\":{\"@id\":\"https:\/\/www.eyecos.eu\/it\/codice-etico\/#breadcrumb\"},\"inLanguage\":\"it-IT\",\"potentialAction\":[{\"@type\":\"ReadAction\",\"target\":[\"https:\/\/www.eyecos.eu\/it\/codice-etico\/\"]}]},{\"@type\":\"BreadcrumbList\",\"@id\":\"https:\/\/www.eyecos.eu\/it\/codice-etico\/#breadcrumb\",\"itemListElement\":[{\"@type\":\"ListItem\",\"position\":1,\"name\":\"Eyecos\",\"item\":\"https:\/\/www.eyecos.eu\/it\/\"},{\"@type\":\"ListItem\",\"position\":2,\"name\":\"Codice Etico\"}]},{\"@type\":\"WebSite\",\"@id\":\"https:\/\/www.eyecos.eu\/it\/#website\",\"url\":\"https:\/\/www.eyecos.eu\/it\/\",\"name\":\"Cl\u00ednica Eyecos - Cambio color de ojos\",\"description\":\"\u00danica clinica que realiza el cambio del color de los ojos con l\u00e1ser con m\u00e1s 1000 pacientes y casi 10 a\u00f1os de experiencia\",\"publisher\":{\"@id\":\"https:\/\/www.eyecos.eu\/it\/#organization\"},\"potentialAction\":[{\"@type\":\"SearchAction\",\"target\":{\"@type\":\"EntryPoint\",\"urlTemplate\":\"https:\/\/www.eyecos.eu\/it\/?s={search_term_string}\"},\"query-input\":{\"@type\":\"PropertyValueSpecification\",\"valueRequired\":true,\"valueName\":\"search_term_string\"}}],\"inLanguage\":\"it-IT\"},{\"@type\":\"Organization\",\"@id\":\"https:\/\/www.eyecos.eu\/it\/#organization\",\"name\":\"Cl\u00ednica Eyecos - Cambio color de ojos\",\"url\":\"https:\/\/www.eyecos.eu\/it\/\",\"logo\":{\"@type\":\"ImageObject\",\"inLanguage\":\"it-IT\",\"@id\":\"https:\/\/www.eyecos.eu\/it\/#\/schema\/logo\/image\/\",\"url\":\"https:\/\/www.eyecos.eu\/wp-content\/uploads\/2024\/03\/LOGO-EYECOS.png\",\"contentUrl\":\"https:\/\/www.eyecos.eu\/wp-content\/uploads\/2024\/03\/LOGO-EYECOS.png\",\"width\":480,\"height\":480,\"caption\":\"Cl\u00ednica Eyecos - Cambio color de ojos\"},\"image\":{\"@id\":\"https:\/\/www.eyecos.eu\/it\/#\/schema\/logo\/image\/\"},\"sameAs\":[\"https:\/\/www.facebook.com\/neweyeslaser\",\"https:\/\/x.com\/NewEyesLaser\",\"https:\/\/www.instagram.com\/neweyeslaser\/\"]}]}<\/script>\n<!-- \/ Yoast SEO Premium plugin. -->","yoast_head_json":{"title":"Codice Etico - Eyecos Clinic - Eye color change","robots":{"index":"index","follow":"follow","max-snippet":"max-snippet:-1","max-image-preview":"max-image-preview:large","max-video-preview":"max-video-preview:-1"},"canonical":"https:\/\/www.eyecos.eu\/it\/codice-etico\/","og_locale":"it_IT","og_type":"article","og_title":"Codice Etico","og_description":"Codice Etico e Politica della Qualit\u00e0 Politica della Qualit\u00e0 (pdf) I. PRINCIPIO DI RISERVATEZZATutti i dati relativi ai nostri pazienti sono trattati dai","og_url":"https:\/\/www.eyecos.eu\/it\/codice-etico\/","og_site_name":"Cl\u00ednica Eyecos - Cambio color de ojos","article_publisher":"https:\/\/www.facebook.com\/neweyeslaser","article_modified_time":"2024-06-22T08:40:21+00:00","twitter_card":"summary_large_image","twitter_site":"@NewEyesLaser","twitter_misc":{"Tempo di lettura stimato":"3 minuti"},"schema":{"@context":"https:\/\/schema.org","@graph":[{"@type":"WebPage","@id":"https:\/\/www.eyecos.eu\/it\/codice-etico\/","url":"https:\/\/www.eyecos.eu\/it\/codice-etico\/","name":"Codice Etico - Eyecos Clinic - Eye color change","isPartOf":{"@id":"https:\/\/www.eyecos.eu\/it\/#website"},"datePublished":"2021-02-14T14:29:07+00:00","dateModified":"2024-06-22T08:40:21+00:00","breadcrumb":{"@id":"https:\/\/www.eyecos.eu\/it\/codice-etico\/#breadcrumb"},"inLanguage":"it-IT","potentialAction":[{"@type":"ReadAction","target":["https:\/\/www.eyecos.eu\/it\/codice-etico\/"]}]},{"@type":"BreadcrumbList","@id":"https:\/\/www.eyecos.eu\/it\/codice-etico\/#breadcrumb","itemListElement":[{"@type":"ListItem","position":1,"name":"Eyecos","item":"https:\/\/www.eyecos.eu\/it\/"},{"@type":"ListItem","position":2,"name":"Codice Etico"}]},{"@type":"WebSite","@id":"https:\/\/www.eyecos.eu\/it\/#website","url":"https:\/\/www.eyecos.eu\/it\/","name":"Cl\u00ednica Eyecos - Cambio color de ojos","description":"\u00danica clinica que realiza el cambio del color de los ojos con l\u00e1ser con m\u00e1s 1000 pacientes y casi 10 a\u00f1os de experiencia","publisher":{"@id":"https:\/\/www.eyecos.eu\/it\/#organization"},"potentialAction":[{"@type":"SearchAction","target":{"@type":"EntryPoint","urlTemplate":"https:\/\/www.eyecos.eu\/it\/?s={search_term_string}"},"query-input":{"@type":"PropertyValueSpecification","valueRequired":true,"valueName":"search_term_string"}}],"inLanguage":"it-IT"},{"@type":"Organization","@id":"https:\/\/www.eyecos.eu\/it\/#organization","name":"Cl\u00ednica Eyecos - Cambio color de ojos","url":"https:\/\/www.eyecos.eu\/it\/","logo":{"@type":"ImageObject","inLanguage":"it-IT","@id":"https:\/\/www.eyecos.eu\/it\/#\/schema\/logo\/image\/","url":"https:\/\/www.eyecos.eu\/wp-content\/uploads\/2024\/03\/LOGO-EYECOS.png","contentUrl":"https:\/\/www.eyecos.eu\/wp-content\/uploads\/2024\/03\/LOGO-EYECOS.png","width":480,"height":480,"caption":"Cl\u00ednica Eyecos - Cambio color de ojos"},"image":{"@id":"https:\/\/www.eyecos.eu\/it\/#\/schema\/logo\/image\/"},"sameAs":["https:\/\/www.facebook.com\/neweyeslaser","https:\/\/x.com\/NewEyesLaser","https:\/\/www.instagram.com\/neweyeslaser\/"]}]}},"_links":{"self":[{"href":"https:\/\/www.eyecos.eu\/it\/wp-json\/wp\/v2\/pages\/24781","targetHints":{"allow":["GET"]}}],"collection":[{"href":"https:\/\/www.eyecos.eu\/it\/wp-json\/wp\/v2\/pages"}],"about":[{"href":"https:\/\/www.eyecos.eu\/it\/wp-json\/wp\/v2\/types\/page"}],"author":[{"embeddable":true,"href":"https:\/\/www.eyecos.eu\/it\/wp-json\/wp\/v2\/users\/1"}],"replies":[{"embeddable":true,"href":"https:\/\/www.eyecos.eu\/it\/wp-json\/wp\/v2\/comments?post=24781"}],"version-history":[{"count":0,"href":"https:\/\/www.eyecos.eu\/it\/wp-json\/wp\/v2\/pages\/24781\/revisions"}],"wp:attachment":[{"href":"https:\/\/www.eyecos.eu\/it\/wp-json\/wp\/v2\/media?parent=24781"}],"curies":[{"name":"wp","href":"https:\/\/api.w.org\/{rel}","templated":true}]}}