{"id":24787,"date":"2021-04-26T16:20:01","date_gmt":"2021-04-26T16:20:01","guid":{"rendered":"https:\/\/www.eyecos.eu\/phone-of-interest\/"},"modified":"2024-06-20T10:16:58","modified_gmt":"2024-06-20T10:16:58","slug":"telefoni-di-interesse-e-mobilita","status":"publish","type":"page","link":"https:\/\/www.eyecos.eu\/it\/clinica\/telefoni-di-interesse-e-mobilita\/","title":{"rendered":"Telefoni di interesse e mobilit\u00e0"},"content":{"rendered":"\t\t<div data-elementor-type=\"wp-page\" data-elementor-id=\"24787\" class=\"elementor elementor-24787 elementor-21546\" data-elementor-post-type=\"page\">\n\t\t\t\t\t\t<section class=\"elementor-section elementor-top-section elementor-element elementor-element-0b25122 elementor-section-boxed elementor-section-height-default elementor-section-height-default\" data-id=\"0b25122\" data-element_type=\"section\" data-e-type=\"section\">\n\t\t\t\t\t\t<div class=\"elementor-container elementor-column-gap-default\">\n\t\t\t\t\t<div class=\"elementor-column elementor-col-100 elementor-top-column elementor-element elementor-element-a917792\" data-id=\"a917792\" data-element_type=\"column\" data-e-type=\"column\">\n\t\t\t<div class=\"elementor-widget-wrap elementor-element-populated\">\n\t\t\t\t\t\t<div class=\"elementor-element elementor-element-ac0a1fc elementor-widget elementor-widget-heading\" data-id=\"ac0a1fc\" data-element_type=\"widget\" data-e-type=\"widget\" data-widget_type=\"heading.default\">\n\t\t\t\t<div class=\"elementor-widget-container\">\n\t\t\t\t\t<h1 class=\"elementor-heading-title elementor-size-default\">Telefoni di interesse e mobilit\u00e0<\/h1>\t\t\t\t<\/div>\n\t\t\t\t<\/div>\n\t\t\t\t\t<\/div>\n\t\t<\/div>\n\t\t\t\t\t<\/div>\n\t\t<\/section>\n\t\t\t\t<section class=\"elementor-section elementor-top-section elementor-element elementor-element-7e35bc7 elementor-section-boxed elementor-section-height-default elementor-section-height-default\" data-id=\"7e35bc7\" data-element_type=\"section\" data-e-type=\"section\">\n\t\t\t\t\t\t<div class=\"elementor-container elementor-column-gap-default\">\n\t\t\t\t\t<div class=\"elementor-column elementor-col-50 elementor-top-column elementor-element elementor-element-62fb0c1\" data-id=\"62fb0c1\" data-element_type=\"column\" data-e-type=\"column\">\n\t\t\t<div class=\"elementor-widget-wrap elementor-element-populated\">\n\t\t\t\t\t\t<div class=\"elementor-element elementor-element-4e6e22a elementor-widget elementor-widget-text-editor\" data-id=\"4e6e22a\" data-element_type=\"widget\" data-e-type=\"widget\" data-widget_type=\"text-editor.default\">\n\t\t\t\t<div class=\"elementor-widget-container\">\n\t\t\t\t\t\t\t\t\t<p><strong>Telefoni di interesse e mobilit\u00e0<\/strong><\/p><p>Emergenze: 112<br \/>Polizia locale: 092<br \/>Vigili del fuoco: 080<\/p><p><a href=\"https:\/\/www.tmb.cat\/en\/barcelona\/journey-planner\" target=\"_blank\" rel=\"noopener\">https:\/\/www.tmb.cat\/en\/barcelona\/journey-planner<\/a><\/p><p><a href=\"_wp_link_placeholder\" data-wplink-edit=\"true\">https:\/\/w33.bcn.cat\/planolBCN\/en\/<\/a><\/p><p><strong>Taxi<\/strong><\/p><p>Servitaxi: 933 30 03 00<br \/>Taxi Barcelona 24h: 935 66 61 00<br \/>Objetes perduts : 902 101 564<\/p><p><strong>Carta Perduti<\/strong><\/p><p>American Express: 902 375 637<br \/>Dinner\u2019s Club:900 801 331<\/p>\t\t\t\t\t\t\t\t<\/div>\n\t\t\t\t<\/div>\n\t\t\t\t\t<\/div>\n\t\t<\/div>\n\t\t\t\t<div class=\"elementor-column elementor-col-50 elementor-top-column elementor-element elementor-element-3139223\" data-id=\"3139223\" data-element_type=\"column\" data-e-type=\"column\">\n\t\t\t<div class=\"elementor-widget-wrap elementor-element-populated\">\n\t\t\t\t\t\t<div class=\"elementor-element elementor-element-caaa536 elementor-widget elementor-widget-text-editor\" data-id=\"caaa536\" data-element_type=\"widget\" data-e-type=\"widget\" data-widget_type=\"text-editor.default\">\n\t\t\t\t<div class=\"elementor-widget-container\">\n\t\t\t\t\t\t\t\t\t<p><strong>Mappa di Barcellona\u00a0<\/strong><\/p><p><iframe style=\"border: 0;\" src=\"https:\/\/www.google.com\/maps\/embed?pb=!1m18!1m12!1m3!1d34092.51917383304!2d2.1509477938836903!3d41.405216877216326!2m3!1f0!2f0!3f0!3m2!1i1024!2i768!4f13.1!3m3!1m2!1s0x12a49816718e30e5%3A0x44b0fb3d4f47660a!2sBarcelona%2C%20B!5e0!3m2!1ses!2ses!4v1619774523154!5m2!1ses!2ses\" width=\"250\" height=\"350\" allowfullscreen=\"allowfullscreen\"><\/iframe><\/p>\t\t\t\t\t\t\t\t<\/div>\n\t\t\t\t<\/div>\n\t\t\t\t\t<\/div>\n\t\t<\/div>\n\t\t\t\t\t<\/div>\n\t\t<\/section>\n\t\t\t\t<\/div>\n\t\t","protected":false},"excerpt":{"rendered":"<p>Telefoni di interesse e mobilit\u00e0 Telefoni di interesse e mobilit\u00e0 Emergenze: 112Polizia locale: 092Vigili del fuoco: 080 https:\/\/www.tmb.cat\/en\/barcelona\/journey-planner https:\/\/w33.bcn.cat\/planolBCN\/en\/ Taxi Servitaxi: 933 30 03 00Taxi Barcelona 24h: 935 66 61 00Objetes perduts : 902 101 564 Carta Perduti American Express: 902 375 637Dinner\u2019s Club:900 801 331 Mappa di Barcellona\u00a0<\/p>\n","protected":false},"author":1,"featured_media":0,"parent":290303,"menu_order":0,"comment_status":"closed","ping_status":"closed","template":"","meta":{"_joinchat":[],"footnotes":""},"class_list":["post-24787","page","type-page","status-publish","hentry"],"yoast_head":"<!-- This site is optimized with the Yoast SEO Premium plugin v26.7 (Yoast SEO v27.2) - https:\/\/yoast.com\/product\/yoast-seo-premium-wordpress\/ -->\n<title>Telefoni di interesse e mobilit\u00e0 - Eyecos Clinic - Eye color change<\/title>\n<meta name=\"robots\" content=\"index, follow, max-snippet:-1, max-image-preview:large, max-video-preview:-1\" \/>\n<link rel=\"canonical\" href=\"https:\/\/www.eyecos.eu\/it\/clinica\/telefoni-di-interesse-e-mobilita\/\" \/>\n<meta property=\"og:locale\" content=\"it_IT\" \/>\n<meta property=\"og:type\" content=\"article\" \/>\n<meta property=\"og:title\" content=\"Telefoni di interesse e mobilit\u00e0\" \/>\n<meta property=\"og:description\" content=\"Telefoni di interesse e mobilit\u00e0 Telefoni di interesse e mobilit\u00e0Emergenze: 112Polizia locale: 092Vigili del fuoco:\" \/>\n<meta property=\"og:url\" content=\"https:\/\/www.eyecos.eu\/it\/clinica\/telefoni-di-interesse-e-mobilita\/\" \/>\n<meta property=\"og:site_name\" content=\"Cl\u00ednica Eyecos - Cambio color de ojos\" \/>\n<meta property=\"article:publisher\" content=\"https:\/\/www.facebook.com\/neweyeslaser\" \/>\n<meta property=\"article:modified_time\" content=\"2024-06-20T10:16:58+00:00\" \/>\n<meta name=\"twitter:card\" content=\"summary_large_image\" \/>\n<meta name=\"twitter:site\" content=\"@NewEyesLaser\" \/>\n<meta name=\"twitter:label1\" content=\"Tempo di lettura stimato\" \/>\n\t<meta name=\"twitter:data1\" content=\"1 minuto\" \/>\n<script type=\"application\/ld+json\" class=\"yoast-schema-graph\">{\"@context\":\"https:\/\/schema.org\",\"@graph\":[{\"@type\":\"WebPage\",\"@id\":\"https:\/\/www.eyecos.eu\/it\/clinica\/telefoni-di-interesse-e-mobilita\/\",\"url\":\"https:\/\/www.eyecos.eu\/it\/clinica\/telefoni-di-interesse-e-mobilita\/\",\"name\":\"Telefoni di interesse e mobilit\u00e0 - Eyecos Clinic - Eye color change\",\"isPartOf\":{\"@id\":\"https:\/\/www.eyecos.eu\/it\/#website\"},\"datePublished\":\"2021-04-26T16:20:01+00:00\",\"dateModified\":\"2024-06-20T10:16:58+00:00\",\"breadcrumb\":{\"@id\":\"https:\/\/www.eyecos.eu\/it\/clinica\/telefoni-di-interesse-e-mobilita\/#breadcrumb\"},\"inLanguage\":\"it-IT\",\"potentialAction\":[{\"@type\":\"ReadAction\",\"target\":[\"https:\/\/www.eyecos.eu\/it\/clinica\/telefoni-di-interesse-e-mobilita\/\"]}]},{\"@type\":\"BreadcrumbList\",\"@id\":\"https:\/\/www.eyecos.eu\/it\/clinica\/telefoni-di-interesse-e-mobilita\/#breadcrumb\",\"itemListElement\":[{\"@type\":\"ListItem\",\"position\":1,\"name\":\"Eyecos\",\"item\":\"https:\/\/www.eyecos.eu\/it\/\"},{\"@type\":\"ListItem\",\"position\":2,\"name\":\"Clinica\",\"item\":\"https:\/\/www.eyecos.eu\/it\/clinic\/\"},{\"@type\":\"ListItem\",\"position\":3,\"name\":\"Telefoni di interesse e mobilit\u00e0\"}]},{\"@type\":\"WebSite\",\"@id\":\"https:\/\/www.eyecos.eu\/it\/#website\",\"url\":\"https:\/\/www.eyecos.eu\/it\/\",\"name\":\"Cl\u00ednica Eyecos - Cambio color de ojos\",\"description\":\"\u00danica clinica que realiza el cambio del color de los ojos con l\u00e1ser con m\u00e1s 1000 pacientes y casi 10 a\u00f1os de experiencia\",\"publisher\":{\"@id\":\"https:\/\/www.eyecos.eu\/it\/#organization\"},\"potentialAction\":[{\"@type\":\"SearchAction\",\"target\":{\"@type\":\"EntryPoint\",\"urlTemplate\":\"https:\/\/www.eyecos.eu\/it\/?s={search_term_string}\"},\"query-input\":{\"@type\":\"PropertyValueSpecification\",\"valueRequired\":true,\"valueName\":\"search_term_string\"}}],\"inLanguage\":\"it-IT\"},{\"@type\":\"Organization\",\"@id\":\"https:\/\/www.eyecos.eu\/it\/#organization\",\"name\":\"Cl\u00ednica Eyecos - Cambio color de ojos\",\"url\":\"https:\/\/www.eyecos.eu\/it\/\",\"logo\":{\"@type\":\"ImageObject\",\"inLanguage\":\"it-IT\",\"@id\":\"https:\/\/www.eyecos.eu\/it\/#\/schema\/logo\/image\/\",\"url\":\"https:\/\/www.eyecos.eu\/wp-content\/uploads\/2024\/03\/LOGO-EYECOS.png\",\"contentUrl\":\"https:\/\/www.eyecos.eu\/wp-content\/uploads\/2024\/03\/LOGO-EYECOS.png\",\"width\":480,\"height\":480,\"caption\":\"Cl\u00ednica Eyecos - Cambio color de ojos\"},\"image\":{\"@id\":\"https:\/\/www.eyecos.eu\/it\/#\/schema\/logo\/image\/\"},\"sameAs\":[\"https:\/\/www.facebook.com\/neweyeslaser\",\"https:\/\/x.com\/NewEyesLaser\",\"https:\/\/www.instagram.com\/neweyeslaser\/\"]}]}<\/script>\n<!-- \/ Yoast SEO Premium plugin. -->","yoast_head_json":{"title":"Telefoni di interesse e mobilit\u00e0 - Eyecos Clinic - Eye color change","robots":{"index":"index","follow":"follow","max-snippet":"max-snippet:-1","max-image-preview":"max-image-preview:large","max-video-preview":"max-video-preview:-1"},"canonical":"https:\/\/www.eyecos.eu\/it\/clinica\/telefoni-di-interesse-e-mobilita\/","og_locale":"it_IT","og_type":"article","og_title":"Telefoni di interesse e mobilit\u00e0","og_description":"Telefoni di interesse e mobilit\u00e0 Telefoni di interesse e mobilit\u00e0Emergenze: 112Polizia locale: 092Vigili del fuoco:","og_url":"https:\/\/www.eyecos.eu\/it\/clinica\/telefoni-di-interesse-e-mobilita\/","og_site_name":"Cl\u00ednica Eyecos - Cambio color de ojos","article_publisher":"https:\/\/www.facebook.com\/neweyeslaser","article_modified_time":"2024-06-20T10:16:58+00:00","twitter_card":"summary_large_image","twitter_site":"@NewEyesLaser","twitter_misc":{"Tempo di lettura stimato":"1 minuto"},"schema":{"@context":"https:\/\/schema.org","@graph":[{"@type":"WebPage","@id":"https:\/\/www.eyecos.eu\/it\/clinica\/telefoni-di-interesse-e-mobilita\/","url":"https:\/\/www.eyecos.eu\/it\/clinica\/telefoni-di-interesse-e-mobilita\/","name":"Telefoni di interesse e mobilit\u00e0 - Eyecos Clinic - Eye color change","isPartOf":{"@id":"https:\/\/www.eyecos.eu\/it\/#website"},"datePublished":"2021-04-26T16:20:01+00:00","dateModified":"2024-06-20T10:16:58+00:00","breadcrumb":{"@id":"https:\/\/www.eyecos.eu\/it\/clinica\/telefoni-di-interesse-e-mobilita\/#breadcrumb"},"inLanguage":"it-IT","potentialAction":[{"@type":"ReadAction","target":["https:\/\/www.eyecos.eu\/it\/clinica\/telefoni-di-interesse-e-mobilita\/"]}]},{"@type":"BreadcrumbList","@id":"https:\/\/www.eyecos.eu\/it\/clinica\/telefoni-di-interesse-e-mobilita\/#breadcrumb","itemListElement":[{"@type":"ListItem","position":1,"name":"Eyecos","item":"https:\/\/www.eyecos.eu\/it\/"},{"@type":"ListItem","position":2,"name":"Clinica","item":"https:\/\/www.eyecos.eu\/it\/clinic\/"},{"@type":"ListItem","position":3,"name":"Telefoni di interesse e mobilit\u00e0"}]},{"@type":"WebSite","@id":"https:\/\/www.eyecos.eu\/it\/#website","url":"https:\/\/www.eyecos.eu\/it\/","name":"Cl\u00ednica Eyecos - Cambio color de ojos","description":"\u00danica clinica que realiza el cambio del color de los ojos con l\u00e1ser con m\u00e1s 1000 pacientes y casi 10 a\u00f1os de experiencia","publisher":{"@id":"https:\/\/www.eyecos.eu\/it\/#organization"},"potentialAction":[{"@type":"SearchAction","target":{"@type":"EntryPoint","urlTemplate":"https:\/\/www.eyecos.eu\/it\/?s={search_term_string}"},"query-input":{"@type":"PropertyValueSpecification","valueRequired":true,"valueName":"search_term_string"}}],"inLanguage":"it-IT"},{"@type":"Organization","@id":"https:\/\/www.eyecos.eu\/it\/#organization","name":"Cl\u00ednica Eyecos - Cambio color de ojos","url":"https:\/\/www.eyecos.eu\/it\/","logo":{"@type":"ImageObject","inLanguage":"it-IT","@id":"https:\/\/www.eyecos.eu\/it\/#\/schema\/logo\/image\/","url":"https:\/\/www.eyecos.eu\/wp-content\/uploads\/2024\/03\/LOGO-EYECOS.png","contentUrl":"https:\/\/www.eyecos.eu\/wp-content\/uploads\/2024\/03\/LOGO-EYECOS.png","width":480,"height":480,"caption":"Cl\u00ednica Eyecos - Cambio color de ojos"},"image":{"@id":"https:\/\/www.eyecos.eu\/it\/#\/schema\/logo\/image\/"},"sameAs":["https:\/\/www.facebook.com\/neweyeslaser","https:\/\/x.com\/NewEyesLaser","https:\/\/www.instagram.com\/neweyeslaser\/"]}]}},"_links":{"self":[{"href":"https:\/\/www.eyecos.eu\/it\/wp-json\/wp\/v2\/pages\/24787","targetHints":{"allow":["GET"]}}],"collection":[{"href":"https:\/\/www.eyecos.eu\/it\/wp-json\/wp\/v2\/pages"}],"about":[{"href":"https:\/\/www.eyecos.eu\/it\/wp-json\/wp\/v2\/types\/page"}],"author":[{"embeddable":true,"href":"https:\/\/www.eyecos.eu\/it\/wp-json\/wp\/v2\/users\/1"}],"replies":[{"embeddable":true,"href":"https:\/\/www.eyecos.eu\/it\/wp-json\/wp\/v2\/comments?post=24787"}],"version-history":[{"count":0,"href":"https:\/\/www.eyecos.eu\/it\/wp-json\/wp\/v2\/pages\/24787\/revisions"}],"up":[{"embeddable":true,"href":"https:\/\/www.eyecos.eu\/it\/wp-json\/wp\/v2\/pages\/290303"}],"wp:attachment":[{"href":"https:\/\/www.eyecos.eu\/it\/wp-json\/wp\/v2\/media?parent=24787"}],"curies":[{"name":"wp","href":"https:\/\/api.w.org\/{rel}","templated":true}]}}