{"id":24764,"date":"2021-04-26T13:07:23","date_gmt":"2021-04-26T13:07:23","guid":{"rendered":"https:\/\/www.eyecos.eu\/treatment-protocol\/"},"modified":"2024-07-04T11:25:03","modified_gmt":"2024-07-04T11:25:03","slug":"treatment-protocol","status":"publish","type":"page","link":"https:\/\/www.eyecos.eu\/pt-br\/guia-neweyes-documentacao\/treatment-protocol\/","title":{"rendered":"Treatment protocol"},"content":{"rendered":"\t\t<div data-elementor-type=\"wp-page\" data-elementor-id=\"24764\" class=\"elementor elementor-24764 elementor-21397\" data-elementor-post-type=\"page\">\n\t\t\t\t\t\t<section class=\"elementor-section elementor-top-section elementor-element elementor-element-ca32ac5 elementor-section-boxed elementor-section-height-default elementor-section-height-default\" data-id=\"ca32ac5\" data-element_type=\"section\" data-e-type=\"section\">\n\t\t\t\t\t\t<div class=\"elementor-container elementor-column-gap-default\">\n\t\t\t\t\t<div class=\"elementor-column elementor-col-100 elementor-top-column elementor-element elementor-element-495892d\" data-id=\"495892d\" data-element_type=\"column\" data-e-type=\"column\">\n\t\t\t<div class=\"elementor-widget-wrap elementor-element-populated\">\n\t\t\t\t\t\t<div class=\"elementor-element elementor-element-6f55550 elementor-widget elementor-widget-heading\" data-id=\"6f55550\" data-element_type=\"widget\" data-e-type=\"widget\" data-widget_type=\"heading.default\">\n\t\t\t\t<div class=\"elementor-widget-container\">\n\t\t\t\t\t<h1 class=\"elementor-heading-title elementor-size-default\">Treatment protocol<\/h1>\t\t\t\t<\/div>\n\t\t\t\t<\/div>\n\t\t\t\t\t<\/div>\n\t\t<\/div>\n\t\t\t\t\t<\/div>\n\t\t<\/section>\n\t\t\t\t<section class=\"elementor-section elementor-top-section elementor-element elementor-element-84da3bc elementor-section-boxed elementor-section-height-default elementor-section-height-default\" data-id=\"84da3bc\" data-element_type=\"section\" data-e-type=\"section\">\n\t\t\t\t\t\t<div class=\"elementor-container elementor-column-gap-default\">\n\t\t\t\t\t<div class=\"elementor-column elementor-col-50 elementor-top-column elementor-element elementor-element-5ceab7a\" data-id=\"5ceab7a\" data-element_type=\"column\" data-e-type=\"column\">\n\t\t\t<div class=\"elementor-widget-wrap elementor-element-populated\">\n\t\t\t\t\t\t<div class=\"elementor-element elementor-element-7cbd91a elementor-widget elementor-widget-image\" data-id=\"7cbd91a\" data-element_type=\"widget\" data-e-type=\"widget\" data-widget_type=\"image.default\">\n\t\t\t\t<div class=\"elementor-widget-container\">\n\t\t\t\t\t\t\t\t\t\t\t\t\t\t\t<img fetchpriority=\"high\" decoding=\"async\" width=\"250\" height=\"620\" src=\"https:\/\/www.eyecos.eu\/wp-content\/uploads\/2024\/06\/protocolo-tratamiento.png\" class=\"attachment-full size-full wp-image-289394\" alt=\"\" srcset=\"https:\/\/www.eyecos.eu\/wp-content\/uploads\/2024\/06\/protocolo-tratamiento.png 250w, https:\/\/www.eyecos.eu\/wp-content\/uploads\/2024\/06\/protocolo-tratamiento-121x300.png 121w\" sizes=\"(max-width: 250px) 100vw, 250px\" \/>\t\t\t\t\t\t\t\t\t\t\t\t\t\t\t<\/div>\n\t\t\t\t<\/div>\n\t\t\t\t\t<\/div>\n\t\t<\/div>\n\t\t\t\t<div class=\"elementor-column elementor-col-50 elementor-top-column elementor-element elementor-element-a76d184\" data-id=\"a76d184\" data-element_type=\"column\" data-e-type=\"column\">\n\t\t\t<div class=\"elementor-widget-wrap elementor-element-populated\">\n\t\t\t\t\t\t<div class=\"elementor-element elementor-element-075a099 elementor-widget elementor-widget-text-editor\" data-id=\"075a099\" data-element_type=\"widget\" data-e-type=\"widget\" data-widget_type=\"text-editor.default\">\n\t\t\t\t<div class=\"elementor-widget-container\">\n\t\t\t\t\t\t\t\t\t<p><strong>1-Two days before laser every 8 hours:<\/strong><\/p><ul><li>Put 1 drop of Timabak 5mg (Timolol 0.50% or Cosopt) every 8 hours\u00a0<\/li><li>Put 1 drop of Dicloabak (Diclofenaco or Voltaren) every 8 hours<\/li><\/ul><p><strong>2-After laser every hour during 5 hours:<\/strong><\/p><ul><li>Put 1 drop of Timabak 5mg (Timolol 0.50% or Cosopt) and 1 drop of Dicloabak (Diclofenaco or Voltaren) every 2-3 hours until night.<\/li><\/ul><p><strong>3-Then 3 times per day during 10 days and also Tropicamida 1 drop just before go to sleep (2 nights)<\/strong><\/p><p><strong>4-Hyloparin 3 times a day during 3 months<\/strong><\/p><hr \/><p><strong>Two hours after laser send a message to doctor checking:<\/strong><\/p><ul><li>Vision, pain and pupil size<\/li><\/ul><p><strong>Tel number 0034-696551011<\/strong><\/p><p><strong>LASER SCHEDULE levels 1,2&amp;3:<\/strong><\/p><ul><li>Only one week:<\/li><li>Monday laser<\/li><li>Tuesday laser<\/li><li>Wednesday laser<\/li><li>Thursday laser<\/li><li>Friday check up<\/li><\/ul><p><strong>After 4-6 months:<\/strong><\/p><ul><li>Monday laser<\/li><li>Tuesday laser<\/li><li>Wednesday laser<\/li><li>Thursday laser<\/li><li>Friday check up<\/li><\/ul>\t\t\t\t\t\t\t\t<\/div>\n\t\t\t\t<\/div>\n\t\t\t\t\t<\/div>\n\t\t<\/div>\n\t\t\t\t\t<\/div>\n\t\t<\/section>\n\t\t\t\t<\/div>\n\t\t","protected":false},"excerpt":{"rendered":"<p>Treatment protocol 1-Two days before laser every 8 hours: Put 1 drop of Timabak 5mg (Timolol 0.50% or Cosopt) every 8 hours\u00a0 Put 1 drop of Dicloabak (Diclofenaco or Voltaren) every 8 hours 2-After laser every hour during 5 hours: Put 1 drop of Timabak 5mg (Timolol 0.50% or Cosopt) and 1 drop of Dicloabak [&hellip;]<\/p>\n","protected":false},"author":1,"featured_media":0,"parent":24772,"menu_order":0,"comment_status":"closed","ping_status":"closed","template":"","meta":{"_joinchat":[],"footnotes":""},"class_list":["post-24764","page","type-page","status-publish","hentry"],"yoast_head":"<!-- This site is optimized with the Yoast SEO Premium plugin v26.7 (Yoast SEO v27.2) - https:\/\/yoast.com\/product\/yoast-seo-premium-wordpress\/ -->\n<title>Treatment protocol - Eyecos Clinic - Eye color change<\/title>\n<meta name=\"robots\" content=\"index, follow, max-snippet:-1, max-image-preview:large, max-video-preview:-1\" \/>\n<link rel=\"canonical\" href=\"https:\/\/www.eyecos.eu\/pt-br\/guia-neweyes-documentacao\/treatment-protocol\/\" \/>\n<meta property=\"og:locale\" content=\"pt_BR\" \/>\n<meta property=\"og:type\" content=\"article\" \/>\n<meta property=\"og:title\" content=\"Treatment protocol\" \/>\n<meta property=\"og:description\" content=\"Treatment protocol 1-Two days before laser every 8 hours:Put 1 drop of Timabak 5mg (Timolol 0.50% or Cosopt) every 8 hours\u00a0Put 1 drop of Dicloabak\" \/>\n<meta property=\"og:url\" content=\"https:\/\/www.eyecos.eu\/pt-br\/guia-neweyes-documentacao\/treatment-protocol\/\" \/>\n<meta property=\"og:site_name\" content=\"Cl\u00ednica Eyecos - Cambio color de ojos\" \/>\n<meta property=\"article:publisher\" content=\"https:\/\/www.facebook.com\/neweyeslaser\" \/>\n<meta property=\"article:modified_time\" content=\"2024-07-04T11:25:03+00:00\" \/>\n<meta property=\"og:image\" content=\"https:\/\/www.eyecos.eu\/wp-content\/uploads\/2024\/06\/protocolo-tratamiento.png\" \/>\n<meta name=\"twitter:card\" content=\"summary_large_image\" \/>\n<meta name=\"twitter:site\" content=\"@NewEyesLaser\" \/>\n<meta name=\"twitter:label1\" content=\"Est. tempo de leitura\" \/>\n\t<meta name=\"twitter:data1\" content=\"1 minuto\" \/>\n<script type=\"application\/ld+json\" class=\"yoast-schema-graph\">{\"@context\":\"https:\/\/schema.org\",\"@graph\":[{\"@type\":\"WebPage\",\"@id\":\"https:\/\/www.eyecos.eu\/pt-br\/guia-neweyes-documentacao\/treatment-protocol\/\",\"url\":\"https:\/\/www.eyecos.eu\/pt-br\/guia-neweyes-documentacao\/treatment-protocol\/\",\"name\":\"Treatment protocol - Eyecos Clinic - Eye color change\",\"isPartOf\":{\"@id\":\"https:\/\/www.eyecos.eu\/pt-br\/#website\"},\"primaryImageOfPage\":{\"@id\":\"https:\/\/www.eyecos.eu\/pt-br\/guia-neweyes-documentacao\/treatment-protocol\/#primaryimage\"},\"image\":{\"@id\":\"https:\/\/www.eyecos.eu\/pt-br\/guia-neweyes-documentacao\/treatment-protocol\/#primaryimage\"},\"thumbnailUrl\":\"https:\/\/www.eyecos.eu\/wp-content\/uploads\/2024\/06\/protocolo-tratamiento.png\",\"datePublished\":\"2021-04-26T13:07:23+00:00\",\"dateModified\":\"2024-07-04T11:25:03+00:00\",\"breadcrumb\":{\"@id\":\"https:\/\/www.eyecos.eu\/pt-br\/guia-neweyes-documentacao\/treatment-protocol\/#breadcrumb\"},\"inLanguage\":\"pt-BR\",\"potentialAction\":[{\"@type\":\"ReadAction\",\"target\":[\"https:\/\/www.eyecos.eu\/pt-br\/guia-neweyes-documentacao\/treatment-protocol\/\"]}]},{\"@type\":\"ImageObject\",\"inLanguage\":\"pt-BR\",\"@id\":\"https:\/\/www.eyecos.eu\/pt-br\/guia-neweyes-documentacao\/treatment-protocol\/#primaryimage\",\"url\":\"https:\/\/www.eyecos.eu\/wp-content\/uploads\/2024\/06\/protocolo-tratamiento.png\",\"contentUrl\":\"https:\/\/www.eyecos.eu\/wp-content\/uploads\/2024\/06\/protocolo-tratamiento.png\"},{\"@type\":\"BreadcrumbList\",\"@id\":\"https:\/\/www.eyecos.eu\/pt-br\/guia-neweyes-documentacao\/treatment-protocol\/#breadcrumb\",\"itemListElement\":[{\"@type\":\"ListItem\",\"position\":1,\"name\":\"Eyecos\",\"item\":\"https:\/\/www.eyecos.eu\/pt-br\/\"},{\"@type\":\"ListItem\",\"position\":2,\"name\":\"Gu\u00eda NEWEYES &#038; Documenta\u00e7\u00e3o\",\"item\":\"https:\/\/www.eyecos.eu\/pt-br\/guia-neweyes\/\"},{\"@type\":\"ListItem\",\"position\":3,\"name\":\"Treatment protocol\"}]},{\"@type\":\"WebSite\",\"@id\":\"https:\/\/www.eyecos.eu\/pt-br\/#website\",\"url\":\"https:\/\/www.eyecos.eu\/pt-br\/\",\"name\":\"Cl\u00ednica Eyecos - Cambio color de ojos\",\"description\":\"\u00danica clinica que realiza el cambio del color de los ojos con l\u00e1ser con m\u00e1s 1000 pacientes y casi 10 a\u00f1os de experiencia\",\"publisher\":{\"@id\":\"https:\/\/www.eyecos.eu\/pt-br\/#organization\"},\"potentialAction\":[{\"@type\":\"SearchAction\",\"target\":{\"@type\":\"EntryPoint\",\"urlTemplate\":\"https:\/\/www.eyecos.eu\/pt-br\/?s={search_term_string}\"},\"query-input\":{\"@type\":\"PropertyValueSpecification\",\"valueRequired\":true,\"valueName\":\"search_term_string\"}}],\"inLanguage\":\"pt-BR\"},{\"@type\":\"Organization\",\"@id\":\"https:\/\/www.eyecos.eu\/pt-br\/#organization\",\"name\":\"Cl\u00ednica Eyecos - Cambio color de ojos\",\"url\":\"https:\/\/www.eyecos.eu\/pt-br\/\",\"logo\":{\"@type\":\"ImageObject\",\"inLanguage\":\"pt-BR\",\"@id\":\"https:\/\/www.eyecos.eu\/pt-br\/#\/schema\/logo\/image\/\",\"url\":\"https:\/\/www.eyecos.eu\/wp-content\/uploads\/2024\/03\/LOGO-EYECOS.png\",\"contentUrl\":\"https:\/\/www.eyecos.eu\/wp-content\/uploads\/2024\/03\/LOGO-EYECOS.png\",\"width\":480,\"height\":480,\"caption\":\"Cl\u00ednica Eyecos - Cambio color de ojos\"},\"image\":{\"@id\":\"https:\/\/www.eyecos.eu\/pt-br\/#\/schema\/logo\/image\/\"},\"sameAs\":[\"https:\/\/www.facebook.com\/neweyeslaser\",\"https:\/\/x.com\/NewEyesLaser\",\"https:\/\/www.instagram.com\/neweyeslaser\/\"]}]}<\/script>\n<!-- \/ Yoast SEO Premium plugin. -->","yoast_head_json":{"title":"Treatment protocol - Eyecos Clinic - Eye color change","robots":{"index":"index","follow":"follow","max-snippet":"max-snippet:-1","max-image-preview":"max-image-preview:large","max-video-preview":"max-video-preview:-1"},"canonical":"https:\/\/www.eyecos.eu\/pt-br\/guia-neweyes-documentacao\/treatment-protocol\/","og_locale":"pt_BR","og_type":"article","og_title":"Treatment protocol","og_description":"Treatment protocol 1-Two days before laser every 8 hours:Put 1 drop of Timabak 5mg (Timolol 0.50% or Cosopt) every 8 hours\u00a0Put 1 drop of Dicloabak","og_url":"https:\/\/www.eyecos.eu\/pt-br\/guia-neweyes-documentacao\/treatment-protocol\/","og_site_name":"Cl\u00ednica Eyecos - Cambio color de ojos","article_publisher":"https:\/\/www.facebook.com\/neweyeslaser","article_modified_time":"2024-07-04T11:25:03+00:00","og_image":[{"url":"https:\/\/www.eyecos.eu\/wp-content\/uploads\/2024\/06\/protocolo-tratamiento.png","type":"","width":"","height":""}],"twitter_card":"summary_large_image","twitter_site":"@NewEyesLaser","twitter_misc":{"Est. tempo de leitura":"1 minuto"},"schema":{"@context":"https:\/\/schema.org","@graph":[{"@type":"WebPage","@id":"https:\/\/www.eyecos.eu\/pt-br\/guia-neweyes-documentacao\/treatment-protocol\/","url":"https:\/\/www.eyecos.eu\/pt-br\/guia-neweyes-documentacao\/treatment-protocol\/","name":"Treatment protocol - Eyecos Clinic - Eye color change","isPartOf":{"@id":"https:\/\/www.eyecos.eu\/pt-br\/#website"},"primaryImageOfPage":{"@id":"https:\/\/www.eyecos.eu\/pt-br\/guia-neweyes-documentacao\/treatment-protocol\/#primaryimage"},"image":{"@id":"https:\/\/www.eyecos.eu\/pt-br\/guia-neweyes-documentacao\/treatment-protocol\/#primaryimage"},"thumbnailUrl":"https:\/\/www.eyecos.eu\/wp-content\/uploads\/2024\/06\/protocolo-tratamiento.png","datePublished":"2021-04-26T13:07:23+00:00","dateModified":"2024-07-04T11:25:03+00:00","breadcrumb":{"@id":"https:\/\/www.eyecos.eu\/pt-br\/guia-neweyes-documentacao\/treatment-protocol\/#breadcrumb"},"inLanguage":"pt-BR","potentialAction":[{"@type":"ReadAction","target":["https:\/\/www.eyecos.eu\/pt-br\/guia-neweyes-documentacao\/treatment-protocol\/"]}]},{"@type":"ImageObject","inLanguage":"pt-BR","@id":"https:\/\/www.eyecos.eu\/pt-br\/guia-neweyes-documentacao\/treatment-protocol\/#primaryimage","url":"https:\/\/www.eyecos.eu\/wp-content\/uploads\/2024\/06\/protocolo-tratamiento.png","contentUrl":"https:\/\/www.eyecos.eu\/wp-content\/uploads\/2024\/06\/protocolo-tratamiento.png"},{"@type":"BreadcrumbList","@id":"https:\/\/www.eyecos.eu\/pt-br\/guia-neweyes-documentacao\/treatment-protocol\/#breadcrumb","itemListElement":[{"@type":"ListItem","position":1,"name":"Eyecos","item":"https:\/\/www.eyecos.eu\/pt-br\/"},{"@type":"ListItem","position":2,"name":"Gu\u00eda NEWEYES &#038; Documenta\u00e7\u00e3o","item":"https:\/\/www.eyecos.eu\/pt-br\/guia-neweyes\/"},{"@type":"ListItem","position":3,"name":"Treatment protocol"}]},{"@type":"WebSite","@id":"https:\/\/www.eyecos.eu\/pt-br\/#website","url":"https:\/\/www.eyecos.eu\/pt-br\/","name":"Cl\u00ednica Eyecos - Cambio color de ojos","description":"\u00danica clinica que realiza el cambio del color de los ojos con l\u00e1ser con m\u00e1s 1000 pacientes y casi 10 a\u00f1os de experiencia","publisher":{"@id":"https:\/\/www.eyecos.eu\/pt-br\/#organization"},"potentialAction":[{"@type":"SearchAction","target":{"@type":"EntryPoint","urlTemplate":"https:\/\/www.eyecos.eu\/pt-br\/?s={search_term_string}"},"query-input":{"@type":"PropertyValueSpecification","valueRequired":true,"valueName":"search_term_string"}}],"inLanguage":"pt-BR"},{"@type":"Organization","@id":"https:\/\/www.eyecos.eu\/pt-br\/#organization","name":"Cl\u00ednica Eyecos - Cambio color de ojos","url":"https:\/\/www.eyecos.eu\/pt-br\/","logo":{"@type":"ImageObject","inLanguage":"pt-BR","@id":"https:\/\/www.eyecos.eu\/pt-br\/#\/schema\/logo\/image\/","url":"https:\/\/www.eyecos.eu\/wp-content\/uploads\/2024\/03\/LOGO-EYECOS.png","contentUrl":"https:\/\/www.eyecos.eu\/wp-content\/uploads\/2024\/03\/LOGO-EYECOS.png","width":480,"height":480,"caption":"Cl\u00ednica Eyecos - Cambio color de ojos"},"image":{"@id":"https:\/\/www.eyecos.eu\/pt-br\/#\/schema\/logo\/image\/"},"sameAs":["https:\/\/www.facebook.com\/neweyeslaser","https:\/\/x.com\/NewEyesLaser","https:\/\/www.instagram.com\/neweyeslaser\/"]}]}},"_links":{"self":[{"href":"https:\/\/www.eyecos.eu\/pt-br\/wp-json\/wp\/v2\/pages\/24764","targetHints":{"allow":["GET"]}}],"collection":[{"href":"https:\/\/www.eyecos.eu\/pt-br\/wp-json\/wp\/v2\/pages"}],"about":[{"href":"https:\/\/www.eyecos.eu\/pt-br\/wp-json\/wp\/v2\/types\/page"}],"author":[{"embeddable":true,"href":"https:\/\/www.eyecos.eu\/pt-br\/wp-json\/wp\/v2\/users\/1"}],"replies":[{"embeddable":true,"href":"https:\/\/www.eyecos.eu\/pt-br\/wp-json\/wp\/v2\/comments?post=24764"}],"version-history":[{"count":0,"href":"https:\/\/www.eyecos.eu\/pt-br\/wp-json\/wp\/v2\/pages\/24764\/revisions"}],"up":[{"embeddable":true,"href":"https:\/\/www.eyecos.eu\/pt-br\/wp-json\/wp\/v2\/pages\/24772"}],"wp:attachment":[{"href":"https:\/\/www.eyecos.eu\/pt-br\/wp-json\/wp\/v2\/media?parent=24764"}],"curies":[{"name":"wp","href":"https:\/\/api.w.org\/{rel}","templated":true}]}}