{"id":24782,"date":"2021-02-14T14:29:07","date_gmt":"2021-02-14T14:29:07","guid":{"rendered":"https:\/\/www.eyecos.eu\/ethical-code\/"},"modified":"2024-07-04T10:21:17","modified_gmt":"2024-07-04T10:21:17","slug":"codigo-de-etica","status":"publish","type":"page","link":"https:\/\/www.eyecos.eu\/pt-br\/codigo-de-etica\/","title":{"rendered":"C\u00f3digo de \u00e9tica"},"content":{"rendered":"\t\t<div data-elementor-type=\"wp-page\" data-elementor-id=\"24782\" class=\"elementor elementor-24782 elementor-18378\" data-elementor-post-type=\"page\">\n\t\t\t\t\t\t<section class=\"elementor-section elementor-top-section elementor-element elementor-element-f4a8567 elementor-section-boxed elementor-section-height-default elementor-section-height-default\" data-id=\"f4a8567\" data-element_type=\"section\" data-e-type=\"section\">\n\t\t\t\t\t\t<div class=\"elementor-container elementor-column-gap-default\">\n\t\t\t\t\t<div class=\"elementor-column elementor-col-100 elementor-top-column elementor-element elementor-element-0dff484\" data-id=\"0dff484\" data-element_type=\"column\" data-e-type=\"column\">\n\t\t\t<div class=\"elementor-widget-wrap elementor-element-populated\">\n\t\t\t\t\t\t<div class=\"elementor-element elementor-element-270bff9 elementor-widget elementor-widget-heading\" data-id=\"270bff9\" data-element_type=\"widget\" data-e-type=\"widget\" data-widget_type=\"heading.default\">\n\t\t\t\t<div class=\"elementor-widget-container\">\n\t\t\t\t\t<h1 class=\"elementor-heading-title elementor-size-default\">Ethical code<\/h1>\t\t\t\t<\/div>\n\t\t\t\t<\/div>\n\t\t\t\t\t<\/div>\n\t\t<\/div>\n\t\t\t\t\t<\/div>\n\t\t<\/section>\n\t\t\t\t<section class=\"elementor-section elementor-top-section elementor-element elementor-element-f5e932c elementor-section-boxed elementor-section-height-default elementor-section-height-default\" data-id=\"f5e932c\" data-element_type=\"section\" data-e-type=\"section\">\n\t\t\t\t\t\t<div class=\"elementor-container elementor-column-gap-default\">\n\t\t\t\t\t<div class=\"elementor-column elementor-col-100 elementor-top-column elementor-element elementor-element-b93025a\" data-id=\"b93025a\" data-element_type=\"column\" data-e-type=\"column\">\n\t\t\t<div class=\"elementor-widget-wrap elementor-element-populated\">\n\t\t\t\t\t\t<div class=\"elementor-element elementor-element-5ce8042 elementor-position-inline-start elementor-view-default elementor-mobile-position-block-start elementor-widget elementor-widget-icon-box\" data-id=\"5ce8042\" data-element_type=\"widget\" data-e-type=\"widget\" data-widget_type=\"icon-box.default\">\n\t\t\t\t<div class=\"elementor-widget-container\">\n\t\t\t\t\t\t\t<div class=\"elementor-icon-box-wrapper\">\n\n\t\t\t\t\t\t<div class=\"elementor-icon-box-icon\">\n\t\t\t\t<a href=\"https:\/\/www.eyecos.eu\/img\/docs\/quality_politics.pdf\" target=\"_blank\" class=\"elementor-icon\" tabindex=\"-1\" aria-label=\"Pol\u00edtica de Qualidade (pdf)\">\n\t\t\t\t<i aria-hidden=\"true\" class=\"far fa-file-pdf\"><\/i>\t\t\t\t<\/a>\n\t\t\t<\/div>\n\t\t\t\n\t\t\t\t\t\t<div class=\"elementor-icon-box-content\">\n\n\t\t\t\t\t\t\t\t\t<h3 class=\"elementor-icon-box-title\">\n\t\t\t\t\t\t<a href=\"https:\/\/www.eyecos.eu\/img\/docs\/quality_politics.pdf\" target=\"_blank\" >\n\t\t\t\t\t\t\tPol\u00edtica de Qualidade (pdf)\t\t\t\t\t\t<\/a>\n\t\t\t\t\t<\/h3>\n\t\t\t\t\n\t\t\t\t\n\t\t\t<\/div>\n\t\t\t\n\t\t<\/div>\n\t\t\t\t\t\t<\/div>\n\t\t\t\t<\/div>\n\t\t\t\t\t<\/div>\n\t\t<\/div>\n\t\t\t\t\t<\/div>\n\t\t<\/section>\n\t\t\t\t<section class=\"elementor-section elementor-top-section elementor-element elementor-element-2c21c12 elementor-section-boxed elementor-section-height-default elementor-section-height-default\" data-id=\"2c21c12\" data-element_type=\"section\" data-e-type=\"section\">\n\t\t\t\t\t\t<div class=\"elementor-container elementor-column-gap-default\">\n\t\t\t\t\t<div class=\"elementor-column elementor-col-100 elementor-top-column elementor-element elementor-element-a2e2aad\" data-id=\"a2e2aad\" data-element_type=\"column\" data-e-type=\"column\">\n\t\t\t<div class=\"elementor-widget-wrap elementor-element-populated\">\n\t\t\t\t\t\t<div class=\"elementor-element elementor-element-05ef111 elementor-widget elementor-widget-text-editor\" data-id=\"05ef111\" data-element_type=\"widget\" data-e-type=\"widget\" data-widget_type=\"text-editor.default\">\n\t\t\t\t<div class=\"elementor-widget-container\">\n\t\t\t\t\t\t\t\t\t<p><strong>I. PRINC\u00cdPIO DA CONFIDENCIALIDADE<\/strong><br \/>Qualquer informa\u00e7\u00e3o relativa nossos pacientes \u00e9 tratado pelos nossos profissionais com a m\u00e1xima discri\u00e7\u00e3o, da mesma forma, os registros m\u00e9dicos de lhes s\u00e3o amplamente protegidos em todos os momentos que tomam diretrizes legais sobre.<\/p><p><strong>II. BASE CIENT\u00cdFICA DO TRATAMENTO<\/strong><br \/>Cada caso \u00e9 avaliado individualmente pelo especialista que tratar\u00e1 o paciente, bem como o resto da equipe m\u00e9dica e optom\u00e9trica. Os exames m\u00e9dicos apropriados s\u00e3o realizados para um diagn\u00f3stico preciso e uma indica\u00e7\u00e3o terap\u00eautica personalizada. Tudo isso, assim como a pr\u00f3pria evolu\u00e7\u00e3o do paciente, ser\u00e1 refletido no hist\u00f3rico m\u00e9dico.<\/p><p><strong>III INFORMA\u00c7\u00c3O CLARA E ABRANGENTE<\/strong><br \/>Nossos pacientes recebem tanto verbalmente e por escrito, antes do in\u00edcio do tratamento ou cirurgia, extensa e informa\u00e7\u00f5es reais do processo a ser submetido, poss\u00edveis alternativas a ela, voc\u00ea espera resultados evitando falsas expectativas com, o tempo de recupera\u00e7\u00e3o , poss\u00edveis riscos personalizados envolvidos, etc. Esta informa\u00e7\u00e3o \u00e9 recolhida prontamente em um consentimento informado, que \u00e9 lido junto com o m\u00e9dico, que esclarecer\u00e1 todas as perguntas que possam surgir e subsequentemente assinadas pelo paciente.<\/p><p><strong>IV. COMPROMISSO COM O PACIENTE<\/strong><br \/>Nossos pacientes s\u00e3o tratados com sistemas m\u00e9dicos e cir\u00fargicos inovadores e cientificamente comprovados, al\u00e9m de serem atendidos por profissionais do mais alto n\u00edvel. Para cumprir essas premissas, a Eyecos est\u00e1 constantemente realizando um importante esfor\u00e7o humano e econ\u00f4mico que alcan\u00e7ou seu claro posicionamento no setor.<\/p><p><strong>V. GARANTIAS DE SEGURAN\u00c7A<\/strong><br \/>Todos os nossos centros atendem aos requisitos t\u00e9cnicos e legais exigidos pela legisla\u00e7\u00e3o vigente. Todas as interven\u00e7\u00f5es cir\u00fargicas s\u00e3o realizadas por cirurgi\u00f5es oftalmol\u00f3gicos refrativos em posse do t\u00edtulo oficial de especialista emitido pelo Minist\u00e9rio da Sa\u00fade espanhol. As opera\u00e7\u00f5es s\u00e3o sempre realizadas em salas de opera\u00e7\u00e3o, cl\u00ednicas e hospitais credenciados, perfeitamente equipados para realizar interven\u00e7\u00f5es cir\u00fargicas.<\/p><p><strong>VI. ACOMPANHAMENTO M\u00c9DICO E PSICOL\u00d3GICO<\/strong><br \/>pacientes Eyecos s\u00e3o supervisionados em todos os momentos por peritos qualificados e nossa equipe de especialistas optometristas no campo da cirurgia refrativa pessoal m\u00e9dico. Da mesma forma, eles t\u00eam linhas telef\u00f4nicas de aten\u00e7\u00e3o m\u00e9dica e optom\u00e9trica onde encontrar resposta para as poss\u00edveis d\u00favidas que possam surgir.<\/p><p><strong>VII. Sob a idade<\/strong><br \/>Eyecos evita a realiza\u00e7\u00e3o de cirurgia em crian\u00e7as menores de 18 anos de idade. No entanto, eles t\u00eam o nosso conselho m\u00e9dico, em termos de oftalmologia refrativa, aqueles jovens que t\u00eam defeitos de refra\u00e7\u00e3o e querem um controle ideal.<\/p>\t\t\t\t\t\t\t\t<\/div>\n\t\t\t\t<\/div>\n\t\t\t\t\t<\/div>\n\t\t<\/div>\n\t\t\t\t\t<\/div>\n\t\t<\/section>\n\t\t\t\t<\/div>\n\t\t","protected":false},"excerpt":{"rendered":"<p>Ethical code Pol\u00edtica de Qualidade (pdf) I. PRINC\u00cdPIO DA CONFIDENCIALIDADEQualquer informa\u00e7\u00e3o relativa nossos pacientes \u00e9 tratado pelos nossos profissionais com a m\u00e1xima discri\u00e7\u00e3o, da mesma forma, os registros m\u00e9dicos de lhes s\u00e3o amplamente protegidos em todos os momentos que tomam diretrizes legais sobre. II. BASE CIENT\u00cdFICA DO TRATAMENTOCada caso \u00e9 avaliado individualmente pelo especialista que [&hellip;]<\/p>\n","protected":false},"author":1,"featured_media":0,"parent":0,"menu_order":0,"comment_status":"closed","ping_status":"closed","template":"","meta":{"_joinchat":[],"footnotes":""},"class_list":["post-24782","page","type-page","status-publish","hentry"],"yoast_head":"<!-- This site is optimized with the Yoast SEO Premium plugin v26.7 (Yoast SEO v27.2) - https:\/\/yoast.com\/product\/yoast-seo-premium-wordpress\/ -->\n<title>C\u00f3digo de \u00e9tica - Eyecos Clinic - Eye color change<\/title>\n<meta name=\"robots\" content=\"index, follow, max-snippet:-1, max-image-preview:large, max-video-preview:-1\" \/>\n<link rel=\"canonical\" href=\"https:\/\/www.eyecos.eu\/pt-br\/codigo-de-etica\/\" \/>\n<meta property=\"og:locale\" content=\"pt_BR\" \/>\n<meta property=\"og:type\" content=\"article\" \/>\n<meta property=\"og:title\" content=\"C\u00f3digo de \u00e9tica\" \/>\n<meta property=\"og:description\" content=\"Ethical code Pol\u00edtica de Qualidade (pdf) I. PRINC\u00cdPIO DA CONFIDENCIALIDADEQualquer informa\u00e7\u00e3o relativa nossos pacientes \u00e9 tratado pelos nossos\" \/>\n<meta property=\"og:url\" content=\"https:\/\/www.eyecos.eu\/pt-br\/codigo-de-etica\/\" \/>\n<meta property=\"og:site_name\" content=\"Cl\u00ednica Eyecos - Cambio color de ojos\" \/>\n<meta property=\"article:publisher\" content=\"https:\/\/www.facebook.com\/neweyeslaser\" \/>\n<meta property=\"article:modified_time\" content=\"2024-07-04T10:21:17+00:00\" \/>\n<meta name=\"twitter:card\" content=\"summary_large_image\" \/>\n<meta name=\"twitter:site\" content=\"@NewEyesLaser\" \/>\n<meta name=\"twitter:label1\" content=\"Est. tempo de leitura\" \/>\n\t<meta name=\"twitter:data1\" content=\"3 minutos\" \/>\n<script type=\"application\/ld+json\" class=\"yoast-schema-graph\">{\"@context\":\"https:\/\/schema.org\",\"@graph\":[{\"@type\":\"WebPage\",\"@id\":\"https:\/\/www.eyecos.eu\/pt-br\/codigo-de-etica\/\",\"url\":\"https:\/\/www.eyecos.eu\/pt-br\/codigo-de-etica\/\",\"name\":\"C\u00f3digo de \u00e9tica - Eyecos Clinic - Eye color change\",\"isPartOf\":{\"@id\":\"https:\/\/www.eyecos.eu\/pt-br\/#website\"},\"datePublished\":\"2021-02-14T14:29:07+00:00\",\"dateModified\":\"2024-07-04T10:21:17+00:00\",\"breadcrumb\":{\"@id\":\"https:\/\/www.eyecos.eu\/pt-br\/codigo-de-etica\/#breadcrumb\"},\"inLanguage\":\"pt-BR\",\"potentialAction\":[{\"@type\":\"ReadAction\",\"target\":[\"https:\/\/www.eyecos.eu\/pt-br\/codigo-de-etica\/\"]}]},{\"@type\":\"BreadcrumbList\",\"@id\":\"https:\/\/www.eyecos.eu\/pt-br\/codigo-de-etica\/#breadcrumb\",\"itemListElement\":[{\"@type\":\"ListItem\",\"position\":1,\"name\":\"Eyecos\",\"item\":\"https:\/\/www.eyecos.eu\/pt-br\/\"},{\"@type\":\"ListItem\",\"position\":2,\"name\":\"C\u00f3digo de \u00e9tica\"}]},{\"@type\":\"WebSite\",\"@id\":\"https:\/\/www.eyecos.eu\/pt-br\/#website\",\"url\":\"https:\/\/www.eyecos.eu\/pt-br\/\",\"name\":\"Cl\u00ednica Eyecos - Cambio color de ojos\",\"description\":\"\u00danica clinica que realiza el cambio del color de los ojos con l\u00e1ser con m\u00e1s 1000 pacientes y casi 10 a\u00f1os de experiencia\",\"publisher\":{\"@id\":\"https:\/\/www.eyecos.eu\/pt-br\/#organization\"},\"potentialAction\":[{\"@type\":\"SearchAction\",\"target\":{\"@type\":\"EntryPoint\",\"urlTemplate\":\"https:\/\/www.eyecos.eu\/pt-br\/?s={search_term_string}\"},\"query-input\":{\"@type\":\"PropertyValueSpecification\",\"valueRequired\":true,\"valueName\":\"search_term_string\"}}],\"inLanguage\":\"pt-BR\"},{\"@type\":\"Organization\",\"@id\":\"https:\/\/www.eyecos.eu\/pt-br\/#organization\",\"name\":\"Cl\u00ednica Eyecos - Cambio color de ojos\",\"url\":\"https:\/\/www.eyecos.eu\/pt-br\/\",\"logo\":{\"@type\":\"ImageObject\",\"inLanguage\":\"pt-BR\",\"@id\":\"https:\/\/www.eyecos.eu\/pt-br\/#\/schema\/logo\/image\/\",\"url\":\"https:\/\/www.eyecos.eu\/wp-content\/uploads\/2024\/03\/LOGO-EYECOS.png\",\"contentUrl\":\"https:\/\/www.eyecos.eu\/wp-content\/uploads\/2024\/03\/LOGO-EYECOS.png\",\"width\":480,\"height\":480,\"caption\":\"Cl\u00ednica Eyecos - Cambio color de ojos\"},\"image\":{\"@id\":\"https:\/\/www.eyecos.eu\/pt-br\/#\/schema\/logo\/image\/\"},\"sameAs\":[\"https:\/\/www.facebook.com\/neweyeslaser\",\"https:\/\/x.com\/NewEyesLaser\",\"https:\/\/www.instagram.com\/neweyeslaser\/\"]}]}<\/script>\n<!-- \/ Yoast SEO Premium plugin. -->","yoast_head_json":{"title":"C\u00f3digo de \u00e9tica - Eyecos Clinic - Eye color change","robots":{"index":"index","follow":"follow","max-snippet":"max-snippet:-1","max-image-preview":"max-image-preview:large","max-video-preview":"max-video-preview:-1"},"canonical":"https:\/\/www.eyecos.eu\/pt-br\/codigo-de-etica\/","og_locale":"pt_BR","og_type":"article","og_title":"C\u00f3digo de \u00e9tica","og_description":"Ethical code Pol\u00edtica de Qualidade (pdf) I. PRINC\u00cdPIO DA CONFIDENCIALIDADEQualquer informa\u00e7\u00e3o relativa nossos pacientes \u00e9 tratado pelos nossos","og_url":"https:\/\/www.eyecos.eu\/pt-br\/codigo-de-etica\/","og_site_name":"Cl\u00ednica Eyecos - Cambio color de ojos","article_publisher":"https:\/\/www.facebook.com\/neweyeslaser","article_modified_time":"2024-07-04T10:21:17+00:00","twitter_card":"summary_large_image","twitter_site":"@NewEyesLaser","twitter_misc":{"Est. tempo de leitura":"3 minutos"},"schema":{"@context":"https:\/\/schema.org","@graph":[{"@type":"WebPage","@id":"https:\/\/www.eyecos.eu\/pt-br\/codigo-de-etica\/","url":"https:\/\/www.eyecos.eu\/pt-br\/codigo-de-etica\/","name":"C\u00f3digo de \u00e9tica - Eyecos Clinic - Eye color change","isPartOf":{"@id":"https:\/\/www.eyecos.eu\/pt-br\/#website"},"datePublished":"2021-02-14T14:29:07+00:00","dateModified":"2024-07-04T10:21:17+00:00","breadcrumb":{"@id":"https:\/\/www.eyecos.eu\/pt-br\/codigo-de-etica\/#breadcrumb"},"inLanguage":"pt-BR","potentialAction":[{"@type":"ReadAction","target":["https:\/\/www.eyecos.eu\/pt-br\/codigo-de-etica\/"]}]},{"@type":"BreadcrumbList","@id":"https:\/\/www.eyecos.eu\/pt-br\/codigo-de-etica\/#breadcrumb","itemListElement":[{"@type":"ListItem","position":1,"name":"Eyecos","item":"https:\/\/www.eyecos.eu\/pt-br\/"},{"@type":"ListItem","position":2,"name":"C\u00f3digo de \u00e9tica"}]},{"@type":"WebSite","@id":"https:\/\/www.eyecos.eu\/pt-br\/#website","url":"https:\/\/www.eyecos.eu\/pt-br\/","name":"Cl\u00ednica Eyecos - Cambio color de ojos","description":"\u00danica clinica que realiza el cambio del color de los ojos con l\u00e1ser con m\u00e1s 1000 pacientes y casi 10 a\u00f1os de experiencia","publisher":{"@id":"https:\/\/www.eyecos.eu\/pt-br\/#organization"},"potentialAction":[{"@type":"SearchAction","target":{"@type":"EntryPoint","urlTemplate":"https:\/\/www.eyecos.eu\/pt-br\/?s={search_term_string}"},"query-input":{"@type":"PropertyValueSpecification","valueRequired":true,"valueName":"search_term_string"}}],"inLanguage":"pt-BR"},{"@type":"Organization","@id":"https:\/\/www.eyecos.eu\/pt-br\/#organization","name":"Cl\u00ednica Eyecos - Cambio color de ojos","url":"https:\/\/www.eyecos.eu\/pt-br\/","logo":{"@type":"ImageObject","inLanguage":"pt-BR","@id":"https:\/\/www.eyecos.eu\/pt-br\/#\/schema\/logo\/image\/","url":"https:\/\/www.eyecos.eu\/wp-content\/uploads\/2024\/03\/LOGO-EYECOS.png","contentUrl":"https:\/\/www.eyecos.eu\/wp-content\/uploads\/2024\/03\/LOGO-EYECOS.png","width":480,"height":480,"caption":"Cl\u00ednica Eyecos - Cambio color de ojos"},"image":{"@id":"https:\/\/www.eyecos.eu\/pt-br\/#\/schema\/logo\/image\/"},"sameAs":["https:\/\/www.facebook.com\/neweyeslaser","https:\/\/x.com\/NewEyesLaser","https:\/\/www.instagram.com\/neweyeslaser\/"]}]}},"_links":{"self":[{"href":"https:\/\/www.eyecos.eu\/pt-br\/wp-json\/wp\/v2\/pages\/24782","targetHints":{"allow":["GET"]}}],"collection":[{"href":"https:\/\/www.eyecos.eu\/pt-br\/wp-json\/wp\/v2\/pages"}],"about":[{"href":"https:\/\/www.eyecos.eu\/pt-br\/wp-json\/wp\/v2\/types\/page"}],"author":[{"embeddable":true,"href":"https:\/\/www.eyecos.eu\/pt-br\/wp-json\/wp\/v2\/users\/1"}],"replies":[{"embeddable":true,"href":"https:\/\/www.eyecos.eu\/pt-br\/wp-json\/wp\/v2\/comments?post=24782"}],"version-history":[{"count":0,"href":"https:\/\/www.eyecos.eu\/pt-br\/wp-json\/wp\/v2\/pages\/24782\/revisions"}],"wp:attachment":[{"href":"https:\/\/www.eyecos.eu\/pt-br\/wp-json\/wp\/v2\/media?parent=24782"}],"curies":[{"name":"wp","href":"https:\/\/api.w.org\/{rel}","templated":true}]}}